{"id":7564,"date":"2025-06-27T14:11:04","date_gmt":"2025-06-27T12:11:04","guid":{"rendered":"https:\/\/www.oio.pl\/?post_type=product&#038;p=7564"},"modified":"2025-08-08T12:52:59","modified_gmt":"2025-08-08T10:52:59","slug":"ordenador-de-panel-sag300-21-i5-4200u-ddr3l-ssd-gpio-rs232-485-mhz","status":"publish","type":"product","link":"https:\/\/www.oio.pl\/es\/product\/komputer-panelowy-sag300-21-21-i5-4200u-ddr3l-ssd-gpio-rs232-485\/","title":{"rendered":"Ordenador de panel SAG300-21 de 21,5\u2033 con procesador i5-4200U, DDR3L, SSD, GPIO, RS232\/485"},"content":{"rendered":"<p data-start=\"195\" data-end=\"438\">\u00bfBuscas una computadora de panel s\u00f3lida, a prueba de fallos y preparada para condiciones extremas? Chipol <strong data-start=\"284\" data-end=\"300\">SAG300-21<\/strong>\u00a0Es un dispositivo dise\u00f1ado para trabajar en entornos industriales exigentes, donde la confiabilidad, durabilidad y flexibilidad son importantes.<\/p>\n<p data-start=\"440\" data-end=\"805\">Gracias 21.5<strong data-start=\"447\" data-end=\"489\">pantalla t\u00e1ctil de pulgadas <\/strong>El sistema es f\u00e1cil y fluido de operar, lo que lo convierte en una herramienta ideal para aplicaciones de producci\u00f3n, automatizaci\u00f3n y log\u00edstica. La carcasa est\u00e1 fabricada en aluminio y magnesio fundido a presi\u00f3n. <strong data-start=\"687\" data-end=\"727\">Panel frontal con clase de protecci\u00f3n IP65<\/strong> Garantizamos resistencia al polvo, agua, vibraciones e interferencias electromagn\u00e9ticas.<\/p>\n<p data-start=\"807\" data-end=\"1077\">Hay una cubierta a bordo. <strong data-start=\"833\" data-end=\"883\">Procesador Intel\u00ae i5-4200U de doble n\u00facleo<\/strong>, que, combinado con una memoria RAM de hasta 8 GB y la capacidad de conectar varios tipos de medios (SSD, HDD, mSATA), garantiza un funcionamiento estable y eficiente incluso las 24 horas del d\u00eda, los 7 d\u00edas de la semana.<\/p>\n<p data-start=\"1079\" data-end=\"1112\"><strong data-start=\"1079\" data-end=\"1112\">Beneficios clave del SAG300-21:<\/strong><\/p>\n<ul data-start=\"1113\" data-end=\"1425\">\n<li data-start=\"1113\" data-end=\"1197\">\n<p data-start=\"1115\" data-end=\"1197\"><strong data-start=\"1115\" data-end=\"1157\">Dise\u00f1o duradero y sin ventilador<\/strong> \u2013 funcionamiento silencioso y bajo consumo de energ\u00eda,<\/p>\n<\/li>\n<li data-start=\"1198\" data-end=\"1268\">\n<p data-start=\"1200\" data-end=\"1268\"><strong data-start=\"1200\" data-end=\"1236\">Amplia compatibilidad del sistema<\/strong> \u2013 Windows, Linux, QNX, VxWorks,<\/p>\n<\/li>\n<li data-start=\"1269\" data-end=\"1347\">\n<p data-start=\"1271\" data-end=\"1347\"><strong data-start=\"1271\" data-end=\"1295\">Amplio conjunto de puertos<\/strong> \u2013 entre otros RS232\/485, USB 3.0, USB 2.0, entrada\/salida de audio, LAN, HDMI, VGA dSub, GPIO, wifi<\/p>\n<\/li>\n<li data-start=\"1348\" data-end=\"1425\">\n<p data-start=\"1350\" data-end=\"1425\"><strong data-start=\"1350\" data-end=\"1384\">Larga vida \u00fatil y confiabilidad<\/strong> \u2013 incluso a temperaturas de 0 a +50\u00b0C.<\/p>\n<\/li>\n<\/ul>\n<p data-start=\"1427\" data-end=\"1444\"><strong data-start=\"1427\" data-end=\"1444\">Solicitud:<\/strong><\/p>\n<ul data-start=\"1445\" data-end=\"1618\">\n<li data-start=\"1445\" data-end=\"1476\">\n<p data-start=\"1447\" data-end=\"1476\">Automatizaci\u00f3n industrial y HMI,<\/p>\n<\/li>\n<li data-start=\"1477\" data-end=\"1516\">\n<p data-start=\"1479\" data-end=\"1516\">Monitoreo y control de procesos,<\/p>\n<\/li>\n<li data-start=\"1517\" data-end=\"1556\">\n<p data-start=\"1519\" data-end=\"1556\">Sistemas de seguridad y gesti\u00f3n,<\/p>\n<\/li>\n<li data-start=\"1557\" data-end=\"1618\">\n<p data-start=\"1559\" data-end=\"1618\">Puntos de venta, terminales de pedidos y pantallas de informaci\u00f3n.<\/p>\n<\/li>\n<\/ul>\n<p>Conectores de montaje incluidos.<\/p>","protected":false},"excerpt":{"rendered":"<p>Szukasz solidnego, bezawaryjnego i gotowego na ekstremalne warunki komputera panelowego? Chipol SAG300-21\u00a0to urz\u0105dzenie stworzone z my\u015bl\u0105 o pracy w wymagaj\u0105cych \u015brodowiskach przemys\u0142owych, gdzie liczy si\u0119 niezawodno\u015b\u0107, trwa\u0142o\u015b\u0107 i elastyczno\u015b\u0107. Dzi\u0119ki 21,5-calowemu dotykowemu ekranowi , obs\u0142uga systemu jest \u0142atwa i p\u0142ynna, co czyni go idealnym narz\u0119dziem do zastosowa\u0144 w produkcji, automatyce i logistyce. Obudowa wykonana z [&hellip;]<\/p>\n","protected":false},"featured_media":7577,"comment_status":"closed","ping_status":"closed","template":"","meta":[],"product_brand":[3231],"product_cat":[3248,3218,97,3219],"product_tag":[3112,3257,3255,3251,77,3253,3252,3254,3256],"class_list":{"0":"post-7564","1":"product","2":"type-product","3":"status-publish","4":"has-post-thumbnail","6":"product_brand-chipol","7":"product_cat-aio-industrial","8":"product_cat-pc-panel","9":"product_cat-pc-przemyslowe","10":"product_cat-pc-industrial","11":"product_tag-komputer-all-in-one","12":"product_tag-komputer-do-automatyki","13":"product_tag-komputer-hmi","14":"product_tag-komputer-panelowy","15":"product_tag-komputer-przemyslowy","16":"product_tag-komputer-z-ekranem-dotykowym","17":"product_tag-panel-pc","18":"product_tag-pc-do-zabudowy","19":"product_tag-rugged-pc","21":"first","22":"instock","23":"taxable","24":"shipping-taxable","25":"purchasable","26":"product-type-variable","27":"czr-hentry"},"yoast_head":"<!-- This site is optimized with the Yoast SEO plugin v27.4 - https:\/\/yoast.com\/product\/yoast-seo-wordpress\/ -->\n<title>Komputer panelowy SAG300-21 21,5&quot; i5-4200U DDR3L SSD GPIO RS232\/485 - Mini PC, Komputery, Laptopy, Translatory<\/title>\n<meta name=\"description\" content=\"Komputer panelowy SAG300\u201121: 21,5\u2033 ekran, procesor i5\u20114200U, pami\u0119\u0107 DDR3L, SSD, GPIO, RS232\/485 \u2013 przemys\u0142owa jako\u015b\u0107 i wydajno\u015b\u0107.\" \/>\n<meta name=\"robots\" content=\"index, follow, max-snippet:-1, max-image-preview:large, max-video-preview:-1\" \/>\n<link rel=\"canonical\" href=\"https:\/\/www.oio.pl\/es\/producto\/ordenador-de-panel-sag300-21-i5-4200u-ddr3l-ssd-gpio-rs232-485-mhz\/\" \/>\n<meta property=\"og:locale\" content=\"es_ES\" \/>\n<meta property=\"og:type\" content=\"article\" \/>\n<meta property=\"og:title\" content=\"Komputer panelowy SAG300-21 21,5&quot; i5-4200U DDR3L SSD GPIO RS232\/485 - Mini PC, Komputery, Laptopy, Translatory\" \/>\n<meta property=\"og:description\" content=\"Komputer panelowy SAG300\u201121: 21,5\u2033 ekran, procesor i5\u20114200U, pami\u0119\u0107 DDR3L, SSD, GPIO, RS232\/485 \u2013 przemys\u0142owa jako\u015b\u0107 i wydajno\u015b\u0107.\" \/>\n<meta property=\"og:url\" content=\"https:\/\/www.oio.pl\/es\/producto\/ordenador-de-panel-sag300-21-i5-4200u-ddr3l-ssd-gpio-rs232-485-mhz\/\" \/>\n<meta property=\"og:site_name\" content=\"Mini PC, Komputery, Laptopy, Translatory\" \/>\n<meta property=\"article:publisher\" content=\"https:\/\/www.facebook.com\/oiopl\" \/>\n<meta property=\"article:modified_time\" content=\"2025-08-08T10:52:59+00:00\" \/>\n<meta property=\"og:image\" content=\"https:\/\/www.oio.pl\/wp-content\/uploads\/2025\/06\/21_07.png\" \/>\n\t<meta property=\"og:image:width\" content=\"1496\" \/>\n\t<meta property=\"og:image:height\" content=\"1496\" \/>\n\t<meta property=\"og:image:type\" content=\"image\/png\" \/>\n<meta name=\"twitter:card\" content=\"summary_large_image\" \/>\n<meta name=\"twitter:label1\" content=\"Tiempo de lectura\" \/>\n\t<meta name=\"twitter:data1\" content=\"2 minutos\" \/>\n<script type=\"application\/ld+json\" class=\"yoast-schema-graph\">{\"@context\":\"https:\\\/\\\/schema.org\",\"@graph\":[{\"@type\":\"WebPage\",\"@id\":\"https:\\\/\\\/www.oio.pl\\\/product\\\/komputer-panelowy-sag300-21-21-i5-4200u-ddr3l-ssd-gpio-rs232-485\\\/\",\"url\":\"https:\\\/\\\/www.oio.pl\\\/product\\\/komputer-panelowy-sag300-21-21-i5-4200u-ddr3l-ssd-gpio-rs232-485\\\/\",\"name\":\"Komputer panelowy SAG300-21 21,5\\\" i5-4200U DDR3L SSD GPIO RS232\\\/485 - Mini PC, Komputery, Laptopy, Translatory\",\"isPartOf\":{\"@id\":\"https:\\\/\\\/www.oio.pl\\\/#website\"},\"primaryImageOfPage\":{\"@id\":\"https:\\\/\\\/www.oio.pl\\\/product\\\/komputer-panelowy-sag300-21-21-i5-4200u-ddr3l-ssd-gpio-rs232-485\\\/#primaryimage\"},\"image\":{\"@id\":\"https:\\\/\\\/www.oio.pl\\\/product\\\/komputer-panelowy-sag300-21-21-i5-4200u-ddr3l-ssd-gpio-rs232-485\\\/#primaryimage\"},\"thumbnailUrl\":\"https:\\\/\\\/www.oio.pl\\\/wp-content\\\/uploads\\\/2025\\\/06\\\/21_07.png\",\"datePublished\":\"2025-06-27T12:11:04+00:00\",\"dateModified\":\"2025-08-08T10:52:59+00:00\",\"description\":\"Komputer panelowy SAG300\u201121: 21,5\u2033 ekran, procesor i5\u20114200U, pami\u0119\u0107 DDR3L, SSD, GPIO, RS232\\\/485 \u2013 przemys\u0142owa jako\u015b\u0107 i wydajno\u015b\u0107.\",\"breadcrumb\":{\"@id\":\"https:\\\/\\\/www.oio.pl\\\/product\\\/komputer-panelowy-sag300-21-21-i5-4200u-ddr3l-ssd-gpio-rs232-485\\\/#breadcrumb\"},\"inLanguage\":\"es\",\"potentialAction\":[{\"@type\":\"ReadAction\",\"target\":[\"https:\\\/\\\/www.oio.pl\\\/product\\\/komputer-panelowy-sag300-21-21-i5-4200u-ddr3l-ssd-gpio-rs232-485\\\/\"]}]},{\"@type\":\"ImageObject\",\"inLanguage\":\"es\",\"@id\":\"https:\\\/\\\/www.oio.pl\\\/product\\\/komputer-panelowy-sag300-21-21-i5-4200u-ddr3l-ssd-gpio-rs232-485\\\/#primaryimage\",\"url\":\"https:\\\/\\\/www.oio.pl\\\/wp-content\\\/uploads\\\/2025\\\/06\\\/21_07.png\",\"contentUrl\":\"https:\\\/\\\/www.oio.pl\\\/wp-content\\\/uploads\\\/2025\\\/06\\\/21_07.png\",\"width\":1496,\"height\":1496},{\"@type\":\"BreadcrumbList\",\"@id\":\"https:\\\/\\\/www.oio.pl\\\/product\\\/komputer-panelowy-sag300-21-21-i5-4200u-ddr3l-ssd-gpio-rs232-485\\\/#breadcrumb\",\"itemListElement\":[{\"@type\":\"ListItem\",\"position\":1,\"name\":\"Strona g\u0142\u00f3wna\",\"item\":\"https:\\\/\\\/www.oio.pl\\\/\"},{\"@type\":\"ListItem\",\"position\":2,\"name\":\"Produkty\",\"item\":\"https:\\\/\\\/www.oio.pl\\\/\"},{\"@type\":\"ListItem\",\"position\":3,\"name\":\"Komputer panelowy SAG300-21 21,5&#8243; i5-4200U DDR3L SSD GPIO RS232\\\/485\"}]},{\"@type\":\"WebSite\",\"@id\":\"https:\\\/\\\/www.oio.pl\\\/#website\",\"url\":\"https:\\\/\\\/www.oio.pl\\\/\",\"name\":\"OIO.pl \u2013 Tablety przemys\u0142owe, sprz\u0119t IT dla przemys\u0142u i logistyki\",\"description\":\"tablety przemys\u0142owe, rugged tablet, komputer przemys\u0142owy, tablet wytrzyma\u0142y, sprz\u0119t dla przemys\u0142u, tablet z Windows, tablet IP67, laptop dla magazynu, elektronika przemys\u0142owa, komputery przemys\u0142owe, oio.pl, sprz\u0119t dla logistyki, tablet do pracy w terenie, monitor dotykowy przemys\u0142owy\",\"publisher\":{\"@id\":\"https:\\\/\\\/www.oio.pl\\\/#organization\"},\"alternateName\":\"Sklep internetowy dla przemys\u0142u\",\"potentialAction\":[{\"@type\":\"SearchAction\",\"target\":{\"@type\":\"EntryPoint\",\"urlTemplate\":\"https:\\\/\\\/www.oio.pl\\\/?s={search_term_string}\"},\"query-input\":{\"@type\":\"PropertyValueSpecification\",\"valueRequired\":true,\"valueName\":\"search_term_string\"}}],\"inLanguage\":\"es\"},{\"@type\":\"Organization\",\"@id\":\"https:\\\/\\\/www.oio.pl\\\/#organization\",\"name\":\"OIO\",\"alternateName\":\"Sprz\u0119t komputerowy\",\"url\":\"https:\\\/\\\/www.oio.pl\\\/\",\"logo\":{\"@type\":\"ImageObject\",\"inLanguage\":\"es\",\"@id\":\"https:\\\/\\\/www.oio.pl\\\/#\\\/schema\\\/logo\\\/image\\\/\",\"url\":\"https:\\\/\\\/www.oio.pl\\\/wp-content\\\/uploads\\\/2023\\\/11\\\/cropped-cropped-oio_120x120.jpg\",\"contentUrl\":\"https:\\\/\\\/www.oio.pl\\\/wp-content\\\/uploads\\\/2023\\\/11\\\/cropped-cropped-oio_120x120.jpg\",\"width\":120,\"height\":48,\"caption\":\"OIO\"},\"image\":{\"@id\":\"https:\\\/\\\/www.oio.pl\\\/#\\\/schema\\\/logo\\\/image\\\/\"},\"sameAs\":[\"https:\\\/\\\/www.facebook.com\\\/oiopl\"]}]}<\/script>\n<!-- \/ Yoast SEO plugin. -->","yoast_head_json":{"title":"Ordenador de panel SAG300-21 de 21,5&quot; con procesador i5-4200U, DDR3L SSD, GPIO, RS232\/485 - Mini PC, ordenadores, port\u00e1tiles, traductores","description":"Ordenador de panel SAG300\u201121: pantalla de 21,5\u2033, procesador i5\u20114200U, memoria DDR3L, SSD, GPIO, RS232\/485 \u2013 calidad y rendimiento industrial.","robots":{"index":"index","follow":"follow","max-snippet":"max-snippet:-1","max-image-preview":"max-image-preview:large","max-video-preview":"max-video-preview:-1"},"canonical":"https:\/\/www.oio.pl\/es\/producto\/ordenador-de-panel-sag300-21-i5-4200u-ddr3l-ssd-gpio-rs232-485-mhz\/","og_locale":"es_ES","og_type":"article","og_title":"Komputer panelowy SAG300-21 21,5\" i5-4200U DDR3L SSD GPIO RS232\/485 - Mini PC, Komputery, Laptopy, Translatory","og_description":"Komputer panelowy SAG300\u201121: 21,5\u2033 ekran, procesor i5\u20114200U, pami\u0119\u0107 DDR3L, SSD, GPIO, RS232\/485 \u2013 przemys\u0142owa jako\u015b\u0107 i wydajno\u015b\u0107.","og_url":"https:\/\/www.oio.pl\/es\/producto\/ordenador-de-panel-sag300-21-i5-4200u-ddr3l-ssd-gpio-rs232-485-mhz\/","og_site_name":"Mini PC, Komputery, Laptopy, Translatory","article_publisher":"https:\/\/www.facebook.com\/oiopl","article_modified_time":"2025-08-08T10:52:59+00:00","og_image":[{"width":1496,"height":1496,"url":"https:\/\/www.oio.pl\/wp-content\/uploads\/2025\/06\/21_07.png","type":"image\/png"}],"twitter_card":"summary_large_image","twitter_misc":{"Tiempo de lectura":"2 minutos"},"schema":{"@context":"https:\/\/schema.org","@graph":[{"@type":"WebPage","@id":"https:\/\/www.oio.pl\/product\/komputer-panelowy-sag300-21-21-i5-4200u-ddr3l-ssd-gpio-rs232-485\/","url":"https:\/\/www.oio.pl\/product\/komputer-panelowy-sag300-21-21-i5-4200u-ddr3l-ssd-gpio-rs232-485\/","name":"Ordenador de panel SAG300-21 de 21,5&quot; con procesador i5-4200U, DDR3L SSD, GPIO, RS232\/485 - Mini PC, ordenadores, port\u00e1tiles, traductores","isPartOf":{"@id":"https:\/\/www.oio.pl\/#website"},"primaryImageOfPage":{"@id":"https:\/\/www.oio.pl\/product\/komputer-panelowy-sag300-21-21-i5-4200u-ddr3l-ssd-gpio-rs232-485\/#primaryimage"},"image":{"@id":"https:\/\/www.oio.pl\/product\/komputer-panelowy-sag300-21-21-i5-4200u-ddr3l-ssd-gpio-rs232-485\/#primaryimage"},"thumbnailUrl":"https:\/\/www.oio.pl\/wp-content\/uploads\/2025\/06\/21_07.png","datePublished":"2025-06-27T12:11:04+00:00","dateModified":"2025-08-08T10:52:59+00:00","description":"Ordenador de panel SAG300\u201121: pantalla de 21,5\u2033, procesador i5\u20114200U, memoria DDR3L, SSD, GPIO, RS232\/485 \u2013 calidad y rendimiento industrial.","breadcrumb":{"@id":"https:\/\/www.oio.pl\/product\/komputer-panelowy-sag300-21-21-i5-4200u-ddr3l-ssd-gpio-rs232-485\/#breadcrumb"},"inLanguage":"es","potentialAction":[{"@type":"ReadAction","target":["https:\/\/www.oio.pl\/product\/komputer-panelowy-sag300-21-21-i5-4200u-ddr3l-ssd-gpio-rs232-485\/"]}]},{"@type":"ImageObject","inLanguage":"es","@id":"https:\/\/www.oio.pl\/product\/komputer-panelowy-sag300-21-21-i5-4200u-ddr3l-ssd-gpio-rs232-485\/#primaryimage","url":"https:\/\/www.oio.pl\/wp-content\/uploads\/2025\/06\/21_07.png","contentUrl":"https:\/\/www.oio.pl\/wp-content\/uploads\/2025\/06\/21_07.png","width":1496,"height":1496},{"@type":"BreadcrumbList","@id":"https:\/\/www.oio.pl\/product\/komputer-panelowy-sag300-21-21-i5-4200u-ddr3l-ssd-gpio-rs232-485\/#breadcrumb","itemListElement":[{"@type":"ListItem","position":1,"name":"Strona g\u0142\u00f3wna","item":"https:\/\/www.oio.pl\/"},{"@type":"ListItem","position":2,"name":"Produkty","item":"https:\/\/www.oio.pl\/"},{"@type":"ListItem","position":3,"name":"Komputer panelowy SAG300-21 21,5&#8243; i5-4200U DDR3L SSD GPIO RS232\/485"}]},{"@type":"WebSite","@id":"https:\/\/www.oio.pl\/#website","url":"https:\/\/www.oio.pl\/","name":"OIO.pl \u2013 Tabletas industriales, equipos inform\u00e1ticos para la industria y la log\u00edstica","description":"Tabletas industriales, tableta robusta, ordenador industrial, tableta duradera, equipos para la industria, tableta Windows, tableta IP67, port\u00e1til para almac\u00e9n, electr\u00f3nica industrial, ordenadores industriales, oio.pl, equipos log\u00edsticos, tableta para trabajo de campo, monitor t\u00e1ctil industrial","publisher":{"@id":"https:\/\/www.oio.pl\/#organization"},"alternateName":"Sklep internetowy dla przemys\u0142u","potentialAction":[{"@type":"SearchAction","target":{"@type":"EntryPoint","urlTemplate":"https:\/\/www.oio.pl\/?s={search_term_string}"},"query-input":{"@type":"PropertyValueSpecification","valueRequired":true,"valueName":"search_term_string"}}],"inLanguage":"es"},{"@type":"Organization","@id":"https:\/\/www.oio.pl\/#organization","name":"OIO","alternateName":"Sprz\u0119t komputerowy","url":"https:\/\/www.oio.pl\/","logo":{"@type":"ImageObject","inLanguage":"es","@id":"https:\/\/www.oio.pl\/#\/schema\/logo\/image\/","url":"https:\/\/www.oio.pl\/wp-content\/uploads\/2023\/11\/cropped-cropped-oio_120x120.jpg","contentUrl":"https:\/\/www.oio.pl\/wp-content\/uploads\/2023\/11\/cropped-cropped-oio_120x120.jpg","width":120,"height":48,"caption":"OIO"},"image":{"@id":"https:\/\/www.oio.pl\/#\/schema\/logo\/image\/"},"sameAs":["https:\/\/www.facebook.com\/oiopl"]}]}},"_links":{"self":[{"href":"https:\/\/www.oio.pl\/es\/wp-json\/wp\/v2\/product\/7564","targetHints":{"allow":["GET"]}}],"collection":[{"href":"https:\/\/www.oio.pl\/es\/wp-json\/wp\/v2\/product"}],"about":[{"href":"https:\/\/www.oio.pl\/es\/wp-json\/wp\/v2\/types\/product"}],"replies":[{"embeddable":true,"href":"https:\/\/www.oio.pl\/es\/wp-json\/wp\/v2\/comments?post=7564"}],"wp:featuredmedia":[{"embeddable":true,"href":"https:\/\/www.oio.pl\/es\/wp-json\/wp\/v2\/media\/7577"}],"wp:attachment":[{"href":"https:\/\/www.oio.pl\/es\/wp-json\/wp\/v2\/media?parent=7564"}],"wp:term":[{"taxonomy":"product_brand","embeddable":true,"href":"https:\/\/www.oio.pl\/es\/wp-json\/wp\/v2\/product_brand?post=7564"},{"taxonomy":"product_cat","embeddable":true,"href":"https:\/\/www.oio.pl\/es\/wp-json\/wp\/v2\/product_cat?post=7564"},{"taxonomy":"product_tag","embeddable":true,"href":"https:\/\/www.oio.pl\/es\/wp-json\/wp\/v2\/product_tag?post=7564"}],"curies":[{"name":"wp","href":"https:\/\/api.w.org\/{rel}","templated":true}]}}