{"id":5231,"date":"2023-05-14T07:26:12","date_gmt":"2023-05-14T05:26:12","guid":{"rendered":"https:\/\/www.oio.pl\/?post_type=product&#038;p=5231"},"modified":"2025-07-09T13:56:09","modified_gmt":"2025-07-09T11:56:09","slug":"projektor-t300-hdmi-usb-tf","status":"publish","type":"product","link":"https:\/\/www.oio.pl\/hu\/product\/projektor-t300-hdmi-usb-tf\/","title":{"rendered":"T300 HDMI\/USB\/TF projektor"},"content":{"rendered":"<p>Hordozhat\u00f3 mini LCD projektor T300 vide\u00f3 projektor t\u00e1mogatja az 1080P-t gyerekeknek, otthoni t\u00e9v\u00e9filmeket, partij\u00e1t\u00e9kokat, szabadt\u00e9ri kempingez\u00e9st HDMI USB AV interf\u00e9sszel<br \/>\nA legjobb aj\u00e1nd\u00e9k gyerekeknek: A mini projektor egy sz\u00f3rakoztat\u00f3 term\u00e9k a gyerekeknek rajzfilmek \u00e9s filmek n\u00e9z\u00e9s\u00e9hez, amely nagyon n\u00e9pszer\u0171 a gyerekek k\u00f6r\u00e9ben. Ha t\u00e1volr\u00f3l n\u00e9z kivet\u00edt\u0151vel, a kivet\u00edt\u0151 k\u00f6r\u00fclbel\u00fcl 120 h\u00fcvelyket (kb. 40-60 h\u00fcvelyk aj\u00e1nlott) k\u00e9pes kivet\u00edteni. Megv\u00e9dheti a gyermekek szem\u00e9t, \u00e9s t\u00e1vol tartja a gyermekeket a mobiltelefonokt\u00f3l, t\u00e1blag\u00e9pekt\u0151l \u00e9s TV-k\u00e9perny\u0151kt\u0151l.<br \/>\nTov\u00e1bbfejlesztett teljes\u00edtm\u00e9ny: Bel\u00e9p\u0151 szint\u0171 kivet\u00edt\u0151, de tov\u00e1bbra is t\u00e1mogatja az 1080P full HD felbont\u00e1st. A nat\u00edv felbont\u00e1s 640*360-ra n\u0151tt. T\u00e1volr\u00f3l n\u00e9zve a kivet\u00edt\u0151 k\u00f6r\u00fclbel\u00fcl 120 h\u00fcvelyket (aj\u00e1nlott 40-60 h\u00fcvelyk) k\u00e9pes kivet\u00edteni. A s\u00f6t\u00e9t szoba mindig jobb!<br \/>\nK\u00f6nny\u0171 \u00e9s hordozhat\u00f3: A mini projektor k\u00f6nny\u0171 \u00e9s hordozhat\u00f3, \u00e9s kis t\u00e1sk\u00e1ban is sz\u00e1ll\u00edthat\u00f3. M\u00e9g a gyerekek is k\u00f6nnyen kezelhetik. Ak\u00e1r otthon, ak\u00e1r a szabadban tart\u00f3zkodik, n\u00e9zhet filmet, vide\u00f3t vagy j\u00e1tszhat otthon, utaz\u00e1s vagy kempingez\u00e9s k\u00f6zben. T\u00e1mogatja az 5 V-os t\u00e1pell\u00e1t\u00e1st, ami azt jelenti, hogy utaz\u00e1s k\u00f6zben egy power bankr\u00f3l is t\u00e1pl\u00e1lhat\u00f3.<br \/>\nGazdag interf\u00e9szek: Kompatibilis t\u00f6bbf\u00e9le sz\u00f3rakoztat\u00e1ssal. A kis projektor t\u00f6bb porttal van felszerelve, bele\u00e9rtve a HDMI, USB, audio, TF \u00e9s AV interf\u00e9szt. K\u00f6nnyed\u00e9n csatlakoztathat\u00f3 k\u00fcl\u00f6nf\u00e9le multim\u00e9di\u00e1s eszk\u00f6z\u00f6kh\u00f6z, mint p\u00e9ld\u00e1ul TV-k, laptopok, asztali sz\u00e1m\u00edt\u00f3g\u00e9pek, digit\u00e1lis f\u00e9nyk\u00e9pez\u0151g\u00e9pek, \u00faj felhaszn\u00e1l\u00f3i fel\u00fclet, HDMI-kompatibilis eszk\u00f6z\u00f6k filmek lej\u00e1tsz\u00e1s\u00e1hoz, t\u00e9v\u00e9m\u0171sorokhoz, fot\u00f3megoszt\u00e1shoz \u00e9s j\u00e1t\u00e9kokhoz.<\/p>\n<p><strong>A term\u00e9k tulajdons\u00e1gai:<\/strong><\/p>\n<ul>\n<li><strong>Processzor:<\/strong> Mstar V53<\/li>\n<li><strong>Nat\u00edv felbont\u00e1s:<\/strong> 320 x 240 (max. 1080p)<\/li>\n<li><strong>Kijelz\u0151 technol\u00f3gia:<\/strong> 2&quot; LCD<\/li>\n<li><strong>F\u00e9nyer\u0151ss\u00e9g:<\/strong> 800 lumen \/ 50 ANSI<\/li>\n<li><strong>Kontraszt:<\/strong> 1000:1<\/li>\n<li><strong>Kijelz\u0151 k\u00e9par\u00e1nya:<\/strong> 4:3\/16:9<\/li>\n<li><strong>T\u00e1vols\u00e1g:<\/strong> 0,5 \u2013 3,2 m<\/li>\n<li><strong>T\u00e1pegys\u00e9g:<\/strong> 12V\/2A<\/li>\n<li><strong>M\u00e9retek:<\/strong> 135 x 97 x 50 mm<\/li>\n<\/ul>\n<p>El\u0151ny\u00f6k:<br \/>\n<li>K\u00e9zi korrekci\u00f3<br \/>\n<li>Javasolt k\u00e9p: 20 \u2013 60\u201d<br \/>\n<li>Csere: bal-jobb, le-fel<br \/>\n<li>23 nyelv!!!<\/p>\n<p>\u00daj kialak\u00edt\u00e1s: A r\u00f6vid gy\u00fajt\u00f3t\u00e1vols\u00e1g\u00fa optikai lencs\u00e9vel t\u00e1mogatja a k\u00e9pfelbont\u00e1s be\u00e1ll\u00edt\u00e1s\u00e1t, az \u00e1tl\u00f3s g\u00f6rget\u00e9st \u00e9s a k\u00e9nyelmes javaslatokat. H\u0171t\u0151ventil\u00e1tor: Nagy hat\u00e9konys\u00e1g\u00fa h\u0171t\u0151leveg\u0151 kialak\u00edt\u00e1s, amely hossz\u00fa \u00f3r\u00e1kon \u00e1t megszak\u00edt\u00e1s n\u00e9lk\u00fcli \u00e9s stabil m\u0171k\u00f6d\u00e9st biztos\u00edt. T\u00e1vir\u00e1ny\u00edthat\u00f3: Seg\u00edts\u00e9g\u00e9vel k\u00f6nnyed\u00e9n vez\u00e9relheti kivet\u00edt\u0151j\u00e9t. T\u00e1mogatja az 5 V-os t\u00e1pegys\u00e9get: ez azt jelenti, hogy t\u00e1pegys\u00e9gr\u0151l t\u00e1pl\u00e1lhat\u00f3, t\u00f6k\u00e9letes kempingez\u00e9sre \u00e9s szabadt\u00e9ri tev\u00e9kenys\u00e9gekhez.<\/p>","protected":false},"excerpt":{"rendered":"<p>Przeno\u015bny mini projektor LCD Projektor wideo T300 Obs\u0142uguje 1080P dla dzieci obecne dzieci, domowy film telewizyjny, gra imprezowa, kemping na \u015bwie\u017cym powietrzu z interfejsami HDMI USB AV Najlepszy prezent dla dzieci: mini projektor to zabawny produkt dla dzieci do ogl\u0105dania kresk\u00f3wek i film\u00f3w, kt\u00f3ry jest bardzo popularny w\u015br\u00f3d dzieci. Podczas ogl\u0105dania z odleg\u0142o\u015bci za pomoc\u0105 [&hellip;]<\/p>\n","protected":false},"featured_media":5235,"comment_status":"closed","ping_status":"closed","template":"","meta":[],"product_brand":[],"product_cat":[29],"product_tag":[2967,2976,2978,2977,2985,2973,2964,2983,2971,2969,66,2968,2974,2984,2980,84,2965,2982,2966,2963,2975,2981,83,2972,2970,85,2979],"class_list":{"0":"post-5231","1":"product","2":"type-product","3":"status-publish","4":"has-post-thumbnail","6":"product_cat-projektory","7":"product_tag-4k-projector","8":"product_tag-best-4k-projector","9":"product_tag-best-budget-projector","10":"product_tag-best-gaming-projector","11":"product_tag-best-mini-projector","12":"product_tag-best-portable-projector","13":"product_tag-best-projector","14":"product_tag-budget-projector","15":"product_tag-diy-projector","16":"product_tag-gaming-projector","17":"product_tag-hdmi","18":"product_tag-home-theater-projector","19":"product_tag-laser-projector","20":"product_tag-laser-projector-tv","21":"product_tag-led-projector","22":"product_tag-maly-projektor","23":"product_tag-mini-projector","24":"product_tag-pocket-projector","25":"product_tag-portable-projector","26":"product_tag-projector","27":"product_tag-projector-screen","28":"product_tag-projector-vs-tv","29":"product_tag-projektor","30":"product_tag-short-throw-projector","31":"product_tag-ultra-short-throw-projector","32":"product_tag-usb","33":"product_tag-ust-projector","35":"first","36":"instock","37":"taxable","38":"shipping-taxable","39":"purchasable","40":"product-type-simple","41":"czr-hentry"},"yoast_head":"<!-- This site is optimized with the Yoast SEO plugin v27.4 - https:\/\/yoast.com\/product\/yoast-seo-wordpress\/ -->\n<title>Projektor T300 HDMI\/USB\/TF - Mini PC, Komputery, Laptopy, Translatory<\/title>\n<meta name=\"robots\" content=\"index, follow, max-snippet:-1, max-image-preview:large, max-video-preview:-1\" \/>\n<link rel=\"canonical\" href=\"https:\/\/www.oio.pl\/hu\/termek\/projektor-t300-hdmi-usb-tf\/\" \/>\n<meta property=\"og:locale\" content=\"hu_HU\" \/>\n<meta property=\"og:type\" content=\"article\" \/>\n<meta property=\"og:title\" content=\"Projektor T300 HDMI\/USB\/TF - Mini PC, Komputery, Laptopy, Translatory\" \/>\n<meta property=\"og:description\" content=\"Przeno\u015bny mini projektor LCD Projektor wideo T300 Obs\u0142uguje 1080P dla dzieci obecne dzieci, domowy film telewizyjny, gra imprezowa, kemping na \u015bwie\u017cym powietrzu z interfejsami HDMI USB AV Najlepszy prezent dla dzieci: mini projektor to zabawny produkt dla dzieci do ogl\u0105dania kresk\u00f3wek i film\u00f3w, kt\u00f3ry jest bardzo popularny w\u015br\u00f3d dzieci. Podczas ogl\u0105dania z odleg\u0142o\u015bci za pomoc\u0105 [&hellip;]\" \/>\n<meta property=\"og:url\" content=\"https:\/\/www.oio.pl\/hu\/termek\/projektor-t300-hdmi-usb-tf\/\" \/>\n<meta property=\"og:site_name\" content=\"Mini PC, Komputery, Laptopy, Translatory\" \/>\n<meta property=\"article:publisher\" content=\"https:\/\/www.facebook.com\/oiopl\" \/>\n<meta property=\"article:modified_time\" content=\"2025-07-09T11:56:09+00:00\" \/>\n<meta property=\"og:image\" content=\"https:\/\/www.oio.pl\/wp-content\/uploads\/2023\/05\/T300_003.jpg\" \/>\n\t<meta property=\"og:image:width\" content=\"800\" \/>\n\t<meta property=\"og:image:height\" content=\"800\" \/>\n\t<meta property=\"og:image:type\" content=\"image\/jpeg\" \/>\n<meta name=\"twitter:card\" content=\"summary_large_image\" \/>\n<meta name=\"twitter:label1\" content=\"Becs\u00fclt olvas\u00e1si id\u0151\" \/>\n\t<meta name=\"twitter:data1\" content=\"2 perc\" \/>\n<script type=\"application\/ld+json\" class=\"yoast-schema-graph\">{\"@context\":\"https:\\\/\\\/schema.org\",\"@graph\":[{\"@type\":\"WebPage\",\"@id\":\"https:\\\/\\\/www.oio.pl\\\/product\\\/projektor-t300-hdmi-usb-tf\\\/\",\"url\":\"https:\\\/\\\/www.oio.pl\\\/product\\\/projektor-t300-hdmi-usb-tf\\\/\",\"name\":\"Projektor T300 HDMI\\\/USB\\\/TF - Mini PC, Komputery, Laptopy, Translatory\",\"isPartOf\":{\"@id\":\"https:\\\/\\\/www.oio.pl\\\/#website\"},\"primaryImageOfPage\":{\"@id\":\"https:\\\/\\\/www.oio.pl\\\/product\\\/projektor-t300-hdmi-usb-tf\\\/#primaryimage\"},\"image\":{\"@id\":\"https:\\\/\\\/www.oio.pl\\\/product\\\/projektor-t300-hdmi-usb-tf\\\/#primaryimage\"},\"thumbnailUrl\":\"https:\\\/\\\/www.oio.pl\\\/wp-content\\\/uploads\\\/2023\\\/05\\\/T300_003.jpg\",\"datePublished\":\"2023-05-14T05:26:12+00:00\",\"dateModified\":\"2025-07-09T11:56:09+00:00\",\"breadcrumb\":{\"@id\":\"https:\\\/\\\/www.oio.pl\\\/product\\\/projektor-t300-hdmi-usb-tf\\\/#breadcrumb\"},\"inLanguage\":\"hu\",\"potentialAction\":[{\"@type\":\"ReadAction\",\"target\":[\"https:\\\/\\\/www.oio.pl\\\/product\\\/projektor-t300-hdmi-usb-tf\\\/\"]}]},{\"@type\":\"ImageObject\",\"inLanguage\":\"hu\",\"@id\":\"https:\\\/\\\/www.oio.pl\\\/product\\\/projektor-t300-hdmi-usb-tf\\\/#primaryimage\",\"url\":\"https:\\\/\\\/www.oio.pl\\\/wp-content\\\/uploads\\\/2023\\\/05\\\/T300_003.jpg\",\"contentUrl\":\"https:\\\/\\\/www.oio.pl\\\/wp-content\\\/uploads\\\/2023\\\/05\\\/T300_003.jpg\",\"width\":800,\"height\":800},{\"@type\":\"BreadcrumbList\",\"@id\":\"https:\\\/\\\/www.oio.pl\\\/product\\\/projektor-t300-hdmi-usb-tf\\\/#breadcrumb\",\"itemListElement\":[{\"@type\":\"ListItem\",\"position\":1,\"name\":\"Strona g\u0142\u00f3wna\",\"item\":\"https:\\\/\\\/www.oio.pl\\\/\"},{\"@type\":\"ListItem\",\"position\":2,\"name\":\"Produkty\",\"item\":\"https:\\\/\\\/www.oio.pl\\\/\"},{\"@type\":\"ListItem\",\"position\":3,\"name\":\"Projektor T300 HDMI\\\/USB\\\/TF\"}]},{\"@type\":\"WebSite\",\"@id\":\"https:\\\/\\\/www.oio.pl\\\/#website\",\"url\":\"https:\\\/\\\/www.oio.pl\\\/\",\"name\":\"OIO.pl \u2013 Tablety przemys\u0142owe, sprz\u0119t IT dla przemys\u0142u i logistyki\",\"description\":\"tablety przemys\u0142owe, rugged tablet, komputer przemys\u0142owy, tablet wytrzyma\u0142y, sprz\u0119t dla przemys\u0142u, tablet z Windows, tablet IP67, laptop dla magazynu, elektronika przemys\u0142owa, komputery przemys\u0142owe, oio.pl, sprz\u0119t dla logistyki, tablet do pracy w terenie, monitor dotykowy przemys\u0142owy\",\"publisher\":{\"@id\":\"https:\\\/\\\/www.oio.pl\\\/#organization\"},\"alternateName\":\"Sklep internetowy dla przemys\u0142u\",\"potentialAction\":[{\"@type\":\"SearchAction\",\"target\":{\"@type\":\"EntryPoint\",\"urlTemplate\":\"https:\\\/\\\/www.oio.pl\\\/?s={search_term_string}\"},\"query-input\":{\"@type\":\"PropertyValueSpecification\",\"valueRequired\":true,\"valueName\":\"search_term_string\"}}],\"inLanguage\":\"hu\"},{\"@type\":\"Organization\",\"@id\":\"https:\\\/\\\/www.oio.pl\\\/#organization\",\"name\":\"OIO\",\"alternateName\":\"Sprz\u0119t komputerowy\",\"url\":\"https:\\\/\\\/www.oio.pl\\\/\",\"logo\":{\"@type\":\"ImageObject\",\"inLanguage\":\"hu\",\"@id\":\"https:\\\/\\\/www.oio.pl\\\/#\\\/schema\\\/logo\\\/image\\\/\",\"url\":\"https:\\\/\\\/www.oio.pl\\\/wp-content\\\/uploads\\\/2023\\\/11\\\/cropped-cropped-oio_120x120.jpg\",\"contentUrl\":\"https:\\\/\\\/www.oio.pl\\\/wp-content\\\/uploads\\\/2023\\\/11\\\/cropped-cropped-oio_120x120.jpg\",\"width\":120,\"height\":48,\"caption\":\"OIO\"},\"image\":{\"@id\":\"https:\\\/\\\/www.oio.pl\\\/#\\\/schema\\\/logo\\\/image\\\/\"},\"sameAs\":[\"https:\\\/\\\/www.facebook.com\\\/oiopl\"]}]}<\/script>\n<!-- \/ Yoast SEO plugin. -->","yoast_head_json":{"title":"T300 HDMI\/USB\/TF projektor - Mini PC, Sz\u00e1m\u00edt\u00f3g\u00e9pek, Laptopok, Ford\u00edt\u00f3k","robots":{"index":"index","follow":"follow","max-snippet":"max-snippet:-1","max-image-preview":"max-image-preview:large","max-video-preview":"max-video-preview:-1"},"canonical":"https:\/\/www.oio.pl\/hu\/termek\/projektor-t300-hdmi-usb-tf\/","og_locale":"hu_HU","og_type":"article","og_title":"Projektor T300 HDMI\/USB\/TF - Mini PC, Komputery, Laptopy, Translatory","og_description":"Przeno\u015bny mini projektor LCD Projektor wideo T300 Obs\u0142uguje 1080P dla dzieci obecne dzieci, domowy film telewizyjny, gra imprezowa, kemping na \u015bwie\u017cym powietrzu z interfejsami HDMI USB AV Najlepszy prezent dla dzieci: mini projektor to zabawny produkt dla dzieci do ogl\u0105dania kresk\u00f3wek i film\u00f3w, kt\u00f3ry jest bardzo popularny w\u015br\u00f3d dzieci. Podczas ogl\u0105dania z odleg\u0142o\u015bci za pomoc\u0105 [&hellip;]","og_url":"https:\/\/www.oio.pl\/hu\/termek\/projektor-t300-hdmi-usb-tf\/","og_site_name":"Mini PC, Komputery, Laptopy, Translatory","article_publisher":"https:\/\/www.facebook.com\/oiopl","article_modified_time":"2025-07-09T11:56:09+00:00","og_image":[{"width":800,"height":800,"url":"https:\/\/www.oio.pl\/wp-content\/uploads\/2023\/05\/T300_003.jpg","type":"image\/jpeg"}],"twitter_card":"summary_large_image","twitter_misc":{"Becs\u00fclt olvas\u00e1si id\u0151":"2 perc"},"schema":{"@context":"https:\/\/schema.org","@graph":[{"@type":"WebPage","@id":"https:\/\/www.oio.pl\/product\/projektor-t300-hdmi-usb-tf\/","url":"https:\/\/www.oio.pl\/product\/projektor-t300-hdmi-usb-tf\/","name":"T300 HDMI\/USB\/TF projektor - Mini PC, Sz\u00e1m\u00edt\u00f3g\u00e9pek, Laptopok, Ford\u00edt\u00f3k","isPartOf":{"@id":"https:\/\/www.oio.pl\/#website"},"primaryImageOfPage":{"@id":"https:\/\/www.oio.pl\/product\/projektor-t300-hdmi-usb-tf\/#primaryimage"},"image":{"@id":"https:\/\/www.oio.pl\/product\/projektor-t300-hdmi-usb-tf\/#primaryimage"},"thumbnailUrl":"https:\/\/www.oio.pl\/wp-content\/uploads\/2023\/05\/T300_003.jpg","datePublished":"2023-05-14T05:26:12+00:00","dateModified":"2025-07-09T11:56:09+00:00","breadcrumb":{"@id":"https:\/\/www.oio.pl\/product\/projektor-t300-hdmi-usb-tf\/#breadcrumb"},"inLanguage":"hu","potentialAction":[{"@type":"ReadAction","target":["https:\/\/www.oio.pl\/product\/projektor-t300-hdmi-usb-tf\/"]}]},{"@type":"ImageObject","inLanguage":"hu","@id":"https:\/\/www.oio.pl\/product\/projektor-t300-hdmi-usb-tf\/#primaryimage","url":"https:\/\/www.oio.pl\/wp-content\/uploads\/2023\/05\/T300_003.jpg","contentUrl":"https:\/\/www.oio.pl\/wp-content\/uploads\/2023\/05\/T300_003.jpg","width":800,"height":800},{"@type":"BreadcrumbList","@id":"https:\/\/www.oio.pl\/product\/projektor-t300-hdmi-usb-tf\/#breadcrumb","itemListElement":[{"@type":"ListItem","position":1,"name":"Strona g\u0142\u00f3wna","item":"https:\/\/www.oio.pl\/"},{"@type":"ListItem","position":2,"name":"Produkty","item":"https:\/\/www.oio.pl\/"},{"@type":"ListItem","position":3,"name":"Projektor T300 HDMI\/USB\/TF"}]},{"@type":"WebSite","@id":"https:\/\/www.oio.pl\/#website","url":"https:\/\/www.oio.pl\/","name":"OIO.pl \u2013 Ipari tabletek, IT berendez\u00e9sek ipar \u00e9s logisztika sz\u00e1m\u00e1ra","description":"ipari tabletek, strapab\u00edr\u00f3 tablet, ipari sz\u00e1m\u00edt\u00f3g\u00e9p, tart\u00f3s tablet, ipari berendez\u00e9sek, Windows tablet, IP67 tablet, rakt\u00e1ri laptop, ipari elektronika, ipari sz\u00e1m\u00edt\u00f3g\u00e9pek, oio.pl, logisztikai berendez\u00e9sek, terepi munkatabletta, ipari \u00e9rint\u0151k\u00e9perny\u0151s monitor","publisher":{"@id":"https:\/\/www.oio.pl\/#organization"},"alternateName":"Sklep internetowy dla przemys\u0142u","potentialAction":[{"@type":"SearchAction","target":{"@type":"EntryPoint","urlTemplate":"https:\/\/www.oio.pl\/?s={search_term_string}"},"query-input":{"@type":"PropertyValueSpecification","valueRequired":true,"valueName":"search_term_string"}}],"inLanguage":"hu"},{"@type":"Organization","@id":"https:\/\/www.oio.pl\/#organization","name":"OIO","alternateName":"Sprz\u0119t komputerowy","url":"https:\/\/www.oio.pl\/","logo":{"@type":"ImageObject","inLanguage":"hu","@id":"https:\/\/www.oio.pl\/#\/schema\/logo\/image\/","url":"https:\/\/www.oio.pl\/wp-content\/uploads\/2023\/11\/cropped-cropped-oio_120x120.jpg","contentUrl":"https:\/\/www.oio.pl\/wp-content\/uploads\/2023\/11\/cropped-cropped-oio_120x120.jpg","width":120,"height":48,"caption":"OIO"},"image":{"@id":"https:\/\/www.oio.pl\/#\/schema\/logo\/image\/"},"sameAs":["https:\/\/www.facebook.com\/oiopl"]}]}},"_links":{"self":[{"href":"https:\/\/www.oio.pl\/hu\/wp-json\/wp\/v2\/product\/5231","targetHints":{"allow":["GET"]}}],"collection":[{"href":"https:\/\/www.oio.pl\/hu\/wp-json\/wp\/v2\/product"}],"about":[{"href":"https:\/\/www.oio.pl\/hu\/wp-json\/wp\/v2\/types\/product"}],"replies":[{"embeddable":true,"href":"https:\/\/www.oio.pl\/hu\/wp-json\/wp\/v2\/comments?post=5231"}],"wp:featuredmedia":[{"embeddable":true,"href":"https:\/\/www.oio.pl\/hu\/wp-json\/wp\/v2\/media\/5235"}],"wp:attachment":[{"href":"https:\/\/www.oio.pl\/hu\/wp-json\/wp\/v2\/media?parent=5231"}],"wp:term":[{"taxonomy":"product_brand","embeddable":true,"href":"https:\/\/www.oio.pl\/hu\/wp-json\/wp\/v2\/product_brand?post=5231"},{"taxonomy":"product_cat","embeddable":true,"href":"https:\/\/www.oio.pl\/hu\/wp-json\/wp\/v2\/product_cat?post=5231"},{"taxonomy":"product_tag","embeddable":true,"href":"https:\/\/www.oio.pl\/hu\/wp-json\/wp\/v2\/product_tag?post=5231"}],"curies":[{"name":"wp","href":"https:\/\/api.w.org\/{rel}","templated":true}]}}