{"id":5559,"date":"2023-07-07T16:26:38","date_gmt":"2023-07-07T14:26:38","guid":{"rendered":"https:\/\/www.oio.pl\/?post_type=product&#038;p=5559"},"modified":"2024-07-17T14:44:30","modified_gmt":"2024-07-17T12:44:30","slug":"klp-ii-bluetooth-cimkenyomtato-ip54","status":"publish","type":"product","link":"https:\/\/www.oio.pl\/hu\/product\/drukarka-etykiet-klp-ii-bluetooth-ip54\/","title":{"rendered":"KLP-II USB\/Bluetooth IP54 c\u00edmkenyomtat\u00f3"},"content":{"rendered":"<p>A szuperk\u00f6nny\u0171, modern \u00e9s univerz\u00e1lis KLP-II c\u00edmkenyomtat\u00f3 egyes\u00edti a kis m\u00e9reteket, az USB- \u00e9s Bluetooth-kapcsolatot, valamint a nyomtat\u00e1si sebess\u00e9get \u00e9s megb\u00edzhat\u00f3s\u00e1got. A nyomtat\u00f3 saj\u00e1t akkumul\u00e1torral rendelkezik, \u00edgy f\u00fcggetlen az \u00e1ramell\u00e1t\u00e1st\u00f3l.<\/p>\n<p><b>Nyomtathatsz k\u00f6zvetlen\u00fcl a telefonodr\u00f3l!!!<\/b><\/p>\n<p>Ez a c\u00edmkenyomtat\u00f3 modell lehet\u0151v\u00e9 teszi a nagysz\u00e1m\u00fa c\u00edmke nyomtat\u00e1s\u00e1val kapcsolatos mindennapi munka szabv\u00e1nyos\u00edt\u00e1s\u00e1t.<br \/>\nA k\u00e9sz\u00fcl\u00e9k el\u0151nye t\u00f6bbek k\u00f6z\u00f6tt: egyszer\u0171 telep\u00edt\u00e9s, amely nem ig\u00e9nyel sok id\u0151t.<br \/>\nA nyomtat\u00f3 be\u00e1ll\u00edt\u00e1sai intuit\u00edvak, \u00edgy az ig\u00e9nyeihez igaz\u00edthatja, bele\u00e9rtve a nem szabv\u00e1nyos c\u00edmk\u00e9k nyomtat\u00e1s\u00e1t is.<br \/>\nA nyomtat\u00f3 USB-porton vagy Bluetooth vezet\u00e9k n\u00e9lk\u00fcli h\u00e1l\u00f3zaton kereszt\u00fcl csatlakozik az eszk\u00f6z\u00f6kh\u00f6z.<\/p>","protected":false},"excerpt":{"rendered":"<p>Super lekka, nowoczesna i uniwersalna drukarka etykiet KLP-II \u0142\u0105czy w sobie niewielkie wymiary, \u0142\u0105czno\u015b\u0107 USB i Bluetooth oraz szybko\u015b\u0107 i niezawodno\u015b\u0107 druku. Drukarka posiada w\u0142asny akumulator, tak wi\u0119c jest niezale\u017cna od zasilania. Mo\u017cna drukowa\u0107 bezpo\u015brednio z telefonu !!! Ten model drukarki do etykiet pozwala na standaryzacj\u0119 codziennej pracy zwi\u0105zanej z drukowaniem du\u017cej ilo\u015bci etykiet. Zalet\u0105 [&hellip;]<\/p>\n","protected":false},"featured_media":5560,"comment_status":"closed","ping_status":"closed","template":"","meta":[],"product_brand":[],"product_cat":[2109,3210],"product_tag":[2956,2943,2960,2957,2947,2962,2285,2951,2946,2944,2954,2961,2952,2959,2948,2945,2955,2958,2953,2950,2949],"class_list":{"0":"post-5559","1":"product","2":"type-product","3":"status-publish","4":"has-post-thumbnail","6":"product_cat-print-pos","7":"product_cat-print-wireless","8":"product_tag-horeca-pos-drukarkitermiczne-drukarki-etykiet","9":"product_tag-drukarka","10":"product_tag-drukarka-a11","11":"product_tag-drukarka-biletow","12":"product_tag-drukarka-do-etykiet","13":"product_tag-drukarka-do-naklejek","14":"product_tag-drukarka-etykiet","15":"product_tag-drukarka-etykiet-baselinker","16":"product_tag-drukarka-paragonow","17":"product_tag-drukarka-paragonowa","18":"product_tag-drukarka-pos","19":"product_tag-drukarka-star-micronics","20":"product_tag-drukarka-termiczna","21":"product_tag-drukarki-biletow","22":"product_tag-drukarki-etykiet","23":"product_tag-drukarki-paragonowe","24":"product_tag-drukarki-pos","25":"product_tag-drukowanie-paragonow-na-allegro","26":"product_tag-etykiety","27":"product_tag-najlepsza-drukarka-etykiet","28":"product_tag-przenosna-drukarka-etykiet","30":"first","31":"instock","32":"taxable","33":"shipping-taxable","34":"purchasable","35":"product-type-simple","36":"czr-hentry"},"yoast_head":"<!-- This site is optimized with the Yoast SEO plugin v27.4 - https:\/\/yoast.com\/product\/yoast-seo-wordpress\/ -->\n<title>Drukarka etykiet KLP-II USB\/Bluetooth IP54 - Mini PC, Komputery, Laptopy, Translatory<\/title>\n<meta name=\"robots\" content=\"index, follow, max-snippet:-1, max-image-preview:large, max-video-preview:-1\" \/>\n<link rel=\"canonical\" href=\"https:\/\/www.oio.pl\/hu\/termek\/klp-ii-bluetooth-cimkenyomtato-ip54\/\" \/>\n<meta property=\"og:locale\" content=\"hu_HU\" \/>\n<meta property=\"og:type\" content=\"article\" \/>\n<meta property=\"og:title\" content=\"Drukarka etykiet KLP-II USB\/Bluetooth IP54 - Mini PC, Komputery, Laptopy, Translatory\" \/>\n<meta property=\"og:description\" content=\"Super lekka, nowoczesna i uniwersalna drukarka etykiet KLP-II \u0142\u0105czy w sobie niewielkie wymiary, \u0142\u0105czno\u015b\u0107 USB i Bluetooth oraz szybko\u015b\u0107 i niezawodno\u015b\u0107 druku. Drukarka posiada w\u0142asny akumulator, tak wi\u0119c jest niezale\u017cna od zasilania. Mo\u017cna drukowa\u0107 bezpo\u015brednio z telefonu !!! Ten model drukarki do etykiet pozwala na standaryzacj\u0119 codziennej pracy zwi\u0105zanej z drukowaniem du\u017cej ilo\u015bci etykiet. Zalet\u0105 [&hellip;]\" \/>\n<meta property=\"og:url\" content=\"https:\/\/www.oio.pl\/hu\/termek\/klp-ii-bluetooth-cimkenyomtato-ip54\/\" \/>\n<meta property=\"og:site_name\" content=\"Mini PC, Komputery, Laptopy, Translatory\" \/>\n<meta property=\"article:publisher\" content=\"https:\/\/www.facebook.com\/oiopl\" \/>\n<meta property=\"article:modified_time\" content=\"2024-07-17T12:44:30+00:00\" \/>\n<meta property=\"og:image\" content=\"https:\/\/www.oio.pl\/wp-content\/uploads\/2023\/07\/KLP-II.png\" \/>\n\t<meta property=\"og:image:width\" content=\"597\" \/>\n\t<meta property=\"og:image:height\" content=\"510\" \/>\n\t<meta property=\"og:image:type\" content=\"image\/png\" \/>\n<meta name=\"twitter:card\" content=\"summary_large_image\" \/>\n<meta name=\"twitter:label1\" content=\"Becs\u00fclt olvas\u00e1si id\u0151\" \/>\n\t<meta name=\"twitter:data1\" content=\"1 perc\" \/>\n<script type=\"application\/ld+json\" class=\"yoast-schema-graph\">{\"@context\":\"https:\\\/\\\/schema.org\",\"@graph\":[{\"@type\":\"WebPage\",\"@id\":\"https:\\\/\\\/www.oio.pl\\\/product\\\/drukarka-etykiet-klp-ii-bluetooth-ip54\\\/\",\"url\":\"https:\\\/\\\/www.oio.pl\\\/product\\\/drukarka-etykiet-klp-ii-bluetooth-ip54\\\/\",\"name\":\"Drukarka etykiet KLP-II USB\\\/Bluetooth IP54 - Mini PC, Komputery, Laptopy, Translatory\",\"isPartOf\":{\"@id\":\"https:\\\/\\\/www.oio.pl\\\/#website\"},\"primaryImageOfPage\":{\"@id\":\"https:\\\/\\\/www.oio.pl\\\/product\\\/drukarka-etykiet-klp-ii-bluetooth-ip54\\\/#primaryimage\"},\"image\":{\"@id\":\"https:\\\/\\\/www.oio.pl\\\/product\\\/drukarka-etykiet-klp-ii-bluetooth-ip54\\\/#primaryimage\"},\"thumbnailUrl\":\"https:\\\/\\\/www.oio.pl\\\/wp-content\\\/uploads\\\/2023\\\/07\\\/KLP-II.png\",\"datePublished\":\"2023-07-07T14:26:38+00:00\",\"dateModified\":\"2024-07-17T12:44:30+00:00\",\"breadcrumb\":{\"@id\":\"https:\\\/\\\/www.oio.pl\\\/product\\\/drukarka-etykiet-klp-ii-bluetooth-ip54\\\/#breadcrumb\"},\"inLanguage\":\"hu\",\"potentialAction\":[{\"@type\":\"ReadAction\",\"target\":[\"https:\\\/\\\/www.oio.pl\\\/product\\\/drukarka-etykiet-klp-ii-bluetooth-ip54\\\/\"]}]},{\"@type\":\"ImageObject\",\"inLanguage\":\"hu\",\"@id\":\"https:\\\/\\\/www.oio.pl\\\/product\\\/drukarka-etykiet-klp-ii-bluetooth-ip54\\\/#primaryimage\",\"url\":\"https:\\\/\\\/www.oio.pl\\\/wp-content\\\/uploads\\\/2023\\\/07\\\/KLP-II.png\",\"contentUrl\":\"https:\\\/\\\/www.oio.pl\\\/wp-content\\\/uploads\\\/2023\\\/07\\\/KLP-II.png\",\"width\":597,\"height\":510},{\"@type\":\"BreadcrumbList\",\"@id\":\"https:\\\/\\\/www.oio.pl\\\/product\\\/drukarka-etykiet-klp-ii-bluetooth-ip54\\\/#breadcrumb\",\"itemListElement\":[{\"@type\":\"ListItem\",\"position\":1,\"name\":\"Strona g\u0142\u00f3wna\",\"item\":\"https:\\\/\\\/www.oio.pl\\\/\"},{\"@type\":\"ListItem\",\"position\":2,\"name\":\"Produkty\",\"item\":\"https:\\\/\\\/www.oio.pl\\\/\"},{\"@type\":\"ListItem\",\"position\":3,\"name\":\"Drukarka etykiet KLP-II USB\\\/Bluetooth IP54\"}]},{\"@type\":\"WebSite\",\"@id\":\"https:\\\/\\\/www.oio.pl\\\/#website\",\"url\":\"https:\\\/\\\/www.oio.pl\\\/\",\"name\":\"OIO.pl \u2013 Tablety przemys\u0142owe, sprz\u0119t IT dla przemys\u0142u i logistyki\",\"description\":\"tablety przemys\u0142owe, rugged tablet, komputer przemys\u0142owy, tablet wytrzyma\u0142y, sprz\u0119t dla przemys\u0142u, tablet z Windows, tablet IP67, laptop dla magazynu, elektronika przemys\u0142owa, komputery przemys\u0142owe, oio.pl, sprz\u0119t dla logistyki, tablet do pracy w terenie, monitor dotykowy przemys\u0142owy\",\"publisher\":{\"@id\":\"https:\\\/\\\/www.oio.pl\\\/#organization\"},\"alternateName\":\"Sklep internetowy dla przemys\u0142u\",\"potentialAction\":[{\"@type\":\"SearchAction\",\"target\":{\"@type\":\"EntryPoint\",\"urlTemplate\":\"https:\\\/\\\/www.oio.pl\\\/?s={search_term_string}\"},\"query-input\":{\"@type\":\"PropertyValueSpecification\",\"valueRequired\":true,\"valueName\":\"search_term_string\"}}],\"inLanguage\":\"hu\"},{\"@type\":\"Organization\",\"@id\":\"https:\\\/\\\/www.oio.pl\\\/#organization\",\"name\":\"OIO\",\"alternateName\":\"Sprz\u0119t komputerowy\",\"url\":\"https:\\\/\\\/www.oio.pl\\\/\",\"logo\":{\"@type\":\"ImageObject\",\"inLanguage\":\"hu\",\"@id\":\"https:\\\/\\\/www.oio.pl\\\/#\\\/schema\\\/logo\\\/image\\\/\",\"url\":\"https:\\\/\\\/www.oio.pl\\\/wp-content\\\/uploads\\\/2023\\\/11\\\/cropped-cropped-oio_120x120.jpg\",\"contentUrl\":\"https:\\\/\\\/www.oio.pl\\\/wp-content\\\/uploads\\\/2023\\\/11\\\/cropped-cropped-oio_120x120.jpg\",\"width\":120,\"height\":48,\"caption\":\"OIO\"},\"image\":{\"@id\":\"https:\\\/\\\/www.oio.pl\\\/#\\\/schema\\\/logo\\\/image\\\/\"},\"sameAs\":[\"https:\\\/\\\/www.facebook.com\\\/oiopl\"]}]}<\/script>\n<!-- \/ Yoast SEO plugin. -->","yoast_head_json":{"title":"KLP-II USB\/Bluetooth IP54 c\u00edmkenyomtat\u00f3 - Mini PC-k, Sz\u00e1m\u00edt\u00f3g\u00e9pek, Laptopok, Ford\u00edt\u00f3k","robots":{"index":"index","follow":"follow","max-snippet":"max-snippet:-1","max-image-preview":"max-image-preview:large","max-video-preview":"max-video-preview:-1"},"canonical":"https:\/\/www.oio.pl\/hu\/termek\/klp-ii-bluetooth-cimkenyomtato-ip54\/","og_locale":"hu_HU","og_type":"article","og_title":"Drukarka etykiet KLP-II USB\/Bluetooth IP54 - Mini PC, Komputery, Laptopy, Translatory","og_description":"Super lekka, nowoczesna i uniwersalna drukarka etykiet KLP-II \u0142\u0105czy w sobie niewielkie wymiary, \u0142\u0105czno\u015b\u0107 USB i Bluetooth oraz szybko\u015b\u0107 i niezawodno\u015b\u0107 druku. Drukarka posiada w\u0142asny akumulator, tak wi\u0119c jest niezale\u017cna od zasilania. Mo\u017cna drukowa\u0107 bezpo\u015brednio z telefonu !!! Ten model drukarki do etykiet pozwala na standaryzacj\u0119 codziennej pracy zwi\u0105zanej z drukowaniem du\u017cej ilo\u015bci etykiet. Zalet\u0105 [&hellip;]","og_url":"https:\/\/www.oio.pl\/hu\/termek\/klp-ii-bluetooth-cimkenyomtato-ip54\/","og_site_name":"Mini PC, Komputery, Laptopy, Translatory","article_publisher":"https:\/\/www.facebook.com\/oiopl","article_modified_time":"2024-07-17T12:44:30+00:00","og_image":[{"width":597,"height":510,"url":"https:\/\/www.oio.pl\/wp-content\/uploads\/2023\/07\/KLP-II.png","type":"image\/png"}],"twitter_card":"summary_large_image","twitter_misc":{"Becs\u00fclt olvas\u00e1si id\u0151":"1 perc"},"schema":{"@context":"https:\/\/schema.org","@graph":[{"@type":"WebPage","@id":"https:\/\/www.oio.pl\/product\/drukarka-etykiet-klp-ii-bluetooth-ip54\/","url":"https:\/\/www.oio.pl\/product\/drukarka-etykiet-klp-ii-bluetooth-ip54\/","name":"KLP-II USB\/Bluetooth IP54 c\u00edmkenyomtat\u00f3 - Mini PC-k, Sz\u00e1m\u00edt\u00f3g\u00e9pek, Laptopok, Ford\u00edt\u00f3k","isPartOf":{"@id":"https:\/\/www.oio.pl\/#website"},"primaryImageOfPage":{"@id":"https:\/\/www.oio.pl\/product\/drukarka-etykiet-klp-ii-bluetooth-ip54\/#primaryimage"},"image":{"@id":"https:\/\/www.oio.pl\/product\/drukarka-etykiet-klp-ii-bluetooth-ip54\/#primaryimage"},"thumbnailUrl":"https:\/\/www.oio.pl\/wp-content\/uploads\/2023\/07\/KLP-II.png","datePublished":"2023-07-07T14:26:38+00:00","dateModified":"2024-07-17T12:44:30+00:00","breadcrumb":{"@id":"https:\/\/www.oio.pl\/product\/drukarka-etykiet-klp-ii-bluetooth-ip54\/#breadcrumb"},"inLanguage":"hu","potentialAction":[{"@type":"ReadAction","target":["https:\/\/www.oio.pl\/product\/drukarka-etykiet-klp-ii-bluetooth-ip54\/"]}]},{"@type":"ImageObject","inLanguage":"hu","@id":"https:\/\/www.oio.pl\/product\/drukarka-etykiet-klp-ii-bluetooth-ip54\/#primaryimage","url":"https:\/\/www.oio.pl\/wp-content\/uploads\/2023\/07\/KLP-II.png","contentUrl":"https:\/\/www.oio.pl\/wp-content\/uploads\/2023\/07\/KLP-II.png","width":597,"height":510},{"@type":"BreadcrumbList","@id":"https:\/\/www.oio.pl\/product\/drukarka-etykiet-klp-ii-bluetooth-ip54\/#breadcrumb","itemListElement":[{"@type":"ListItem","position":1,"name":"Strona g\u0142\u00f3wna","item":"https:\/\/www.oio.pl\/"},{"@type":"ListItem","position":2,"name":"Produkty","item":"https:\/\/www.oio.pl\/"},{"@type":"ListItem","position":3,"name":"Drukarka etykiet KLP-II USB\/Bluetooth IP54"}]},{"@type":"WebSite","@id":"https:\/\/www.oio.pl\/#website","url":"https:\/\/www.oio.pl\/","name":"OIO.pl \u2013 Ipari tabletek, IT berendez\u00e9sek ipar \u00e9s logisztika sz\u00e1m\u00e1ra","description":"ipari tabletek, strapab\u00edr\u00f3 tablet, ipari sz\u00e1m\u00edt\u00f3g\u00e9p, tart\u00f3s tablet, ipari berendez\u00e9sek, Windows tablet, IP67 tablet, rakt\u00e1ri laptop, ipari elektronika, ipari sz\u00e1m\u00edt\u00f3g\u00e9pek, oio.pl, logisztikai berendez\u00e9sek, terepi munkatabletta, ipari \u00e9rint\u0151k\u00e9perny\u0151s monitor","publisher":{"@id":"https:\/\/www.oio.pl\/#organization"},"alternateName":"Sklep internetowy dla przemys\u0142u","potentialAction":[{"@type":"SearchAction","target":{"@type":"EntryPoint","urlTemplate":"https:\/\/www.oio.pl\/?s={search_term_string}"},"query-input":{"@type":"PropertyValueSpecification","valueRequired":true,"valueName":"search_term_string"}}],"inLanguage":"hu"},{"@type":"Organization","@id":"https:\/\/www.oio.pl\/#organization","name":"OIO","alternateName":"Sprz\u0119t komputerowy","url":"https:\/\/www.oio.pl\/","logo":{"@type":"ImageObject","inLanguage":"hu","@id":"https:\/\/www.oio.pl\/#\/schema\/logo\/image\/","url":"https:\/\/www.oio.pl\/wp-content\/uploads\/2023\/11\/cropped-cropped-oio_120x120.jpg","contentUrl":"https:\/\/www.oio.pl\/wp-content\/uploads\/2023\/11\/cropped-cropped-oio_120x120.jpg","width":120,"height":48,"caption":"OIO"},"image":{"@id":"https:\/\/www.oio.pl\/#\/schema\/logo\/image\/"},"sameAs":["https:\/\/www.facebook.com\/oiopl"]}]}},"_links":{"self":[{"href":"https:\/\/www.oio.pl\/hu\/wp-json\/wp\/v2\/product\/5559","targetHints":{"allow":["GET"]}}],"collection":[{"href":"https:\/\/www.oio.pl\/hu\/wp-json\/wp\/v2\/product"}],"about":[{"href":"https:\/\/www.oio.pl\/hu\/wp-json\/wp\/v2\/types\/product"}],"replies":[{"embeddable":true,"href":"https:\/\/www.oio.pl\/hu\/wp-json\/wp\/v2\/comments?post=5559"}],"wp:featuredmedia":[{"embeddable":true,"href":"https:\/\/www.oio.pl\/hu\/wp-json\/wp\/v2\/media\/5560"}],"wp:attachment":[{"href":"https:\/\/www.oio.pl\/hu\/wp-json\/wp\/v2\/media?parent=5559"}],"wp:term":[{"taxonomy":"product_brand","embeddable":true,"href":"https:\/\/www.oio.pl\/hu\/wp-json\/wp\/v2\/product_brand?post=5559"},{"taxonomy":"product_cat","embeddable":true,"href":"https:\/\/www.oio.pl\/hu\/wp-json\/wp\/v2\/product_cat?post=5559"},{"taxonomy":"product_tag","embeddable":true,"href":"https:\/\/www.oio.pl\/hu\/wp-json\/wp\/v2\/product_tag?post=5559"}],"curies":[{"name":"wp","href":"https:\/\/api.w.org\/{rel}","templated":true}]}}