{"id":3,"date":"2019-06-11T11:58:05","date_gmt":"2019-06-11T09:58:05","guid":{"rendered":"http:\/\/www.oio.pl\/?page_id=3"},"modified":"2025-12-10T12:50:39","modified_gmt":"2025-12-10T11:50:39","slug":"zasady-ochrany-osobnych-udajov","status":"publish","type":"page","link":"https:\/\/www.oio.pl\/sk\/polityka-prywatnosci\/","title":{"rendered":"Z\u00e1sady ochrany osobn\u00fdch \u00fadajov obchodu www.oio.pl"},"content":{"rendered":"<h2 class=\"wp-block-heading\">Kto sme<\/h2>\n\n\n\n<p>Na\u0161a webov\u00e1 adresa je: http:\/\/www.oio.pl.<\/p>\n\n\n\n<p>PASLAND Stanis\u0142aw Paszcza<br>05-135 Wieliszew, ul. Modli\u0144ska 140\/5<br>NIP: 6761007875<br><\/p>\n\n\n\n<h2 class=\"wp-block-heading\"><strong>1. V\u0160EOBECN\u00c9 USTANOVENIA<\/strong><\/h2>\n\n\n\n<p>1.1. Tieto z\u00e1sady ochrany osobn\u00fdch \u00fadajov Internetov\u00e9ho obchodu sl\u00fa\u017eia na informa\u010dn\u00e9 \u00fa\u010dely, \u010do znamen\u00e1, \u017ee nepredstavuj\u00fa zdroj z\u00e1v\u00e4zkov pre Pr\u00edjemcov slu\u017eieb alebo z\u00e1kazn\u00edkov Internetov\u00e9ho obchodu. <strong>Predlo\u017een\u00e1 cenov\u00e1 ponuka je informat\u00edvna a nepredstavuje obchodn\u00fa ponuku v zmysle \u00a7 66 ods. 1 Ob\u010dianskeho z\u00e1konn\u00edka a neodr\u00e1\u017ea aktu\u00e1lne stavy z\u00e1sob.<\/strong><\/p>\n\n\n\n<p>1.2. Spr\u00e1vcom osobn\u00fdch \u00fadajov zhroma\u017e\u010fovan\u00fdch prostredn\u00edctvom Internetov\u00e9ho obchodu je PASLAND Stanis\u0142aw Paszcza, zap\u00edsan\u00fd do Centr\u00e1lneho registra a inform\u00e1ci\u00ed o hospod\u00e1rskej \u010dinnosti Po\u013eskej republiky veden\u00e9ho ministrom zodpovedn\u00fdm za hospod\u00e1rstvo, s: adresou miesta podnikania a adresou doru\u010dovania : ul. Warszawska 93. 05-092 \u0141omianki, NIP 6761007875, e-mailov\u00e1 adresa: pasland@pasland.pl - \u010falej len \u201e<em><strong>spr\u00e1vca<\/strong><\/em>\u201c a z\u00e1rove\u0148 je poskytovate\u013eom slu\u017eieb internetov\u00e9ho obchodu aj pred\u00e1vaj\u00facim.<\/p>\n\n\n\n<p>1.3. Osobn\u00e9 \u00fadaje Pr\u00edjemcu slu\u017eby a Z\u00e1kazn\u00edka s\u00fa sprac\u00favan\u00e9 v s\u00falade so z\u00e1konom o ochrane osobn\u00fdch \u00fadajov z 29. augusta 1997 (Zb. z. 1997, \u010d. 133, pol. 883 v znen\u00ed neskor\u0161\u00edch predpisov) (\u010falej len \u201eOchrana osobn\u00fdch \u00fadajov\u201c) z\u00e1kona) a z\u00e1kona o poskytovan\u00ed slu\u017eieb elektronick\u00fdmi prostriedkami z 18. j\u00fala 2002 (Zb. z. 2002, \u010d. 144, polo\u017eka 1204 v znen\u00ed neskor\u0161\u00edch predpisov).<\/p>\n\n\n\n<p>1.4. Spr\u00e1vca venuje osobitn\u00fa pozornos\u0165 ochrane z\u00e1ujmov dotknut\u00fdch os\u00f4b a najm\u00e4 db\u00e1 na to, aby n\u00edm zhroma\u017eden\u00e9 \u00fadaje boli spracovan\u00e9 v s\u00falade so z\u00e1konom; zhroma\u017eden\u00e9 na \u0161pecifikovan\u00e9 z\u00e1konn\u00e9 \u00fa\u010dely a nepodliehaj\u00fa \u010fal\u0161iemu spracovaniu nezlu\u010dite\u013en\u00e9mu s t\u00fdmito \u00fa\u010delmi; vecne spr\u00e1vne a primeran\u00e9 vo vz\u0165ahu k \u00fa\u010delom, na ktor\u00e9 sa sprac\u00favaj\u00fa a uchov\u00e1vaj\u00fa vo forme umo\u017e\u0148uj\u00facej identifik\u00e1ciu dotknut\u00fdch os\u00f4b nie dlh\u0161ie, ako je potrebn\u00e9 na dosiahnutie \u00fa\u010delu sprac\u00favania.<\/p>\n\n\n\n<p>1.5. V\u0161etky slov\u00e1, v\u00fdrazy a skratky, ktor\u00e9 sa vyskytuj\u00fa na tejto webovej str\u00e1nke a za\u010d\u00ednaj\u00fa ve\u013ek\u00fdm p\u00edsmenom (napr. Predajca, Internetov\u00fd obchod, Elektronick\u00e1 slu\u017eba), by sa mali ch\u00e1pa\u0165 v s\u00falade s ich defin\u00edciou obsiahnutou v Pravidl\u00e1ch internetov\u00e9ho obchodu, ktor\u00e9 s\u00fa dostupn\u00e9 na webovej str\u00e1nke Internetov\u00e9ho obchodu.<\/p>\n\n\n\n<p><strong>2. \u00da\u010cEL A ROZSAH ZBERU \u00daDAJOV<\/strong><\/p>\n\n\n\n<p>2.1. Zaka\u017ed\u00fdm, \u00fa\u010del, rozsah a pr\u00edjemcovia \u00fadajov sprac\u00favan\u00fdch Spr\u00e1vcom vypl\u00fdvaj\u00fa z akci\u00ed, ktor\u00e9 vykonal Pr\u00edjemca slu\u017eby alebo Z\u00e1kazn\u00edk v Internetovom obchode. Napr\u00edklad, ak si z\u00e1kazn\u00edk pri zad\u00e1van\u00ed objedn\u00e1vky zvol\u00ed osobn\u00fd odber namiesto kuri\u00e9rskej z\u00e1sielky, jeho osobn\u00e9 \u00fadaje bud\u00fa spracovan\u00e9 za \u00fa\u010delom uzatvorenia a realiz\u00e1cie k\u00fapnej zmluvy, ale u\u017e nebud\u00fa spr\u00edstupnen\u00e9 prepravcovi z\u00e1sielku v mene Spr\u00e1vcu.<\/p>\n\n\n\n<p>2.2. Mo\u017en\u00e9 \u00fa\u010dely zhroma\u017e\u010fovania osobn\u00fdch \u00fadajov Pr\u00edjemcov slu\u017eieb alebo Z\u00e1kazn\u00edkov Spr\u00e1vcom:<\/p>\n\n\n\n<p>2.2.1. uzatvorenie a realiz\u00e1cia K\u00fapnej zmluvy alebo zmluvy o poskytovan\u00ed Elektronick\u00fdch slu\u017eieb (napr. \u00da\u010det).<\/p>\n\n\n\n<p>2.2.2. priamy marketing vlastn\u00fdch produktov alebo slu\u017eieb Spr\u00e1vcu.<\/p>\n\n\n\n<p>2.3. Mo\u017en\u00ed pr\u00edjemcovia osobn\u00fdch \u00fadajov z\u00e1kazn\u00edkov internetov\u00e9ho obchodu:<\/p>\n\n\n\n<p>2.3.1. V pr\u00edpade Z\u00e1kazn\u00edka, ktor\u00fd v Internetovom obchode vyu\u017e\u00edva elektronick\u00fa platbu alebo platbu platobnou kartou, Spr\u00e1vca poskytuje zhroma\u017eden\u00e9 osobn\u00e9 \u00fadaje Z\u00e1kazn\u00edka vybran\u00e9mu subjektu vybavuj\u00facemu vy\u0161\u0161ie uveden\u00e9 platby v Internetovom obchode.<\/p>\n\n\n\n<p>2.4. Spr\u00e1vca m\u00f4\u017ee sprac\u00fava\u0165 nasledovn\u00e9 osobn\u00e9 \u00fadaje Pr\u00edjemcov slu\u017eieb alebo Z\u00e1kazn\u00edkov vyu\u017e\u00edvaj\u00facich Internetov\u00fd obchod: meno a priezvisko; emailov\u00e1 adresa.<\/p>\n\n\n\n<p>2.5. Poskytnutie osobn\u00fdch \u00fadajov uveden\u00fdch v bode vy\u0161\u0161ie m\u00f4\u017ee by\u0165 nevyhnutn\u00e9 na uzavretie a realiz\u00e1ciu K\u00fapnej zmluvy alebo zmluvy o poskytovan\u00ed Elektronick\u00fdch slu\u017eieb v Internetovom obchode. Rozsah \u00fadajov potrebn\u00fdch na uzavretie zmluvy je v\u017edy vopred uveden\u00fd na webovej str\u00e1nke internetov\u00e9ho obchodu a v pravidl\u00e1ch internetov\u00e9ho obchodu.<\/p>\n\n\n\n<p><strong>3. COOKIES A PREV\u00c1DZKOV\u00c9 \u00daDAJE<\/strong><\/p>\n\n\n\n<p>3.1. Cookies s\u00fa mal\u00e9 textov\u00e9 inform\u00e1cie vo forme textov\u00fdch s\u00faborov, odosielan\u00e9 serverom a ulo\u017een\u00e9 na strane osoby nav\u0161tevuj\u00facej webov\u00fa str\u00e1nku internetov\u00e9ho obchodu (napr\u00edklad na pevnom disku po\u010d\u00edta\u010da, notebooku alebo na pam\u00e4\u0165ovej karte smartf\u00f3nu \u2013 v z\u00e1vislosti od na pou\u017e\u00edvanom zariaden\u00ed). Podrobn\u00e9 inform\u00e1cie o s\u00faboroch cookie, ako aj o hist\u00f3rii ich vytv\u00e1rania n\u00e1jdete okrem in\u00e9ho na: tu:&nbsp;<a href=\"http:\/\/pl.wikipedia.org\/wiki\/Ciasteczko.\">http:\/\/pl.wikipedia.org\/wiki\/Ciasteczko.<\/a><\/p>\n\n\n\n<p>3.2. Spr\u00e1vca m\u00f4\u017ee spracov\u00e1va\u0165 \u00fadaje obsiahnut\u00e9 v s\u00faboroch cookie, ke\u010f n\u00e1v\u0161tevn\u00edci pou\u017e\u00edvaj\u00fa webov\u00fa str\u00e1nku internetov\u00e9ho obchodu na nasleduj\u00face \u00fa\u010dely:<\/p>\n\n\n\n<p>3.2.1. identifik\u00e1cia pou\u017e\u00edvate\u013eov slu\u017eby ako prihl\u00e1sen\u00fdch do internetov\u00e9ho obchodu a preuk\u00e1zanie, \u017ee s\u00fa prihl\u00e1sen\u00ed;<\/p>\n\n\n\n<p>3.2.2. zapam\u00e4tanie produktov pridan\u00fdch do ko\u0161\u00edka za \u00fa\u010delom zadania objedn\u00e1vky;<\/p>\n\n\n\n<p>3.2.3. zapam\u00e4tanie si \u00fadajov z vyplnen\u00fdch Objedn\u00e1vkov\u00fdch formul\u00e1rov, prieskumov alebo prihlasovac\u00edch \u00fadajov do Internetov\u00e9ho obchodu;<\/p>\n\n\n\n<p>3.2.4. prisp\u00f4sobenie obsahu webovej str\u00e1nky Internetov\u00e9ho obchodu individu\u00e1lnym preferenci\u00e1m Pou\u017e\u00edvate\u013ea Slu\u017eby (napr. pokia\u013e ide o farby, ve\u013ekos\u0165 p\u00edsma, rozlo\u017eenie str\u00e1nky) a optimaliz\u00e1ciu pou\u017e\u00edvania str\u00e1nok Internetov\u00e9ho obchodu;<\/p>\n\n\n\n<p>3.2.5. vedenie anonymn\u00fdch \u0161tatist\u00edk, ktor\u00e9 ukazuj\u00fa, ako sa pou\u017e\u00edva webov\u00e1 str\u00e1nka internetov\u00e9ho obchodu v administra\u010dnom paneli a Google Analytics<\/p>\n\n\n\n<p>3.2.6. vytv\u00e1ranie remarketingov\u00fdch zoznamov na z\u00e1klade inform\u00e1ci\u00ed o spr\u00e1van\u00ed, z\u00e1ujmoch a demografick\u00fdch \u00fadajoch a n\u00e1sledn\u00e9 zdie\u013eanie t\u00fdchto zoznamov v AdWords a Facebook Ads.<\/p>\n\n\n\n<p>3.2.7. pomocou demografick\u00fdch \u00fadajov a \u00fadajov o z\u00e1ujmoch v preh\u013eadoch slu\u017eby Analytics.<\/p>\n\n\n\n<p>3.2.8. vytv\u00e1ranie segmentov na z\u00e1klade demografick\u00fdch a z\u00e1ujmov\u00fdch \u00fadajov.<\/p>\n\n\n\n<p>3.3. V\u00e4\u010d\u0161ina webov\u00fdch prehliada\u010dov dostupn\u00fdch na trhu \u0161tandardne prij\u00edma s\u00fabory cookie. Ka\u017ed\u00fd si m\u00f4\u017ee definova\u0165 podmienky pou\u017e\u00edvania cookies pomocou nastavenia vlastn\u00e9ho webov\u00e9ho prehliada\u010da. To znamen\u00e1, \u017ee m\u00f4\u017eete napr\u00edklad \u010diasto\u010dne obmedzi\u0165 (napr. do\u010dasne) alebo \u00faplne zak\u00e1za\u0165 mo\u017enos\u0165 ukladania cookies \u2013 v druhom pr\u00edpade to v\u0161ak m\u00f4\u017ee ovplyvni\u0165 niektor\u00e9 funkcionality Internetov\u00e9ho obchodu (napr. m\u00f4\u017ee by\u0165 nemo\u017en\u00e9 dokon\u010di\u0165 cesta k objedn\u00e1vke prostredn\u00edctvom objedn\u00e1vkov\u00e9ho formul\u00e1ra z d\u00f4vodu nepam\u00e4tania si produktov v ko\u0161\u00edku po\u010das nasleduj\u00facich krokov zad\u00e1vania objedn\u00e1vky).<\/p>\n\n\n\n<p>3.4. Nastavenia internetov\u00e9ho prehliada\u010da oh\u013eadom Cookies s\u00fa d\u00f4le\u017eit\u00e9 z poh\u013eadu s\u00fahlasu s pou\u017e\u00edvan\u00edm Cookies na\u0161im Internetov\u00fdm obchodom \u2013 v s\u00falade s predpismi m\u00f4\u017ee by\u0165 tak\u00fdto s\u00fahlas vyjadren\u00fd aj cez nastavenia internetov\u00e9ho prehliada\u010da. Ak tak\u00fdto s\u00fahlas neudel\u00edte, mali by ste zodpovedaj\u00facim sp\u00f4sobom zmeni\u0165 nastavenia svojho webov\u00e9ho prehliada\u010da t\u00fdkaj\u00face sa s\u00faborov cookie.<\/p>\n\n\n\n<p>3.5. Sp\u00f4soby deaktiv\u00e1cie:<\/p>\n\n\n\n<p>3.5.1. Podrobn\u00e9 inform\u00e1cie o zmene nastaven\u00ed s\u00faborov cookie a ich vlastnom odstr\u00e1nen\u00ed v najpopul\u00e1rnej\u0161\u00edch webov\u00fdch prehliada\u010doch s\u00fa k dispoz\u00edcii v \u010dasti pomocn\u00edka prehliada\u010da a na nasleduj\u00facich webov\u00fdch str\u00e1nkach (sta\u010d\u00ed klikn\u00fa\u0165 na odkaz):<\/p>\n\n\n\n<p>\n&#8211;&nbsp;<a href=\"http:\/\/support.google.com\/chrome\/bin\/answer.py?hl=pl&amp;answer=95647\">v prehliada\u010di Chrome<\/a><\/p>\n\n\n\n<p>\n&#8211;&nbsp;<a href=\"https:\/\/support.mozilla.org\/pl\/kb\/W\u0142\u0105czanie%20i%20wy\u0142\u0105czanie%20obs\u0142ugi%20ciasteczek\">v prehliada\u010di Mozilla Firefox<\/a><\/p>\n\n\n\n<p>\n&#8211;&nbsp;<a href=\"http:\/\/windows.microsoft.com\/pl-pl\/windows7\/block-enable-or-allow-cookies\">v programe Internet Explorer<\/a><\/p>\n\n\n\n<p>\n&#8211;&nbsp;<a href=\"http:\/\/help.opera.com\/Windows\/12.10\/pl\/cookies.html\">v prehliada\u010di Opera<\/a><\/p>\n\n\n\n<p>\n&#8211;&nbsp;<a href=\"http:\/\/support.apple.com\/kb\/PH5042\">v prehliada\u010di Safari<\/a><\/p>\n\n\n\n<p>3.5.2. Ak chcete zablokova\u0165 odosielanie inform\u00e1ci\u00ed do slu\u017eby Google Analytics, m\u00f4\u017eete pou\u017ei\u0165 doplnok prehliada\u010da, ktor\u00fd blokuje slu\u017ebu Google Analytics na tejto adrese:&nbsp;<a href=\"https:\/\/tools.google.com\/dlpage\/gaoptout\/\">https:\/\/tools.google.com\/dlpage\/gaoptout\/<\/a><\/p>\n\n\n\n<p>3.6. Spr\u00e1vca sprac\u00fava aj anonymizovan\u00e9 prev\u00e1dzkov\u00e9 \u00fadaje s\u00favisiace s vyu\u017e\u00edvan\u00edm Internetov\u00e9ho obchodu (tzv. logy - IP adresa, dom\u00e9na) za \u00fa\u010delom generovania \u0161tatist\u00edk n\u00e1pomocn\u00fdch pri spr\u00e1ve Internetov\u00e9ho obchodu. Tieto \u00fadaje s\u00fa s\u00fahrnn\u00e9 a anonymn\u00e9, t. j. neobsahuj\u00fa funkcie identifikuj\u00face osoby nav\u0161tevuj\u00face webov\u00fa str\u00e1nku internetov\u00e9ho obchodu. Protokoly nie s\u00fa poskytovan\u00e9 tret\u00edm stran\u00e1m.<\/p>\n\n\n\n<p><strong>4. Z\u00c1KLAD PRE SPRACOVANIE \u00daDAJOV<\/strong><\/p>\n\n\n\n<p>4.1. Poskytnutie osobn\u00fdch \u00fadajov Pr\u00edjemcom slu\u017eby alebo Z\u00e1kazn\u00edkom je dobrovo\u013en\u00e9, aj ke\u010f neposkytnutie osobn\u00fdch \u00fadajov uveden\u00fdch na webovej str\u00e1nke internetov\u00e9ho obchodu a v pravidl\u00e1ch internetov\u00e9ho obchodu potrebn\u00fdch na uzavretie a implement\u00e1ciu k\u00fapnej zmluvy alebo zmluvy o poskytovan\u00ed elektronick\u00fdch slu\u017eieb m\u00e1 za n\u00e1sledok nemo\u017enos\u0165 uzavrie\u0165 t\u00fato dohodu.<\/p>\n\n\n\n<p>4.2. Z\u00e1kladom sprac\u00favania osobn\u00fdch \u00fadajov Pr\u00edjemcu slu\u017eby alebo Z\u00e1kazn\u00edka je potreba splni\u0165 zmluvu, ktorej je zmluvnou stranou, alebo vykona\u0165 opatrenie na jeho \u017eiados\u0165 pred jej uzavret\u00edm. V pr\u00edpade sprac\u00favania \u00fadajov za \u00fa\u010delom priameho marketingu vlastn\u00fdch produktov alebo slu\u017eieb Spr\u00e1vcu je z\u00e1kladom tak\u00e9hoto sprac\u00favania (1) predch\u00e1dzaj\u00faci s\u00fahlas Pr\u00edjemcu slu\u017eby alebo Z\u00e1kazn\u00edka alebo (2) splnenie z\u00e1konom od\u00f4vodnen\u00fdch \u00fa\u010delov sledovan\u00fdch Prev\u00e1dzkovate\u013eom. Spr\u00e1vca (v s\u00falade s 23 ods. 4 z\u00e1kona o ochrane osobn\u00fdch \u00fadajov sa za z\u00e1konom od\u00f4vodnen\u00fd \u00fa\u010del pova\u017euje najm\u00e4 priamy marketing vlastn\u00fdch produktov alebo slu\u017eieb Spr\u00e1vcu).<\/p>\n\n\n\n<p><strong>5. PR\u00c1VO NA KONTROLU, PR\u00cdSTUP A OPRAVU VA\u0160ICH \u00daDAJOV<\/strong><\/p>\n\n\n\n<p>5.1. Pr\u00edjemca slu\u017eby alebo z\u00e1kazn\u00edk m\u00e1 pr\u00e1vo na pr\u00edstup a opravu svojich osobn\u00fdch \u00fadajov.<\/p>\n\n\n\n<p>5.2. Ka\u017ed\u00e1 osoba m\u00e1 pr\u00e1vo na kontrolu sprac\u00favania \u00fadajov, ktor\u00e9 sa jej t\u00fdkaj\u00fa a ktor\u00e9 s\u00fa obsiahnut\u00e9 v d\u00e1tovom s\u00fabore Spr\u00e1vcu, a to najm\u00e4 pr\u00e1vo: po\u017eadova\u0165 doplnenie, aktualiz\u00e1ciu, opravu osobn\u00fdch \u00fadajov, do\u010dasn\u00e9 alebo trval\u00e9 pozastavenie ich sprac\u00favania alebo ich vymazanie, ak s\u00fa ne\u00fapln\u00e9, neaktu\u00e1lne, nepravdiv\u00e9 alebo boli zhroma\u017eden\u00e9 v rozpore so z\u00e1konom alebo u\u017e nie s\u00fa potrebn\u00e9 na dosiahnutie \u00fa\u010delu, na ktor\u00fd boli zhroma\u017eden\u00e9.<\/p>\n\n\n\n<p>5.3. Ak Pr\u00edjemca slu\u017eby alebo Z\u00e1kazn\u00edk s\u00fahlas\u00ed so spracovan\u00edm \u00fadajov na \u00fa\u010dely priameho marketingu vlastn\u00fdch produktov alebo slu\u017eieb Spr\u00e1vcu, m\u00f4\u017ee by\u0165 s\u00fahlas kedyko\u013evek odvolan\u00fd.<\/p>\n\n\n\n<p>5.4. Ak m\u00e1 Spr\u00e1vca v \u00famysle sprac\u00fava\u0165 alebo sprac\u00fava\u0165 \u00fadaje Pr\u00edjemcu slu\u017eby alebo Z\u00e1kazn\u00edka za \u00fa\u010delom priameho marketingu vlastn\u00fdch produktov alebo slu\u017eieb Spr\u00e1vcu, m\u00e1 dotknut\u00e1 osoba tie\u017e pr\u00e1vo (1) poda\u0165 p\u00edsomn\u00fa, od\u00f4vodnen\u00fa \u017eiados\u0165 o zastavenie sprac\u00favania jej \u00fadajov z d\u00f4vodu jej osobitnej situ\u00e1cie alebo (2) namieta\u0165 proti sprac\u00favaniu jej \u00fadajov.<\/p>\n\n\n\n<p>5.5. Za \u00fa\u010delom uplatnenia vy\u0161\u0161ie uveden\u00fdch pr\u00e1v m\u00f4\u017eete kontaktova\u0165 spr\u00e1vcu zaslan\u00edm pr\u00edslu\u0161nej spr\u00e1vy p\u00edsomne alebo e-mailom na adresu spr\u00e1vcu uveden\u00fa na za\u010diatku t\u00fdchto z\u00e1sad ochrany osobn\u00fdch \u00fadajov.<\/p>\n\n\n\n<p><strong>6. Z\u00c1VERE\u010cN\u00c9 USTANOVENIA<\/strong><\/p>\n\n\n\n<p>6.1. Internetov\u00fd obchod m\u00f4\u017ee obsahova\u0165 odkazy na in\u00e9 webov\u00e9 str\u00e1nky. Spr\u00e1vca v\u00e1m odpor\u00fa\u010da, aby ste si po n\u00e1v\u0161teve in\u00fdch webov\u00fdch str\u00e1nok pre\u010d\u00edtali z\u00e1sady ochrany osobn\u00fdch \u00fadajov, ktor\u00e9 s\u00fa tam uveden\u00e9. Tieto z\u00e1sady ochrany osobn\u00fdch \u00fadajov sa vz\u0165ahuj\u00fa iba na tento internetov\u00fd obchod.<\/p>\n\n\n\n<p>6.2. Spr\u00e1vca uplat\u0148uje technick\u00e9 a organiza\u010dn\u00e9 opatrenia na zabezpe\u010denie ochrany sprac\u00favan\u00fdch osobn\u00fdch \u00fadajov primeran\u00fdch hrozb\u00e1m a kateg\u00f3ri\u00e1m chr\u00e1nen\u00fdch \u00fadajov, a to najm\u00e4 chr\u00e1ni \u00fadaje pred spr\u00edstupnen\u00edm neopr\u00e1vnen\u00fdm osob\u00e1m, odstr\u00e1nen\u00edm neopr\u00e1vnenou osobou, sprac\u00favan\u00edm v rozpore s platn\u00fdmi predpismi a zmena, strata, po\u0161kodenie alebo zni\u010denie.<\/p>\n\n\n\n<p>6.3. Spr\u00e1vca vhodn\u00fdm sp\u00f4sobom zabezpe\u010duje nasleduj\u00face technick\u00e9 opatrenia, aby neopr\u00e1vnen\u00e9 osoby nemohli z\u00edskava\u0165 a upravova\u0165 osobn\u00e9 \u00fadaje zasielan\u00e9 elektronicky:<\/p>\n\n\n\n<p>6.3.1. Zabezpe\u010denie s\u00faboru \u00fadajov proti neopr\u00e1vnen\u00e9mu pr\u00edstupu.<\/p>\n\n\n\n<p>6.3.2. Pr\u00edstup k \u00da\u010dtu len po zadan\u00ed individu\u00e1lneho prihlasovacieho mena a hesla.<\/p>","protected":false},"excerpt":{"rendered":"<p>Kim jeste\u015bmy Adres naszej strony internetowej to: http:\/\/www.oio.pl. PASLAND Stanis\u0142aw Paszcza05-135 Wieliszew, ul. Modli\u0144ska 140\/5NIP: 6761007875 1. POSTANOWIENIA OG\u00d3LNE 1.1. Niniejsza polityka prywatno\u015bci Sklepu Internetowego ma charakter informacyjny, co oznacza \u017ce nie jest ona \u017ar\u00f3d\u0142em obowi\u0105zk\u00f3w dla Us\u0142ugobiorc\u00f3w lub Klient\u00f3w Sklepu Internetowego. Przedstawiona oferta cenowa ma charakter informacyjny, nie stanowi oferty handlowej w rozumieniu Art.66 [&hellip;]<\/p>\n","protected":false},"author":1,"featured_media":0,"parent":0,"menu_order":0,"comment_status":"closed","ping_status":"open","template":"","meta":{"footnotes":""},"class_list":["post-3","page","type-page","status-publish","czr-hentry"],"yoast_head":"<!-- This site is optimized with the Yoast SEO plugin v27.4 - https:\/\/yoast.com\/product\/yoast-seo-wordpress\/ -->\n<title>Polityka prywatno\u015bci sklepu www.oio.pl - Mini PC, Komputery, Laptopy, Translatory<\/title>\n<meta name=\"robots\" content=\"index, follow, max-snippet:-1, max-image-preview:large, max-video-preview:-1\" \/>\n<link rel=\"canonical\" href=\"https:\/\/www.oio.pl\/sk\/zasady-ochrany-osobnych-udajov\/\" \/>\n<meta property=\"og:locale\" content=\"sk_SK\" \/>\n<meta property=\"og:type\" content=\"article\" \/>\n<meta property=\"og:title\" content=\"Polityka prywatno\u015bci sklepu www.oio.pl - Mini PC, Komputery, Laptopy, Translatory\" \/>\n<meta property=\"og:description\" content=\"Kim jeste\u015bmy Adres naszej strony internetowej to: http:\/\/www.oio.pl. PASLAND Stanis\u0142aw Paszcza05-135 Wieliszew, ul. Modli\u0144ska 140\/5NIP: 6761007875 1. POSTANOWIENIA OG\u00d3LNE 1.1. Niniejsza polityka prywatno\u015bci Sklepu Internetowego ma charakter informacyjny, co oznacza \u017ce nie jest ona \u017ar\u00f3d\u0142em obowi\u0105zk\u00f3w dla Us\u0142ugobiorc\u00f3w lub Klient\u00f3w Sklepu Internetowego. Przedstawiona oferta cenowa ma charakter informacyjny, nie stanowi oferty handlowej w rozumieniu Art.66 [&hellip;]\" \/>\n<meta property=\"og:url\" content=\"https:\/\/www.oio.pl\/sk\/zasady-ochrany-osobnych-udajov\/\" \/>\n<meta property=\"og:site_name\" content=\"Mini PC, Komputery, Laptopy, Translatory\" \/>\n<meta property=\"article:publisher\" content=\"https:\/\/www.facebook.com\/oiopl\" \/>\n<meta property=\"article:modified_time\" content=\"2025-12-10T11:50:39+00:00\" \/>\n<meta name=\"twitter:card\" content=\"summary_large_image\" \/>\n<meta name=\"twitter:label1\" content=\"Predpokladan\u00fd \u010das \u010d\u00edtania\" \/>\n\t<meta name=\"twitter:data1\" content=\"7 min\u00fat\" \/>\n<script type=\"application\/ld+json\" class=\"yoast-schema-graph\">{\"@context\":\"https:\\\/\\\/schema.org\",\"@graph\":[{\"@type\":\"WebPage\",\"@id\":\"https:\\\/\\\/www.oio.pl\\\/polityka-prywatnosci\\\/\",\"url\":\"https:\\\/\\\/www.oio.pl\\\/polityka-prywatnosci\\\/\",\"name\":\"Polityka prywatno\u015bci sklepu www.oio.pl - Mini PC, Komputery, Laptopy, Translatory\",\"isPartOf\":{\"@id\":\"https:\\\/\\\/www.oio.pl\\\/#website\"},\"datePublished\":\"2019-06-11T09:58:05+00:00\",\"dateModified\":\"2025-12-10T11:50:39+00:00\",\"breadcrumb\":{\"@id\":\"https:\\\/\\\/www.oio.pl\\\/polityka-prywatnosci\\\/#breadcrumb\"},\"inLanguage\":\"sk-SK\",\"potentialAction\":[{\"@type\":\"ReadAction\",\"target\":[\"https:\\\/\\\/www.oio.pl\\\/polityka-prywatnosci\\\/\"]}]},{\"@type\":\"BreadcrumbList\",\"@id\":\"https:\\\/\\\/www.oio.pl\\\/polityka-prywatnosci\\\/#breadcrumb\",\"itemListElement\":[{\"@type\":\"ListItem\",\"position\":1,\"name\":\"Strona g\u0142\u00f3wna\",\"item\":\"https:\\\/\\\/www.oio.pl\\\/\"},{\"@type\":\"ListItem\",\"position\":2,\"name\":\"Polityka prywatno\u015bci sklepu www.oio.pl\"}]},{\"@type\":\"WebSite\",\"@id\":\"https:\\\/\\\/www.oio.pl\\\/#website\",\"url\":\"https:\\\/\\\/www.oio.pl\\\/\",\"name\":\"OIO.pl \u2013 Tablety przemys\u0142owe, sprz\u0119t IT dla przemys\u0142u i logistyki\",\"description\":\"tablety przemys\u0142owe, rugged tablet, komputer przemys\u0142owy, tablet wytrzyma\u0142y, sprz\u0119t dla przemys\u0142u, tablet z Windows, tablet IP67, laptop dla magazynu, elektronika przemys\u0142owa, komputery przemys\u0142owe, oio.pl, sprz\u0119t dla logistyki, tablet do pracy w terenie, monitor dotykowy przemys\u0142owy\",\"publisher\":{\"@id\":\"https:\\\/\\\/www.oio.pl\\\/#organization\"},\"alternateName\":\"Sklep internetowy dla przemys\u0142u\",\"potentialAction\":[{\"@type\":\"SearchAction\",\"target\":{\"@type\":\"EntryPoint\",\"urlTemplate\":\"https:\\\/\\\/www.oio.pl\\\/?s={search_term_string}\"},\"query-input\":{\"@type\":\"PropertyValueSpecification\",\"valueRequired\":true,\"valueName\":\"search_term_string\"}}],\"inLanguage\":\"sk-SK\"},{\"@type\":\"Organization\",\"@id\":\"https:\\\/\\\/www.oio.pl\\\/#organization\",\"name\":\"OIO\",\"alternateName\":\"Sprz\u0119t komputerowy\",\"url\":\"https:\\\/\\\/www.oio.pl\\\/\",\"logo\":{\"@type\":\"ImageObject\",\"inLanguage\":\"sk-SK\",\"@id\":\"https:\\\/\\\/www.oio.pl\\\/#\\\/schema\\\/logo\\\/image\\\/\",\"url\":\"https:\\\/\\\/www.oio.pl\\\/wp-content\\\/uploads\\\/2023\\\/11\\\/cropped-cropped-oio_120x120.jpg\",\"contentUrl\":\"https:\\\/\\\/www.oio.pl\\\/wp-content\\\/uploads\\\/2023\\\/11\\\/cropped-cropped-oio_120x120.jpg\",\"width\":120,\"height\":48,\"caption\":\"OIO\"},\"image\":{\"@id\":\"https:\\\/\\\/www.oio.pl\\\/#\\\/schema\\\/logo\\\/image\\\/\"},\"sameAs\":[\"https:\\\/\\\/www.facebook.com\\\/oiopl\"]}]}<\/script>\n<!-- \/ Yoast SEO plugin. -->","yoast_head_json":{"title":"Z\u00e1sady ochrany osobn\u00fdch \u00fadajov obchodu www.oio.pl - Mini PC, Po\u010d\u00edta\u010de, Notebooky, Preklada\u010de","robots":{"index":"index","follow":"follow","max-snippet":"max-snippet:-1","max-image-preview":"max-image-preview:large","max-video-preview":"max-video-preview:-1"},"canonical":"https:\/\/www.oio.pl\/sk\/zasady-ochrany-osobnych-udajov\/","og_locale":"sk_SK","og_type":"article","og_title":"Polityka prywatno\u015bci sklepu www.oio.pl - Mini PC, Komputery, Laptopy, Translatory","og_description":"Kim jeste\u015bmy Adres naszej strony internetowej to: http:\/\/www.oio.pl. PASLAND Stanis\u0142aw Paszcza05-135 Wieliszew, ul. Modli\u0144ska 140\/5NIP: 6761007875 1. POSTANOWIENIA OG\u00d3LNE 1.1. Niniejsza polityka prywatno\u015bci Sklepu Internetowego ma charakter informacyjny, co oznacza \u017ce nie jest ona \u017ar\u00f3d\u0142em obowi\u0105zk\u00f3w dla Us\u0142ugobiorc\u00f3w lub Klient\u00f3w Sklepu Internetowego. Przedstawiona oferta cenowa ma charakter informacyjny, nie stanowi oferty handlowej w rozumieniu Art.66 [&hellip;]","og_url":"https:\/\/www.oio.pl\/sk\/zasady-ochrany-osobnych-udajov\/","og_site_name":"Mini PC, Komputery, Laptopy, Translatory","article_publisher":"https:\/\/www.facebook.com\/oiopl","article_modified_time":"2025-12-10T11:50:39+00:00","twitter_card":"summary_large_image","twitter_misc":{"Predpokladan\u00fd \u010das \u010d\u00edtania":"7 min\u00fat"},"schema":{"@context":"https:\/\/schema.org","@graph":[{"@type":"WebPage","@id":"https:\/\/www.oio.pl\/polityka-prywatnosci\/","url":"https:\/\/www.oio.pl\/polityka-prywatnosci\/","name":"Z\u00e1sady ochrany osobn\u00fdch \u00fadajov obchodu www.oio.pl - Mini PC, Po\u010d\u00edta\u010de, Notebooky, Preklada\u010de","isPartOf":{"@id":"https:\/\/www.oio.pl\/#website"},"datePublished":"2019-06-11T09:58:05+00:00","dateModified":"2025-12-10T11:50:39+00:00","breadcrumb":{"@id":"https:\/\/www.oio.pl\/polityka-prywatnosci\/#breadcrumb"},"inLanguage":"sk-SK","potentialAction":[{"@type":"ReadAction","target":["https:\/\/www.oio.pl\/polityka-prywatnosci\/"]}]},{"@type":"BreadcrumbList","@id":"https:\/\/www.oio.pl\/polityka-prywatnosci\/#breadcrumb","itemListElement":[{"@type":"ListItem","position":1,"name":"Strona g\u0142\u00f3wna","item":"https:\/\/www.oio.pl\/"},{"@type":"ListItem","position":2,"name":"Polityka prywatno\u015bci sklepu www.oio.pl"}]},{"@type":"WebSite","@id":"https:\/\/www.oio.pl\/#website","url":"https:\/\/www.oio.pl\/","name":"OIO.pl \u2013 Priemyseln\u00e9 tablety, IT vybavenie pre priemysel a logistiku","description":"priemyseln\u00e9 tablety, robustn\u00fd tablet, priemyseln\u00fd po\u010d\u00edta\u010d, odoln\u00fd tablet, vybavenie pre priemysel, tablet s Windowsom, tablet s IP67, skladov\u00fd notebook, priemyseln\u00e1 elektronika, priemyseln\u00e9 po\u010d\u00edta\u010de, oio.pl, logistick\u00e9 vybavenie, tablet pre pr\u00e1cu v ter\u00e9ne, priemyseln\u00fd dotykov\u00fd monitor","publisher":{"@id":"https:\/\/www.oio.pl\/#organization"},"alternateName":"Sklep internetowy dla przemys\u0142u","potentialAction":[{"@type":"SearchAction","target":{"@type":"EntryPoint","urlTemplate":"https:\/\/www.oio.pl\/?s={search_term_string}"},"query-input":{"@type":"PropertyValueSpecification","valueRequired":true,"valueName":"search_term_string"}}],"inLanguage":"sk-SK"},{"@type":"Organization","@id":"https:\/\/www.oio.pl\/#organization","name":"OIO","alternateName":"Sprz\u0119t komputerowy","url":"https:\/\/www.oio.pl\/","logo":{"@type":"ImageObject","inLanguage":"sk-SK","@id":"https:\/\/www.oio.pl\/#\/schema\/logo\/image\/","url":"https:\/\/www.oio.pl\/wp-content\/uploads\/2023\/11\/cropped-cropped-oio_120x120.jpg","contentUrl":"https:\/\/www.oio.pl\/wp-content\/uploads\/2023\/11\/cropped-cropped-oio_120x120.jpg","width":120,"height":48,"caption":"OIO"},"image":{"@id":"https:\/\/www.oio.pl\/#\/schema\/logo\/image\/"},"sameAs":["https:\/\/www.facebook.com\/oiopl"]}]}},"_links":{"self":[{"href":"https:\/\/www.oio.pl\/sk\/wp-json\/wp\/v2\/pages\/3","targetHints":{"allow":["GET"]}}],"collection":[{"href":"https:\/\/www.oio.pl\/sk\/wp-json\/wp\/v2\/pages"}],"about":[{"href":"https:\/\/www.oio.pl\/sk\/wp-json\/wp\/v2\/types\/page"}],"author":[{"embeddable":true,"href":"https:\/\/www.oio.pl\/sk\/wp-json\/wp\/v2\/users\/1"}],"replies":[{"embeddable":true,"href":"https:\/\/www.oio.pl\/sk\/wp-json\/wp\/v2\/comments?post=3"}],"version-history":[{"count":3,"href":"https:\/\/www.oio.pl\/sk\/wp-json\/wp\/v2\/pages\/3\/revisions"}],"predecessor-version":[{"id":5058,"href":"https:\/\/www.oio.pl\/sk\/wp-json\/wp\/v2\/pages\/3\/revisions\/5058"}],"wp:attachment":[{"href":"https:\/\/www.oio.pl\/sk\/wp-json\/wp\/v2\/media?parent=3"}],"curies":[{"name":"wp","href":"https:\/\/api.w.org\/{rel}","templated":true}]}}