{"id":668,"date":"2019-07-08T06:40:57","date_gmt":"2019-07-08T04:40:57","guid":{"rendered":"http:\/\/www.oio.pl\/?page_id=668"},"modified":"2021-11-12T15:03:25","modified_gmt":"2021-11-12T14:03:25","slug":"%d1%87%d0%b0%d1%81-%d0%b4%d0%be%d1%81%d1%82%d0%b0%d0%b2%d0%ba%d0%b8-%d1%82%d0%b0-%d0%b2%d0%b0%d1%80%d1%82%d1%96%d1%81%d1%82%d1%8c","status":"publish","type":"page","link":"https:\/\/www.oio.pl\/uk\/czas-i-koszty-dostawy\/","title":{"rendered":"\u0422\u0435\u0440\u043c\u0456\u043d \u0434\u043e\u0441\u0442\u0430\u0432\u043a\u0438 \u0442\u0430 \u0432\u0430\u0440\u0442\u0456\u0441\u0442\u044c"},"content":{"rendered":"<p><strong>\u041f\u0420\u0418\u0411\u041b\u0418\u0417\u041e\u0412\u0418\u0419 \u0422\u0415\u0420\u041c\u0406\u041d \u0414\u041e\u0421\u0422\u0410\u0412\u041a\u0418:<\/strong><\/p>\n\n\n\n<ul class=\"wp-block-list\"><li>\u044f\u0449\u0438\u043a \u0434\u043b\u044f \u043f\u043e\u0441\u0438\u043b\u043e\u043a \u2013 2..3 \u0434\u043d\u0456,<\/li><li>\u041a\u0443\u0440&#039;\u0454\u0440 DPD \u2013 1..2 \u0440\u043e\u0431\u043e\u0447\u0456 \u0434\u043d\u0456,<\/li><li>\u043f\u043e\u0441\u0438\u043b\u043a\u0430 48 \u2013 2 \u0440\u043e\u0431\u043e\u0447\u0438\u0445 \u0434\u043d\u0456,<\/li><li>\u043f\u043e\u0448\u0442\u043e\u0432\u0430 \u043f\u043e\u0441\u0438\u043b\u043a\u0430 \u2013 1..5 \u0440\u043e\u0431\u043e\u0447\u0438\u0445 \u0434\u043d\u0456\u0432,<\/li><\/ul>\n\n\n\n<p><strong>\u0422\u0415\u0420\u041c\u0406\u041d \u0412\u0418\u041a\u041e\u041d\u0410\u041d\u041d\u042f \u0417\u0410\u041c\u041e\u0412\u041b\u0415\u041d\u041d\u042f:<\/strong><\/p>\n\n\n\n<ul class=\"wp-block-list\"><li>\u0443 \u0440\u0430\u0437\u0456 \u043f\u0435\u0440\u0435\u0434\u043e\u043f\u043b\u0430\u0442\u0438 \u043d\u0430 \u0440\u0430\u0445\u0443\u043d\u043e\u043a \u2013 24 \u0433\u043e\u0434\u0438\u043d\u0438 \u0432 \u0440\u043e\u0431\u043e\u0447\u0456 \u0434\u043d\u0456 \u0437 \u043c\u043e\u043c\u0435\u043d\u0442\u0443 \u043e\u0442\u0440\u0438\u043c\u0430\u043d\u043d\u044f \u043f\u0456\u0434\u0442\u0432\u0435\u0440\u0434\u0436\u0435\u043d\u043d\u044f\/\u043f\u043b\u0430\u0442\u0435\u0436\u0443,<\/li><li>\u043f\u0456\u0441\u043b\u044f\u043f\u043b\u0430\u0442\u0430 \u2013 \u0434\u043e 48 \u0433\u043e\u0434\u0438\u043d \u0443 \u0440\u043e\u0431\u043e\u0447\u0456 \u0434\u043d\u0456 \u0437 \u043c\u043e\u043c\u0435\u043d\u0442\u0443 \u0443\u043a\u043b\u0430\u0434\u0430\u043d\u043d\u044f \u0434\u043e\u0433\u043e\u0432\u043e\u0440\u0443,<\/li><li>\u043e\u0441\u043e\u0431\u0438\u0441\u0442\u0438\u0439 \u0437\u0431\u0456\u0440 \u2013 \u043d\u0435\u0433\u0430\u0439\u043d\u043e \u2013 \u043f\u0456\u0441\u043b\u044f \u043f\u043e\u043f\u0435\u0440\u0435\u0434\u043d\u044c\u043e\u0433\u043e \u043a\u043e\u043d\u0442\u0430\u043a\u0442\u0443.<\/li><\/ul>\n\n\n\n<p><strong>\u0412\u0410\u0420\u0422\u0406\u0421\u0422\u042c \u0414\u041e\u0421\u0422\u0410\u0412\u041a\u0418:<\/strong><\/p>\n\n\n\n<ul class=\"wp-block-list\"><li>\u044f\u0449\u0438\u043a \u0434\u043b\u044f \u043f\u043e\u0441\u0438\u043b\u043e\u043a \u2013 13 \u0437\u043b\u043e\u0442\u0438\u0445,<\/li><li>\u041a\u0443\u0440\u2019\u0454\u0440 DPD \u2013 17 \u0437\u043b\u043e\u0442\u0438\u0445,<\/li><li>\u043f\u0430\u043a\u0435\u0442 48 \u2013 16 \u0437\u043b\u043e\u0442\u0438\u0445,<\/li><li>\u043f\u043e\u0448\u0442\u043e\u0432\u0430 \u043f\u043e\u0441\u0438\u043b\u043a\u0430 \u2013 18 \u0437\u043b.<\/li><\/ul>\n\n\n\n<p>\u041c\u0438 \u043d\u0430\u043c\u0430\u0433\u0430\u0454\u043c\u043e\u0441\u044f, \u0449\u043e\u0431 \u043f\u043e\u0441\u0438\u043b\u043a\u0438 \u0431\u0443\u043b\u0438 \u044f\u043a\u0456\u0441\u043d\u043e \u0443\u043f\u0430\u043a\u043e\u0432\u0430\u043d\u0456 \u0442\u0430 \u0432\u0456\u0434\u043f\u0440\u0430\u0432\u043b\u0435\u043d\u0456 \u044f\u043a\u043e\u043c\u043e\u0433\u0430 \u0448\u0432\u0438\u0434\u0448\u0435.<br>\u041c\u0438 \u043d\u0435 \u043d\u0435\u0441\u0435\u043c\u043e \u0432\u0456\u0434\u043f\u043e\u0432\u0456\u0434\u0430\u043b\u044c\u043d\u043e\u0441\u0442\u0456 \u0437\u0430 \u0441\u0432\u043e\u0454\u0447\u0430\u0441\u043d\u0456\u0441\u0442\u044c \u043f\u0435\u0440\u0435\u0432\u0456\u0437\u043d\u0438\u043a\u0456\u0432.<\/p>\n\n\n\n<p><\/p>","protected":false},"excerpt":{"rendered":"<p>ORIENTACYJNY CZAS DOSTAWY: paczkomat &#8211; 2..3 dni, kurier DPD &#8211; 1..2 dni robocze, paczka 48 &#8211; 2 dni robocze, paczka pocztowa &#8211; 1..5 dni roboczych, CZAS REALIZACJI ZAM\u00d3WIENIA: przy przedp\u0142acie na konto &#8211; 24 h w dni robocze od momentu otrzymania potwierdzenia\/p\u0142atno\u015bci, wysy\u0142ka za pobraniem &#8211; do 48 h w dni robocze od momentu zawarcia [&hellip;]<\/p>\n","protected":false},"author":1,"featured_media":0,"parent":0,"menu_order":0,"comment_status":"closed","ping_status":"closed","template":"","meta":{"footnotes":""},"class_list":["post-668","page","type-page","status-publish","czr-hentry"],"yoast_head":"<!-- This site is optimized with the Yoast SEO plugin v27.4 - https:\/\/yoast.com\/product\/yoast-seo-wordpress\/ -->\n<title>Czas i koszt dostawy - Mini PC, Komputery, Laptopy, Translatory<\/title>\n<meta name=\"robots\" content=\"index, follow, max-snippet:-1, max-image-preview:large, max-video-preview:-1\" \/>\n<link rel=\"canonical\" href=\"https:\/\/www.oio.pl\/uk\/\u0447\u0430\u0441-\u0434\u043e\u0441\u0442\u0430\u0432\u043a\u0438-\u0442\u0430-\u0432\u0430\u0440\u0442\u0456\u0441\u0442\u044c\/\" \/>\n<meta property=\"og:locale\" content=\"uk_UA\" \/>\n<meta property=\"og:type\" content=\"article\" \/>\n<meta property=\"og:title\" content=\"Czas i koszt dostawy - Mini PC, Komputery, Laptopy, Translatory\" \/>\n<meta property=\"og:description\" content=\"ORIENTACYJNY CZAS DOSTAWY: paczkomat &#8211; 2..3 dni, kurier DPD &#8211; 1..2 dni robocze, paczka 48 &#8211; 2 dni robocze, paczka pocztowa &#8211; 1..5 dni roboczych, CZAS REALIZACJI ZAM\u00d3WIENIA: przy przedp\u0142acie na konto &#8211; 24 h w dni robocze od momentu otrzymania potwierdzenia\/p\u0142atno\u015bci, wysy\u0142ka za pobraniem &#8211; do 48 h w dni robocze od momentu zawarcia [&hellip;]\" \/>\n<meta property=\"og:url\" content=\"https:\/\/www.oio.pl\/uk\/\u0447\u0430\u0441-\u0434\u043e\u0441\u0442\u0430\u0432\u043a\u0438-\u0442\u0430-\u0432\u0430\u0440\u0442\u0456\u0441\u0442\u044c\/\" \/>\n<meta property=\"og:site_name\" content=\"Mini PC, Komputery, Laptopy, Translatory\" \/>\n<meta property=\"article:publisher\" content=\"https:\/\/www.facebook.com\/oiopl\" \/>\n<meta property=\"article:modified_time\" content=\"2021-11-12T14:03:25+00:00\" \/>\n<meta name=\"twitter:card\" content=\"summary_large_image\" \/>\n<meta name=\"twitter:label1\" content=\"\u041f\u0440\u0438\u0431\u043b. \u0447\u0430\u0441 \u0447\u0438\u0442\u0430\u043d\u043d\u044f\" \/>\n\t<meta name=\"twitter:data1\" content=\"1 \u0445\u0432\u0438\u043b\u0438\u043d\u0430\" \/>\n<script type=\"application\/ld+json\" class=\"yoast-schema-graph\">{\"@context\":\"https:\\\/\\\/schema.org\",\"@graph\":[{\"@type\":\"WebPage\",\"@id\":\"https:\\\/\\\/www.oio.pl\\\/czas-i-koszty-dostawy\\\/\",\"url\":\"https:\\\/\\\/www.oio.pl\\\/czas-i-koszty-dostawy\\\/\",\"name\":\"Czas i koszt dostawy - Mini PC, Komputery, Laptopy, Translatory\",\"isPartOf\":{\"@id\":\"https:\\\/\\\/www.oio.pl\\\/#website\"},\"datePublished\":\"2019-07-08T04:40:57+00:00\",\"dateModified\":\"2021-11-12T14:03:25+00:00\",\"breadcrumb\":{\"@id\":\"https:\\\/\\\/www.oio.pl\\\/czas-i-koszty-dostawy\\\/#breadcrumb\"},\"inLanguage\":\"uk\",\"potentialAction\":[{\"@type\":\"ReadAction\",\"target\":[\"https:\\\/\\\/www.oio.pl\\\/czas-i-koszty-dostawy\\\/\"]}]},{\"@type\":\"BreadcrumbList\",\"@id\":\"https:\\\/\\\/www.oio.pl\\\/czas-i-koszty-dostawy\\\/#breadcrumb\",\"itemListElement\":[{\"@type\":\"ListItem\",\"position\":1,\"name\":\"Strona g\u0142\u00f3wna\",\"item\":\"https:\\\/\\\/www.oio.pl\\\/\"},{\"@type\":\"ListItem\",\"position\":2,\"name\":\"Czas i koszt dostawy\"}]},{\"@type\":\"WebSite\",\"@id\":\"https:\\\/\\\/www.oio.pl\\\/#website\",\"url\":\"https:\\\/\\\/www.oio.pl\\\/\",\"name\":\"OIO.pl \u2013 Tablety przemys\u0142owe, sprz\u0119t IT dla przemys\u0142u i logistyki\",\"description\":\"tablety przemys\u0142owe, rugged tablet, komputer przemys\u0142owy, tablet wytrzyma\u0142y, sprz\u0119t dla przemys\u0142u, tablet z Windows, tablet IP67, laptop dla magazynu, elektronika przemys\u0142owa, komputery przemys\u0142owe, oio.pl, sprz\u0119t dla logistyki, tablet do pracy w terenie, monitor dotykowy przemys\u0142owy\",\"publisher\":{\"@id\":\"https:\\\/\\\/www.oio.pl\\\/#organization\"},\"alternateName\":\"Sklep internetowy dla przemys\u0142u\",\"potentialAction\":[{\"@type\":\"SearchAction\",\"target\":{\"@type\":\"EntryPoint\",\"urlTemplate\":\"https:\\\/\\\/www.oio.pl\\\/?s={search_term_string}\"},\"query-input\":{\"@type\":\"PropertyValueSpecification\",\"valueRequired\":true,\"valueName\":\"search_term_string\"}}],\"inLanguage\":\"uk\"},{\"@type\":\"Organization\",\"@id\":\"https:\\\/\\\/www.oio.pl\\\/#organization\",\"name\":\"OIO\",\"alternateName\":\"Sprz\u0119t komputerowy\",\"url\":\"https:\\\/\\\/www.oio.pl\\\/\",\"logo\":{\"@type\":\"ImageObject\",\"inLanguage\":\"uk\",\"@id\":\"https:\\\/\\\/www.oio.pl\\\/#\\\/schema\\\/logo\\\/image\\\/\",\"url\":\"https:\\\/\\\/www.oio.pl\\\/wp-content\\\/uploads\\\/2023\\\/11\\\/cropped-cropped-oio_120x120.jpg\",\"contentUrl\":\"https:\\\/\\\/www.oio.pl\\\/wp-content\\\/uploads\\\/2023\\\/11\\\/cropped-cropped-oio_120x120.jpg\",\"width\":120,\"height\":48,\"caption\":\"OIO\"},\"image\":{\"@id\":\"https:\\\/\\\/www.oio.pl\\\/#\\\/schema\\\/logo\\\/image\\\/\"},\"sameAs\":[\"https:\\\/\\\/www.facebook.com\\\/oiopl\"]}]}<\/script>\n<!-- \/ Yoast SEO plugin. -->","yoast_head_json":{"title":"\u0422\u0435\u0440\u043c\u0456\u043d \u0442\u0430 \u0432\u0430\u0440\u0442\u0456\u0441\u0442\u044c \u0434\u043e\u0441\u0442\u0430\u0432\u043a\u0438 - \u041c\u0456\u043d\u0456-\u041f\u041a, \u041a\u043e\u043c\u043f&#039;\u044e\u0442\u0435\u0440\u0438, \u041d\u043e\u0443\u0442\u0431\u0443\u043a\u0438, \u041f\u0435\u0440\u0435\u043a\u043b\u0430\u0434\u0430\u0447\u0456","robots":{"index":"index","follow":"follow","max-snippet":"max-snippet:-1","max-image-preview":"max-image-preview:large","max-video-preview":"max-video-preview:-1"},"canonical":"https:\/\/www.oio.pl\/uk\/\u0447\u0430\u0441-\u0434\u043e\u0441\u0442\u0430\u0432\u043a\u0438-\u0442\u0430-\u0432\u0430\u0440\u0442\u0456\u0441\u0442\u044c\/","og_locale":"uk_UA","og_type":"article","og_title":"Czas i koszt dostawy - Mini PC, Komputery, Laptopy, Translatory","og_description":"ORIENTACYJNY CZAS DOSTAWY: paczkomat &#8211; 2..3 dni, kurier DPD &#8211; 1..2 dni robocze, paczka 48 &#8211; 2 dni robocze, paczka pocztowa &#8211; 1..5 dni roboczych, CZAS REALIZACJI ZAM\u00d3WIENIA: przy przedp\u0142acie na konto &#8211; 24 h w dni robocze od momentu otrzymania potwierdzenia\/p\u0142atno\u015bci, wysy\u0142ka za pobraniem &#8211; do 48 h w dni robocze od momentu zawarcia [&hellip;]","og_url":"https:\/\/www.oio.pl\/uk\/\u0447\u0430\u0441-\u0434\u043e\u0441\u0442\u0430\u0432\u043a\u0438-\u0442\u0430-\u0432\u0430\u0440\u0442\u0456\u0441\u0442\u044c\/","og_site_name":"Mini PC, Komputery, Laptopy, Translatory","article_publisher":"https:\/\/www.facebook.com\/oiopl","article_modified_time":"2021-11-12T14:03:25+00:00","twitter_card":"summary_large_image","twitter_misc":{"\u041f\u0440\u0438\u0431\u043b. \u0447\u0430\u0441 \u0447\u0438\u0442\u0430\u043d\u043d\u044f":"1 \u0445\u0432\u0438\u043b\u0438\u043d\u0430"},"schema":{"@context":"https:\/\/schema.org","@graph":[{"@type":"WebPage","@id":"https:\/\/www.oio.pl\/czas-i-koszty-dostawy\/","url":"https:\/\/www.oio.pl\/czas-i-koszty-dostawy\/","name":"\u0422\u0435\u0440\u043c\u0456\u043d \u0442\u0430 \u0432\u0430\u0440\u0442\u0456\u0441\u0442\u044c \u0434\u043e\u0441\u0442\u0430\u0432\u043a\u0438 - \u041c\u0456\u043d\u0456-\u041f\u041a, \u041a\u043e\u043c\u043f&#039;\u044e\u0442\u0435\u0440\u0438, \u041d\u043e\u0443\u0442\u0431\u0443\u043a\u0438, \u041f\u0435\u0440\u0435\u043a\u043b\u0430\u0434\u0430\u0447\u0456","isPartOf":{"@id":"https:\/\/www.oio.pl\/#website"},"datePublished":"2019-07-08T04:40:57+00:00","dateModified":"2021-11-12T14:03:25+00:00","breadcrumb":{"@id":"https:\/\/www.oio.pl\/czas-i-koszty-dostawy\/#breadcrumb"},"inLanguage":"uk","potentialAction":[{"@type":"ReadAction","target":["https:\/\/www.oio.pl\/czas-i-koszty-dostawy\/"]}]},{"@type":"BreadcrumbList","@id":"https:\/\/www.oio.pl\/czas-i-koszty-dostawy\/#breadcrumb","itemListElement":[{"@type":"ListItem","position":1,"name":"Strona g\u0142\u00f3wna","item":"https:\/\/www.oio.pl\/"},{"@type":"ListItem","position":2,"name":"Czas i koszt dostawy"}]},{"@type":"WebSite","@id":"https:\/\/www.oio.pl\/#website","url":"https:\/\/www.oio.pl\/","name":"OIO.pl \u2013 \u041f\u0440\u043e\u043c\u0438\u0441\u043b\u043e\u0432\u0456 \u043f\u043b\u0430\u043d\u0448\u0435\u0442\u0438, \u0406\u0422-\u043e\u0431\u043b\u0430\u0434\u043d\u0430\u043d\u043d\u044f \u0434\u043b\u044f \u043f\u0440\u043e\u043c\u0438\u0441\u043b\u043e\u0432\u043e\u0441\u0442\u0456 \u0442\u0430 \u043b\u043e\u0433\u0456\u0441\u0442\u0438\u043a\u0438","description":"\u043f\u0440\u043e\u043c\u0438\u0441\u043b\u043e\u0432\u0456 \u043f\u043b\u0430\u043d\u0448\u0435\u0442\u0438, \u043c\u0456\u0446\u043d\u0438\u0439 \u043f\u043b\u0430\u043d\u0448\u0435\u0442, \u043f\u0440\u043e\u043c\u0438\u0441\u043b\u043e\u0432\u0438\u0439 \u043a\u043e\u043c\u043f&#039;\u044e\u0442\u0435\u0440, \u0434\u043e\u0432\u0433\u043e\u0432\u0456\u0447\u043d\u0438\u0439 \u043f\u043b\u0430\u043d\u0448\u0435\u0442, \u043e\u0431\u043b\u0430\u0434\u043d\u0430\u043d\u043d\u044f \u0434\u043b\u044f \u043f\u0440\u043e\u043c\u0438\u0441\u043b\u043e\u0432\u043e\u0441\u0442\u0456, \u043f\u043b\u0430\u043d\u0448\u0435\u0442 Windows, \u043f\u043b\u0430\u043d\u0448\u0435\u0442 IP67, \u0441\u043a\u043b\u0430\u0434\u0441\u044c\u043a\u0438\u0439 \u043d\u043e\u0443\u0442\u0431\u0443\u043a, \u043f\u0440\u043e\u043c\u0438\u0441\u043b\u043e\u0432\u0430 \u0435\u043b\u0435\u043a\u0442\u0440\u043e\u043d\u0456\u043a\u0430, \u043f\u0440\u043e\u043c\u0438\u0441\u043b\u043e\u0432\u0456 \u043a\u043e\u043c\u043f&#039;\u044e\u0442\u0435\u0440\u0438, oio.pl, \u043b\u043e\u0433\u0456\u0441\u0442\u0438\u0447\u043d\u0435 \u043e\u0431\u043b\u0430\u0434\u043d\u0430\u043d\u043d\u044f, \u043f\u043b\u0430\u043d\u0448\u0435\u0442 \u0434\u043b\u044f \u043f\u043e\u043b\u044c\u043e\u0432\u0438\u0445 \u0440\u043e\u0431\u0456\u0442, \u043f\u0440\u043e\u043c\u0438\u0441\u043b\u043e\u0432\u0438\u0439 \u0441\u0435\u043d\u0441\u043e\u0440\u043d\u0438\u0439 \u043c\u043e\u043d\u0456\u0442\u043e\u0440","publisher":{"@id":"https:\/\/www.oio.pl\/#organization"},"alternateName":"Sklep internetowy dla przemys\u0142u","potentialAction":[{"@type":"SearchAction","target":{"@type":"EntryPoint","urlTemplate":"https:\/\/www.oio.pl\/?s={search_term_string}"},"query-input":{"@type":"PropertyValueSpecification","valueRequired":true,"valueName":"search_term_string"}}],"inLanguage":"uk"},{"@type":"Organization","@id":"https:\/\/www.oio.pl\/#organization","name":"OIO","alternateName":"Sprz\u0119t komputerowy","url":"https:\/\/www.oio.pl\/","logo":{"@type":"ImageObject","inLanguage":"uk","@id":"https:\/\/www.oio.pl\/#\/schema\/logo\/image\/","url":"https:\/\/www.oio.pl\/wp-content\/uploads\/2023\/11\/cropped-cropped-oio_120x120.jpg","contentUrl":"https:\/\/www.oio.pl\/wp-content\/uploads\/2023\/11\/cropped-cropped-oio_120x120.jpg","width":120,"height":48,"caption":"OIO"},"image":{"@id":"https:\/\/www.oio.pl\/#\/schema\/logo\/image\/"},"sameAs":["https:\/\/www.facebook.com\/oiopl"]}]}},"_links":{"self":[{"href":"https:\/\/www.oio.pl\/uk\/wp-json\/wp\/v2\/pages\/668","targetHints":{"allow":["GET"]}}],"collection":[{"href":"https:\/\/www.oio.pl\/uk\/wp-json\/wp\/v2\/pages"}],"about":[{"href":"https:\/\/www.oio.pl\/uk\/wp-json\/wp\/v2\/types\/page"}],"author":[{"embeddable":true,"href":"https:\/\/www.oio.pl\/uk\/wp-json\/wp\/v2\/users\/1"}],"replies":[{"embeddable":true,"href":"https:\/\/www.oio.pl\/uk\/wp-json\/wp\/v2\/comments?post=668"}],"version-history":[{"count":6,"href":"https:\/\/www.oio.pl\/uk\/wp-json\/wp\/v2\/pages\/668\/revisions"}],"predecessor-version":[{"id":2816,"href":"https:\/\/www.oio.pl\/uk\/wp-json\/wp\/v2\/pages\/668\/revisions\/2816"}],"wp:attachment":[{"href":"https:\/\/www.oio.pl\/uk\/wp-json\/wp\/v2\/media?parent=668"}],"curies":[{"name":"wp","href":"https:\/\/api.w.org\/{rel}","templated":true}]}}