{"id":12,"date":"2019-06-11T12:05:03","date_gmt":"2019-06-11T10:05:03","guid":{"rendered":"http:\/\/www.oio.pl\/?post_type=product&#038;p=12"},"modified":"2022-01-10T13:42:47","modified_gmt":"2022-01-10T12:42:47","slug":"mx10-mini-2gb-16gb-android-9-0-quad-4k","status":"publish","type":"product","link":"https:\/\/www.oio.pl\/uk\/product\/mx10-mini-2gb-16gb-android-9-0-quad-4k\/","title":{"rendered":"TV Box MX10 Mini 2GB 16GB Android 9.0 Quad 4K"},"content":{"rendered":"<p><strong>\u0426\u0435 TV Box<\/strong> \u0432\u0438 \u043c\u043e\u0436\u0435\u0442\u0435 \u043f\u0456\u0434\u043a\u043b\u044e\u0447\u0438\u0442\u0438 \u0439\u043e\u0433\u043e \u0434\u043e \u0431\u0443\u0434\u044c-\u044f\u043a\u043e\u0433\u043e \u0442\u0435\u043b\u0435\u0432\u0456\u0437\u043e\u0440\u0430 \u0437 \u043f\u043e\u0440\u0442\u043e\u043c HDMI 2.0. \u0422\u0430\u043a\u0430 \u043a\u043e\u043d\u0444\u0456\u0433\u0443\u0440\u0430\u0446\u0456\u044f \u0434\u043e\u0437\u0432\u043e\u043b\u044f\u0454 \u043d\u0430\u043c \u0432\u0438\u043a\u043e\u0440\u0438\u0441\u0442\u043e\u0432\u0443\u0432\u0430\u0442\u0438 \u044f\u043a \u0441\u0442\u0430\u0440\u0438\u0439 \u0442\u0435\u043b\u0435\u0432\u0456\u0437\u043e\u0440, \u0442\u0430\u043a \u0456 \u0441\u0443\u0447\u0430\u0441\u043d\u0438\u0439 Smart TV. \u041c\u0456\u043b\u044c\u0439\u043e\u043d\u0438 \u043f\u0440\u043e\u0433\u0440\u0430\u043c \u0456\u0437 \u043c\u0430\u0433\u0430\u0437\u0438\u043d\u0443 Google Play \u0434\u043e\u0437\u0432\u043e\u043b\u044f\u044e\u0442\u044c \u043f\u0435\u0440\u0441\u043e\u043d\u0430\u043b\u0456\u0437\u0443\u0432\u0430\u0442\u0438 \u0432\u0430\u0448 \u043f\u0440\u0438\u0441\u0442\u0440\u0456\u0439. \u041c\u0438\u0442\u0442\u0454\u0432\u0456 \u043f\u043e\u0432\u0456\u0434\u043e\u043c\u043b\u0435\u043d\u043d\u044f, \u043c\u0443\u043b\u044c\u0442\u0438\u043c\u0435\u0434\u0456\u0439\u043d\u0456 \u0442\u0430 \u0441\u043e\u0446\u0456\u0430\u043b\u044c\u043d\u0456 \u043f\u0440\u043e\u0433\u0440\u0430\u043c\u0438, \u0456\u0433\u0440\u0438, \u0456\u0433\u0440\u0438, \u0456 \u0432\u0441\u0435 \u0446\u0435 \u0432 \u043c\u0430\u043b\u0435\u043d\u044c\u043a\u043e\u043c\u0443 \u0442\u0430 \u0435\u0444\u0435\u043a\u0442\u0438\u0432\u043d\u043e\u043c\u0443 MX10 Mini.<\/p>\n<p>\u041d\u043e\u0432\u0456\u0442\u043d\u0454 \u043f\u0440\u043e\u0433\u0440\u0430\u043c\u043d\u0435 \u0437\u0430\u0431\u0435\u0437\u043f\u0435\u0447\u0435\u043d\u043d\u044f Android 9.0 \u0437\u0430\u0431\u0435\u0437\u043f\u0435\u0447\u0443\u0454 \u0456\u043d\u0442\u0443\u0457\u0442\u0438\u0432\u043d\u043e \u0437\u0440\u043e\u0437\u0443\u043c\u0456\u043b\u0438\u0439 \u0434\u0438\u0437\u0430\u0439\u043d, \u0441\u0443\u0447\u0430\u0441\u043d\u0438\u0439 \u0434\u0438\u0437\u0430\u0439\u043d \u0456 \u0449\u0435 \u0431\u0456\u043b\u044c\u0448 \u0448\u0432\u0438\u0434\u043a\u0443 \u0442\u0430 \u0435\u0444\u0435\u043a\u0442\u0438\u0432\u043d\u0443 \u0440\u043e\u0431\u043e\u0442\u0443 \u043f\u0440\u0438\u0441\u0442\u0440\u043e\u044e.<\/p>\n<p>\u0425\u0430\u0440\u0430\u043a\u0442\u0435\u0440\u0438\u0441\u0442\u0438\u043a\u0438 \u043f\u0440\u043e\u0434\u0443\u043a\u0442\u0443:<\/p>\n<ul>\n<li><strong>\u041f\u0440\u043e\u0446\u0435\u0441\u043e\u0440:<\/strong> \u041f\u043e\u0442\u0443\u0436\u043d\u0438\u0439 4-\u044f\u0434\u0435\u0440\u043d\u0438\u0439 RK3328 64-bit Cortex-A53<\/li>\n<li><strong>\u0412\u0456\u0434\u0435\u043e\u043a\u0430\u0440\u0442\u0430:<\/strong> 5-\u044f\u0434\u0435\u0440\u043d\u0438\u0439 Mali-450 \u0434\u043e 750 \u041c\u0413\u0446+<\/li>\n<li><strong>\u041f\u0430\u043c&#039;\u044f\u0442\u044c:<\/strong> \u0441\u0443\u0447\u0430\u0441\u043d\u0430 2 \u0413\u0411 DDR3<\/li>\n<li><strong>\u0434\u0438\u0441\u043a:<\/strong> \u0448\u0432\u0438\u0434\u043a\u0438\u0439 16 \u0413\u0411 EMMC<\/li>\n<li><strong>\u0413\u0440\u0430\u0444\u0456\u0447\u043d\u0438\u0439 \u0432\u0438\u0445\u0456\u0434:<\/strong> HDMI 2.0 4K 4096*2160<\/li>\n<li><strong>\u041e\u043f\u0435\u0440\u0430\u0446\u0456\u0439\u043d\u0430 \u0441\u0438\u0441\u0442\u0435\u043c\u0430:<\/strong> Android 9.0<\/li>\n<li><strong>\u041c\u0435\u0440\u0435\u0436\u0430 Wi-Fi:<\/strong> 2,4 \u0413\u0413\u0446<\/li>\n<\/ul>\n<p>Google Play Store<br \/>\n\u0421\u0438\u0441\u0442\u0435\u043c\u043d\u0430 \u043c\u043e\u0432\u0430 POLISH \u0442\u0430 \u0431\u0430\u0433\u0430\u0442\u043e \u0456\u043d\u0448\u0438\u0445 (\u0430\u043d\u0433\u043b\u0456\u0439\u0441\u044c\u043a\u0430, \u043d\u0456\u043c\u0435\u0446\u044c\u043a\u0430 \u0442\u0430 \u0456\u043d.)<br \/>\n\u041f\u0456\u0434\u0442\u0440\u0438\u043c\u043a\u0430 \u0432\u0456\u0434\u0435\u043e Avi\/Ts\/Vob\/Mkv\/Mov\/ISO\/wmv\/asf\/flv\/dat\/mpg\/mpeg<br \/>\n\u041f\u0456\u0434\u0442\u0440\u0438\u043c\u043a\u0430 MP3\/WMA\/AAC\/WAV\/OGG\/DDP\/HD\/FLAC\/APE \u0430\u0443\u0434\u0456\u043e<br \/>\n\u041f\u0456\u0434\u0442\u0440\u0438\u043c\u0443\u0454 \u0444\u043e\u0442\u043e\u0433\u0440\u0430\u0444\u0456\u0457 HD JPEG\/BMP\/GIF\/PNG\/TIFF<br \/>\n\u0424\u0443\u043d\u043a\u0446\u0456\u0457 KD 18.0, Neflix, Vudu, \u0432\u0438\u043a\u043b\u0438\u043a\u0438 Skype, Picasa, Flicker, Youtube, Facebook, \u043e\u043d\u043b\u0430\u0439\u043d-\u0432\u0456\u0434\u0435\u043e \u0442\u043e\u0449\u043e.<br \/>\n\u0414\u043e\u0434\u0430\u0442\u043a\u043e\u0432\u0456 \u0444\u0443\u043d\u043a\u0446\u0456\u0457 DLNA \/ Miracast \/ AirPlay \u0442\u043e\u0449\u043e<br \/>\n\u041f\u0456\u0434\u0442\u0440\u0438\u043c\u043a\u0430 \u043c\u0438\u0448\u0456 \u0442\u0430 \u0442\u0435\u0445\u043d\u043e\u043b\u043e\u0433\u0456\u0457 USB 2,4 \u0413\u0413\u0446<br \/>\n2 \u043f\u043e\u0440\u0442\u0438 USB \u2013 1xUSB 3.0 \u0456 1xUSB 2.0<br \/>\nTF \u043a\u0430\u0440\u0442\u0440\u0456\u0434\u0435\u0440<br \/>\nLAN 10\/100 RJ45<\/p>","protected":false},"excerpt":{"rendered":"<p><b>TV Box MX10 Mini\u00a0<\/b>- \u0446\u0435 \u0441\u0443\u0447\u0430\u0441\u043d\u0438\u0439 TV BOX \u0437 \u0440\u043e\u0437\u0434\u0456\u043b\u044c\u043d\u043e\u044e \u0437\u0434\u0430\u0442\u043d\u0456\u0441\u0442\u044e 4K UHD, \u0449\u043e \u0434\u043e\u0437\u0432\u043e\u043b\u044f\u0454 \u043d\u0430\u0441\u043e\u043b\u043e\u0434\u0436\u0443\u0432\u0430\u0442\u0438\u0441\u044f \u0432\u0438\u0441\u043e\u043a\u043e\u044e \u044f\u043a\u0456\u0441\u0442\u044e \u0437\u043e\u0431\u0440\u0430\u0436\u0435\u043d\u043d\u044f, \u0449\u043e \u0432\u0456\u0434\u043e\u0431\u0440\u0430\u0436\u0430\u0454\u0442\u044c\u0441\u044f. \u0412\u0438\u043a\u043e\u0440\u0438\u0441\u0442\u0430\u043d\u043d\u044f 4-\u044f\u0434\u0435\u0440\u043d\u043e\u0433\u043e \u043f\u0440\u043e\u0446\u0435\u0441\u043e\u0440\u0430 RK3228 \u0437\u0430\u0431\u0435\u0437\u043f\u0435\u0447\u0443\u0454 \u043d\u0430\u0434\u0437\u0432\u0438\u0447\u0430\u0439\u043d\u043e \u043f\u043b\u0430\u0432\u043d\u0435 \u0432\u0456\u0434\u043e\u0431\u0440\u0430\u0436\u0435\u043d\u043d\u044f \u0437\u043e\u0431\u0440\u0430\u0436\u0435\u043d\u043d\u044f.<\/p>","protected":false},"featured_media":18,"comment_status":"closed","ping_status":"closed","template":"","meta":[],"product_brand":[],"product_cat":[16],"product_tag":[72,21,20],"class_list":{"0":"post-12","1":"product","2":"type-product","3":"status-publish","4":"has-post-thumbnail","6":"product_cat-tvbox","7":"product_tag-android-tv","8":"product_tag-smart-tv","9":"product_tag-tv-box","11":"first","12":"instock","13":"taxable","14":"shipping-taxable","15":"purchasable","16":"product-type-simple","17":"czr-hentry"},"yoast_head":"<!-- This site is optimized with the Yoast SEO plugin v27.4 - https:\/\/yoast.com\/product\/yoast-seo-wordpress\/ -->\n<title>Tv Box MX10 Mini 2GB 16GB Android 9.0 Quad 4K - Mini PC, Komputery, Laptopy, Translatory<\/title>\n<meta name=\"robots\" content=\"index, follow, max-snippet:-1, max-image-preview:large, max-video-preview:-1\" \/>\n<link rel=\"canonical\" href=\"https:\/\/www.oio.pl\/uk\/\u043f\u0440\u043e\u0434\u0443\u043a\u0442\/mx10-mini-2gb-16gb-android-9-0-quad-4k\/\" \/>\n<meta property=\"og:locale\" content=\"uk_UA\" \/>\n<meta property=\"og:type\" content=\"article\" \/>\n<meta property=\"og:title\" content=\"Tv Box MX10 Mini 2GB 16GB Android 9.0 Quad 4K - Mini PC, Komputery, Laptopy, Translatory\" \/>\n<meta property=\"og:description\" content=\"Tv Box MX10 Mini\u00a0to nowoczesny Tv BOX z rozdzielczo\u015bci\u0105 4K UHD pozwalaj\u0105cy cieszy\u0107 si\u0119 wysok\u0105 jako\u015bci\u0105 wy\u015bwietlanego obrazu. Zastosowanie 4-rdzeniowego procesora RK3228 umo\u017cliwia super p\u0142ynne wy\u015bwietlanie obrazu.\" \/>\n<meta property=\"og:url\" content=\"https:\/\/www.oio.pl\/uk\/\u043f\u0440\u043e\u0434\u0443\u043a\u0442\/mx10-mini-2gb-16gb-android-9-0-quad-4k\/\" \/>\n<meta property=\"og:site_name\" content=\"Mini PC, Komputery, Laptopy, Translatory\" \/>\n<meta property=\"article:publisher\" content=\"https:\/\/www.facebook.com\/oiopl\" \/>\n<meta property=\"article:modified_time\" content=\"2022-01-10T12:42:47+00:00\" \/>\n<meta property=\"og:image\" content=\"https:\/\/www.oio.pl\/wp-content\/uploads\/2019\/06\/6.jpg\" \/>\n\t<meta property=\"og:image:width\" content=\"800\" \/>\n\t<meta property=\"og:image:height\" content=\"800\" \/>\n\t<meta property=\"og:image:type\" content=\"image\/jpeg\" \/>\n<meta name=\"twitter:card\" content=\"summary_large_image\" \/>\n<meta name=\"twitter:label1\" content=\"\u041f\u0440\u0438\u0431\u043b. \u0447\u0430\u0441 \u0447\u0438\u0442\u0430\u043d\u043d\u044f\" \/>\n\t<meta name=\"twitter:data1\" content=\"1 \u0445\u0432\u0438\u043b\u0438\u043d\u0430\" \/>\n<script type=\"application\/ld+json\" class=\"yoast-schema-graph\">{\"@context\":\"https:\\\/\\\/schema.org\",\"@graph\":[{\"@type\":\"WebPage\",\"@id\":\"https:\\\/\\\/www.oio.pl\\\/product\\\/mx10-mini-2gb-16gb-android-9-0-quad-4k\\\/\",\"url\":\"https:\\\/\\\/www.oio.pl\\\/product\\\/mx10-mini-2gb-16gb-android-9-0-quad-4k\\\/\",\"name\":\"Tv Box MX10 Mini 2GB 16GB Android 9.0 Quad 4K - Mini PC, Komputery, Laptopy, Translatory\",\"isPartOf\":{\"@id\":\"https:\\\/\\\/www.oio.pl\\\/#website\"},\"primaryImageOfPage\":{\"@id\":\"https:\\\/\\\/www.oio.pl\\\/product\\\/mx10-mini-2gb-16gb-android-9-0-quad-4k\\\/#primaryimage\"},\"image\":{\"@id\":\"https:\\\/\\\/www.oio.pl\\\/product\\\/mx10-mini-2gb-16gb-android-9-0-quad-4k\\\/#primaryimage\"},\"thumbnailUrl\":\"https:\\\/\\\/www.oio.pl\\\/wp-content\\\/uploads\\\/2019\\\/06\\\/6.jpg\",\"datePublished\":\"2019-06-11T10:05:03+00:00\",\"dateModified\":\"2022-01-10T12:42:47+00:00\",\"breadcrumb\":{\"@id\":\"https:\\\/\\\/www.oio.pl\\\/product\\\/mx10-mini-2gb-16gb-android-9-0-quad-4k\\\/#breadcrumb\"},\"inLanguage\":\"uk\",\"potentialAction\":[{\"@type\":\"ReadAction\",\"target\":[\"https:\\\/\\\/www.oio.pl\\\/product\\\/mx10-mini-2gb-16gb-android-9-0-quad-4k\\\/\"]}]},{\"@type\":\"ImageObject\",\"inLanguage\":\"uk\",\"@id\":\"https:\\\/\\\/www.oio.pl\\\/product\\\/mx10-mini-2gb-16gb-android-9-0-quad-4k\\\/#primaryimage\",\"url\":\"https:\\\/\\\/www.oio.pl\\\/wp-content\\\/uploads\\\/2019\\\/06\\\/6.jpg\",\"contentUrl\":\"https:\\\/\\\/www.oio.pl\\\/wp-content\\\/uploads\\\/2019\\\/06\\\/6.jpg\",\"width\":800,\"height\":800},{\"@type\":\"BreadcrumbList\",\"@id\":\"https:\\\/\\\/www.oio.pl\\\/product\\\/mx10-mini-2gb-16gb-android-9-0-quad-4k\\\/#breadcrumb\",\"itemListElement\":[{\"@type\":\"ListItem\",\"position\":1,\"name\":\"Strona g\u0142\u00f3wna\",\"item\":\"https:\\\/\\\/www.oio.pl\\\/\"},{\"@type\":\"ListItem\",\"position\":2,\"name\":\"Produkty\",\"item\":\"https:\\\/\\\/www.oio.pl\\\/\"},{\"@type\":\"ListItem\",\"position\":3,\"name\":\"Tv Box MX10 Mini 2GB 16GB Android 9.0 Quad 4K\"}]},{\"@type\":\"WebSite\",\"@id\":\"https:\\\/\\\/www.oio.pl\\\/#website\",\"url\":\"https:\\\/\\\/www.oio.pl\\\/\",\"name\":\"OIO.pl \u2013 Tablety przemys\u0142owe, sprz\u0119t IT dla przemys\u0142u i logistyki\",\"description\":\"tablety przemys\u0142owe, rugged tablet, komputer przemys\u0142owy, tablet wytrzyma\u0142y, sprz\u0119t dla przemys\u0142u, tablet z Windows, tablet IP67, laptop dla magazynu, elektronika przemys\u0142owa, komputery przemys\u0142owe, oio.pl, sprz\u0119t dla logistyki, tablet do pracy w terenie, monitor dotykowy przemys\u0142owy\",\"publisher\":{\"@id\":\"https:\\\/\\\/www.oio.pl\\\/#organization\"},\"alternateName\":\"Sklep internetowy dla przemys\u0142u\",\"potentialAction\":[{\"@type\":\"SearchAction\",\"target\":{\"@type\":\"EntryPoint\",\"urlTemplate\":\"https:\\\/\\\/www.oio.pl\\\/?s={search_term_string}\"},\"query-input\":{\"@type\":\"PropertyValueSpecification\",\"valueRequired\":true,\"valueName\":\"search_term_string\"}}],\"inLanguage\":\"uk\"},{\"@type\":\"Organization\",\"@id\":\"https:\\\/\\\/www.oio.pl\\\/#organization\",\"name\":\"OIO\",\"alternateName\":\"Sprz\u0119t komputerowy\",\"url\":\"https:\\\/\\\/www.oio.pl\\\/\",\"logo\":{\"@type\":\"ImageObject\",\"inLanguage\":\"uk\",\"@id\":\"https:\\\/\\\/www.oio.pl\\\/#\\\/schema\\\/logo\\\/image\\\/\",\"url\":\"https:\\\/\\\/www.oio.pl\\\/wp-content\\\/uploads\\\/2023\\\/11\\\/cropped-cropped-oio_120x120.jpg\",\"contentUrl\":\"https:\\\/\\\/www.oio.pl\\\/wp-content\\\/uploads\\\/2023\\\/11\\\/cropped-cropped-oio_120x120.jpg\",\"width\":120,\"height\":48,\"caption\":\"OIO\"},\"image\":{\"@id\":\"https:\\\/\\\/www.oio.pl\\\/#\\\/schema\\\/logo\\\/image\\\/\"},\"sameAs\":[\"https:\\\/\\\/www.facebook.com\\\/oiopl\"]}]}<\/script>\n<!-- \/ Yoast SEO plugin. -->","yoast_head_json":{"title":"\u0422\u0412-\u0431\u043e\u043a\u0441 MX10 Mini 2 \u0413\u0411 16 \u0413\u0411 Android 9.0 Quad 4K - \u041c\u0456\u043d\u0456-\u041f\u041a, \u043a\u043e\u043c\u043f&#039;\u044e\u0442\u0435\u0440\u0438, \u043d\u043e\u0443\u0442\u0431\u0443\u043a\u0438, \u043f\u0435\u0440\u0435\u043a\u043b\u0430\u0434\u0430\u0447\u0456","robots":{"index":"index","follow":"follow","max-snippet":"max-snippet:-1","max-image-preview":"max-image-preview:large","max-video-preview":"max-video-preview:-1"},"canonical":"https:\/\/www.oio.pl\/uk\/\u043f\u0440\u043e\u0434\u0443\u043a\u0442\/mx10-mini-2gb-16gb-android-9-0-quad-4k\/","og_locale":"uk_UA","og_type":"article","og_title":"Tv Box MX10 Mini 2GB 16GB Android 9.0 Quad 4K - Mini PC, Komputery, Laptopy, Translatory","og_description":"Tv Box MX10 Mini\u00a0to nowoczesny Tv BOX z rozdzielczo\u015bci\u0105 4K UHD pozwalaj\u0105cy cieszy\u0107 si\u0119 wysok\u0105 jako\u015bci\u0105 wy\u015bwietlanego obrazu. Zastosowanie 4-rdzeniowego procesora RK3228 umo\u017cliwia super p\u0142ynne wy\u015bwietlanie obrazu.","og_url":"https:\/\/www.oio.pl\/uk\/\u043f\u0440\u043e\u0434\u0443\u043a\u0442\/mx10-mini-2gb-16gb-android-9-0-quad-4k\/","og_site_name":"Mini PC, Komputery, Laptopy, Translatory","article_publisher":"https:\/\/www.facebook.com\/oiopl","article_modified_time":"2022-01-10T12:42:47+00:00","og_image":[{"width":800,"height":800,"url":"https:\/\/www.oio.pl\/wp-content\/uploads\/2019\/06\/6.jpg","type":"image\/jpeg"}],"twitter_card":"summary_large_image","twitter_misc":{"\u041f\u0440\u0438\u0431\u043b. \u0447\u0430\u0441 \u0447\u0438\u0442\u0430\u043d\u043d\u044f":"1 \u0445\u0432\u0438\u043b\u0438\u043d\u0430"},"schema":{"@context":"https:\/\/schema.org","@graph":[{"@type":"WebPage","@id":"https:\/\/www.oio.pl\/product\/mx10-mini-2gb-16gb-android-9-0-quad-4k\/","url":"https:\/\/www.oio.pl\/product\/mx10-mini-2gb-16gb-android-9-0-quad-4k\/","name":"\u0422\u0412-\u0431\u043e\u043a\u0441 MX10 Mini 2 \u0413\u0411 16 \u0413\u0411 Android 9.0 Quad 4K - \u041c\u0456\u043d\u0456-\u041f\u041a, \u043a\u043e\u043c\u043f&#039;\u044e\u0442\u0435\u0440\u0438, \u043d\u043e\u0443\u0442\u0431\u0443\u043a\u0438, \u043f\u0435\u0440\u0435\u043a\u043b\u0430\u0434\u0430\u0447\u0456","isPartOf":{"@id":"https:\/\/www.oio.pl\/#website"},"primaryImageOfPage":{"@id":"https:\/\/www.oio.pl\/product\/mx10-mini-2gb-16gb-android-9-0-quad-4k\/#primaryimage"},"image":{"@id":"https:\/\/www.oio.pl\/product\/mx10-mini-2gb-16gb-android-9-0-quad-4k\/#primaryimage"},"thumbnailUrl":"https:\/\/www.oio.pl\/wp-content\/uploads\/2019\/06\/6.jpg","datePublished":"2019-06-11T10:05:03+00:00","dateModified":"2022-01-10T12:42:47+00:00","breadcrumb":{"@id":"https:\/\/www.oio.pl\/product\/mx10-mini-2gb-16gb-android-9-0-quad-4k\/#breadcrumb"},"inLanguage":"uk","potentialAction":[{"@type":"ReadAction","target":["https:\/\/www.oio.pl\/product\/mx10-mini-2gb-16gb-android-9-0-quad-4k\/"]}]},{"@type":"ImageObject","inLanguage":"uk","@id":"https:\/\/www.oio.pl\/product\/mx10-mini-2gb-16gb-android-9-0-quad-4k\/#primaryimage","url":"https:\/\/www.oio.pl\/wp-content\/uploads\/2019\/06\/6.jpg","contentUrl":"https:\/\/www.oio.pl\/wp-content\/uploads\/2019\/06\/6.jpg","width":800,"height":800},{"@type":"BreadcrumbList","@id":"https:\/\/www.oio.pl\/product\/mx10-mini-2gb-16gb-android-9-0-quad-4k\/#breadcrumb","itemListElement":[{"@type":"ListItem","position":1,"name":"Strona g\u0142\u00f3wna","item":"https:\/\/www.oio.pl\/"},{"@type":"ListItem","position":2,"name":"Produkty","item":"https:\/\/www.oio.pl\/"},{"@type":"ListItem","position":3,"name":"Tv Box MX10 Mini 2GB 16GB Android 9.0 Quad 4K"}]},{"@type":"WebSite","@id":"https:\/\/www.oio.pl\/#website","url":"https:\/\/www.oio.pl\/","name":"OIO.pl \u2013 \u041f\u0440\u043e\u043c\u0438\u0441\u043b\u043e\u0432\u0456 \u043f\u043b\u0430\u043d\u0448\u0435\u0442\u0438, \u0406\u0422-\u043e\u0431\u043b\u0430\u0434\u043d\u0430\u043d\u043d\u044f \u0434\u043b\u044f \u043f\u0440\u043e\u043c\u0438\u0441\u043b\u043e\u0432\u043e\u0441\u0442\u0456 \u0442\u0430 \u043b\u043e\u0433\u0456\u0441\u0442\u0438\u043a\u0438","description":"\u043f\u0440\u043e\u043c\u0438\u0441\u043b\u043e\u0432\u0456 \u043f\u043b\u0430\u043d\u0448\u0435\u0442\u0438, \u043c\u0456\u0446\u043d\u0438\u0439 \u043f\u043b\u0430\u043d\u0448\u0435\u0442, \u043f\u0440\u043e\u043c\u0438\u0441\u043b\u043e\u0432\u0438\u0439 \u043a\u043e\u043c\u043f&#039;\u044e\u0442\u0435\u0440, \u0434\u043e\u0432\u0433\u043e\u0432\u0456\u0447\u043d\u0438\u0439 \u043f\u043b\u0430\u043d\u0448\u0435\u0442, \u043e\u0431\u043b\u0430\u0434\u043d\u0430\u043d\u043d\u044f \u0434\u043b\u044f \u043f\u0440\u043e\u043c\u0438\u0441\u043b\u043e\u0432\u043e\u0441\u0442\u0456, \u043f\u043b\u0430\u043d\u0448\u0435\u0442 Windows, \u043f\u043b\u0430\u043d\u0448\u0435\u0442 IP67, \u0441\u043a\u043b\u0430\u0434\u0441\u044c\u043a\u0438\u0439 \u043d\u043e\u0443\u0442\u0431\u0443\u043a, \u043f\u0440\u043e\u043c\u0438\u0441\u043b\u043e\u0432\u0430 \u0435\u043b\u0435\u043a\u0442\u0440\u043e\u043d\u0456\u043a\u0430, \u043f\u0440\u043e\u043c\u0438\u0441\u043b\u043e\u0432\u0456 \u043a\u043e\u043c\u043f&#039;\u044e\u0442\u0435\u0440\u0438, oio.pl, \u043b\u043e\u0433\u0456\u0441\u0442\u0438\u0447\u043d\u0435 \u043e\u0431\u043b\u0430\u0434\u043d\u0430\u043d\u043d\u044f, \u043f\u043b\u0430\u043d\u0448\u0435\u0442 \u0434\u043b\u044f \u043f\u043e\u043b\u044c\u043e\u0432\u0438\u0445 \u0440\u043e\u0431\u0456\u0442, \u043f\u0440\u043e\u043c\u0438\u0441\u043b\u043e\u0432\u0438\u0439 \u0441\u0435\u043d\u0441\u043e\u0440\u043d\u0438\u0439 \u043c\u043e\u043d\u0456\u0442\u043e\u0440","publisher":{"@id":"https:\/\/www.oio.pl\/#organization"},"alternateName":"Sklep internetowy dla przemys\u0142u","potentialAction":[{"@type":"SearchAction","target":{"@type":"EntryPoint","urlTemplate":"https:\/\/www.oio.pl\/?s={search_term_string}"},"query-input":{"@type":"PropertyValueSpecification","valueRequired":true,"valueName":"search_term_string"}}],"inLanguage":"uk"},{"@type":"Organization","@id":"https:\/\/www.oio.pl\/#organization","name":"OIO","alternateName":"Sprz\u0119t komputerowy","url":"https:\/\/www.oio.pl\/","logo":{"@type":"ImageObject","inLanguage":"uk","@id":"https:\/\/www.oio.pl\/#\/schema\/logo\/image\/","url":"https:\/\/www.oio.pl\/wp-content\/uploads\/2023\/11\/cropped-cropped-oio_120x120.jpg","contentUrl":"https:\/\/www.oio.pl\/wp-content\/uploads\/2023\/11\/cropped-cropped-oio_120x120.jpg","width":120,"height":48,"caption":"OIO"},"image":{"@id":"https:\/\/www.oio.pl\/#\/schema\/logo\/image\/"},"sameAs":["https:\/\/www.facebook.com\/oiopl"]}]}},"_links":{"self":[{"href":"https:\/\/www.oio.pl\/uk\/wp-json\/wp\/v2\/product\/12","targetHints":{"allow":["GET"]}}],"collection":[{"href":"https:\/\/www.oio.pl\/uk\/wp-json\/wp\/v2\/product"}],"about":[{"href":"https:\/\/www.oio.pl\/uk\/wp-json\/wp\/v2\/types\/product"}],"replies":[{"embeddable":true,"href":"https:\/\/www.oio.pl\/uk\/wp-json\/wp\/v2\/comments?post=12"}],"wp:featuredmedia":[{"embeddable":true,"href":"https:\/\/www.oio.pl\/uk\/wp-json\/wp\/v2\/media\/18"}],"wp:attachment":[{"href":"https:\/\/www.oio.pl\/uk\/wp-json\/wp\/v2\/media?parent=12"}],"wp:term":[{"taxonomy":"product_brand","embeddable":true,"href":"https:\/\/www.oio.pl\/uk\/wp-json\/wp\/v2\/product_brand?post=12"},{"taxonomy":"product_cat","embeddable":true,"href":"https:\/\/www.oio.pl\/uk\/wp-json\/wp\/v2\/product_cat?post=12"},{"taxonomy":"product_tag","embeddable":true,"href":"https:\/\/www.oio.pl\/uk\/wp-json\/wp\/v2\/product_tag?post=12"}],"curies":[{"name":"wp","href":"https:\/\/api.w.org\/{rel}","templated":true}]}}