{"id":312,"date":"2019-06-27T12:19:49","date_gmt":"2019-06-27T10:19:49","guid":{"rendered":"http:\/\/www.oio.pl\/?post_type=product&#038;p=312"},"modified":"2025-11-20T16:16:40","modified_gmt":"2025-11-20T15:16:40","slug":"h1900-j1900-4gb-128gb-2xrs232","status":"publish","type":"product","link":"https:\/\/www.oio.pl\/uk\/product\/h1900-j1900-4gb-128gb-2xrs232\/","title":{"rendered":"Komputer przemys\u0142owy Chipol H44U J1900 2xRS232 Fanless"},"content":{"rendered":"<p><strong>Komputer H44U<\/strong> \u0446\u0435 \u043a\u043e\u043c\u043f&#039;\u044e\u0442\u0435\u0440 \u043e\u0441\u0442\u0430\u043d\u043d\u044c\u043e\u0433\u043e \u043f\u043e\u043a\u043e\u043b\u0456\u043d\u043d\u044f \u0434\u043b\u044f \u043e\u0444\u0456\u0441\u0443, \u043e\u0444\u0456\u0441\u0443 \u0442\u0430 \u0448\u043a\u043e\u043b\u0438. \u041a\u043e\u043d\u0441\u0442\u0440\u0443\u043a\u0446\u0456\u044f \u043f\u0440\u0438\u0441\u0442\u0440\u043e\u044e \u0437\u0430\u0431\u0435\u0437\u043f\u0435\u0447\u0443\u0454 \u0435\u0444\u0435\u043a\u0442\u0438\u0432\u043d\u0435 \u0442\u0430 \u0431\u0435\u0437\u0432\u0456\u0434\u043c\u043e\u0432\u043d\u0435 \u0432\u0438\u043a\u043e\u0440\u0438\u0441\u0442\u0430\u043d\u043d\u044f \u043d\u0430\u0432\u0456\u0442\u044c 24 \u0433\u043e\u0434\u0438\u043d\u0438 \u043d\u0430 \u0434\u043e\u0431\u0443. \u0410\u043b\u044e\u043c\u0456\u043d\u0456\u0454\u0432\u0438\u0439 \u043a\u043e\u0440\u043f\u0443\u0441, \u043f\u0440\u0438\u0454\u043c\u043d\u0438\u0439 \u0434\u0438\u0437\u0430\u0439\u043d \u0456 \u0432\u0456\u0434\u0441\u0443\u0442\u043d\u0456\u0441\u0442\u044c \u0430\u043a\u0442\u0438\u0432\u043d\u0438\u0445 \u0435\u043b\u0435\u043c\u0435\u043d\u0442\u0456\u0432 \u043e\u0445\u043e\u043b\u043e\u0434\u0436\u0435\u043d\u043d\u044f \u0434\u043e\u0437\u0432\u043e\u043b\u044f\u044e\u0442\u044c \u043d\u0430\u0441\u043e\u043b\u043e\u0434\u0436\u0443\u0432\u0430\u0442\u0438\u0441\u044f \u0440\u043e\u0431\u043e\u0442\u043e\u044e \u0432 \u0442\u0438\u0448\u0456 \u043e\u0444\u0456\u0441\u0443 \u0430\u0431\u043e \u0432\u0434\u043e\u043c\u0430. \u0417\u0430\u0432\u0434\u044f\u043a\u0438 \u043d\u0435\u0432\u0435\u043b\u0438\u043a\u0438\u043c \u0440\u043e\u0437\u043c\u0456\u0440\u0430\u043c \u0456 \u0433\u0430\u0440\u043d\u043e\u043c\u0443 \u0437\u043e\u0432\u043d\u0456\u0448\u043d\u044c\u043e\u043c\u0443 \u0432\u0438\u0433\u043b\u044f\u0434\u0443 \u043a\u043e\u043c\u043f&#039;\u044e\u0442\u0435\u0440 H1900 \u043c\u043e\u0436\u043d\u0430 \u0440\u043e\u0437\u043c\u0456\u0441\u0442\u0438\u0442\u0438 \u0434\u0435 \u0437\u0430\u0432\u0433\u043e\u0434\u043d\u043e. \u041a\u043e\u043d\u0441\u0442\u0440\u0443\u043a\u0446\u0456\u044f \u0431\u0435\u0437 \u0432\u0435\u043d\u0442\u0438\u043b\u044f\u0442\u043e\u0440\u0430 \u0434\u043e\u0437\u0432\u043e\u043b\u044f\u0454 \u0434\u0438\u0432\u0438\u0442\u0438\u0441\u044f \u0444\u0456\u043b\u044c\u043c\u0438 \u0430\u0431\u043e \u0441\u043b\u0443\u0445\u0430\u0442\u0438 \u043c\u0443\u0437\u0438\u043a\u0443 \u0443 \u0432\u0456\u0442\u0430\u043b\u044c\u043d\u0456, \u043d\u0435 \u0441\u0442\u0432\u043e\u0440\u044e\u044e\u0447\u0438 \u0434\u043e\u0434\u0430\u0442\u043a\u043e\u0432\u043e\u0433\u043e \u0448\u0443\u043c\u0443 \u0447\u0438 \u0437\u0432\u0443\u043a\u0443.<\/p>\n<p>\u041c\u0430\u043a\u0441\u0438\u043c\u0430\u043b\u044c\u043d\u0430 \u0441\u043f\u043e\u0436\u0438\u0432\u0430\u043d\u0430 \u043f\u043e\u0442\u0443\u0436\u043d\u0456\u0441\u0442\u044c \u043f\u0440\u0438\u043b\u0430\u0434\u0443 60\u0412\u0442, \u0442\u043e\u0431\u0442\u043e \u043f\u043e\u0442\u0443\u0436\u043d\u0456\u0441\u0442\u044c \u0441\u0435\u0440\u0435\u0434\u043d\u044c\u043e\u0457 \u043b\u0430\u043c\u043f\u043e\u0447\u043a\u0438, \u0432 \u043f\u043e\u0440\u0456\u0432\u043d\u044f\u043d\u043d\u0456 \u0437\u0456 \u0441\u0442\u0430\u043d\u0434\u0430\u0440\u0442\u043d\u0438\u043c\u0438 \u043d\u0430\u0441\u0442\u0456\u043b\u044c\u043d\u0438\u043c\u0438 \u043a\u043e\u043c\u043f&#039;\u044e\u0442\u0435\u0440\u0430\u043c\u0438 \u0432\u0441\u044c\u043e\u0433\u043e 10%!!! \u2013 \u0456\u0441\u043d\u0443\u0454 \u0432\u0435\u043b\u0438\u0447\u0435\u0437\u043d\u0430 \u0440\u0456\u0437\u043d\u0438\u0446\u044f \u0434\u043b\u044f \u0448\u043a\u0456\u043b \u0442\u0430 \u0456\u043d\u0448\u0438\u0445 \u0437\u0430\u043a\u043b\u0430\u0434\u0456\u0432, \u044f\u043a\u0456 \u043c\u0430\u044e\u0442\u044c \u0431\u0430\u0433\u0430\u0442\u043e \u0442\u0430\u043a\u0438\u0445 \u043f\u0456\u0434\u0440\u043e\u0437\u0434\u0456\u043b\u0456\u0432.<\/p>\n<p>\u0423\u043d\u0456\u0432\u0435\u0440\u0441\u0430\u043b\u044c\u043d\u0456\u0441\u0442\u044c \u043f\u0440\u0438\u0441\u0442\u0440\u043e\u044e \u0434\u043e\u0437\u0432\u043e\u043b\u044f\u0454 \u0432\u0438\u043a\u043e\u0440\u0438\u0441\u0442\u043e\u0432\u0443\u0432\u0430\u0442\u0438 \u0439\u043e\u0433\u043e \u0432 \u0431\u0430\u0433\u0430\u0442\u044c\u043e\u0445 \u0441\u0446\u0435\u043d\u0430\u0440\u0456\u044f\u0445, \u0432\u0456\u043d \u043c\u043e\u0436\u0435 \u0431\u0443\u0442\u0438 \u043a\u043e\u0440\u0438\u0441\u043d\u0438\u043c \u0456\u043d\u0441\u0442\u0440\u0443\u043c\u0435\u043d\u0442\u043e\u043c \u0456 \u0435\u0444\u0435\u043a\u0442\u043d\u0438\u043c \u0434\u043e\u043f\u043e\u0432\u043d\u0435\u043d\u043d\u044f\u043c \u043f\u0440\u043e\u0441\u0442\u043e\u0440\u0443.<\/p>\n<h4>\u0422\u0435\u0445\u043d\u0456\u0447\u043d\u0456 \u0445\u0430\u0440\u0430\u043a\u0442\u0435\u0440\u0438\u0441\u0442\u0438\u043a\u0438:<\/h4>\n<ul>\n<li><strong>\u0414\u043e\u0441\u0442\u0443\u043f\u043d\u0430 \u043e\u043f\u0435\u0440\u0430\u0446\u0456\u0439\u043d\u0430 \u0441\u0438\u0441\u0442\u0435\u043c\u0430:<\/strong> Windows 7\/8\/10<\/li>\n<li><strong>\u041f\u0440\u043e\u0446\u0435\u0441\u043e\u0440 \u0426\u041f:<\/strong> Intel Celeron J1900 Quad Core 2.0\/2.4GHz<\/li>\n<li><strong>\u0412\u0456\u0434\u0435\u043e\u043a\u0430\u0440\u0442\u0430 GPU:<\/strong> Intel HD Graphics (Z7300)<\/li>\n<li><strong>\u0412\u0456\u0434\u0435\u043e\u0432\u0438\u0445\u043e\u0434\u0438:<\/strong> HDMI 1.4 1920\u00d71200 + VGA 1920\u00d71200<\/li>\n<li><strong>\u0410\u0443\u0434\u0456\u043e\u0432\u0438\u0445\u043e\u0434\u0438\/\u0432\u0445\u043e\u0434\u0438:<\/strong> \u043d\u0430\u0432\u0443\u0448\u043d\u0438\u043a\u0438 + \u043c\u0456\u043a\u0440\u043e\u0444\u043e\u043d<\/li>\n<li><strong>\u0414\u0440\u043e\u0442\u043e\u0432\u0438\u0439 \u0432\u0438\u0441\u043e\u043a\u043e\u0448\u0432\u0438\u0434\u043a\u0456\u0441\u043d\u0438\u0439 Ethernet:<\/strong> 10\/100\/1000 \u041c\u0431\u0456\u0442\/\u0441 RJ45<\/li>\n<li><strong>\u041f\u043e\u0440\u0442\u0438:<\/strong> USB 3.0 + USB 2.0, HDMI 1.4, VGA, RJ45, \u043c\u0456\u043a\u0440\u043e\u0444\u043e\u043d, \u043d\u0430\u0432\u0443\u0448\u043d\u0438\u043a\u0438, \u0436\u0438\u0432\u043b\u0435\u043d\u043d\u044f, 2x <b>RS232<\/b><\/li>\n<\/ul>","protected":false},"excerpt":{"rendered":"<p>Komputer H44U jest najnowszej generacji komputerem do biura, urz\u0119du, szko\u0142y. Konstrukcja urz\u0105dzenia zapewnia sprawne i bezawaryjne u\u017cytkowanie nawet 24h na dob\u0119. Aluminiowa obudowa, \u0142adny design oraz brak aktywnych element\u00f3w ch\u0142odz\u0105cych pozwala cieszy\u0107 si\u0119 prac\u0105 w ciszy biura lub w zaciszu domowym. Komputer H1900 dzi\u0119ki ma\u0142ym wymiarom oraz dobrej prezencji mo\u017cna ustawi\u0107 w dowolnym miejscu. Konstrukcja [&hellip;]<\/p>\n","protected":false},"featured_media":323,"comment_status":"closed","ping_status":"closed","template":"","meta":[],"product_brand":[3231],"product_cat":[97,24,117],"product_tag":[124,125,3136,2531,3016,2900,3017,3018,3027,1437,3020,3019,3015,3022,3024,3029,1345,3026,47,122,123,77,49,2930,45,54,2621,46,3130,3031,3144,48,2545,121],"class_list":{"0":"post-312","1":"product","2":"type-product","3":"status-publish","4":"has-post-thumbnail","6":"product_brand-chipol","7":"product_cat-pc-przemyslowe","8":"product_cat-mini-pc","9":"product_cat-pc-2xrs232","10":"product_tag-minikomputer","11":"product_tag-minipc","12":"product_tag-cheap-mini-pc","13":"product_tag-computer","14":"product_tag-computers","15":"product_tag-desktop-mini-pc","16":"product_tag-industrial","17":"product_tag-industrial-automation","18":"product_tag-industrial-automation-controllers","19":"product_tag-industrial-computer","20":"product_tag-industrial-computer-platform","21":"product_tag-industrial-computer-storage","22":"product_tag-industrial-computers","23":"product_tag-industrial-computing","24":"product_tag-industrial-equipment-manufacturing","25":"product_tag-industrial-hardware","26":"product_tag-industrial-pc","27":"product_tag-industrialpc","28":"product_tag-komputer","29":"product_tag-komputer-do-biura","30":"product_tag-komputer-do-szkoly","31":"product_tag-komputer-przemyslowy","32":"product_tag-komputery","33":"product_tag-maly-komputer","34":"product_tag-mikrokomputer","35":"product_tag-mikrokomputery","36":"product_tag-mini-komputer","37":"product_tag-mini-pc","38":"product_tag-powerful-mini-pc","39":"product_tag-specialist-computers","40":"product_tag-tani-komputer","41":"product_tag-windows-10","42":"product_tag-windows-mini-pc","43":"product_tag-wolnosc-w-biurze","45":"first","46":"instock","47":"taxable","48":"shipping-taxable","49":"purchasable","50":"product-type-variable","51":"has-default-attributes","52":"czr-hentry"},"yoast_head":"<!-- This site is optimized with the Yoast SEO plugin v27.5 - https:\/\/yoast.com\/product\/yoast-seo-wordpress\/ -->\n<title>Komputer przemys\u0142owy Chipol H44U J1900 2xRS232 Fanless - Mini PC, Komputery, Laptopy, Translatory<\/title>\n<meta name=\"robots\" content=\"index, follow, max-snippet:-1, max-image-preview:large, max-video-preview:-1\" \/>\n<link rel=\"canonical\" href=\"https:\/\/www.oio.pl\/uk\/\u043f\u0440\u043e\u0434\u0443\u043a\u0442\/h1900-j1900-4gb-128gb-2xrs232\/\" \/>\n<meta property=\"og:locale\" content=\"uk_UA\" \/>\n<meta property=\"og:type\" content=\"article\" \/>\n<meta property=\"og:title\" content=\"Komputer przemys\u0142owy Chipol H44U J1900 2xRS232 Fanless - Mini PC, Komputery, Laptopy, Translatory\" \/>\n<meta property=\"og:description\" content=\"Komputer H44U jest najnowszej generacji komputerem do biura, urz\u0119du, szko\u0142y. Konstrukcja urz\u0105dzenia zapewnia sprawne i bezawaryjne u\u017cytkowanie nawet 24h na dob\u0119. Aluminiowa obudowa, \u0142adny design oraz brak aktywnych element\u00f3w ch\u0142odz\u0105cych pozwala cieszy\u0107 si\u0119 prac\u0105 w ciszy biura lub w zaciszu domowym. Komputer H1900 dzi\u0119ki ma\u0142ym wymiarom oraz dobrej prezencji mo\u017cna ustawi\u0107 w dowolnym miejscu. Konstrukcja [&hellip;]\" \/>\n<meta property=\"og:url\" content=\"https:\/\/www.oio.pl\/uk\/\u043f\u0440\u043e\u0434\u0443\u043a\u0442\/h1900-j1900-4gb-128gb-2xrs232\/\" \/>\n<meta property=\"og:site_name\" content=\"Mini PC, Komputery, Laptopy, Translatory\" \/>\n<meta property=\"article:publisher\" content=\"https:\/\/www.facebook.com\/oiopl\" \/>\n<meta property=\"article:modified_time\" content=\"2025-11-20T15:16:40+00:00\" \/>\n<meta property=\"og:image\" content=\"https:\/\/www.oio.pl\/wp-content\/uploads\/2019\/06\/H1900_10.jpg\" \/>\n\t<meta property=\"og:image:width\" content=\"437\" \/>\n\t<meta property=\"og:image:height\" content=\"439\" \/>\n\t<meta property=\"og:image:type\" content=\"image\/jpeg\" \/>\n<meta name=\"twitter:card\" content=\"summary_large_image\" \/>\n<meta name=\"twitter:label1\" content=\"\u041f\u0440\u0438\u0431\u043b. \u0447\u0430\u0441 \u0447\u0438\u0442\u0430\u043d\u043d\u044f\" \/>\n\t<meta name=\"twitter:data1\" content=\"2 \u0445\u0432\u0438\u043b\u0438\u043d\u0438\" \/>\n<script type=\"application\/ld+json\" class=\"yoast-schema-graph\">{\"@context\":\"https:\\\/\\\/schema.org\",\"@graph\":[{\"@type\":\"WebPage\",\"@id\":\"https:\\\/\\\/www.oio.pl\\\/product\\\/h1900-j1900-4gb-128gb-2xrs232\\\/\",\"url\":\"https:\\\/\\\/www.oio.pl\\\/product\\\/h1900-j1900-4gb-128gb-2xrs232\\\/\",\"name\":\"Komputer przemys\u0142owy Chipol H44U J1900 2xRS232 Fanless - Mini PC, Komputery, Laptopy, Translatory\",\"isPartOf\":{\"@id\":\"https:\\\/\\\/www.oio.pl\\\/#website\"},\"primaryImageOfPage\":{\"@id\":\"https:\\\/\\\/www.oio.pl\\\/product\\\/h1900-j1900-4gb-128gb-2xrs232\\\/#primaryimage\"},\"image\":{\"@id\":\"https:\\\/\\\/www.oio.pl\\\/product\\\/h1900-j1900-4gb-128gb-2xrs232\\\/#primaryimage\"},\"thumbnailUrl\":\"https:\\\/\\\/www.oio.pl\\\/wp-content\\\/uploads\\\/2019\\\/06\\\/H1900_10.jpg\",\"datePublished\":\"2019-06-27T10:19:49+00:00\",\"dateModified\":\"2025-11-20T15:16:40+00:00\",\"breadcrumb\":{\"@id\":\"https:\\\/\\\/www.oio.pl\\\/product\\\/h1900-j1900-4gb-128gb-2xrs232\\\/#breadcrumb\"},\"inLanguage\":\"uk\",\"potentialAction\":[{\"@type\":\"ReadAction\",\"target\":[\"https:\\\/\\\/www.oio.pl\\\/product\\\/h1900-j1900-4gb-128gb-2xrs232\\\/\"]}]},{\"@type\":\"ImageObject\",\"inLanguage\":\"uk\",\"@id\":\"https:\\\/\\\/www.oio.pl\\\/product\\\/h1900-j1900-4gb-128gb-2xrs232\\\/#primaryimage\",\"url\":\"https:\\\/\\\/www.oio.pl\\\/wp-content\\\/uploads\\\/2019\\\/06\\\/H1900_10.jpg\",\"contentUrl\":\"https:\\\/\\\/www.oio.pl\\\/wp-content\\\/uploads\\\/2019\\\/06\\\/H1900_10.jpg\",\"width\":437,\"height\":439},{\"@type\":\"BreadcrumbList\",\"@id\":\"https:\\\/\\\/www.oio.pl\\\/product\\\/h1900-j1900-4gb-128gb-2xrs232\\\/#breadcrumb\",\"itemListElement\":[{\"@type\":\"ListItem\",\"position\":1,\"name\":\"Strona g\u0142\u00f3wna\",\"item\":\"https:\\\/\\\/www.oio.pl\\\/\"},{\"@type\":\"ListItem\",\"position\":2,\"name\":\"Produkty\",\"item\":\"https:\\\/\\\/www.oio.pl\\\/\"},{\"@type\":\"ListItem\",\"position\":3,\"name\":\"Komputer przemys\u0142owy Chipol H44U J1900 2xRS232 Fanless\"}]},{\"@type\":\"WebSite\",\"@id\":\"https:\\\/\\\/www.oio.pl\\\/#website\",\"url\":\"https:\\\/\\\/www.oio.pl\\\/\",\"name\":\"OIO.pl \u2013 Tablety przemys\u0142owe, sprz\u0119t IT dla przemys\u0142u i logistyki\",\"description\":\"tablety przemys\u0142owe, rugged tablet, komputer przemys\u0142owy, tablet wytrzyma\u0142y, sprz\u0119t dla przemys\u0142u, tablet z Windows, tablet IP67, laptop dla magazynu, elektronika przemys\u0142owa, komputery przemys\u0142owe, oio.pl, sprz\u0119t dla logistyki, tablet do pracy w terenie, monitor dotykowy przemys\u0142owy\",\"publisher\":{\"@id\":\"https:\\\/\\\/www.oio.pl\\\/#organization\"},\"alternateName\":\"Sklep internetowy dla przemys\u0142u\",\"potentialAction\":[{\"@type\":\"SearchAction\",\"target\":{\"@type\":\"EntryPoint\",\"urlTemplate\":\"https:\\\/\\\/www.oio.pl\\\/?s={search_term_string}\"},\"query-input\":{\"@type\":\"PropertyValueSpecification\",\"valueRequired\":true,\"valueName\":\"search_term_string\"}}],\"inLanguage\":\"uk\"},{\"@type\":\"Organization\",\"@id\":\"https:\\\/\\\/www.oio.pl\\\/#organization\",\"name\":\"OIO\",\"alternateName\":\"Sprz\u0119t komputerowy\",\"url\":\"https:\\\/\\\/www.oio.pl\\\/\",\"logo\":{\"@type\":\"ImageObject\",\"inLanguage\":\"uk\",\"@id\":\"https:\\\/\\\/www.oio.pl\\\/#\\\/schema\\\/logo\\\/image\\\/\",\"url\":\"https:\\\/\\\/www.oio.pl\\\/wp-content\\\/uploads\\\/2023\\\/11\\\/cropped-cropped-oio_120x120.jpg\",\"contentUrl\":\"https:\\\/\\\/www.oio.pl\\\/wp-content\\\/uploads\\\/2023\\\/11\\\/cropped-cropped-oio_120x120.jpg\",\"width\":120,\"height\":48,\"caption\":\"OIO\"},\"image\":{\"@id\":\"https:\\\/\\\/www.oio.pl\\\/#\\\/schema\\\/logo\\\/image\\\/\"},\"sameAs\":[\"https:\\\/\\\/www.facebook.com\\\/oiopl\"]}]}<\/script>\n<!-- \/ Yoast SEO plugin. -->","yoast_head_json":{"title":"Komputer przemys\u0142owy Chipol H44U J1900 2xRS232 Fanless - Mini PC, Komputery, Laptopy, Translatory","robots":{"index":"index","follow":"follow","max-snippet":"max-snippet:-1","max-image-preview":"max-image-preview:large","max-video-preview":"max-video-preview:-1"},"canonical":"https:\/\/www.oio.pl\/uk\/\u043f\u0440\u043e\u0434\u0443\u043a\u0442\/h1900-j1900-4gb-128gb-2xrs232\/","og_locale":"uk_UA","og_type":"article","og_title":"Komputer przemys\u0142owy Chipol H44U J1900 2xRS232 Fanless - Mini PC, Komputery, Laptopy, Translatory","og_description":"Komputer H44U jest najnowszej generacji komputerem do biura, urz\u0119du, szko\u0142y. Konstrukcja urz\u0105dzenia zapewnia sprawne i bezawaryjne u\u017cytkowanie nawet 24h na dob\u0119. Aluminiowa obudowa, \u0142adny design oraz brak aktywnych element\u00f3w ch\u0142odz\u0105cych pozwala cieszy\u0107 si\u0119 prac\u0105 w ciszy biura lub w zaciszu domowym. Komputer H1900 dzi\u0119ki ma\u0142ym wymiarom oraz dobrej prezencji mo\u017cna ustawi\u0107 w dowolnym miejscu. Konstrukcja [&hellip;]","og_url":"https:\/\/www.oio.pl\/uk\/\u043f\u0440\u043e\u0434\u0443\u043a\u0442\/h1900-j1900-4gb-128gb-2xrs232\/","og_site_name":"Mini PC, Komputery, Laptopy, Translatory","article_publisher":"https:\/\/www.facebook.com\/oiopl","article_modified_time":"2025-11-20T15:16:40+00:00","og_image":[{"width":437,"height":439,"url":"https:\/\/www.oio.pl\/wp-content\/uploads\/2019\/06\/H1900_10.jpg","type":"image\/jpeg"}],"twitter_card":"summary_large_image","twitter_misc":{"\u041f\u0440\u0438\u0431\u043b. \u0447\u0430\u0441 \u0447\u0438\u0442\u0430\u043d\u043d\u044f":"2 \u0445\u0432\u0438\u043b\u0438\u043d\u0438"},"schema":{"@context":"https:\/\/schema.org","@graph":[{"@type":"WebPage","@id":"https:\/\/www.oio.pl\/product\/h1900-j1900-4gb-128gb-2xrs232\/","url":"https:\/\/www.oio.pl\/product\/h1900-j1900-4gb-128gb-2xrs232\/","name":"Komputer przemys\u0142owy Chipol H44U J1900 2xRS232 Fanless - Mini PC, Komputery, Laptopy, Translatory","isPartOf":{"@id":"https:\/\/www.oio.pl\/#website"},"primaryImageOfPage":{"@id":"https:\/\/www.oio.pl\/product\/h1900-j1900-4gb-128gb-2xrs232\/#primaryimage"},"image":{"@id":"https:\/\/www.oio.pl\/product\/h1900-j1900-4gb-128gb-2xrs232\/#primaryimage"},"thumbnailUrl":"https:\/\/www.oio.pl\/wp-content\/uploads\/2019\/06\/H1900_10.jpg","datePublished":"2019-06-27T10:19:49+00:00","dateModified":"2025-11-20T15:16:40+00:00","breadcrumb":{"@id":"https:\/\/www.oio.pl\/product\/h1900-j1900-4gb-128gb-2xrs232\/#breadcrumb"},"inLanguage":"uk","potentialAction":[{"@type":"ReadAction","target":["https:\/\/www.oio.pl\/product\/h1900-j1900-4gb-128gb-2xrs232\/"]}]},{"@type":"ImageObject","inLanguage":"uk","@id":"https:\/\/www.oio.pl\/product\/h1900-j1900-4gb-128gb-2xrs232\/#primaryimage","url":"https:\/\/www.oio.pl\/wp-content\/uploads\/2019\/06\/H1900_10.jpg","contentUrl":"https:\/\/www.oio.pl\/wp-content\/uploads\/2019\/06\/H1900_10.jpg","width":437,"height":439},{"@type":"BreadcrumbList","@id":"https:\/\/www.oio.pl\/product\/h1900-j1900-4gb-128gb-2xrs232\/#breadcrumb","itemListElement":[{"@type":"ListItem","position":1,"name":"Strona g\u0142\u00f3wna","item":"https:\/\/www.oio.pl\/"},{"@type":"ListItem","position":2,"name":"Produkty","item":"https:\/\/www.oio.pl\/"},{"@type":"ListItem","position":3,"name":"Komputer przemys\u0142owy Chipol H44U J1900 2xRS232 Fanless"}]},{"@type":"WebSite","@id":"https:\/\/www.oio.pl\/#website","url":"https:\/\/www.oio.pl\/","name":"OIO.pl \u2013 \u041f\u0440\u043e\u043c\u0438\u0441\u043b\u043e\u0432\u0456 \u043f\u043b\u0430\u043d\u0448\u0435\u0442\u0438, \u0406\u0422-\u043e\u0431\u043b\u0430\u0434\u043d\u0430\u043d\u043d\u044f \u0434\u043b\u044f \u043f\u0440\u043e\u043c\u0438\u0441\u043b\u043e\u0432\u043e\u0441\u0442\u0456 \u0442\u0430 \u043b\u043e\u0433\u0456\u0441\u0442\u0438\u043a\u0438","description":"\u043f\u0440\u043e\u043c\u0438\u0441\u043b\u043e\u0432\u0456 \u043f\u043b\u0430\u043d\u0448\u0435\u0442\u0438, \u043c\u0456\u0446\u043d\u0438\u0439 \u043f\u043b\u0430\u043d\u0448\u0435\u0442, \u043f\u0440\u043e\u043c\u0438\u0441\u043b\u043e\u0432\u0438\u0439 \u043a\u043e\u043c\u043f&#039;\u044e\u0442\u0435\u0440, \u0434\u043e\u0432\u0433\u043e\u0432\u0456\u0447\u043d\u0438\u0439 \u043f\u043b\u0430\u043d\u0448\u0435\u0442, \u043e\u0431\u043b\u0430\u0434\u043d\u0430\u043d\u043d\u044f \u0434\u043b\u044f \u043f\u0440\u043e\u043c\u0438\u0441\u043b\u043e\u0432\u043e\u0441\u0442\u0456, \u043f\u043b\u0430\u043d\u0448\u0435\u0442 Windows, \u043f\u043b\u0430\u043d\u0448\u0435\u0442 IP67, \u0441\u043a\u043b\u0430\u0434\u0441\u044c\u043a\u0438\u0439 \u043d\u043e\u0443\u0442\u0431\u0443\u043a, \u043f\u0440\u043e\u043c\u0438\u0441\u043b\u043e\u0432\u0430 \u0435\u043b\u0435\u043a\u0442\u0440\u043e\u043d\u0456\u043a\u0430, \u043f\u0440\u043e\u043c\u0438\u0441\u043b\u043e\u0432\u0456 \u043a\u043e\u043c\u043f&#039;\u044e\u0442\u0435\u0440\u0438, oio.pl, \u043b\u043e\u0433\u0456\u0441\u0442\u0438\u0447\u043d\u0435 \u043e\u0431\u043b\u0430\u0434\u043d\u0430\u043d\u043d\u044f, \u043f\u043b\u0430\u043d\u0448\u0435\u0442 \u0434\u043b\u044f \u043f\u043e\u043b\u044c\u043e\u0432\u0438\u0445 \u0440\u043e\u0431\u0456\u0442, \u043f\u0440\u043e\u043c\u0438\u0441\u043b\u043e\u0432\u0438\u0439 \u0441\u0435\u043d\u0441\u043e\u0440\u043d\u0438\u0439 \u043c\u043e\u043d\u0456\u0442\u043e\u0440","publisher":{"@id":"https:\/\/www.oio.pl\/#organization"},"alternateName":"Sklep internetowy dla przemys\u0142u","potentialAction":[{"@type":"SearchAction","target":{"@type":"EntryPoint","urlTemplate":"https:\/\/www.oio.pl\/?s={search_term_string}"},"query-input":{"@type":"PropertyValueSpecification","valueRequired":true,"valueName":"search_term_string"}}],"inLanguage":"uk"},{"@type":"Organization","@id":"https:\/\/www.oio.pl\/#organization","name":"OIO","alternateName":"Sprz\u0119t komputerowy","url":"https:\/\/www.oio.pl\/","logo":{"@type":"ImageObject","inLanguage":"uk","@id":"https:\/\/www.oio.pl\/#\/schema\/logo\/image\/","url":"https:\/\/www.oio.pl\/wp-content\/uploads\/2023\/11\/cropped-cropped-oio_120x120.jpg","contentUrl":"https:\/\/www.oio.pl\/wp-content\/uploads\/2023\/11\/cropped-cropped-oio_120x120.jpg","width":120,"height":48,"caption":"OIO"},"image":{"@id":"https:\/\/www.oio.pl\/#\/schema\/logo\/image\/"},"sameAs":["https:\/\/www.facebook.com\/oiopl"]}]}},"_links":{"self":[{"href":"https:\/\/www.oio.pl\/uk\/wp-json\/wp\/v2\/product\/312","targetHints":{"allow":["GET"]}}],"collection":[{"href":"https:\/\/www.oio.pl\/uk\/wp-json\/wp\/v2\/product"}],"about":[{"href":"https:\/\/www.oio.pl\/uk\/wp-json\/wp\/v2\/types\/product"}],"replies":[{"embeddable":true,"href":"https:\/\/www.oio.pl\/uk\/wp-json\/wp\/v2\/comments?post=312"}],"wp:featuredmedia":[{"embeddable":true,"href":"https:\/\/www.oio.pl\/uk\/wp-json\/wp\/v2\/media\/323"}],"wp:attachment":[{"href":"https:\/\/www.oio.pl\/uk\/wp-json\/wp\/v2\/media?parent=312"}],"wp:term":[{"taxonomy":"product_brand","embeddable":true,"href":"https:\/\/www.oio.pl\/uk\/wp-json\/wp\/v2\/product_brand?post=312"},{"taxonomy":"product_cat","embeddable":true,"href":"https:\/\/www.oio.pl\/uk\/wp-json\/wp\/v2\/product_cat?post=312"},{"taxonomy":"product_tag","embeddable":true,"href":"https:\/\/www.oio.pl\/uk\/wp-json\/wp\/v2\/product_tag?post=312"}],"curies":[{"name":"wp","href":"https:\/\/api.w.org\/{rel}","templated":true}]}}