{"id":4834,"date":"2022-07-14T13:33:04","date_gmt":"2022-07-14T11:33:04","guid":{"rendered":"https:\/\/www.oio.pl\/?post_type=product&#038;p=4834"},"modified":"2024-08-11T14:18:15","modified_gmt":"2024-08-11T12:18:15","slug":"%d0%bf%d1%80%d0%be%d0%bc%d0%b8%d1%81%d0%bb%d0%be%d0%b2%d0%b8%d0%b9-%d0%bc%d0%be%d0%bd%d1%96%d1%82%d0%be%d1%80-15-12801024-%d1%80%d0%b5%d0%b7%d0%b8%d1%81%d1%82%d0%b8%d0%b2%d0%bd%d0%b8%d0%b9-7h-ip65f","status":"publish","type":"product","link":"https:\/\/www.oio.pl\/uk\/product\/monitor-przemyslowy-15-12801024-rezystancyjny-7h-ip65f\/","title":{"rendered":"\u041f\u0440\u043e\u043c\u0438\u0441\u043b\u043e\u0432\u0438\u0439 \u043c\u043e\u043d\u0456\u0442\u043e\u0440 15\u2033 1024*768 \u0440\u0435\u0437\u0438\u0441\u0442\u0438\u0432\u043d\u0438\u0439 7H IP65F"},"content":{"rendered":"<p>\u0421\u043f\u0435\u0446\u0438\u0444\u0456\u043a\u0430\u0446\u0456\u044f:<\/p>\n<ul>\n<li>\u041c\u043e\u0434\u0435\u043b\u044c: MCC-15R<\/li>\n<li>\u0420\u043e\u0437\u043c\u0456\u0440: 15 \u0434\u044e\u0439\u043c\u0456\u0432<\/li>\n<li>\u0420\u043e\u0437\u0434\u0456\u043b\u044c\u043d\u0430 \u0437\u0434\u0430\u0442\u043d\u0456\u0441\u0442\u044c: 1024 x 768<\/li>\n<li>\u042f\u0441\u043a\u0440\u0430\u0432\u0456\u0441\u0442\u044c: 300 \u043a\u0434\/\u043c<\/li>\n<li>\u041a\u043e\u043d\u0442\u0440\u0430\u0441\u0442: 800:1<\/li>\n<li>\u041f\u0440\u043e\u043f\u043e\u0440\u0446\u0456\u0457: 4:3<\/li>\n<li>\u041f\u0456\u0434\u0441\u0432\u0456\u0447\u0443\u0432\u0430\u043d\u043d\u044f: WLED<\/li>\n<li>\u0422\u0438\u043f \u0434\u043e\u0442\u0438\u043a\u0443: \u0440\u0435\u0437\u0438\u0441\u0442\u0438\u0432\u043d\u0438\u0439<\/li>\n<li>\u0421\u0435\u043d\u0441\u043e\u0440\u043d\u0430 \u043f\u0435\u0440\u0435\u0434\u0430\u0447\u0430: &gt;70%<\/li>\n<li>\u0422\u0432\u0435\u0440\u0434\u0456\u0441\u0442\u044c \u043f\u043e\u0432\u0435\u0440\u0445\u043d\u0456: 7H<\/li>\n<li>\u041a\u0456\u043b\u044c\u043a\u0456\u0441\u0442\u044c \u0442\u043e\u0447\u043e\u043a \u0434\u043e\u0442\u0438\u043a\u0443: 5 \u0442\u043e\u0447\u043e\u043a<\/li>\n<li>\u0412\u0445\u043e\u0434\u0438\/\u0432\u0438\u0445\u043e\u0434\u0438: VGA, HDMI, USB, \u0430\u0443\u0434\u0456\u043e, \u0436\u0438\u0432\u043b\u0435\u043d\u043d\u044f<\/li>\n<li>\u0411\u0435\u0437\u043f\u0435\u043a\u0430 \u0441\u043f\u0435\u0440\u0435\u0434\u0443: IP65<\/li>\n<li>\u0417\u0430\u0434\u043d\u044f \u0431\u0435\u0437\u043f\u0435\u043a\u0430: IP54<\/li>\n<li>\u0420\u043e\u0431\u043e\u0447\u0430 \u043f\u043e\u0432\u0435\u0440\u0445\u043d\u044f: 304 \u0445 228 \u043c\u043c<\/li>\n<li>\u041a\u0443\u0442\u0438 \u043e\u0433\u043b\u044f\u0434\u0443: 80\/80\/70\/70<\/li>\n<li>\u0420\u043e\u0431\u043e\u0447\u0430 \u0442\u0435\u043c\u043f\u0435\u0440\u0430\u0442\u0443\u0440\u0430: 0 \u2013 60 \u2103<\/li>\n<li>\u0420\u043e\u0437\u043c\u0456\u0440\u0438: 380 x 30 x 51 \u043c\u043c<\/li>\n<li>\u0417\u0431\u0456\u0440\u043a\u0430: 75\u00d775, 100\u00d7100<\/li>\n<li>\u0414\u0436\u0435\u0440\u0435\u043b\u043e \u0436\u0438\u0432\u043b\u0435\u043d\u043d\u044f: 12 \u0412 (\u043c\u0430\u043a\u0441. 22 \u0412\u0442)<\/li>\n<\/ul>\n<p>\u0423 \u043a\u043e\u043c\u043f\u043b\u0435\u043a\u0442\u0456: \u043c\u043e\u043d\u0456\u0442\u043e\u0440, \u0431\u043b\u043e\u043a \u0436\u0438\u0432\u043b\u0435\u043d\u043d\u044f, \u043a\u0440\u043e\u043d\u0448\u0442\u0435\u0439\u043d \u0434\u043b\u044f \u043a\u0440\u0456\u043f\u043b\u0435\u043d\u043d\u044f, \u043a\u0430\u0431\u0435\u043b\u044c USB, \u043a\u0430\u0431\u0435\u043b\u044c HDMI.<\/p>","protected":false},"excerpt":{"rendered":"<p>Specyfikacja: Model: MCC-15R Rozmiar: 15 cala Rozdzielczo\u015b\u0107: 1024 x 768 Jasno\u015b\u0107: 300 cd\/m Kontrast: 800:1 Proporcje: 4:3 Pod\u015bwietlenie: WLED Typ dotyku: rezystancyjny Transmisja dotyku: &gt;70% Twardo\u015b\u0107 powierzchni: 7H Ilo\u015b\u0107 punkt\u00f3w dotykowych: 5 punkt\u00f3w Wej\u015bcia\/wyj\u015bcia: VGA, HDMI, USB, audio, zasilanie Bezpiecze\u0144stwo na front: IP65 Bezpiecze\u0144stwo na ty\u0142: IP54 Powierzchnia robocza: 304 x 228 mm K\u0105ty widzenia: [&hellip;]<\/p>\n","protected":false},"featured_media":4825,"comment_status":"closed","ping_status":"closed","template":"","meta":[],"product_brand":[],"product_cat":[1845],"product_tag":[],"class_list":{"0":"post-4834","1":"product","2":"type-product","3":"status-publish","4":"has-post-thumbnail","6":"product_cat-monitory","8":"first","9":"instock","10":"taxable","11":"shipping-taxable","12":"purchasable","13":"product-type-simple","14":"czr-hentry"},"yoast_head":"<!-- This site is optimized with the Yoast SEO plugin v27.4 - https:\/\/yoast.com\/product\/yoast-seo-wordpress\/ -->\n<title>Monitor przemys\u0142owy 15&quot; 1024*768 rezystancyjny 7H IP65F - Mini PC, Komputery, Laptopy, Translatory<\/title>\n<meta name=\"robots\" content=\"index, follow, max-snippet:-1, max-image-preview:large, max-video-preview:-1\" \/>\n<link rel=\"canonical\" href=\"https:\/\/www.oio.pl\/uk\/\u043f\u0440\u043e\u0434\u0443\u043a\u0442-2\/\u043f\u0440\u043e\u043c\u0438\u0441\u043b\u043e\u0432\u0438\u0439-\u043c\u043e\u043d\u0456\u0442\u043e\u0440-15-12801024-\u0440\u0435\u0437\u0438\u0441\u0442\u0438\u0432\u043d\u0438\u0439-7h-ip65f\/\" \/>\n<meta property=\"og:locale\" content=\"uk_UA\" \/>\n<meta property=\"og:type\" content=\"article\" \/>\n<meta property=\"og:title\" content=\"Monitor przemys\u0142owy 15&quot; 1024*768 rezystancyjny 7H IP65F - Mini PC, Komputery, Laptopy, Translatory\" \/>\n<meta property=\"og:description\" content=\"Specyfikacja: Model: MCC-15R Rozmiar: 15 cala Rozdzielczo\u015b\u0107: 1024 x 768 Jasno\u015b\u0107: 300 cd\/m Kontrast: 800:1 Proporcje: 4:3 Pod\u015bwietlenie: WLED Typ dotyku: rezystancyjny Transmisja dotyku: &gt;70% Twardo\u015b\u0107 powierzchni: 7H Ilo\u015b\u0107 punkt\u00f3w dotykowych: 5 punkt\u00f3w Wej\u015bcia\/wyj\u015bcia: VGA, HDMI, USB, audio, zasilanie Bezpiecze\u0144stwo na front: IP65 Bezpiecze\u0144stwo na ty\u0142: IP54 Powierzchnia robocza: 304 x 228 mm K\u0105ty widzenia: [&hellip;]\" \/>\n<meta property=\"og:url\" content=\"https:\/\/www.oio.pl\/uk\/\u043f\u0440\u043e\u0434\u0443\u043a\u0442-2\/\u043f\u0440\u043e\u043c\u0438\u0441\u043b\u043e\u0432\u0438\u0439-\u043c\u043e\u043d\u0456\u0442\u043e\u0440-15-12801024-\u0440\u0435\u0437\u0438\u0441\u0442\u0438\u0432\u043d\u0438\u0439-7h-ip65f\/\" \/>\n<meta property=\"og:site_name\" content=\"Mini PC, Komputery, Laptopy, Translatory\" \/>\n<meta property=\"article:publisher\" content=\"https:\/\/www.facebook.com\/oiopl\" \/>\n<meta property=\"article:modified_time\" content=\"2024-08-11T12:18:15+00:00\" \/>\n<meta property=\"og:image\" content=\"https:\/\/www.oio.pl\/wp-content\/uploads\/2022\/07\/monitor-5.jpg\" \/>\n\t<meta property=\"og:image:width\" content=\"1200\" \/>\n\t<meta property=\"og:image:height\" content=\"1200\" \/>\n\t<meta property=\"og:image:type\" content=\"image\/jpeg\" \/>\n<meta name=\"twitter:card\" content=\"summary_large_image\" \/>\n<meta name=\"twitter:label1\" content=\"\u041f\u0440\u0438\u0431\u043b. \u0447\u0430\u0441 \u0447\u0438\u0442\u0430\u043d\u043d\u044f\" \/>\n\t<meta name=\"twitter:data1\" content=\"1 \u0445\u0432\u0438\u043b\u0438\u043d\u0430\" \/>\n<script type=\"application\/ld+json\" class=\"yoast-schema-graph\">{\"@context\":\"https:\\\/\\\/schema.org\",\"@graph\":[{\"@type\":\"WebPage\",\"@id\":\"https:\\\/\\\/www.oio.pl\\\/produkt\\\/monitor-przemyslowy-15-12801024-rezystancyjny-7h-ip65f\\\/\",\"url\":\"https:\\\/\\\/www.oio.pl\\\/produkt\\\/monitor-przemyslowy-15-12801024-rezystancyjny-7h-ip65f\\\/\",\"name\":\"Monitor przemys\u0142owy 15\\\" 1024*768 rezystancyjny 7H IP65F - Mini PC, Komputery, Laptopy, Translatory\",\"isPartOf\":{\"@id\":\"https:\\\/\\\/www.oio.pl\\\/#website\"},\"primaryImageOfPage\":{\"@id\":\"https:\\\/\\\/www.oio.pl\\\/produkt\\\/monitor-przemyslowy-15-12801024-rezystancyjny-7h-ip65f\\\/#primaryimage\"},\"image\":{\"@id\":\"https:\\\/\\\/www.oio.pl\\\/produkt\\\/monitor-przemyslowy-15-12801024-rezystancyjny-7h-ip65f\\\/#primaryimage\"},\"thumbnailUrl\":\"https:\\\/\\\/www.oio.pl\\\/wp-content\\\/uploads\\\/2022\\\/07\\\/monitor-5.jpg\",\"datePublished\":\"2022-07-14T11:33:04+00:00\",\"dateModified\":\"2024-08-11T12:18:15+00:00\",\"breadcrumb\":{\"@id\":\"https:\\\/\\\/www.oio.pl\\\/produkt\\\/monitor-przemyslowy-15-12801024-rezystancyjny-7h-ip65f\\\/#breadcrumb\"},\"inLanguage\":\"uk\",\"potentialAction\":[{\"@type\":\"ReadAction\",\"target\":[\"https:\\\/\\\/www.oio.pl\\\/produkt\\\/monitor-przemyslowy-15-12801024-rezystancyjny-7h-ip65f\\\/\"]}]},{\"@type\":\"ImageObject\",\"inLanguage\":\"uk\",\"@id\":\"https:\\\/\\\/www.oio.pl\\\/produkt\\\/monitor-przemyslowy-15-12801024-rezystancyjny-7h-ip65f\\\/#primaryimage\",\"url\":\"https:\\\/\\\/www.oio.pl\\\/wp-content\\\/uploads\\\/2022\\\/07\\\/monitor-5.jpg\",\"contentUrl\":\"https:\\\/\\\/www.oio.pl\\\/wp-content\\\/uploads\\\/2022\\\/07\\\/monitor-5.jpg\",\"width\":1200,\"height\":1200},{\"@type\":\"BreadcrumbList\",\"@id\":\"https:\\\/\\\/www.oio.pl\\\/produkt\\\/monitor-przemyslowy-15-12801024-rezystancyjny-7h-ip65f\\\/#breadcrumb\",\"itemListElement\":[{\"@type\":\"ListItem\",\"position\":1,\"name\":\"Strona g\u0142\u00f3wna\",\"item\":\"https:\\\/\\\/www.oio.pl\\\/\"},{\"@type\":\"ListItem\",\"position\":2,\"name\":\"Produkty\",\"item\":\"https:\\\/\\\/www.oio.pl\\\/\"},{\"@type\":\"ListItem\",\"position\":3,\"name\":\"Monitor przemys\u0142owy 15&#8243; 1024*768 rezystancyjny 7H IP65F\"}]},{\"@type\":\"WebSite\",\"@id\":\"https:\\\/\\\/www.oio.pl\\\/#website\",\"url\":\"https:\\\/\\\/www.oio.pl\\\/\",\"name\":\"OIO.pl \u2013 Tablety przemys\u0142owe, sprz\u0119t IT dla przemys\u0142u i logistyki\",\"description\":\"tablety przemys\u0142owe, rugged tablet, komputer przemys\u0142owy, tablet wytrzyma\u0142y, sprz\u0119t dla przemys\u0142u, tablet z Windows, tablet IP67, laptop dla magazynu, elektronika przemys\u0142owa, komputery przemys\u0142owe, oio.pl, sprz\u0119t dla logistyki, tablet do pracy w terenie, monitor dotykowy przemys\u0142owy\",\"publisher\":{\"@id\":\"https:\\\/\\\/www.oio.pl\\\/#organization\"},\"alternateName\":\"Sklep internetowy dla przemys\u0142u\",\"potentialAction\":[{\"@type\":\"SearchAction\",\"target\":{\"@type\":\"EntryPoint\",\"urlTemplate\":\"https:\\\/\\\/www.oio.pl\\\/?s={search_term_string}\"},\"query-input\":{\"@type\":\"PropertyValueSpecification\",\"valueRequired\":true,\"valueName\":\"search_term_string\"}}],\"inLanguage\":\"uk\"},{\"@type\":\"Organization\",\"@id\":\"https:\\\/\\\/www.oio.pl\\\/#organization\",\"name\":\"OIO\",\"alternateName\":\"Sprz\u0119t komputerowy\",\"url\":\"https:\\\/\\\/www.oio.pl\\\/\",\"logo\":{\"@type\":\"ImageObject\",\"inLanguage\":\"uk\",\"@id\":\"https:\\\/\\\/www.oio.pl\\\/#\\\/schema\\\/logo\\\/image\\\/\",\"url\":\"https:\\\/\\\/www.oio.pl\\\/wp-content\\\/uploads\\\/2023\\\/11\\\/cropped-cropped-oio_120x120.jpg\",\"contentUrl\":\"https:\\\/\\\/www.oio.pl\\\/wp-content\\\/uploads\\\/2023\\\/11\\\/cropped-cropped-oio_120x120.jpg\",\"width\":120,\"height\":48,\"caption\":\"OIO\"},\"image\":{\"@id\":\"https:\\\/\\\/www.oio.pl\\\/#\\\/schema\\\/logo\\\/image\\\/\"},\"sameAs\":[\"https:\\\/\\\/www.facebook.com\\\/oiopl\"]}]}<\/script>\n<!-- \/ Yoast SEO plugin. -->","yoast_head_json":{"title":"\u041f\u0440\u043e\u043c\u0438\u0441\u043b\u043e\u0432\u0438\u0439 \u043c\u043e\u043d\u0456\u0442\u043e\u0440 15&quot; 1024*768 \u0440\u0435\u0437\u0438\u0441\u0442\u0438\u0432\u043d\u0438\u0439 7H IP65F - \u041c\u0456\u043d\u0456-\u041f\u041a, \u041a\u043e\u043c\u043f&#039;\u044e\u0442\u0435\u0440\u0438, \u041d\u043e\u0443\u0442\u0431\u0443\u043a\u0438, \u041f\u0435\u0440\u0435\u043a\u043b\u0430\u0434\u0430\u0447\u0456","robots":{"index":"index","follow":"follow","max-snippet":"max-snippet:-1","max-image-preview":"max-image-preview:large","max-video-preview":"max-video-preview:-1"},"canonical":"https:\/\/www.oio.pl\/uk\/\u043f\u0440\u043e\u0434\u0443\u043a\u0442-2\/\u043f\u0440\u043e\u043c\u0438\u0441\u043b\u043e\u0432\u0438\u0439-\u043c\u043e\u043d\u0456\u0442\u043e\u0440-15-12801024-\u0440\u0435\u0437\u0438\u0441\u0442\u0438\u0432\u043d\u0438\u0439-7h-ip65f\/","og_locale":"uk_UA","og_type":"article","og_title":"Monitor przemys\u0142owy 15\" 1024*768 rezystancyjny 7H IP65F - Mini PC, Komputery, Laptopy, Translatory","og_description":"Specyfikacja: Model: MCC-15R Rozmiar: 15 cala Rozdzielczo\u015b\u0107: 1024 x 768 Jasno\u015b\u0107: 300 cd\/m Kontrast: 800:1 Proporcje: 4:3 Pod\u015bwietlenie: WLED Typ dotyku: rezystancyjny Transmisja dotyku: &gt;70% Twardo\u015b\u0107 powierzchni: 7H Ilo\u015b\u0107 punkt\u00f3w dotykowych: 5 punkt\u00f3w Wej\u015bcia\/wyj\u015bcia: VGA, HDMI, USB, audio, zasilanie Bezpiecze\u0144stwo na front: IP65 Bezpiecze\u0144stwo na ty\u0142: IP54 Powierzchnia robocza: 304 x 228 mm K\u0105ty widzenia: [&hellip;]","og_url":"https:\/\/www.oio.pl\/uk\/\u043f\u0440\u043e\u0434\u0443\u043a\u0442-2\/\u043f\u0440\u043e\u043c\u0438\u0441\u043b\u043e\u0432\u0438\u0439-\u043c\u043e\u043d\u0456\u0442\u043e\u0440-15-12801024-\u0440\u0435\u0437\u0438\u0441\u0442\u0438\u0432\u043d\u0438\u0439-7h-ip65f\/","og_site_name":"Mini PC, Komputery, Laptopy, Translatory","article_publisher":"https:\/\/www.facebook.com\/oiopl","article_modified_time":"2024-08-11T12:18:15+00:00","og_image":[{"width":1200,"height":1200,"url":"https:\/\/www.oio.pl\/wp-content\/uploads\/2022\/07\/monitor-5.jpg","type":"image\/jpeg"}],"twitter_card":"summary_large_image","twitter_misc":{"\u041f\u0440\u0438\u0431\u043b. \u0447\u0430\u0441 \u0447\u0438\u0442\u0430\u043d\u043d\u044f":"1 \u0445\u0432\u0438\u043b\u0438\u043d\u0430"},"schema":{"@context":"https:\/\/schema.org","@graph":[{"@type":"WebPage","@id":"https:\/\/www.oio.pl\/produkt\/monitor-przemyslowy-15-12801024-rezystancyjny-7h-ip65f\/","url":"https:\/\/www.oio.pl\/produkt\/monitor-przemyslowy-15-12801024-rezystancyjny-7h-ip65f\/","name":"\u041f\u0440\u043e\u043c\u0438\u0441\u043b\u043e\u0432\u0438\u0439 \u043c\u043e\u043d\u0456\u0442\u043e\u0440 15&quot; 1024*768 \u0440\u0435\u0437\u0438\u0441\u0442\u0438\u0432\u043d\u0438\u0439 7H IP65F - \u041c\u0456\u043d\u0456-\u041f\u041a, \u041a\u043e\u043c\u043f&#039;\u044e\u0442\u0435\u0440\u0438, \u041d\u043e\u0443\u0442\u0431\u0443\u043a\u0438, \u041f\u0435\u0440\u0435\u043a\u043b\u0430\u0434\u0430\u0447\u0456","isPartOf":{"@id":"https:\/\/www.oio.pl\/#website"},"primaryImageOfPage":{"@id":"https:\/\/www.oio.pl\/produkt\/monitor-przemyslowy-15-12801024-rezystancyjny-7h-ip65f\/#primaryimage"},"image":{"@id":"https:\/\/www.oio.pl\/produkt\/monitor-przemyslowy-15-12801024-rezystancyjny-7h-ip65f\/#primaryimage"},"thumbnailUrl":"https:\/\/www.oio.pl\/wp-content\/uploads\/2022\/07\/monitor-5.jpg","datePublished":"2022-07-14T11:33:04+00:00","dateModified":"2024-08-11T12:18:15+00:00","breadcrumb":{"@id":"https:\/\/www.oio.pl\/produkt\/monitor-przemyslowy-15-12801024-rezystancyjny-7h-ip65f\/#breadcrumb"},"inLanguage":"uk","potentialAction":[{"@type":"ReadAction","target":["https:\/\/www.oio.pl\/produkt\/monitor-przemyslowy-15-12801024-rezystancyjny-7h-ip65f\/"]}]},{"@type":"ImageObject","inLanguage":"uk","@id":"https:\/\/www.oio.pl\/produkt\/monitor-przemyslowy-15-12801024-rezystancyjny-7h-ip65f\/#primaryimage","url":"https:\/\/www.oio.pl\/wp-content\/uploads\/2022\/07\/monitor-5.jpg","contentUrl":"https:\/\/www.oio.pl\/wp-content\/uploads\/2022\/07\/monitor-5.jpg","width":1200,"height":1200},{"@type":"BreadcrumbList","@id":"https:\/\/www.oio.pl\/produkt\/monitor-przemyslowy-15-12801024-rezystancyjny-7h-ip65f\/#breadcrumb","itemListElement":[{"@type":"ListItem","position":1,"name":"Strona g\u0142\u00f3wna","item":"https:\/\/www.oio.pl\/"},{"@type":"ListItem","position":2,"name":"Produkty","item":"https:\/\/www.oio.pl\/"},{"@type":"ListItem","position":3,"name":"Monitor przemys\u0142owy 15&#8243; 1024*768 rezystancyjny 7H IP65F"}]},{"@type":"WebSite","@id":"https:\/\/www.oio.pl\/#website","url":"https:\/\/www.oio.pl\/","name":"OIO.pl \u2013 \u041f\u0440\u043e\u043c\u0438\u0441\u043b\u043e\u0432\u0456 \u043f\u043b\u0430\u043d\u0448\u0435\u0442\u0438, \u0406\u0422-\u043e\u0431\u043b\u0430\u0434\u043d\u0430\u043d\u043d\u044f \u0434\u043b\u044f \u043f\u0440\u043e\u043c\u0438\u0441\u043b\u043e\u0432\u043e\u0441\u0442\u0456 \u0442\u0430 \u043b\u043e\u0433\u0456\u0441\u0442\u0438\u043a\u0438","description":"\u043f\u0440\u043e\u043c\u0438\u0441\u043b\u043e\u0432\u0456 \u043f\u043b\u0430\u043d\u0448\u0435\u0442\u0438, \u043c\u0456\u0446\u043d\u0438\u0439 \u043f\u043b\u0430\u043d\u0448\u0435\u0442, \u043f\u0440\u043e\u043c\u0438\u0441\u043b\u043e\u0432\u0438\u0439 \u043a\u043e\u043c\u043f&#039;\u044e\u0442\u0435\u0440, \u0434\u043e\u0432\u0433\u043e\u0432\u0456\u0447\u043d\u0438\u0439 \u043f\u043b\u0430\u043d\u0448\u0435\u0442, \u043e\u0431\u043b\u0430\u0434\u043d\u0430\u043d\u043d\u044f \u0434\u043b\u044f \u043f\u0440\u043e\u043c\u0438\u0441\u043b\u043e\u0432\u043e\u0441\u0442\u0456, \u043f\u043b\u0430\u043d\u0448\u0435\u0442 Windows, \u043f\u043b\u0430\u043d\u0448\u0435\u0442 IP67, \u0441\u043a\u043b\u0430\u0434\u0441\u044c\u043a\u0438\u0439 \u043d\u043e\u0443\u0442\u0431\u0443\u043a, \u043f\u0440\u043e\u043c\u0438\u0441\u043b\u043e\u0432\u0430 \u0435\u043b\u0435\u043a\u0442\u0440\u043e\u043d\u0456\u043a\u0430, \u043f\u0440\u043e\u043c\u0438\u0441\u043b\u043e\u0432\u0456 \u043a\u043e\u043c\u043f&#039;\u044e\u0442\u0435\u0440\u0438, oio.pl, \u043b\u043e\u0433\u0456\u0441\u0442\u0438\u0447\u043d\u0435 \u043e\u0431\u043b\u0430\u0434\u043d\u0430\u043d\u043d\u044f, \u043f\u043b\u0430\u043d\u0448\u0435\u0442 \u0434\u043b\u044f \u043f\u043e\u043b\u044c\u043e\u0432\u0438\u0445 \u0440\u043e\u0431\u0456\u0442, \u043f\u0440\u043e\u043c\u0438\u0441\u043b\u043e\u0432\u0438\u0439 \u0441\u0435\u043d\u0441\u043e\u0440\u043d\u0438\u0439 \u043c\u043e\u043d\u0456\u0442\u043e\u0440","publisher":{"@id":"https:\/\/www.oio.pl\/#organization"},"alternateName":"Sklep internetowy dla przemys\u0142u","potentialAction":[{"@type":"SearchAction","target":{"@type":"EntryPoint","urlTemplate":"https:\/\/www.oio.pl\/?s={search_term_string}"},"query-input":{"@type":"PropertyValueSpecification","valueRequired":true,"valueName":"search_term_string"}}],"inLanguage":"uk"},{"@type":"Organization","@id":"https:\/\/www.oio.pl\/#organization","name":"OIO","alternateName":"Sprz\u0119t komputerowy","url":"https:\/\/www.oio.pl\/","logo":{"@type":"ImageObject","inLanguage":"uk","@id":"https:\/\/www.oio.pl\/#\/schema\/logo\/image\/","url":"https:\/\/www.oio.pl\/wp-content\/uploads\/2023\/11\/cropped-cropped-oio_120x120.jpg","contentUrl":"https:\/\/www.oio.pl\/wp-content\/uploads\/2023\/11\/cropped-cropped-oio_120x120.jpg","width":120,"height":48,"caption":"OIO"},"image":{"@id":"https:\/\/www.oio.pl\/#\/schema\/logo\/image\/"},"sameAs":["https:\/\/www.facebook.com\/oiopl"]}]}},"_links":{"self":[{"href":"https:\/\/www.oio.pl\/uk\/wp-json\/wp\/v2\/product\/4834","targetHints":{"allow":["GET"]}}],"collection":[{"href":"https:\/\/www.oio.pl\/uk\/wp-json\/wp\/v2\/product"}],"about":[{"href":"https:\/\/www.oio.pl\/uk\/wp-json\/wp\/v2\/types\/product"}],"replies":[{"embeddable":true,"href":"https:\/\/www.oio.pl\/uk\/wp-json\/wp\/v2\/comments?post=4834"}],"wp:featuredmedia":[{"embeddable":true,"href":"https:\/\/www.oio.pl\/uk\/wp-json\/wp\/v2\/media\/4825"}],"wp:attachment":[{"href":"https:\/\/www.oio.pl\/uk\/wp-json\/wp\/v2\/media?parent=4834"}],"wp:term":[{"taxonomy":"product_brand","embeddable":true,"href":"https:\/\/www.oio.pl\/uk\/wp-json\/wp\/v2\/product_brand?post=4834"},{"taxonomy":"product_cat","embeddable":true,"href":"https:\/\/www.oio.pl\/uk\/wp-json\/wp\/v2\/product_cat?post=4834"},{"taxonomy":"product_tag","embeddable":true,"href":"https:\/\/www.oio.pl\/uk\/wp-json\/wp\/v2\/product_tag?post=4834"}],"curies":[{"name":"wp","href":"https:\/\/api.w.org\/{rel}","templated":true}]}}