{"id":4935,"date":"2023-05-03T12:51:48","date_gmt":"2023-05-03T10:51:48","guid":{"rendered":"https:\/\/www.oio.pl\/?post_type=product&#038;p=4935"},"modified":"2023-11-17T15:26:42","modified_gmt":"2023-11-17T14:26:42","slug":"%d1%84%d1%80%d0%b5%d0%b7%d0%b5%d1%80%d0%bd%d0%b8%d0%b9-%d0%b2%d0%b5%d1%80%d1%81%d1%82%d0%b0%d1%82-%d0%b7-%d1%87%d0%bf%d1%83-3018-%d0%bb%d0%b0%d0%b7%d0%b5%d1%80-55w","status":"publish","type":"product","link":"https:\/\/www.oio.pl\/uk\/product\/frezarka-cnc-3018-laser-55w\/","title":{"rendered":"\u0424\u0440\u0435\u0437\u0435\u0440\u043d\u0438\u0439 \u0432\u0435\u0440\u0441\u0442\u0430\u0442 CNC 3018 + \u043b\u0430\u0437\u0435\u0440\u043d\u0430 \u0433\u043e\u043b\u043e\u0432\u043a\u0430 5,5 \u0412\u0442"},"content":{"rendered":"<h4>\u041f\u043e\u0442\u0443\u0436\u043d\u0438\u0439 \u0456 \u0448\u0432\u0438\u0434\u043a\u0438\u0439 \u0444\u0440\u0435\u0437\u0435\u0440\u043d\u0438\u0439 \u0432\u0435\u0440\u0441\u0442\u0430\u0442 CNC 3018<\/h4>\n<p><b>\u0424\u0440\u0435\u0437\u0435\u0440\u043d\u0438\u0439 \u0432\u0435\u0440\u0441\u0442\u0430\u0442 \u0437 \u0427\u041f\u0423 \u0441\u0432\u043e\u0457\u043c\u0438 \u0440\u0443\u043a\u0430\u043c\u0438 \u0440\u043e\u0437\u0440\u043e\u0431\u043b\u0435\u043d\u043e \u0441\u043f\u0435\u0446\u0456\u0430\u043b\u044c\u043d\u043e \u0434\u043b\u044f \u0441\u0430\u043c\u043e\u0441\u0442\u0456\u0439\u043d\u043e\u0457 \u0433\u0440\u0438 \u0442\u0430 \u043d\u0430\u0432\u0447\u0430\u043d\u043d\u044f \u0437\u0430\u0432\u0434\u044f\u043a\u0438 \u043f\u0440\u043e\u0444\u0435\u0441\u0456\u0439\u043d\u043e\u043c\u0443 \u043a\u0435\u0440\u0443\u044e\u0447\u043e\u043c\u0443 \u043f\u0440\u043e\u0433\u0440\u0430\u043c\u043d\u043e\u043c\u0443 \u0437\u0430\u0431\u0435\u0437\u043f\u0435\u0447\u0435\u043d\u043d\u044e. \u0413\u0440\u0430\u0432\u0456\u0440\u0443\u0432\u0430\u043b\u044c\u043d\u0430 \u043c\u0430\u0448\u0438\u043d\u0430 CNC 3018 Pro \u043c\u0430\u0454 \u0444\u0443\u043d\u043a\u0446\u0456\u0457 \u0433\u0440\u0430\u0432\u0456\u0440\u0443\u0432\u0430\u043d\u043d\u044f, \u0440\u0456\u0437\u044c\u0431\u043b\u0435\u043d\u043d\u044f \u0442\u0430 \u0444\u0440\u0435\u0437\u0435\u0440\u0443\u0432\u0430\u043d\u043d\u044f. \u0426\u044f \u043c\u0430\u0448\u0438\u043d\u0430 \u0434\u043b\u044f \u0440\u0456\u0437\u044c\u0431\u043b\u0435\u043d\u043d\u044f \u043c\u043e\u0436\u0435 \u0433\u0440\u0430\u0432\u0456\u0440\u0443\u0432\u0430\u0442\u0438 \u043f\u043b\u0430\u0441\u0442\u0438\u043a, \u0434\u0435\u0440\u0435\u0432\u043e, \u0430\u043a\u0440\u0438\u043b, \u041f\u0412\u0425, \u0434\u0440\u0443\u043a\u043e\u0432\u0430\u043d\u0443 \u043f\u043b\u0430\u0442\u0443 \u0430\u0431\u043e \u043f\u043e\u0434\u0456\u0431\u043d\u0456 \u043c\u0430\u0442\u0435\u0440\u0456\u0430\u043b\u0438. \u0421\u0432\u0435\u0440\u0434\u043b\u0430\u043c\u0438 \u043d\u0435 \u043c\u043e\u0436\u043d\u0430 \u0433\u0440\u0430\u0432\u0456\u0440\u0443\u0432\u0430\u0442\u0438 \u0442\u0432\u0435\u0440\u0434\u0438\u0439 \u043c\u0435\u0442\u0430\u043b, \u043d\u0435\u0444\u0440\u0438\u0442 \u0430\u0431\u043e \u0456\u043d\u0448\u0456 \u0442\u0432\u0435\u0440\u0434\u0456 \u043c\u0430\u0442\u0435\u0440\u0456\u0430\u043b\u0438. \u041c\u0430\u043b\u0435\u043d\u044c\u043a\u0438\u0439 \u0456 \u043f\u0440\u0430\u043a\u0442\u0438\u0447\u043d\u0438\u0439, \u0439\u043e\u0433\u043e \u0431\u0435\u0437 \u043f\u0440\u043e\u0431\u043b\u0435\u043c \u043c\u043e\u0436\u043d\u0430 \u0432\u0438\u043a\u043e\u0440\u0438\u0441\u0442\u043e\u0432\u0443\u0432\u0430\u0442\u0438 \u043d\u0430 \u0441\u0442\u043e\u043b\u0456. \u0421\u0438\u0441\u0442\u0435\u043c\u0430 \u0443\u043f\u0440\u0430\u0432\u043b\u0456\u043d\u043d\u044f \u043c\u0430\u0454 \u0432\u0456\u0434\u043a\u0440\u0438\u0442\u0438\u0439 \u0432\u0438\u0445\u0456\u0434\u043d\u0438\u0439 \u043a\u043e\u0434 (\u0442\u0435\u0445\u043d\u043e\u043b\u043e\u0433\u0456\u044f \u0443\u043f\u0440\u0430\u0432\u043b\u0456\u043d\u043d\u044f \u0441\u0438\u0441\u0442\u0435\u043c\u043e\u044e \u0434\u043e\u0441\u0442\u0443\u043f\u043d\u0430). \u0412\u0435\u043b\u0438\u043a\u0430 \u0440\u043e\u0431\u043e\u0447\u0430 \u0437\u043e\u043d\u0430 300 x 180 x 45 \u043c\u043c, \u043f\u0440\u043e\u0433\u0440\u0430\u043c\u043d\u0435 \u0437\u0430\u0431\u0435\u0437\u043f\u0435\u0447\u0435\u043d\u043d\u044f \u0443\u043f\u0440\u0430\u0432\u043b\u0456\u043d\u043d\u044f: (\u0432\u043a\u043b\u044e\u0447\u0430\u044e\u0447\u0438 \u0442\u0440\u0438\u043c\u0430\u0447 ER11).<\/b><\/p>\n<p>\u0421\u043f\u0435\u0446\u0438\u0444\u0456\u043a\u0430\u0446\u0456\u044f:<\/p>\n<ul>\n<li>\u041c\u043e\u0434\u0435\u043b\u044c: CNC 3018<\/li>\n<li>\u041c\u0430\u0442\u0435\u0440\u0456\u0430\u043b: \u0430\u043b\u044e\u043c\u0456\u043d\u0456\u0454\u0432\u0438\u0439 \u0441\u043f\u043b\u0430\u0432 + \u0444\u0435\u043d\u043e\u043b\u044c\u043d\u0430 \u0441\u043c\u043e\u043b\u0430<\/li>\n<li>\u041e\u0441\u043d\u043e\u0432\u043d\u0438\u0439 \u043a\u043e\u043b\u0456\u0440: \u0441\u0440\u0456\u0431\u043b\u043e<\/li>\n<li>\u0416\u0438\u0432\u043b\u0435\u043d\u043d\u044f: AC 100-240V, \u0432\u0438\u0445\u0456\u0434\u043d\u0430 \u043d\u0430\u043f\u0440\u0443\u0433\u0430 24V 5.6A.<\/li>\n<li>\u0422\u0438\u043f \u0432\u0438\u043b\u043a\u0438: \u0404\u0421<\/li>\n<li>\u041f\u0456\u0434\u0442\u0440\u0438\u043c\u0443\u0432\u0430\u043d\u0456 \u043e\u043f\u0435\u0440\u0430\u0446\u0456\u0439\u043d\u0456 \u0441\u0438\u0441\u0442\u0435\u043c\u0438: Windows XP \/ Win 7 \/ Win 8 \/ Win 10 (32\/64)<\/li>\n<li>\u041a\u043e\u043c\u0443\u043d\u0456\u043a\u0430\u0446\u0456\u0439\u043d\u0438\u0439 \u043f\u043e\u0440\u0442: Micro USB<\/li>\n<li>\u041f\u043b\u043e\u0449\u0430 \u0433\u0440\u0430\u0432\u0456\u044e\u0432\u0430\u043d\u043d\u044f: 300 \u0445 180 \u0445 45 \u043c\u043c<\/li>\n<li>\u041b\u0430\u0437\u0435\u0440\u043d\u0430 \u0433\u043e\u043b\u043e\u0432\u043a\u0430 5,5 \u0412\u0442<\/li>\n<li>\u0420\u043e\u0437\u043c\u0456\u0440 \u0440\u0430\u043c\u0438: 400 x 330 x 240 \u043c\u043c (\u0431\u0435\u0437 \u0443\u0440\u0430\u0445\u0443\u0432\u0430\u043d\u043d\u044f \u0432\u0438\u0441\u0442\u0443\u043f\u0430\u044e\u0447\u043e\u0457 \u0447\u0430\u0441\u0442\u0438\u043d\u0438 \u0434\u0432\u0438\u0433\u0443\u043d\u0430)<\/li>\n<li>\u0420\u043e\u0437\u043c\u0456\u0440 \u0441\u0442\u043e\u043b\u0443 \u0437 \u0430\u043b\u044e\u043c\u0456\u043d\u0456\u0454\u0432\u043e\u0433\u043e \u0441\u043f\u043b\u0430\u0432\u0443: 300 \u0445 180 \u043c\u043c<\/li>\n<li>\u0428\u043f\u0438\u043d\u0434\u0435\u043b\u044c: 775 24V \u0414\u0432\u0438\u0433\u0443\u043d \u0448\u043f\u0438\u043d\u0434\u0435\u043b\u044f: 8000\u043e\u0431\/\u0445\u0432<\/li>\n<li>\u0422\u0440\u0438\u043c\u0430\u0447 \u0448\u043f\u0438\u043d\u0434\u0435\u043b\u044f: ER11<\/li>\n<li>\u041a\u0440\u043e\u043a\u043e\u0432\u0438\u0439 \u0434\u0432\u0438\u0433\u0443\u043d: \u0434\u043e\u0432\u0436\u0438\u043d\u0430 \u0444\u044e\u0437\u0435\u043b\u044f\u0436\u0443 34 \u043c\u043c, \u0441\u0442\u0440\u0443\u043c 1,33 \u0410, 12 \u0412. \u041a\u0440\u0443\u0442\u043d\u0438\u0439 \u043c\u043e\u043c\u0435\u043d\u0442 0,25 \u041d\/\u043c<\/li>\n<li>\u041f\u0440\u043e\u0433\u0440\u0430\u043c\u043d\u0435 \u0437\u0430\u0431\u0435\u0437\u043f\u0435\u0447\u0435\u043d\u043d\u044f \u043a\u0435\u0440\u0443\u0432\u0430\u043d\u043d\u044f: \u043a\u0435\u0440\u0443\u0432\u0430\u043d\u043d\u044f GRBL (\u043d\u0435 \u0432\u0445\u043e\u0434\u0438\u0442\u044c \u0432 \u043a\u043e\u043c\u043f\u043b\u0435\u043a\u0442)<\/li>\n<li>\u0414\u043e\u0441\u0442\u0443\u043f\u043d\u043e \u0434\u043b\u044f \u041f\u041a: Windows XP\/7\/8\/10 (\u043d\u0435 \u043f\u0456\u0434\u0442\u0440\u0438\u043c\u0443\u0454 Mac OS)<\/li>\n<li>\u0414\u043b\u044f \u043c\u0435\u0445\u0430\u043d\u0456\u0447\u043d\u043e\u0433\u043e \u0433\u0440\u0430\u0432\u0456\u044e\u0432\u0430\u043d\u043d\u044f: \u0434\u0435\u0440\u0435\u0432\u043e, \u043f\u043b\u0430\u0441\u0442\u0438\u043a, \u0434\u0440\u0443\u043a\u043e\u0432\u0430\u043d\u0430 \u043f\u043b\u0430\u0442\u0430, \u0430\u043a\u0440\u0438\u043b, \u0444\u0430\u043d\u0435\u0440\u0430 \u0442\u043e\u0449\u043e.<\/li>\n<li>\u041d\u0435 \u043c\u043e\u0436\u043d\u0430 \u0432\u0438\u0440\u0456\u0437\u0430\u0442\u0438 \u043f\u0440\u0435\u0434\u043c\u0435\u0442\u0438: \u0443\u0441\u0456 \u043c\u0435\u0442\u0430\u043b\u0438, \u0441\u043a\u043b\u043e, \u043a\u0430\u043c\u0456\u043d\u044c, \u043a\u0435\u0440\u0430\u043c\u0456\u043a\u0443, \u043f\u0440\u0438\u043a\u0440\u0430\u0441\u0438, \u0441\u0440\u0456\u0431\u043b\u043e<\/li>\n<li>\u041c\u043e\u0436\u0435 \u0432\u0438\u0440\u0456\u0437\u0430\u0442\u0438 \u043f\u0440\u0435\u0434\u043c\u0435\u0442\u0438: \u0432\u0441\u0435 \u0434\u0435\u0440\u0435\u0432\u043e, \u0431\u0430\u043c\u0431\u0443\u043a, \u043f\u0430\u043f\u0456\u0440, \u043f\u043b\u0430\u0441\u0442\u043c\u0430\u0441\u0430, \u0448\u043a\u0456\u0440\u0430, \u0433\u0443\u043c\u0430, \u0440\u0456\u0433, \u0433\u0443\u0431\u043a\u0430 \u0442\u043e\u0449\u043e.<\/li>\n<li>\u0420\u043e\u0437\u043c\u0456\u0440 \u0443\u043f\u0430\u043a\u043e\u0432\u043a\u0438: 45 * 23 * 17 \u0441\u043c \/ 17,7 * 9,1 * 6,7 \u0434\u044e\u0439\u043c\u0430<\/li>\n<li>\u0412\u0430\u0433\u0430 \u0443\u043f\u0430\u043a\u043e\u0432\u043a\u0438: 6650\u0433<\/li>\n<\/ul>\n<p>\u0423 \u043a\u043e\u043c\u043f\u043b\u0435\u043a\u0442 \u0432\u0445\u043e\u0434\u0438\u0442\u044c: \u0427\u041f\u0423 3018, \u0431\u043b\u043e\u043a \u0436\u0438\u0432\u043b\u0435\u043d\u043d\u044f, \u0440\u043e\u0437&#039;\u0454\u043c\u0438 + \u043a\u043e\u043c\u043f\u043e\u043d\u0435\u043d\u0442\u0438 \u0434\u043b\u044f \u0441\u0430\u043c\u043e\u0441\u0442\u0456\u0439\u043d\u043e\u0457 \u0437\u0431\u0456\u0440\u043a\u0438.<\/p>","protected":false},"excerpt":{"rendered":"<p>Mocna i szybka frezarka CNC 3018 Frezarka CNC dla majsterkowicz\u00f3w zosta\u0142a zaprojektowana specjalnie do samodzielnej zabawy i nauki dzi\u0119ki profesjonalnemu oprogramowaniu steruj\u0105cemu. Grawerka CNC 3018 Pro posiada funkcj\u0119 grawerowania, rze\u017abienia i frezowania. Ta maszyna do rze\u017abienia mo\u017ce grawerowa\u0107 tworzywa sztuczne, drewno, akryl, pcv, pcb, lub podobne materia\u0142y. Wiert\u0142a nie mog\u0105 grawerowa\u0107 twardego metalu, jadeitu ani [&hellip;]<\/p>\n","protected":false},"featured_media":4907,"comment_status":"closed","ping_status":"closed","template":"","meta":[],"product_brand":[],"product_cat":[1903],"product_tag":[],"class_list":{"0":"post-4935","1":"product","2":"type-product","3":"status-publish","4":"has-post-thumbnail","6":"product_cat-cnc","8":"first","9":"instock","10":"taxable","11":"shipping-taxable","12":"purchasable","13":"product-type-simple","14":"czr-hentry"},"yoast_head":"<!-- This site is optimized with the Yoast SEO plugin v27.4 - https:\/\/yoast.com\/product\/yoast-seo-wordpress\/ -->\n<title>Frezarka CNC 3018 + g\u0142owica laserowa 5,5W - Mini PC, Komputery, Laptopy, Translatory<\/title>\n<meta name=\"robots\" content=\"index, follow, max-snippet:-1, max-image-preview:large, max-video-preview:-1\" \/>\n<link rel=\"canonical\" href=\"https:\/\/www.oio.pl\/uk\/\u043f\u0440\u043e\u0434\u0443\u043a\u0442-2\/\u0444\u0440\u0435\u0437\u0435\u0440\u043d\u0438\u0439-\u0432\u0435\u0440\u0441\u0442\u0430\u0442-\u0437-\u0447\u043f\u0443-3018-\u043b\u0430\u0437\u0435\u0440-55w\/\" \/>\n<meta property=\"og:locale\" content=\"uk_UA\" \/>\n<meta property=\"og:type\" content=\"article\" \/>\n<meta property=\"og:title\" content=\"Frezarka CNC 3018 + g\u0142owica laserowa 5,5W - Mini PC, Komputery, Laptopy, Translatory\" \/>\n<meta property=\"og:description\" content=\"Mocna i szybka frezarka CNC 3018 Frezarka CNC dla majsterkowicz\u00f3w zosta\u0142a zaprojektowana specjalnie do samodzielnej zabawy i nauki dzi\u0119ki profesjonalnemu oprogramowaniu steruj\u0105cemu. Grawerka CNC 3018 Pro posiada funkcj\u0119 grawerowania, rze\u017abienia i frezowania. Ta maszyna do rze\u017abienia mo\u017ce grawerowa\u0107 tworzywa sztuczne, drewno, akryl, pcv, pcb, lub podobne materia\u0142y. Wiert\u0142a nie mog\u0105 grawerowa\u0107 twardego metalu, jadeitu ani [&hellip;]\" \/>\n<meta property=\"og:url\" content=\"https:\/\/www.oio.pl\/uk\/\u043f\u0440\u043e\u0434\u0443\u043a\u0442-2\/\u0444\u0440\u0435\u0437\u0435\u0440\u043d\u0438\u0439-\u0432\u0435\u0440\u0441\u0442\u0430\u0442-\u0437-\u0447\u043f\u0443-3018-\u043b\u0430\u0437\u0435\u0440-55w\/\" \/>\n<meta property=\"og:site_name\" content=\"Mini PC, Komputery, Laptopy, Translatory\" \/>\n<meta property=\"article:publisher\" content=\"https:\/\/www.facebook.com\/oiopl\" \/>\n<meta property=\"article:modified_time\" content=\"2023-11-17T14:26:42+00:00\" \/>\n<meta property=\"og:image\" content=\"https:\/\/www.oio.pl\/wp-content\/uploads\/2023\/05\/CNC3018_02.jpg\" \/>\n\t<meta property=\"og:image:width\" content=\"750\" \/>\n\t<meta property=\"og:image:height\" content=\"750\" \/>\n\t<meta property=\"og:image:type\" content=\"image\/jpeg\" \/>\n<meta name=\"twitter:card\" content=\"summary_large_image\" \/>\n<meta name=\"twitter:label1\" content=\"\u041f\u0440\u0438\u0431\u043b. \u0447\u0430\u0441 \u0447\u0438\u0442\u0430\u043d\u043d\u044f\" \/>\n\t<meta name=\"twitter:data1\" content=\"1 \u0445\u0432\u0438\u043b\u0438\u043d\u0430\" \/>\n<script type=\"application\/ld+json\" class=\"yoast-schema-graph\">{\"@context\":\"https:\\\/\\\/schema.org\",\"@graph\":[{\"@type\":\"WebPage\",\"@id\":\"https:\\\/\\\/www.oio.pl\\\/produkt\\\/frezarka-cnc-3018-laser-55w\\\/\",\"url\":\"https:\\\/\\\/www.oio.pl\\\/produkt\\\/frezarka-cnc-3018-laser-55w\\\/\",\"name\":\"Frezarka CNC 3018 + g\u0142owica laserowa 5,5W - Mini PC, Komputery, Laptopy, Translatory\",\"isPartOf\":{\"@id\":\"https:\\\/\\\/www.oio.pl\\\/#website\"},\"primaryImageOfPage\":{\"@id\":\"https:\\\/\\\/www.oio.pl\\\/produkt\\\/frezarka-cnc-3018-laser-55w\\\/#primaryimage\"},\"image\":{\"@id\":\"https:\\\/\\\/www.oio.pl\\\/produkt\\\/frezarka-cnc-3018-laser-55w\\\/#primaryimage\"},\"thumbnailUrl\":\"https:\\\/\\\/www.oio.pl\\\/wp-content\\\/uploads\\\/2023\\\/05\\\/CNC3018_02.jpg\",\"datePublished\":\"2023-05-03T10:51:48+00:00\",\"dateModified\":\"2023-11-17T14:26:42+00:00\",\"breadcrumb\":{\"@id\":\"https:\\\/\\\/www.oio.pl\\\/produkt\\\/frezarka-cnc-3018-laser-55w\\\/#breadcrumb\"},\"inLanguage\":\"uk\",\"potentialAction\":[{\"@type\":\"ReadAction\",\"target\":[\"https:\\\/\\\/www.oio.pl\\\/produkt\\\/frezarka-cnc-3018-laser-55w\\\/\"]}]},{\"@type\":\"ImageObject\",\"inLanguage\":\"uk\",\"@id\":\"https:\\\/\\\/www.oio.pl\\\/produkt\\\/frezarka-cnc-3018-laser-55w\\\/#primaryimage\",\"url\":\"https:\\\/\\\/www.oio.pl\\\/wp-content\\\/uploads\\\/2023\\\/05\\\/CNC3018_02.jpg\",\"contentUrl\":\"https:\\\/\\\/www.oio.pl\\\/wp-content\\\/uploads\\\/2023\\\/05\\\/CNC3018_02.jpg\",\"width\":750,\"height\":750},{\"@type\":\"BreadcrumbList\",\"@id\":\"https:\\\/\\\/www.oio.pl\\\/produkt\\\/frezarka-cnc-3018-laser-55w\\\/#breadcrumb\",\"itemListElement\":[{\"@type\":\"ListItem\",\"position\":1,\"name\":\"Strona g\u0142\u00f3wna\",\"item\":\"https:\\\/\\\/www.oio.pl\\\/\"},{\"@type\":\"ListItem\",\"position\":2,\"name\":\"Produkty\",\"item\":\"https:\\\/\\\/www.oio.pl\\\/\"},{\"@type\":\"ListItem\",\"position\":3,\"name\":\"Frezarka CNC 3018 + g\u0142owica laserowa 5,5W\"}]},{\"@type\":\"WebSite\",\"@id\":\"https:\\\/\\\/www.oio.pl\\\/#website\",\"url\":\"https:\\\/\\\/www.oio.pl\\\/\",\"name\":\"OIO.pl \u2013 Tablety przemys\u0142owe, sprz\u0119t IT dla przemys\u0142u i logistyki\",\"description\":\"tablety przemys\u0142owe, rugged tablet, komputer przemys\u0142owy, tablet wytrzyma\u0142y, sprz\u0119t dla przemys\u0142u, tablet z Windows, tablet IP67, laptop dla magazynu, elektronika przemys\u0142owa, komputery przemys\u0142owe, oio.pl, sprz\u0119t dla logistyki, tablet do pracy w terenie, monitor dotykowy przemys\u0142owy\",\"publisher\":{\"@id\":\"https:\\\/\\\/www.oio.pl\\\/#organization\"},\"alternateName\":\"Sklep internetowy dla przemys\u0142u\",\"potentialAction\":[{\"@type\":\"SearchAction\",\"target\":{\"@type\":\"EntryPoint\",\"urlTemplate\":\"https:\\\/\\\/www.oio.pl\\\/?s={search_term_string}\"},\"query-input\":{\"@type\":\"PropertyValueSpecification\",\"valueRequired\":true,\"valueName\":\"search_term_string\"}}],\"inLanguage\":\"uk\"},{\"@type\":\"Organization\",\"@id\":\"https:\\\/\\\/www.oio.pl\\\/#organization\",\"name\":\"OIO\",\"alternateName\":\"Sprz\u0119t komputerowy\",\"url\":\"https:\\\/\\\/www.oio.pl\\\/\",\"logo\":{\"@type\":\"ImageObject\",\"inLanguage\":\"uk\",\"@id\":\"https:\\\/\\\/www.oio.pl\\\/#\\\/schema\\\/logo\\\/image\\\/\",\"url\":\"https:\\\/\\\/www.oio.pl\\\/wp-content\\\/uploads\\\/2023\\\/11\\\/cropped-cropped-oio_120x120.jpg\",\"contentUrl\":\"https:\\\/\\\/www.oio.pl\\\/wp-content\\\/uploads\\\/2023\\\/11\\\/cropped-cropped-oio_120x120.jpg\",\"width\":120,\"height\":48,\"caption\":\"OIO\"},\"image\":{\"@id\":\"https:\\\/\\\/www.oio.pl\\\/#\\\/schema\\\/logo\\\/image\\\/\"},\"sameAs\":[\"https:\\\/\\\/www.facebook.com\\\/oiopl\"]}]}<\/script>\n<!-- \/ Yoast SEO plugin. -->","yoast_head_json":{"title":"\u0424\u0440\u0435\u0437\u0435\u0440\u043d\u0438\u0439 \u0432\u0435\u0440\u0441\u0442\u0430\u0442 \u0437 \u0427\u041f\u0423 3018 + \u043b\u0430\u0437\u0435\u0440\u043d\u0430 \u0433\u043e\u043b\u043e\u0432\u043a\u0430 5,5 \u0412\u0442 - \u041c\u0456\u043d\u0456-\u041f\u041a, \u041a\u043e\u043c\u043f&#039;\u044e\u0442\u0435\u0440\u0438, \u041d\u043e\u0443\u0442\u0431\u0443\u043a\u0438, \u041f\u0435\u0440\u0435\u043a\u043b\u0430\u0434\u0430\u0447\u0456","robots":{"index":"index","follow":"follow","max-snippet":"max-snippet:-1","max-image-preview":"max-image-preview:large","max-video-preview":"max-video-preview:-1"},"canonical":"https:\/\/www.oio.pl\/uk\/\u043f\u0440\u043e\u0434\u0443\u043a\u0442-2\/\u0444\u0440\u0435\u0437\u0435\u0440\u043d\u0438\u0439-\u0432\u0435\u0440\u0441\u0442\u0430\u0442-\u0437-\u0447\u043f\u0443-3018-\u043b\u0430\u0437\u0435\u0440-55w\/","og_locale":"uk_UA","og_type":"article","og_title":"Frezarka CNC 3018 + g\u0142owica laserowa 5,5W - Mini PC, Komputery, Laptopy, Translatory","og_description":"Mocna i szybka frezarka CNC 3018 Frezarka CNC dla majsterkowicz\u00f3w zosta\u0142a zaprojektowana specjalnie do samodzielnej zabawy i nauki dzi\u0119ki profesjonalnemu oprogramowaniu steruj\u0105cemu. Grawerka CNC 3018 Pro posiada funkcj\u0119 grawerowania, rze\u017abienia i frezowania. Ta maszyna do rze\u017abienia mo\u017ce grawerowa\u0107 tworzywa sztuczne, drewno, akryl, pcv, pcb, lub podobne materia\u0142y. Wiert\u0142a nie mog\u0105 grawerowa\u0107 twardego metalu, jadeitu ani [&hellip;]","og_url":"https:\/\/www.oio.pl\/uk\/\u043f\u0440\u043e\u0434\u0443\u043a\u0442-2\/\u0444\u0440\u0435\u0437\u0435\u0440\u043d\u0438\u0439-\u0432\u0435\u0440\u0441\u0442\u0430\u0442-\u0437-\u0447\u043f\u0443-3018-\u043b\u0430\u0437\u0435\u0440-55w\/","og_site_name":"Mini PC, Komputery, Laptopy, Translatory","article_publisher":"https:\/\/www.facebook.com\/oiopl","article_modified_time":"2023-11-17T14:26:42+00:00","og_image":[{"width":750,"height":750,"url":"https:\/\/www.oio.pl\/wp-content\/uploads\/2023\/05\/CNC3018_02.jpg","type":"image\/jpeg"}],"twitter_card":"summary_large_image","twitter_misc":{"\u041f\u0440\u0438\u0431\u043b. \u0447\u0430\u0441 \u0447\u0438\u0442\u0430\u043d\u043d\u044f":"1 \u0445\u0432\u0438\u043b\u0438\u043d\u0430"},"schema":{"@context":"https:\/\/schema.org","@graph":[{"@type":"WebPage","@id":"https:\/\/www.oio.pl\/produkt\/frezarka-cnc-3018-laser-55w\/","url":"https:\/\/www.oio.pl\/produkt\/frezarka-cnc-3018-laser-55w\/","name":"\u0424\u0440\u0435\u0437\u0435\u0440\u043d\u0438\u0439 \u0432\u0435\u0440\u0441\u0442\u0430\u0442 \u0437 \u0427\u041f\u0423 3018 + \u043b\u0430\u0437\u0435\u0440\u043d\u0430 \u0433\u043e\u043b\u043e\u0432\u043a\u0430 5,5 \u0412\u0442 - \u041c\u0456\u043d\u0456-\u041f\u041a, \u041a\u043e\u043c\u043f&#039;\u044e\u0442\u0435\u0440\u0438, \u041d\u043e\u0443\u0442\u0431\u0443\u043a\u0438, \u041f\u0435\u0440\u0435\u043a\u043b\u0430\u0434\u0430\u0447\u0456","isPartOf":{"@id":"https:\/\/www.oio.pl\/#website"},"primaryImageOfPage":{"@id":"https:\/\/www.oio.pl\/produkt\/frezarka-cnc-3018-laser-55w\/#primaryimage"},"image":{"@id":"https:\/\/www.oio.pl\/produkt\/frezarka-cnc-3018-laser-55w\/#primaryimage"},"thumbnailUrl":"https:\/\/www.oio.pl\/wp-content\/uploads\/2023\/05\/CNC3018_02.jpg","datePublished":"2023-05-03T10:51:48+00:00","dateModified":"2023-11-17T14:26:42+00:00","breadcrumb":{"@id":"https:\/\/www.oio.pl\/produkt\/frezarka-cnc-3018-laser-55w\/#breadcrumb"},"inLanguage":"uk","potentialAction":[{"@type":"ReadAction","target":["https:\/\/www.oio.pl\/produkt\/frezarka-cnc-3018-laser-55w\/"]}]},{"@type":"ImageObject","inLanguage":"uk","@id":"https:\/\/www.oio.pl\/produkt\/frezarka-cnc-3018-laser-55w\/#primaryimage","url":"https:\/\/www.oio.pl\/wp-content\/uploads\/2023\/05\/CNC3018_02.jpg","contentUrl":"https:\/\/www.oio.pl\/wp-content\/uploads\/2023\/05\/CNC3018_02.jpg","width":750,"height":750},{"@type":"BreadcrumbList","@id":"https:\/\/www.oio.pl\/produkt\/frezarka-cnc-3018-laser-55w\/#breadcrumb","itemListElement":[{"@type":"ListItem","position":1,"name":"Strona g\u0142\u00f3wna","item":"https:\/\/www.oio.pl\/"},{"@type":"ListItem","position":2,"name":"Produkty","item":"https:\/\/www.oio.pl\/"},{"@type":"ListItem","position":3,"name":"Frezarka CNC 3018 + g\u0142owica laserowa 5,5W"}]},{"@type":"WebSite","@id":"https:\/\/www.oio.pl\/#website","url":"https:\/\/www.oio.pl\/","name":"OIO.pl \u2013 \u041f\u0440\u043e\u043c\u0438\u0441\u043b\u043e\u0432\u0456 \u043f\u043b\u0430\u043d\u0448\u0435\u0442\u0438, \u0406\u0422-\u043e\u0431\u043b\u0430\u0434\u043d\u0430\u043d\u043d\u044f \u0434\u043b\u044f \u043f\u0440\u043e\u043c\u0438\u0441\u043b\u043e\u0432\u043e\u0441\u0442\u0456 \u0442\u0430 \u043b\u043e\u0433\u0456\u0441\u0442\u0438\u043a\u0438","description":"\u043f\u0440\u043e\u043c\u0438\u0441\u043b\u043e\u0432\u0456 \u043f\u043b\u0430\u043d\u0448\u0435\u0442\u0438, \u043c\u0456\u0446\u043d\u0438\u0439 \u043f\u043b\u0430\u043d\u0448\u0435\u0442, \u043f\u0440\u043e\u043c\u0438\u0441\u043b\u043e\u0432\u0438\u0439 \u043a\u043e\u043c\u043f&#039;\u044e\u0442\u0435\u0440, \u0434\u043e\u0432\u0433\u043e\u0432\u0456\u0447\u043d\u0438\u0439 \u043f\u043b\u0430\u043d\u0448\u0435\u0442, \u043e\u0431\u043b\u0430\u0434\u043d\u0430\u043d\u043d\u044f \u0434\u043b\u044f \u043f\u0440\u043e\u043c\u0438\u0441\u043b\u043e\u0432\u043e\u0441\u0442\u0456, \u043f\u043b\u0430\u043d\u0448\u0435\u0442 Windows, \u043f\u043b\u0430\u043d\u0448\u0435\u0442 IP67, \u0441\u043a\u043b\u0430\u0434\u0441\u044c\u043a\u0438\u0439 \u043d\u043e\u0443\u0442\u0431\u0443\u043a, \u043f\u0440\u043e\u043c\u0438\u0441\u043b\u043e\u0432\u0430 \u0435\u043b\u0435\u043a\u0442\u0440\u043e\u043d\u0456\u043a\u0430, \u043f\u0440\u043e\u043c\u0438\u0441\u043b\u043e\u0432\u0456 \u043a\u043e\u043c\u043f&#039;\u044e\u0442\u0435\u0440\u0438, oio.pl, \u043b\u043e\u0433\u0456\u0441\u0442\u0438\u0447\u043d\u0435 \u043e\u0431\u043b\u0430\u0434\u043d\u0430\u043d\u043d\u044f, \u043f\u043b\u0430\u043d\u0448\u0435\u0442 \u0434\u043b\u044f \u043f\u043e\u043b\u044c\u043e\u0432\u0438\u0445 \u0440\u043e\u0431\u0456\u0442, \u043f\u0440\u043e\u043c\u0438\u0441\u043b\u043e\u0432\u0438\u0439 \u0441\u0435\u043d\u0441\u043e\u0440\u043d\u0438\u0439 \u043c\u043e\u043d\u0456\u0442\u043e\u0440","publisher":{"@id":"https:\/\/www.oio.pl\/#organization"},"alternateName":"Sklep internetowy dla przemys\u0142u","potentialAction":[{"@type":"SearchAction","target":{"@type":"EntryPoint","urlTemplate":"https:\/\/www.oio.pl\/?s={search_term_string}"},"query-input":{"@type":"PropertyValueSpecification","valueRequired":true,"valueName":"search_term_string"}}],"inLanguage":"uk"},{"@type":"Organization","@id":"https:\/\/www.oio.pl\/#organization","name":"OIO","alternateName":"Sprz\u0119t komputerowy","url":"https:\/\/www.oio.pl\/","logo":{"@type":"ImageObject","inLanguage":"uk","@id":"https:\/\/www.oio.pl\/#\/schema\/logo\/image\/","url":"https:\/\/www.oio.pl\/wp-content\/uploads\/2023\/11\/cropped-cropped-oio_120x120.jpg","contentUrl":"https:\/\/www.oio.pl\/wp-content\/uploads\/2023\/11\/cropped-cropped-oio_120x120.jpg","width":120,"height":48,"caption":"OIO"},"image":{"@id":"https:\/\/www.oio.pl\/#\/schema\/logo\/image\/"},"sameAs":["https:\/\/www.facebook.com\/oiopl"]}]}},"_links":{"self":[{"href":"https:\/\/www.oio.pl\/uk\/wp-json\/wp\/v2\/product\/4935","targetHints":{"allow":["GET"]}}],"collection":[{"href":"https:\/\/www.oio.pl\/uk\/wp-json\/wp\/v2\/product"}],"about":[{"href":"https:\/\/www.oio.pl\/uk\/wp-json\/wp\/v2\/types\/product"}],"replies":[{"embeddable":true,"href":"https:\/\/www.oio.pl\/uk\/wp-json\/wp\/v2\/comments?post=4935"}],"wp:featuredmedia":[{"embeddable":true,"href":"https:\/\/www.oio.pl\/uk\/wp-json\/wp\/v2\/media\/4907"}],"wp:attachment":[{"href":"https:\/\/www.oio.pl\/uk\/wp-json\/wp\/v2\/media?parent=4935"}],"wp:term":[{"taxonomy":"product_brand","embeddable":true,"href":"https:\/\/www.oio.pl\/uk\/wp-json\/wp\/v2\/product_brand?post=4935"},{"taxonomy":"product_cat","embeddable":true,"href":"https:\/\/www.oio.pl\/uk\/wp-json\/wp\/v2\/product_cat?post=4935"},{"taxonomy":"product_tag","embeddable":true,"href":"https:\/\/www.oio.pl\/uk\/wp-json\/wp\/v2\/product_tag?post=4935"}],"curies":[{"name":"wp","href":"https:\/\/api.w.org\/{rel}","templated":true}]}}