{"id":5753,"date":"2023-09-25T13:25:35","date_gmt":"2023-09-25T11:25:35","guid":{"rendered":"https:\/\/www.oio.pl\/?post_type=product&#038;p=5753"},"modified":"2024-05-17T05:58:17","modified_gmt":"2024-05-17T03:58:17","slug":"%d0%bc%d1%96%d0%bd%d1%96-%d0%bf%d0%ba-chm10-12-128gb-win11-dual-hdmi-stick","status":"publish","type":"product","link":"https:\/\/www.oio.pl\/uk\/product\/mini-pc-chm10-12-128gb-win11-dual-hdmi-stick\/","title":{"rendered":"PC Stick CHM10 12GB Win11 Dual HDMI"},"content":{"rendered":"<div class=\"mpof_ki myre_zn myre_8v_l _0d3bd_YrWCD\">\n<div class=\"mp4t_16_s mryx_16_s mr3m_1 mli2_1 mh85_56 mh85_0_l\">\n<div class=\"mgn2_16 _0d3bd_5pK0q\">\n<h1>Mini PC Stick CHM10 12GB \/ 128GB Dual HDMI Windows 11<\/h1>\n<h2>\u0412\u0435\u043b\u0438\u043a\u0430 \u043f\u043e\u0442\u0443\u0436\u043d\u0456\u0441\u0442\u044c \u0443 \u043c\u0430\u043b\u0435\u043d\u044c\u043a\u043e\u043c\u0443 \u043f\u0440\u0438\u0441\u0442\u0440\u043e\u0457<\/h2>\n<\/div>\n<\/div>\n<\/div>\n<div class=\"mpof_ki myre_zn myre_8v_l _0d3bd_YrWCD\">\n<div class=\"mp4t_16_s mryx_16_s mr3m_1 mli2_1 mh85_56 mh85_0_l\">\n<div class=\"mgn2_16 _0d3bd_5pK0q\">\n<p><b>!!! \u041d\u0410\u0419\u041c\u0415\u041d\u0428\u0418\u0419 \u041a\u041e\u041c\u041f&#039;\u042e\u0422\u0415\u0420 \u0417 \u041f\u041e\u0414\u0412\u0406\u0419\u041d\u0418\u041c HDMI!!!<\/b><\/p>\n<p><b>\u041a\u0438\u0448\u0435\u043d\u044c\u043a\u043e\u0432\u0438\u0439 \u043a\u043e\u043c\u043f&#039;\u044e\u0442\u0435\u0440 \u0434\u0438\u0432\u0443\u0454 \u0441\u0432\u043e\u0457\u043c\u0438 \u0440\u043e\u0437\u043c\u0456\u0440\u0430\u043c\u0438 \u0456 \u043c\u043e\u0436\u043b\u0438\u0432\u043e\u0441\u0442\u044f\u043c\u0438.<br \/>\n<\/b><b>\u041f\u0440\u043e\u043f\u043e\u043d\u043e\u0432\u0430\u043d\u0430 \u043d\u0430\u043c\u0438 \u043c\u043e\u0434\u0435\u043b\u044c \u043c\u0430\u0454 \u043d\u0430\u0434\u0442\u0438\u0445\u0438\u0439 \u0432\u0435\u043d\u0442\u0438\u043b\u044f\u0442\u043e\u0440, \u0449\u043e \u0433\u0430\u0440\u0430\u043d\u0442\u0443\u0454 \u0441\u0442\u0430\u0431\u0456\u043b\u044c\u043d\u0443 \u0456 \u0442\u0440\u0438\u0432\u0430\u043b\u0443 \u0440\u043e\u0431\u043e\u0442\u0443.<\/b><\/p>\n<p>\u0428\u0432\u0438\u0434\u043a\u0438\u0439 mini CHM10, \u044f\u043a\u0438\u0439 \u043c\u0438 \u043f\u0440\u043e\u043f\u043e\u043d\u0443\u0454\u043c\u043e, \u043c\u0430\u0454 12 \u0413\u0411 \u043e\u043f\u0435\u0440\u0430\u0442\u0438\u0432\u043d\u043e\u0457 \u043f\u0430\u043c\u2019\u044f\u0442\u0456, \u0436\u043e\u0440\u0441\u0442\u043a\u0438\u0439 \u0434\u0438\u0441\u043a \u043d\u0430 128 \u0430\u0431\u043e 256 \u0411 \u0456 64-\u0440\u043e\u0437\u0440\u044f\u0434\u043d\u0435 \u043f\u0440\u043e\u0433\u0440\u0430\u043c\u043d\u0435 \u0437\u0430\u0431\u0435\u0437\u043f\u0435\u0447\u0435\u043d\u043d\u044f Windows 11.<br \/>\n\u0422\u0440\u0438 \u0432\u0445\u043e\u0434\u0438 USB 3.0 \u0456 \u043c\u0435\u0440\u0435\u0436\u0435\u0432\u0438\u0439 \u043f\u043e\u0440\u0442 RJ45 \u0434\u043e\u043f\u043e\u0432\u043d\u044e\u044e\u0442\u044c \u043c\u043e\u0436\u043b\u0438\u0432\u043e\u0441\u0442\u0456 \u043f\u0440\u0438\u0441\u0442\u0440\u043e\u044e \u0456 \u0437\u0430\u0431\u0435\u0437\u043f\u0435\u0447\u0443\u044e\u0442\u044c \u0434\u0443\u0436\u0435 \u0448\u0432\u0438\u0434\u043a\u0443 \u043f\u0435\u0440\u0435\u0434\u0430\u0447\u0443 \u0434\u0430\u043d\u0438\u0445.<\/p>\n<p>\u0426\u0435\u0439 \u043c\u0456\u043d\u0456-\u041f\u041a \u0432\u0438\u043a\u043e\u0440\u0438\u0441\u0442\u043e\u0432\u0443\u0454\u0442\u044c\u0441\u044f \u0434\u043b\u044f \u0448\u043f\u0438\u0433\u0443\u043d\u0441\u0442\u0432\u0430, \u043c\u043e\u043d\u0456\u0442\u043e\u0440\u0438\u043d\u0433\u0443, \u0440\u0435\u043a\u043b\u0430\u043c\u0438, \u043f\u0440\u0435\u0437\u0435\u043d\u0442\u0430\u0446\u0456\u0439 \u0442\u0430 \u0456\u043d\u0448\u043e\u0457 \u0432\u0456\u0434\u0434\u0430\u043b\u0435\u043d\u043e\u0457 \u0440\u043e\u0431\u043e\u0442\u0438.<\/p>\n<p>CHM10 \u0441\u043f\u0456\u043b\u043a\u0443\u0454\u0442\u044c\u0441\u044f \u0447\u0435\u0440\u0435\u0437 \u0431\u0435\u0437\u0434\u0440\u043e\u0442\u043e\u0432\u0443 \u043c\u0435\u0440\u0435\u0436\u0443 Wi-Fi 2,4 \u0413\u0413\u0446, <b>5 \u0413\u0413\u0446<\/b> \u0456 Wi-Fi 6.<br \/>\n\u041a\u0440\u0456\u043c \u0442\u043e\u0433\u043e, Bluetooth v5.2 \u0434\u043e\u0437\u0432\u043e\u043b\u044f\u0454 \u0432\u0438\u043a\u043e\u0440\u0438\u0441\u0442\u043e\u0432\u0443\u0432\u0430\u0442\u0438 \u043e\u0431\u043b\u0430\u0434\u043d\u0430\u043d\u043d\u044f \u044f\u043a \u0446\u0435\u043d\u0442\u0440 \u0434\u043e\u043c\u0430\u0448\u043d\u0456\u0445 \u0440\u043e\u0437\u0432\u0430\u0433.<\/p>\n<p>CHM10 \u0442\u0430\u043a\u043e\u0436 \u0456\u0434\u0435\u0430\u043b\u044c\u043d\u043e \u043f\u0456\u0434\u0445\u043e\u0434\u0438\u0442\u044c \u0434\u043b\u044f \u0440\u043e\u0431\u043e\u0442\u0438 \u0437 \u0434\u0432\u043e\u043c\u0430 \u043c\u043e\u043d\u0456\u0442\u043e\u0440\u0430\u043c\u0438, \u0431\u0443\u0434\u044c-\u044f\u043a\u0438\u043c \u0442\u0435\u043b\u0435\u0432\u0456\u0437\u043e\u0440\u043e\u043c \u0430\u0431\u043e \u043c\u043e\u043d\u0456\u0442\u043e\u0440\u043e\u043c \u0443 \u0432\u0438\u0441\u043e\u043a\u043e\u043a\u043b\u0430\u0441\u043d\u043e\u043c\u0443 \u043e\u0431\u043b\u0430\u0434\u043d\u0430\u043d\u043d\u0456.<\/p>\n<p>\u0412\u0438 \u043c\u043e\u0436\u0435\u0442\u0435 \u0432\u0441\u0442\u0430\u043d\u043e\u0432\u043b\u044e\u0432\u0430\u0442\u0438 \u0442\u0430 \u0432\u0438\u043a\u043e\u0440\u0438\u0441\u0442\u043e\u0432\u0443\u0432\u0430\u0442\u0438 \u043f\u0440\u043e\u0433\u0440\u0430\u043c\u0438 \u0441\u043e\u0446\u0456\u0430\u043b\u044c\u043d\u0438\u0445 \u043c\u0435\u0440\u0435\u0436, \u043c\u0435\u0441\u0435\u043d\u0434\u0436\u0435\u0440\u0438, \u0431\u0440\u0430\u0443\u0437\u0435\u0440\u0438 (flash) \u0456 \u043f\u0440\u0430\u043a\u0442\u0438\u0447\u043d\u043e \u0431\u0443\u0434\u044c-\u044f\u043a\u0456 \u043f\u0440\u043e\u0433\u0440\u0430\u043c\u0438 \u0434\u043b\u044f Windows.<\/p>\n<\/div>\n<\/div>\n<\/div>","protected":false},"excerpt":{"rendered":"<p>Mini PC Stick CHM10 12GB \/ 128GB Dual HDMI Windows 11 Wielka moc w ma\u0142ym urz\u0105dzeniu !!! NAJMNIEJSZY KOMPUTER Z PODW\u00d3JNYM HDMI !!! Kieszonkowy komputer zaskakuje wielko\u015bci\u0105 i mo\u017cliwo\u015bciami. Oferowany przez na model posiada ultra cichy wentylator gwarantuj\u0105cy stabiln\u0105 i d\u0142ugotrwa\u0142\u0105 prac\u0119. Oferowany przez nas szybki mini CHM10 posiada 12GB szybkiej pami\u0119ci RAM, dysk twardy [&hellip;]<\/p>\n","protected":false},"featured_media":5760,"comment_status":"closed","ping_status":"closed","template":"","meta":[],"product_brand":[],"product_cat":[24,2299],"product_tag":[125,3135,3133,3179,2523,3134,2539,2559,3132,3167,3170,3174,3163,3168,2543,3137,3136,2569,2531,3150,2900,3145,3138,2938,3140,3159,3153,3154,3152,3158,3165,3180,3118,3146,47,3149,3147,49,3184,2930,3178,54,2553,2906,2621,46,3131,2565,2527,2525,2937,3172,3171,3155,2551,3182,3160,2898,2367,3148,3164,3166,3162,3183,3175,3176,3177,3130,3156,3129,3151,3173,3161,3185,3144,3181,3139,3169,2153,2545,3157],"class_list":{"0":"post-5753","1":"product","2":"type-product","3":"status-publish","4":"has-post-thumbnail","6":"product_cat-mini-pc","7":"product_cat-pc-stick","8":"product_tag-minipc","9":"product_tag-amd-mini-pc","10":"product_tag-amd-ryzen-mini-pc","11":"product_tag-awow-mini-pc-stick","12":"product_tag-best-mini-pc","13":"product_tag-best-mini-pc-2024","14":"product_tag-best-mini-pc-for-gaming","15":"product_tag-best-mini-pc-for-office","16":"product_tag-best-mini-pc-for-video-editing","17":"product_tag-best-mini-pc-stick","18":"product_tag-best-mini-pc-sticks","19":"product_tag-best-mini-pc-sticks-review","20":"product_tag-best-pc-stick","21":"product_tag-best-pc-sticks","22":"product_tag-best-windows-mini-pc","23":"product_tag-budget-mini-pc","24":"product_tag-cheap-mini-pc","25":"product_tag-compute-stick","26":"product_tag-computer","27":"product_tag-computer-laptop","28":"product_tag-desktop-mini-pc","29":"product_tag-gaming-computer","30":"product_tag-gaming-mini-pc","31":"product_tag-gaming-pc","32":"product_tag-geekom-a7-mini-pc","33":"product_tag-geekom-it-3","34":"product_tag-geekom-mini-it-11","35":"product_tag-geekom-mini-it11","36":"product_tag-geekom-mini-pc","37":"product_tag-geekom-pc","38":"product_tag-intel-compute-stick","39":"product_tag-intel-mini-pc-stick","40":"product_tag-jaki-komputer","41":"product_tag-jaki-komputer-2021","42":"product_tag-komputer","43":"product_tag-komputer-stilgara","44":"product_tag-komputer-za-600","45":"product_tag-komputery","46":"product_tag-linux-stick-pc","47":"product_tag-maly-komputer","48":"product_tag-mele-mini-pc-stick","49":"product_tag-mikrokomputery","50":"product_tag-mini","51":"product_tag-mini-gaming-pc","52":"product_tag-mini-komputer","53":"product_tag-mini-pc","54":"product_tag-mini-pc-2024","55":"product_tag-mini-pc-build","56":"product_tag-mini-pc-gaming","57":"product_tag-mini-pc-review","58":"product_tag-mini-pc-stick","59":"product_tag-mini-pc-stick-gaming","60":"product_tag-mini-pc-sticks","61":"product_tag-mini-pc-test","62":"product_tag-mini-pc-vs-desktop","63":"product_tag-mini-stick-pc","64":"product_tag-minisforum","65":"product_tag-most-powerful-mini-pc","66":"product_tag-n4120","67":"product_tag-najmniejszy-komputer","68":"product_tag-pc","69":"product_tag-pc-on-a-stick","70":"product_tag-pc-stick","71":"product_tag-pc-stick-2020","72":"product_tag-pc-stick-for-tv","73":"product_tag-pc-stick-review","74":"product_tag-pc-stick-reviews","75":"product_tag-powerful-mini-pc","76":"product_tag-router","77":"product_tag-ryzen-mini-pc","78":"product_tag-single-board-computer","79":"product_tag-stick","80":"product_tag-stick-pc","81":"product_tag-t6-pro-pc-stick","82":"product_tag-tani-komputer","83":"product_tag-tiny-pc","84":"product_tag-top-mini-pc-2024","85":"product_tag-top-mini-pc-sticks","86":"product_tag-windows-11","87":"product_tag-windows-mini-pc","88":"product_tag-xiaomi-mini-pc","90":"first","91":"instock","92":"taxable","93":"shipping-taxable","94":"purchasable","95":"product-type-variable","96":"czr-hentry"},"yoast_head":"<!-- This site is optimized with the Yoast SEO plugin v27.4 - https:\/\/yoast.com\/product\/yoast-seo-wordpress\/ -->\n<title>PC Stick CHM10 12GB Win11 Dual HDMI - Mini PC, Komputery, Laptopy, Translatory<\/title>\n<meta name=\"robots\" content=\"index, follow, max-snippet:-1, max-image-preview:large, max-video-preview:-1\" \/>\n<link rel=\"canonical\" href=\"https:\/\/www.oio.pl\/uk\/\u043f\u0440\u043e\u0434\u0443\u043a\u0442\/\u043c\u0456\u043d\u0456-\u043f\u043a-chm10-12-128gb-win11-dual-hdmi-stick\/\" \/>\n<meta property=\"og:locale\" content=\"uk_UA\" \/>\n<meta property=\"og:type\" content=\"article\" \/>\n<meta property=\"og:title\" content=\"PC Stick CHM10 12GB Win11 Dual HDMI - Mini PC, Komputery, Laptopy, Translatory\" \/>\n<meta property=\"og:description\" content=\"Mini PC Stick CHM10 12GB \/ 128GB Dual HDMI Windows 11 Wielka moc w ma\u0142ym urz\u0105dzeniu !!! NAJMNIEJSZY KOMPUTER Z PODW\u00d3JNYM HDMI !!! Kieszonkowy komputer zaskakuje wielko\u015bci\u0105 i mo\u017cliwo\u015bciami. Oferowany przez na model posiada ultra cichy wentylator gwarantuj\u0105cy stabiln\u0105 i d\u0142ugotrwa\u0142\u0105 prac\u0119. Oferowany przez nas szybki mini CHM10 posiada 12GB szybkiej pami\u0119ci RAM, dysk twardy [&hellip;]\" \/>\n<meta property=\"og:url\" content=\"https:\/\/www.oio.pl\/uk\/\u043f\u0440\u043e\u0434\u0443\u043a\u0442\/\u043c\u0456\u043d\u0456-\u043f\u043a-chm10-12-128gb-win11-dual-hdmi-stick\/\" \/>\n<meta property=\"og:site_name\" content=\"Mini PC, Komputery, Laptopy, Translatory\" \/>\n<meta property=\"article:publisher\" content=\"https:\/\/www.facebook.com\/oiopl\" \/>\n<meta property=\"article:modified_time\" content=\"2024-05-17T03:58:17+00:00\" \/>\n<meta property=\"og:image\" content=\"https:\/\/www.oio.pl\/wp-content\/uploads\/2023\/09\/M10_007-1024x950.png\" \/>\n\t<meta property=\"og:image:width\" content=\"1024\" \/>\n\t<meta property=\"og:image:height\" content=\"950\" \/>\n\t<meta property=\"og:image:type\" content=\"image\/png\" \/>\n<meta name=\"twitter:card\" content=\"summary_large_image\" \/>\n<meta name=\"twitter:label1\" content=\"\u041f\u0440\u0438\u0431\u043b. \u0447\u0430\u0441 \u0447\u0438\u0442\u0430\u043d\u043d\u044f\" \/>\n\t<meta name=\"twitter:data1\" content=\"1 \u0445\u0432\u0438\u043b\u0438\u043d\u0430\" \/>\n<script type=\"application\/ld+json\" class=\"yoast-schema-graph\">{\"@context\":\"https:\\\/\\\/schema.org\",\"@graph\":[{\"@type\":\"WebPage\",\"@id\":\"https:\\\/\\\/www.oio.pl\\\/product\\\/mini-pc-chm10-12-128gb-win11-dual-hdmi-stick\\\/\",\"url\":\"https:\\\/\\\/www.oio.pl\\\/product\\\/mini-pc-chm10-12-128gb-win11-dual-hdmi-stick\\\/\",\"name\":\"PC Stick CHM10 12GB Win11 Dual HDMI - Mini PC, Komputery, Laptopy, Translatory\",\"isPartOf\":{\"@id\":\"https:\\\/\\\/www.oio.pl\\\/#website\"},\"primaryImageOfPage\":{\"@id\":\"https:\\\/\\\/www.oio.pl\\\/product\\\/mini-pc-chm10-12-128gb-win11-dual-hdmi-stick\\\/#primaryimage\"},\"image\":{\"@id\":\"https:\\\/\\\/www.oio.pl\\\/product\\\/mini-pc-chm10-12-128gb-win11-dual-hdmi-stick\\\/#primaryimage\"},\"thumbnailUrl\":\"https:\\\/\\\/www.oio.pl\\\/wp-content\\\/uploads\\\/2023\\\/09\\\/M10_007.png\",\"datePublished\":\"2023-09-25T11:25:35+00:00\",\"dateModified\":\"2024-05-17T03:58:17+00:00\",\"breadcrumb\":{\"@id\":\"https:\\\/\\\/www.oio.pl\\\/product\\\/mini-pc-chm10-12-128gb-win11-dual-hdmi-stick\\\/#breadcrumb\"},\"inLanguage\":\"uk\",\"potentialAction\":[{\"@type\":\"ReadAction\",\"target\":[\"https:\\\/\\\/www.oio.pl\\\/product\\\/mini-pc-chm10-12-128gb-win11-dual-hdmi-stick\\\/\"]}]},{\"@type\":\"ImageObject\",\"inLanguage\":\"uk\",\"@id\":\"https:\\\/\\\/www.oio.pl\\\/product\\\/mini-pc-chm10-12-128gb-win11-dual-hdmi-stick\\\/#primaryimage\",\"url\":\"https:\\\/\\\/www.oio.pl\\\/wp-content\\\/uploads\\\/2023\\\/09\\\/M10_007.png\",\"contentUrl\":\"https:\\\/\\\/www.oio.pl\\\/wp-content\\\/uploads\\\/2023\\\/09\\\/M10_007.png\",\"width\":3650,\"height\":3386},{\"@type\":\"BreadcrumbList\",\"@id\":\"https:\\\/\\\/www.oio.pl\\\/product\\\/mini-pc-chm10-12-128gb-win11-dual-hdmi-stick\\\/#breadcrumb\",\"itemListElement\":[{\"@type\":\"ListItem\",\"position\":1,\"name\":\"Strona g\u0142\u00f3wna\",\"item\":\"https:\\\/\\\/www.oio.pl\\\/\"},{\"@type\":\"ListItem\",\"position\":2,\"name\":\"Produkty\",\"item\":\"https:\\\/\\\/www.oio.pl\\\/\"},{\"@type\":\"ListItem\",\"position\":3,\"name\":\"PC Stick CHM10 12GB Win11 Dual HDMI\"}]},{\"@type\":\"WebSite\",\"@id\":\"https:\\\/\\\/www.oio.pl\\\/#website\",\"url\":\"https:\\\/\\\/www.oio.pl\\\/\",\"name\":\"OIO.pl \u2013 Tablety przemys\u0142owe, sprz\u0119t IT dla przemys\u0142u i logistyki\",\"description\":\"tablety przemys\u0142owe, rugged tablet, komputer przemys\u0142owy, tablet wytrzyma\u0142y, sprz\u0119t dla przemys\u0142u, tablet z Windows, tablet IP67, laptop dla magazynu, elektronika przemys\u0142owa, komputery przemys\u0142owe, oio.pl, sprz\u0119t dla logistyki, tablet do pracy w terenie, monitor dotykowy przemys\u0142owy\",\"publisher\":{\"@id\":\"https:\\\/\\\/www.oio.pl\\\/#organization\"},\"alternateName\":\"Sklep internetowy dla przemys\u0142u\",\"potentialAction\":[{\"@type\":\"SearchAction\",\"target\":{\"@type\":\"EntryPoint\",\"urlTemplate\":\"https:\\\/\\\/www.oio.pl\\\/?s={search_term_string}\"},\"query-input\":{\"@type\":\"PropertyValueSpecification\",\"valueRequired\":true,\"valueName\":\"search_term_string\"}}],\"inLanguage\":\"uk\"},{\"@type\":\"Organization\",\"@id\":\"https:\\\/\\\/www.oio.pl\\\/#organization\",\"name\":\"OIO\",\"alternateName\":\"Sprz\u0119t komputerowy\",\"url\":\"https:\\\/\\\/www.oio.pl\\\/\",\"logo\":{\"@type\":\"ImageObject\",\"inLanguage\":\"uk\",\"@id\":\"https:\\\/\\\/www.oio.pl\\\/#\\\/schema\\\/logo\\\/image\\\/\",\"url\":\"https:\\\/\\\/www.oio.pl\\\/wp-content\\\/uploads\\\/2023\\\/11\\\/cropped-cropped-oio_120x120.jpg\",\"contentUrl\":\"https:\\\/\\\/www.oio.pl\\\/wp-content\\\/uploads\\\/2023\\\/11\\\/cropped-cropped-oio_120x120.jpg\",\"width\":120,\"height\":48,\"caption\":\"OIO\"},\"image\":{\"@id\":\"https:\\\/\\\/www.oio.pl\\\/#\\\/schema\\\/logo\\\/image\\\/\"},\"sameAs\":[\"https:\\\/\\\/www.facebook.com\\\/oiopl\"]}]}<\/script>\n<!-- \/ Yoast SEO plugin. -->","yoast_head_json":{"title":"\u041f\u041a Stick CHM10 12GB Win11 Dual HDMI - \u041c\u0456\u043d\u0456-\u041f\u041a, \u043a\u043e\u043c\u043f&#039;\u044e\u0442\u0435\u0440\u0438, \u043d\u043e\u0443\u0442\u0431\u0443\u043a\u0438, \u043f\u0435\u0440\u0435\u043a\u043b\u0430\u0434\u0430\u0447\u0456","robots":{"index":"index","follow":"follow","max-snippet":"max-snippet:-1","max-image-preview":"max-image-preview:large","max-video-preview":"max-video-preview:-1"},"canonical":"https:\/\/www.oio.pl\/uk\/\u043f\u0440\u043e\u0434\u0443\u043a\u0442\/\u043c\u0456\u043d\u0456-\u043f\u043a-chm10-12-128gb-win11-dual-hdmi-stick\/","og_locale":"uk_UA","og_type":"article","og_title":"PC Stick CHM10 12GB Win11 Dual HDMI - Mini PC, Komputery, Laptopy, Translatory","og_description":"Mini PC Stick CHM10 12GB \/ 128GB Dual HDMI Windows 11 Wielka moc w ma\u0142ym urz\u0105dzeniu !!! NAJMNIEJSZY KOMPUTER Z PODW\u00d3JNYM HDMI !!! Kieszonkowy komputer zaskakuje wielko\u015bci\u0105 i mo\u017cliwo\u015bciami. Oferowany przez na model posiada ultra cichy wentylator gwarantuj\u0105cy stabiln\u0105 i d\u0142ugotrwa\u0142\u0105 prac\u0119. Oferowany przez nas szybki mini CHM10 posiada 12GB szybkiej pami\u0119ci RAM, dysk twardy [&hellip;]","og_url":"https:\/\/www.oio.pl\/uk\/\u043f\u0440\u043e\u0434\u0443\u043a\u0442\/\u043c\u0456\u043d\u0456-\u043f\u043a-chm10-12-128gb-win11-dual-hdmi-stick\/","og_site_name":"Mini PC, Komputery, Laptopy, Translatory","article_publisher":"https:\/\/www.facebook.com\/oiopl","article_modified_time":"2024-05-17T03:58:17+00:00","og_image":[{"width":1024,"height":950,"url":"https:\/\/www.oio.pl\/wp-content\/uploads\/2023\/09\/M10_007-1024x950.png","type":"image\/png"}],"twitter_card":"summary_large_image","twitter_misc":{"\u041f\u0440\u0438\u0431\u043b. \u0447\u0430\u0441 \u0447\u0438\u0442\u0430\u043d\u043d\u044f":"1 \u0445\u0432\u0438\u043b\u0438\u043d\u0430"},"schema":{"@context":"https:\/\/schema.org","@graph":[{"@type":"WebPage","@id":"https:\/\/www.oio.pl\/product\/mini-pc-chm10-12-128gb-win11-dual-hdmi-stick\/","url":"https:\/\/www.oio.pl\/product\/mini-pc-chm10-12-128gb-win11-dual-hdmi-stick\/","name":"\u041f\u041a Stick CHM10 12GB Win11 Dual HDMI - \u041c\u0456\u043d\u0456-\u041f\u041a, \u043a\u043e\u043c\u043f&#039;\u044e\u0442\u0435\u0440\u0438, \u043d\u043e\u0443\u0442\u0431\u0443\u043a\u0438, \u043f\u0435\u0440\u0435\u043a\u043b\u0430\u0434\u0430\u0447\u0456","isPartOf":{"@id":"https:\/\/www.oio.pl\/#website"},"primaryImageOfPage":{"@id":"https:\/\/www.oio.pl\/product\/mini-pc-chm10-12-128gb-win11-dual-hdmi-stick\/#primaryimage"},"image":{"@id":"https:\/\/www.oio.pl\/product\/mini-pc-chm10-12-128gb-win11-dual-hdmi-stick\/#primaryimage"},"thumbnailUrl":"https:\/\/www.oio.pl\/wp-content\/uploads\/2023\/09\/M10_007.png","datePublished":"2023-09-25T11:25:35+00:00","dateModified":"2024-05-17T03:58:17+00:00","breadcrumb":{"@id":"https:\/\/www.oio.pl\/product\/mini-pc-chm10-12-128gb-win11-dual-hdmi-stick\/#breadcrumb"},"inLanguage":"uk","potentialAction":[{"@type":"ReadAction","target":["https:\/\/www.oio.pl\/product\/mini-pc-chm10-12-128gb-win11-dual-hdmi-stick\/"]}]},{"@type":"ImageObject","inLanguage":"uk","@id":"https:\/\/www.oio.pl\/product\/mini-pc-chm10-12-128gb-win11-dual-hdmi-stick\/#primaryimage","url":"https:\/\/www.oio.pl\/wp-content\/uploads\/2023\/09\/M10_007.png","contentUrl":"https:\/\/www.oio.pl\/wp-content\/uploads\/2023\/09\/M10_007.png","width":3650,"height":3386},{"@type":"BreadcrumbList","@id":"https:\/\/www.oio.pl\/product\/mini-pc-chm10-12-128gb-win11-dual-hdmi-stick\/#breadcrumb","itemListElement":[{"@type":"ListItem","position":1,"name":"Strona g\u0142\u00f3wna","item":"https:\/\/www.oio.pl\/"},{"@type":"ListItem","position":2,"name":"Produkty","item":"https:\/\/www.oio.pl\/"},{"@type":"ListItem","position":3,"name":"PC Stick CHM10 12GB Win11 Dual HDMI"}]},{"@type":"WebSite","@id":"https:\/\/www.oio.pl\/#website","url":"https:\/\/www.oio.pl\/","name":"OIO.pl \u2013 \u041f\u0440\u043e\u043c\u0438\u0441\u043b\u043e\u0432\u0456 \u043f\u043b\u0430\u043d\u0448\u0435\u0442\u0438, \u0406\u0422-\u043e\u0431\u043b\u0430\u0434\u043d\u0430\u043d\u043d\u044f \u0434\u043b\u044f \u043f\u0440\u043e\u043c\u0438\u0441\u043b\u043e\u0432\u043e\u0441\u0442\u0456 \u0442\u0430 \u043b\u043e\u0433\u0456\u0441\u0442\u0438\u043a\u0438","description":"\u043f\u0440\u043e\u043c\u0438\u0441\u043b\u043e\u0432\u0456 \u043f\u043b\u0430\u043d\u0448\u0435\u0442\u0438, \u043c\u0456\u0446\u043d\u0438\u0439 \u043f\u043b\u0430\u043d\u0448\u0435\u0442, \u043f\u0440\u043e\u043c\u0438\u0441\u043b\u043e\u0432\u0438\u0439 \u043a\u043e\u043c\u043f&#039;\u044e\u0442\u0435\u0440, \u0434\u043e\u0432\u0433\u043e\u0432\u0456\u0447\u043d\u0438\u0439 \u043f\u043b\u0430\u043d\u0448\u0435\u0442, \u043e\u0431\u043b\u0430\u0434\u043d\u0430\u043d\u043d\u044f \u0434\u043b\u044f \u043f\u0440\u043e\u043c\u0438\u0441\u043b\u043e\u0432\u043e\u0441\u0442\u0456, \u043f\u043b\u0430\u043d\u0448\u0435\u0442 Windows, \u043f\u043b\u0430\u043d\u0448\u0435\u0442 IP67, \u0441\u043a\u043b\u0430\u0434\u0441\u044c\u043a\u0438\u0439 \u043d\u043e\u0443\u0442\u0431\u0443\u043a, \u043f\u0440\u043e\u043c\u0438\u0441\u043b\u043e\u0432\u0430 \u0435\u043b\u0435\u043a\u0442\u0440\u043e\u043d\u0456\u043a\u0430, \u043f\u0440\u043e\u043c\u0438\u0441\u043b\u043e\u0432\u0456 \u043a\u043e\u043c\u043f&#039;\u044e\u0442\u0435\u0440\u0438, oio.pl, \u043b\u043e\u0433\u0456\u0441\u0442\u0438\u0447\u043d\u0435 \u043e\u0431\u043b\u0430\u0434\u043d\u0430\u043d\u043d\u044f, \u043f\u043b\u0430\u043d\u0448\u0435\u0442 \u0434\u043b\u044f \u043f\u043e\u043b\u044c\u043e\u0432\u0438\u0445 \u0440\u043e\u0431\u0456\u0442, \u043f\u0440\u043e\u043c\u0438\u0441\u043b\u043e\u0432\u0438\u0439 \u0441\u0435\u043d\u0441\u043e\u0440\u043d\u0438\u0439 \u043c\u043e\u043d\u0456\u0442\u043e\u0440","publisher":{"@id":"https:\/\/www.oio.pl\/#organization"},"alternateName":"Sklep internetowy dla przemys\u0142u","potentialAction":[{"@type":"SearchAction","target":{"@type":"EntryPoint","urlTemplate":"https:\/\/www.oio.pl\/?s={search_term_string}"},"query-input":{"@type":"PropertyValueSpecification","valueRequired":true,"valueName":"search_term_string"}}],"inLanguage":"uk"},{"@type":"Organization","@id":"https:\/\/www.oio.pl\/#organization","name":"OIO","alternateName":"Sprz\u0119t komputerowy","url":"https:\/\/www.oio.pl\/","logo":{"@type":"ImageObject","inLanguage":"uk","@id":"https:\/\/www.oio.pl\/#\/schema\/logo\/image\/","url":"https:\/\/www.oio.pl\/wp-content\/uploads\/2023\/11\/cropped-cropped-oio_120x120.jpg","contentUrl":"https:\/\/www.oio.pl\/wp-content\/uploads\/2023\/11\/cropped-cropped-oio_120x120.jpg","width":120,"height":48,"caption":"OIO"},"image":{"@id":"https:\/\/www.oio.pl\/#\/schema\/logo\/image\/"},"sameAs":["https:\/\/www.facebook.com\/oiopl"]}]}},"_links":{"self":[{"href":"https:\/\/www.oio.pl\/uk\/wp-json\/wp\/v2\/product\/5753","targetHints":{"allow":["GET"]}}],"collection":[{"href":"https:\/\/www.oio.pl\/uk\/wp-json\/wp\/v2\/product"}],"about":[{"href":"https:\/\/www.oio.pl\/uk\/wp-json\/wp\/v2\/types\/product"}],"replies":[{"embeddable":true,"href":"https:\/\/www.oio.pl\/uk\/wp-json\/wp\/v2\/comments?post=5753"}],"wp:featuredmedia":[{"embeddable":true,"href":"https:\/\/www.oio.pl\/uk\/wp-json\/wp\/v2\/media\/5760"}],"wp:attachment":[{"href":"https:\/\/www.oio.pl\/uk\/wp-json\/wp\/v2\/media?parent=5753"}],"wp:term":[{"taxonomy":"product_brand","embeddable":true,"href":"https:\/\/www.oio.pl\/uk\/wp-json\/wp\/v2\/product_brand?post=5753"},{"taxonomy":"product_cat","embeddable":true,"href":"https:\/\/www.oio.pl\/uk\/wp-json\/wp\/v2\/product_cat?post=5753"},{"taxonomy":"product_tag","embeddable":true,"href":"https:\/\/www.oio.pl\/uk\/wp-json\/wp\/v2\/product_tag?post=5753"}],"curies":[{"name":"wp","href":"https:\/\/api.w.org\/{rel}","templated":true}]}}