{"id":6803,"date":"2024-07-19T15:35:25","date_gmt":"2024-07-19T13:35:25","guid":{"rendered":"https:\/\/www.oio.pl\/?post_type=product&#038;p=6803"},"modified":"2024-07-19T16:24:09","modified_gmt":"2024-07-19T14:24:09","slug":"%d0%bf%d1%80%d0%b8%d0%bd%d1%82%d0%b5%d1%80-%d1%87%d0%b5%d0%ba%d1%96%d0%b2-ptp-ii-usb-bluetooth","status":"publish","type":"product","link":"https:\/\/www.oio.pl\/uk\/product\/drukarka-paragonow-ptp-ii-usbbluetooth\/","title":{"rendered":"\u041f\u0440\u0438\u043d\u0442\u0435\u0440 \u043a\u0430\u0441\u043e\u0432\u0438\u0445 \u0447\u0435\u043a\u0456\u0432 PTP-II USB\/RS232C+Bluetooth"},"content":{"rendered":"<p>\u0421\u0443\u0447\u0430\u0441\u043d\u0438\u0439, \u043c\u0456\u043d\u0456\u0430\u0442\u044e\u0440\u043d\u0438\u0439 \u0456 \u043f\u043e\u0440\u0442\u0430\u0442\u0438\u0432\u043d\u0438\u0439 \u043f\u0440\u0438\u043d\u0442\u0435\u0440 \u0447\u0435\u043a\u0456\u0432 PTP-II \u043c\u0430\u0454 \u0434\u0432\u0430 \u0432\u0430\u0440\u0456\u0430\u043d\u0442\u0438 \u043f\u0456\u0434\u043a\u043b\u044e\u0447\u0435\u043d\u043d\u044f - USB\/RS232C + Bluetooth.<\/p>\n<p>\u041f\u0456\u0434\u043a\u043b\u044e\u0447\u0435\u043d\u043d\u044f \u0447\u0435\u0440\u0435\u0437 USB \u0434\u043e\u0437\u0432\u043e\u043b\u044f\u0454 \u043e\u0434\u043d\u043e\u0447\u0430\u0441\u043d\u043e \u0437\u0430\u0440\u044f\u0434\u0436\u0430\u0442\u0438 \u0442\u0430 \u0432\u0438\u043a\u043e\u0440\u0438\u0441\u0442\u043e\u0432\u0443\u0432\u0430\u0442\u0438.<\/p>\n<p>\u041b\u0435\u0433\u043a\u0430 \u043c\u043e\u0434\u0435\u043b\u044c \u0440\u0443\u0447\u043d\u043e\u0433\u043e \u043f\u0440\u0438\u043d\u0442\u0435\u0440\u0430 \u043a\u0432\u0438\u0442\u0430\u043d\u0446\u0456\u0439 \u0434\u043e\u0437\u0432\u043e\u043b\u044f\u0454 \u0432\u0430\u043c \u0441\u0442\u0430\u043d\u0434\u0430\u0440\u0442\u0438\u0437\u0443\u0432\u0430\u0442\u0438 \u043f\u043e\u0432\u0441\u044f\u043a\u0434\u0435\u043d\u043d\u0443 \u0440\u043e\u0431\u043e\u0442\u0443 \u0437 \u0434\u0440\u0443\u043a\u0443, \u0434\u0435 \u0432\u0430\u043c \u0446\u0435 \u043f\u043e\u0442\u0440\u0456\u0431\u043d\u043e.<br \/>\n\u0410\u0432\u0442\u043e\u043c\u0430\u0442\u0438\u0447\u043d\u0430 \u043f\u0435\u0440\u0435\u0432\u0456\u0440\u043a\u0430 \u043d\u0430\u044f\u0432\u043d\u043e\u0441\u0442\u0456 \u043f\u0430\u043f\u0435\u0440\u0443, \u043a\u043e\u043d\u0442\u0440\u043e\u043b\u044c \u0442\u0435\u043c\u043f\u0435\u0440\u0430\u0442\u0443\u0440\u0438, \u0448\u043b\u044f\u0445 \u0448\u0432\u0438\u0434\u043a\u043e\u0433\u043e \u0443\u0441\u0443\u043d\u0435\u043d\u043d\u044f \u0437\u043c\u0438\u043d\u0430\u043d\u043d\u044f \u043f\u0430\u043f\u0435\u0440\u0443.<\/p>\n<p>\u0421\u0435\u0440\u0435\u0434 \u043f\u0435\u0440\u0435\u0432\u0430\u0433 \u043f\u0440\u0438\u0441\u0442\u0440\u043e\u044e \u0454: \u043d\u0435\u0441\u043a\u043b\u0430\u0434\u043d\u0438\u0439 \u043c\u043e\u043d\u0442\u0430\u0436, \u044f\u043a\u0438\u0439 \u043d\u0435 \u0437\u0430\u0439\u043c\u0430\u0454 \u0431\u0430\u0433\u0430\u0442\u043e \u0447\u0430\u0441\u0443.<br \/>\n\u041d\u0430\u043b\u0430\u0448\u0442\u0443\u0432\u0430\u043d\u043d\u044f \u043f\u0440\u0438\u043d\u0442\u0435\u0440\u0430 \u0456\u043d\u0442\u0443\u0457\u0442\u0438\u0432\u043d\u043e \u0437\u0440\u043e\u0437\u0443\u043c\u0456\u043b\u0456, \u0449\u043e \u0434\u043e\u0437\u0432\u043e\u043b\u044f\u0454 \u0430\u0434\u0430\u043f\u0442\u0443\u0432\u0430\u0442\u0438 \u0439\u043e\u0433\u043e \u043f\u0456\u0434 \u0441\u0432\u043e\u0457 \u043f\u043e\u0442\u0440\u0435\u0431\u0438, \u0432\u043a\u043b\u044e\u0447\u0430\u044e\u0447\u0438 \u0434\u0440\u0443\u043a \u043d\u0435\u0441\u0442\u0430\u043d\u0434\u0430\u0440\u0442\u043d\u0438\u0445 \u0435\u0442\u0438\u043a\u0435\u0442\u043e\u043a.<\/p>\n<p>\u0412\u0430\u0436\u043b\u0438\u0432\u043e\u044e \u043f\u0435\u0440\u0435\u0432\u0430\u0433\u043e\u044e \u0446\u044c\u043e\u0433\u043e \u043f\u0440\u0438\u043d\u0442\u0435\u0440\u0430 \u0454 \u0432\u0438\u0441\u043e\u043a\u0430 \u0434\u043b\u044f \u0437\u0440\u0443\u0447\u043d\u043e\u0433\u043e \u043f\u0440\u0438\u043d\u0442\u0435\u0440\u0430 \u0448\u0432\u0438\u0434\u043a\u0456\u0441\u0442\u044c \u0434\u0440\u0443\u043a\u0443 \u0434\u043e 80 \u043c\u043c\/\u0441.<\/p>","protected":false},"excerpt":{"rendered":"<p>Nowoczesna , malutka i przeno\u015bna drukarka paragon\u00f3w PTP-II posiada dwie mo\u017cliwo\u015bci pod\u0142\u0105czenia &#8211; USB\/RS232C + Bluetooth. Pod\u0142\u0105czenia przez USB daje mo\u017cliwo\u015b\u0107 r\u00f3wnoczesnego \u0142adowania i u\u017cytkowania. Lekki, mieszcz\u0105cy si\u0119 w d\u0142oni model drukarki do paragon\u00f3w pozwala na standaryzacj\u0119 codziennej pracy zwi\u0105zanej z drukowaniem wsz\u0119dzie gdzie tylko jest potrzeba. Automatyczna weryfikacja obecno\u015bci papieru, kontrola temperatury, szybka \u015bcie\u017cka [&hellip;]<\/p>\n","protected":false},"featured_media":6812,"comment_status":"closed","ping_status":"closed","template":"","meta":[],"product_brand":[],"product_cat":[2109,3210],"product_tag":[2956,2943,2960,2957,2947,2962,2285,2951,2946,2944,2954,2961,2952,2959,2948,2945,2955,2958,2953,2950,2949],"class_list":{"0":"post-6803","1":"product","2":"type-product","3":"status-publish","4":"has-post-thumbnail","6":"product_cat-print-pos","7":"product_cat-print-wireless","8":"product_tag-horeca-pos-drukarkitermiczne-drukarki-etykiet","9":"product_tag-drukarka","10":"product_tag-drukarka-a11","11":"product_tag-drukarka-biletow","12":"product_tag-drukarka-do-etykiet","13":"product_tag-drukarka-do-naklejek","14":"product_tag-drukarka-etykiet","15":"product_tag-drukarka-etykiet-baselinker","16":"product_tag-drukarka-paragonow","17":"product_tag-drukarka-paragonowa","18":"product_tag-drukarka-pos","19":"product_tag-drukarka-star-micronics","20":"product_tag-drukarka-termiczna","21":"product_tag-drukarki-biletow","22":"product_tag-drukarki-etykiet","23":"product_tag-drukarki-paragonowe","24":"product_tag-drukarki-pos","25":"product_tag-drukowanie-paragonow-na-allegro","26":"product_tag-etykiety","27":"product_tag-najlepsza-drukarka-etykiet","28":"product_tag-przenosna-drukarka-etykiet","30":"first","31":"instock","32":"taxable","33":"shipping-taxable","34":"purchasable","35":"product-type-simple","36":"czr-hentry"},"yoast_head":"<!-- This site is optimized with the Yoast SEO plugin v27.4 - https:\/\/yoast.com\/product\/yoast-seo-wordpress\/ -->\n<title>Drukarka paragon\u00f3w PTP-II USB\/RS232C+Bluetooth POS - Mini PC, Komputery, Laptopy, Translatory<\/title>\n<meta name=\"robots\" content=\"index, follow, max-snippet:-1, max-image-preview:large, max-video-preview:-1\" \/>\n<link rel=\"canonical\" href=\"https:\/\/www.oio.pl\/uk\/\u043f\u0440\u043e\u0434\u0443\u043a\u0442\/\u043f\u0440\u0438\u043d\u0442\u0435\u0440-\u0447\u0435\u043a\u0456\u0432-ptp-ii-usb-bluetooth\/\" \/>\n<meta property=\"og:locale\" content=\"uk_UA\" \/>\n<meta property=\"og:type\" content=\"article\" \/>\n<meta property=\"og:title\" content=\"Drukarka paragon\u00f3w PTP-II USB\/RS232C+Bluetooth POS - Mini PC, Komputery, Laptopy, Translatory\" \/>\n<meta property=\"og:description\" content=\"Nowoczesna , malutka i przeno\u015bna drukarka paragon\u00f3w PTP-II posiada dwie mo\u017cliwo\u015bci pod\u0142\u0105czenia &#8211; USB\/RS232C + Bluetooth. Pod\u0142\u0105czenia przez USB daje mo\u017cliwo\u015b\u0107 r\u00f3wnoczesnego \u0142adowania i u\u017cytkowania. Lekki, mieszcz\u0105cy si\u0119 w d\u0142oni model drukarki do paragon\u00f3w pozwala na standaryzacj\u0119 codziennej pracy zwi\u0105zanej z drukowaniem wsz\u0119dzie gdzie tylko jest potrzeba. Automatyczna weryfikacja obecno\u015bci papieru, kontrola temperatury, szybka \u015bcie\u017cka [&hellip;]\" \/>\n<meta property=\"og:url\" content=\"https:\/\/www.oio.pl\/uk\/\u043f\u0440\u043e\u0434\u0443\u043a\u0442\/\u043f\u0440\u0438\u043d\u0442\u0435\u0440-\u0447\u0435\u043a\u0456\u0432-ptp-ii-usb-bluetooth\/\" \/>\n<meta property=\"og:site_name\" content=\"Mini PC, Komputery, Laptopy, Translatory\" \/>\n<meta property=\"article:publisher\" content=\"https:\/\/www.facebook.com\/oiopl\" \/>\n<meta property=\"article:modified_time\" content=\"2024-07-19T14:24:09+00:00\" \/>\n<meta property=\"og:image\" content=\"https:\/\/www.oio.pl\/wp-content\/uploads\/2024\/07\/45-1-min.jpg\" \/>\n\t<meta property=\"og:image:width\" content=\"1181\" \/>\n\t<meta property=\"og:image:height\" content=\"1181\" \/>\n\t<meta property=\"og:image:type\" content=\"image\/jpeg\" \/>\n<meta name=\"twitter:card\" content=\"summary_large_image\" \/>\n<meta name=\"twitter:label1\" content=\"\u041f\u0440\u0438\u0431\u043b. \u0447\u0430\u0441 \u0447\u0438\u0442\u0430\u043d\u043d\u044f\" \/>\n\t<meta name=\"twitter:data1\" content=\"1 \u0445\u0432\u0438\u043b\u0438\u043d\u0430\" \/>\n<script type=\"application\/ld+json\" class=\"yoast-schema-graph\">{\"@context\":\"https:\\\/\\\/schema.org\",\"@graph\":[{\"@type\":\"WebPage\",\"@id\":\"https:\\\/\\\/www.oio.pl\\\/product\\\/drukarka-paragonow-ptp-ii-usbbluetooth\\\/\",\"url\":\"https:\\\/\\\/www.oio.pl\\\/product\\\/drukarka-paragonow-ptp-ii-usbbluetooth\\\/\",\"name\":\"Drukarka paragon\u00f3w PTP-II USB\\\/RS232C+Bluetooth POS - Mini PC, Komputery, Laptopy, Translatory\",\"isPartOf\":{\"@id\":\"https:\\\/\\\/www.oio.pl\\\/#website\"},\"primaryImageOfPage\":{\"@id\":\"https:\\\/\\\/www.oio.pl\\\/product\\\/drukarka-paragonow-ptp-ii-usbbluetooth\\\/#primaryimage\"},\"image\":{\"@id\":\"https:\\\/\\\/www.oio.pl\\\/product\\\/drukarka-paragonow-ptp-ii-usbbluetooth\\\/#primaryimage\"},\"thumbnailUrl\":\"https:\\\/\\\/www.oio.pl\\\/wp-content\\\/uploads\\\/2024\\\/07\\\/45-1-min.jpg\",\"datePublished\":\"2024-07-19T13:35:25+00:00\",\"dateModified\":\"2024-07-19T14:24:09+00:00\",\"breadcrumb\":{\"@id\":\"https:\\\/\\\/www.oio.pl\\\/product\\\/drukarka-paragonow-ptp-ii-usbbluetooth\\\/#breadcrumb\"},\"inLanguage\":\"uk\",\"potentialAction\":[{\"@type\":\"ReadAction\",\"target\":[\"https:\\\/\\\/www.oio.pl\\\/product\\\/drukarka-paragonow-ptp-ii-usbbluetooth\\\/\"]}]},{\"@type\":\"ImageObject\",\"inLanguage\":\"uk\",\"@id\":\"https:\\\/\\\/www.oio.pl\\\/product\\\/drukarka-paragonow-ptp-ii-usbbluetooth\\\/#primaryimage\",\"url\":\"https:\\\/\\\/www.oio.pl\\\/wp-content\\\/uploads\\\/2024\\\/07\\\/45-1-min.jpg\",\"contentUrl\":\"https:\\\/\\\/www.oio.pl\\\/wp-content\\\/uploads\\\/2024\\\/07\\\/45-1-min.jpg\",\"width\":1181,\"height\":1181},{\"@type\":\"BreadcrumbList\",\"@id\":\"https:\\\/\\\/www.oio.pl\\\/product\\\/drukarka-paragonow-ptp-ii-usbbluetooth\\\/#breadcrumb\",\"itemListElement\":[{\"@type\":\"ListItem\",\"position\":1,\"name\":\"Strona g\u0142\u00f3wna\",\"item\":\"https:\\\/\\\/www.oio.pl\\\/\"},{\"@type\":\"ListItem\",\"position\":2,\"name\":\"Produkty\",\"item\":\"https:\\\/\\\/www.oio.pl\\\/\"},{\"@type\":\"ListItem\",\"position\":3,\"name\":\"Drukarka paragon\u00f3w PTP-II USB\\\/RS232C+Bluetooth POS\"}]},{\"@type\":\"WebSite\",\"@id\":\"https:\\\/\\\/www.oio.pl\\\/#website\",\"url\":\"https:\\\/\\\/www.oio.pl\\\/\",\"name\":\"OIO.pl \u2013 Tablety przemys\u0142owe, sprz\u0119t IT dla przemys\u0142u i logistyki\",\"description\":\"tablety przemys\u0142owe, rugged tablet, komputer przemys\u0142owy, tablet wytrzyma\u0142y, sprz\u0119t dla przemys\u0142u, tablet z Windows, tablet IP67, laptop dla magazynu, elektronika przemys\u0142owa, komputery przemys\u0142owe, oio.pl, sprz\u0119t dla logistyki, tablet do pracy w terenie, monitor dotykowy przemys\u0142owy\",\"publisher\":{\"@id\":\"https:\\\/\\\/www.oio.pl\\\/#organization\"},\"alternateName\":\"Sklep internetowy dla przemys\u0142u\",\"potentialAction\":[{\"@type\":\"SearchAction\",\"target\":{\"@type\":\"EntryPoint\",\"urlTemplate\":\"https:\\\/\\\/www.oio.pl\\\/?s={search_term_string}\"},\"query-input\":{\"@type\":\"PropertyValueSpecification\",\"valueRequired\":true,\"valueName\":\"search_term_string\"}}],\"inLanguage\":\"uk\"},{\"@type\":\"Organization\",\"@id\":\"https:\\\/\\\/www.oio.pl\\\/#organization\",\"name\":\"OIO\",\"alternateName\":\"Sprz\u0119t komputerowy\",\"url\":\"https:\\\/\\\/www.oio.pl\\\/\",\"logo\":{\"@type\":\"ImageObject\",\"inLanguage\":\"uk\",\"@id\":\"https:\\\/\\\/www.oio.pl\\\/#\\\/schema\\\/logo\\\/image\\\/\",\"url\":\"https:\\\/\\\/www.oio.pl\\\/wp-content\\\/uploads\\\/2023\\\/11\\\/cropped-cropped-oio_120x120.jpg\",\"contentUrl\":\"https:\\\/\\\/www.oio.pl\\\/wp-content\\\/uploads\\\/2023\\\/11\\\/cropped-cropped-oio_120x120.jpg\",\"width\":120,\"height\":48,\"caption\":\"OIO\"},\"image\":{\"@id\":\"https:\\\/\\\/www.oio.pl\\\/#\\\/schema\\\/logo\\\/image\\\/\"},\"sameAs\":[\"https:\\\/\\\/www.facebook.com\\\/oiopl\"]}]}<\/script>\n<!-- \/ Yoast SEO plugin. -->","yoast_head_json":{"title":"\u041f\u0440\u0438\u043d\u0442\u0435\u0440 \u0447\u0435\u043a\u0456\u0432 PTP-II USB\/RS232C+Bluetooth \u0434\u043b\u044f POS-\u0442\u0435\u0440\u043c\u0456\u043d\u0430\u043b\u0456\u0432 - \u041c\u0456\u043d\u0456-\u041f\u041a, \u043a\u043e\u043c\u043f&#039;\u044e\u0442\u0435\u0440\u0438, \u043d\u043e\u0443\u0442\u0431\u0443\u043a\u0438, \u043f\u0435\u0440\u0435\u043a\u043b\u0430\u0434\u0430\u0447\u0456","robots":{"index":"index","follow":"follow","max-snippet":"max-snippet:-1","max-image-preview":"max-image-preview:large","max-video-preview":"max-video-preview:-1"},"canonical":"https:\/\/www.oio.pl\/uk\/\u043f\u0440\u043e\u0434\u0443\u043a\u0442\/\u043f\u0440\u0438\u043d\u0442\u0435\u0440-\u0447\u0435\u043a\u0456\u0432-ptp-ii-usb-bluetooth\/","og_locale":"uk_UA","og_type":"article","og_title":"Drukarka paragon\u00f3w PTP-II USB\/RS232C+Bluetooth POS - Mini PC, Komputery, Laptopy, Translatory","og_description":"Nowoczesna , malutka i przeno\u015bna drukarka paragon\u00f3w PTP-II posiada dwie mo\u017cliwo\u015bci pod\u0142\u0105czenia &#8211; USB\/RS232C + Bluetooth. Pod\u0142\u0105czenia przez USB daje mo\u017cliwo\u015b\u0107 r\u00f3wnoczesnego \u0142adowania i u\u017cytkowania. Lekki, mieszcz\u0105cy si\u0119 w d\u0142oni model drukarki do paragon\u00f3w pozwala na standaryzacj\u0119 codziennej pracy zwi\u0105zanej z drukowaniem wsz\u0119dzie gdzie tylko jest potrzeba. Automatyczna weryfikacja obecno\u015bci papieru, kontrola temperatury, szybka \u015bcie\u017cka [&hellip;]","og_url":"https:\/\/www.oio.pl\/uk\/\u043f\u0440\u043e\u0434\u0443\u043a\u0442\/\u043f\u0440\u0438\u043d\u0442\u0435\u0440-\u0447\u0435\u043a\u0456\u0432-ptp-ii-usb-bluetooth\/","og_site_name":"Mini PC, Komputery, Laptopy, Translatory","article_publisher":"https:\/\/www.facebook.com\/oiopl","article_modified_time":"2024-07-19T14:24:09+00:00","og_image":[{"width":1181,"height":1181,"url":"https:\/\/www.oio.pl\/wp-content\/uploads\/2024\/07\/45-1-min.jpg","type":"image\/jpeg"}],"twitter_card":"summary_large_image","twitter_misc":{"\u041f\u0440\u0438\u0431\u043b. \u0447\u0430\u0441 \u0447\u0438\u0442\u0430\u043d\u043d\u044f":"1 \u0445\u0432\u0438\u043b\u0438\u043d\u0430"},"schema":{"@context":"https:\/\/schema.org","@graph":[{"@type":"WebPage","@id":"https:\/\/www.oio.pl\/product\/drukarka-paragonow-ptp-ii-usbbluetooth\/","url":"https:\/\/www.oio.pl\/product\/drukarka-paragonow-ptp-ii-usbbluetooth\/","name":"\u041f\u0440\u0438\u043d\u0442\u0435\u0440 \u0447\u0435\u043a\u0456\u0432 PTP-II USB\/RS232C+Bluetooth \u0434\u043b\u044f POS-\u0442\u0435\u0440\u043c\u0456\u043d\u0430\u043b\u0456\u0432 - \u041c\u0456\u043d\u0456-\u041f\u041a, \u043a\u043e\u043c\u043f&#039;\u044e\u0442\u0435\u0440\u0438, \u043d\u043e\u0443\u0442\u0431\u0443\u043a\u0438, \u043f\u0435\u0440\u0435\u043a\u043b\u0430\u0434\u0430\u0447\u0456","isPartOf":{"@id":"https:\/\/www.oio.pl\/#website"},"primaryImageOfPage":{"@id":"https:\/\/www.oio.pl\/product\/drukarka-paragonow-ptp-ii-usbbluetooth\/#primaryimage"},"image":{"@id":"https:\/\/www.oio.pl\/product\/drukarka-paragonow-ptp-ii-usbbluetooth\/#primaryimage"},"thumbnailUrl":"https:\/\/www.oio.pl\/wp-content\/uploads\/2024\/07\/45-1-min.jpg","datePublished":"2024-07-19T13:35:25+00:00","dateModified":"2024-07-19T14:24:09+00:00","breadcrumb":{"@id":"https:\/\/www.oio.pl\/product\/drukarka-paragonow-ptp-ii-usbbluetooth\/#breadcrumb"},"inLanguage":"uk","potentialAction":[{"@type":"ReadAction","target":["https:\/\/www.oio.pl\/product\/drukarka-paragonow-ptp-ii-usbbluetooth\/"]}]},{"@type":"ImageObject","inLanguage":"uk","@id":"https:\/\/www.oio.pl\/product\/drukarka-paragonow-ptp-ii-usbbluetooth\/#primaryimage","url":"https:\/\/www.oio.pl\/wp-content\/uploads\/2024\/07\/45-1-min.jpg","contentUrl":"https:\/\/www.oio.pl\/wp-content\/uploads\/2024\/07\/45-1-min.jpg","width":1181,"height":1181},{"@type":"BreadcrumbList","@id":"https:\/\/www.oio.pl\/product\/drukarka-paragonow-ptp-ii-usbbluetooth\/#breadcrumb","itemListElement":[{"@type":"ListItem","position":1,"name":"Strona g\u0142\u00f3wna","item":"https:\/\/www.oio.pl\/"},{"@type":"ListItem","position":2,"name":"Produkty","item":"https:\/\/www.oio.pl\/"},{"@type":"ListItem","position":3,"name":"Drukarka paragon\u00f3w PTP-II USB\/RS232C+Bluetooth POS"}]},{"@type":"WebSite","@id":"https:\/\/www.oio.pl\/#website","url":"https:\/\/www.oio.pl\/","name":"OIO.pl \u2013 \u041f\u0440\u043e\u043c\u0438\u0441\u043b\u043e\u0432\u0456 \u043f\u043b\u0430\u043d\u0448\u0435\u0442\u0438, \u0406\u0422-\u043e\u0431\u043b\u0430\u0434\u043d\u0430\u043d\u043d\u044f \u0434\u043b\u044f \u043f\u0440\u043e\u043c\u0438\u0441\u043b\u043e\u0432\u043e\u0441\u0442\u0456 \u0442\u0430 \u043b\u043e\u0433\u0456\u0441\u0442\u0438\u043a\u0438","description":"\u043f\u0440\u043e\u043c\u0438\u0441\u043b\u043e\u0432\u0456 \u043f\u043b\u0430\u043d\u0448\u0435\u0442\u0438, \u043c\u0456\u0446\u043d\u0438\u0439 \u043f\u043b\u0430\u043d\u0448\u0435\u0442, \u043f\u0440\u043e\u043c\u0438\u0441\u043b\u043e\u0432\u0438\u0439 \u043a\u043e\u043c\u043f&#039;\u044e\u0442\u0435\u0440, \u0434\u043e\u0432\u0433\u043e\u0432\u0456\u0447\u043d\u0438\u0439 \u043f\u043b\u0430\u043d\u0448\u0435\u0442, \u043e\u0431\u043b\u0430\u0434\u043d\u0430\u043d\u043d\u044f \u0434\u043b\u044f \u043f\u0440\u043e\u043c\u0438\u0441\u043b\u043e\u0432\u043e\u0441\u0442\u0456, \u043f\u043b\u0430\u043d\u0448\u0435\u0442 Windows, \u043f\u043b\u0430\u043d\u0448\u0435\u0442 IP67, \u0441\u043a\u043b\u0430\u0434\u0441\u044c\u043a\u0438\u0439 \u043d\u043e\u0443\u0442\u0431\u0443\u043a, \u043f\u0440\u043e\u043c\u0438\u0441\u043b\u043e\u0432\u0430 \u0435\u043b\u0435\u043a\u0442\u0440\u043e\u043d\u0456\u043a\u0430, \u043f\u0440\u043e\u043c\u0438\u0441\u043b\u043e\u0432\u0456 \u043a\u043e\u043c\u043f&#039;\u044e\u0442\u0435\u0440\u0438, oio.pl, \u043b\u043e\u0433\u0456\u0441\u0442\u0438\u0447\u043d\u0435 \u043e\u0431\u043b\u0430\u0434\u043d\u0430\u043d\u043d\u044f, \u043f\u043b\u0430\u043d\u0448\u0435\u0442 \u0434\u043b\u044f \u043f\u043e\u043b\u044c\u043e\u0432\u0438\u0445 \u0440\u043e\u0431\u0456\u0442, \u043f\u0440\u043e\u043c\u0438\u0441\u043b\u043e\u0432\u0438\u0439 \u0441\u0435\u043d\u0441\u043e\u0440\u043d\u0438\u0439 \u043c\u043e\u043d\u0456\u0442\u043e\u0440","publisher":{"@id":"https:\/\/www.oio.pl\/#organization"},"alternateName":"Sklep internetowy dla przemys\u0142u","potentialAction":[{"@type":"SearchAction","target":{"@type":"EntryPoint","urlTemplate":"https:\/\/www.oio.pl\/?s={search_term_string}"},"query-input":{"@type":"PropertyValueSpecification","valueRequired":true,"valueName":"search_term_string"}}],"inLanguage":"uk"},{"@type":"Organization","@id":"https:\/\/www.oio.pl\/#organization","name":"OIO","alternateName":"Sprz\u0119t komputerowy","url":"https:\/\/www.oio.pl\/","logo":{"@type":"ImageObject","inLanguage":"uk","@id":"https:\/\/www.oio.pl\/#\/schema\/logo\/image\/","url":"https:\/\/www.oio.pl\/wp-content\/uploads\/2023\/11\/cropped-cropped-oio_120x120.jpg","contentUrl":"https:\/\/www.oio.pl\/wp-content\/uploads\/2023\/11\/cropped-cropped-oio_120x120.jpg","width":120,"height":48,"caption":"OIO"},"image":{"@id":"https:\/\/www.oio.pl\/#\/schema\/logo\/image\/"},"sameAs":["https:\/\/www.facebook.com\/oiopl"]}]}},"_links":{"self":[{"href":"https:\/\/www.oio.pl\/uk\/wp-json\/wp\/v2\/product\/6803","targetHints":{"allow":["GET"]}}],"collection":[{"href":"https:\/\/www.oio.pl\/uk\/wp-json\/wp\/v2\/product"}],"about":[{"href":"https:\/\/www.oio.pl\/uk\/wp-json\/wp\/v2\/types\/product"}],"replies":[{"embeddable":true,"href":"https:\/\/www.oio.pl\/uk\/wp-json\/wp\/v2\/comments?post=6803"}],"wp:featuredmedia":[{"embeddable":true,"href":"https:\/\/www.oio.pl\/uk\/wp-json\/wp\/v2\/media\/6812"}],"wp:attachment":[{"href":"https:\/\/www.oio.pl\/uk\/wp-json\/wp\/v2\/media?parent=6803"}],"wp:term":[{"taxonomy":"product_brand","embeddable":true,"href":"https:\/\/www.oio.pl\/uk\/wp-json\/wp\/v2\/product_brand?post=6803"},{"taxonomy":"product_cat","embeddable":true,"href":"https:\/\/www.oio.pl\/uk\/wp-json\/wp\/v2\/product_cat?post=6803"},{"taxonomy":"product_tag","embeddable":true,"href":"https:\/\/www.oio.pl\/uk\/wp-json\/wp\/v2\/product_tag?post=6803"}],"curies":[{"name":"wp","href":"https:\/\/api.w.org\/{rel}","templated":true}]}}