{"id":6904,"date":"2024-07-28T09:28:00","date_gmt":"2024-07-28T07:28:00","guid":{"rendered":"https:\/\/www.oio.pl\/?post_type=product&#038;p=6904"},"modified":"2025-06-24T15:07:55","modified_gmt":"2025-06-24T13:07:55","slug":"%d0%bc%d1%96%d0%bd%d1%96-%d0%bf%d0%ba-tk08-i9-12900h-16gb-512gb-windows-11","status":"publish","type":"product","link":"https:\/\/www.oio.pl\/uk\/product\/mini-pc-tk08-i9-12900h-16gb-512gb-windows-11\/","title":{"rendered":"\u041c\u0456\u043d\u0456-\u041f\u041a AD08 i9-12900H 16 \u0413\u0411 512 \u0413\u0411 Windows 11 PRO"},"content":{"rendered":"<h2>\u041b\u0430\u0441\u043a\u0430\u0432\u043e \u043f\u0440\u043e\u0441\u0438\u043c\u043e \u0443 \u0441\u0432\u0456\u0442 \u043d\u043e\u0432\u0438\u0445 \u043c\u043e\u0436\u043b\u0438\u0432\u043e\u0441\u0442\u0435\u0439<\/h2>\n<p>\u0417\u0443\u0441\u0442\u0440\u0456\u0447\u0430\u0439\u0442\u0435 AD08 \u2013 \u0443\u043d\u0456\u0432\u0435\u0440\u0441\u0430\u043b\u044c\u043d\u0438\u0439 \u043a\u043e\u043c\u043f\u2019\u044e\u0442\u0435\u0440 \u0414\u041b\u042f \u0420\u041e\u0411\u041e\u0422\u0418 \u0442\u0430 \u0442\u0432\u043e\u0440\u0446\u0456\u0432. \u0414\u043e\u0441\u044f\u0433\u0430\u0439\u0442\u0435 \u0431\u0456\u043b\u044c\u0448\u043e\u0433\u043e \u0443 \u0422\u0412\u041e\u0420\u0415\u041d\u041d\u0406, \u0440\u0435\u0430\u043b\u0456\u0437\u043e\u0432\u0443\u0439\u0442\u0435 \u043d\u0430\u0439\u0430\u043c\u0431\u0456\u0442\u043d\u0456\u0448\u0456 \u043f\u0440\u043e\u0435\u043a\u0442\u0438 \u0442\u0430 \u043f\u0440\u043e\u0441\u0442\u043e <strong>\u043d\u0430\u0441\u043e\u043b\u043e\u0434\u0436\u0443\u0439\u0442\u0435\u0441\u044c \u043d\u0435\u043e\u0431\u043c\u0435\u0436\u0435\u043d\u0438\u043c\u0438 \u0440\u043e\u0437\u0432\u0430\u0433\u0430\u043c\u0438.<\/strong><\/p>\n<p>\u0412\u0456\u0434\u043a\u0440\u0438\u0442\u043e <span class=\"highlight\">\u0431\u0456\u0447\u043d\u0430 \u043f\u0430\u043d\u0435\u043b\u044c<\/span>\u00a0\u043d\u0435 \u043b\u0438\u0448\u0435 \u0434\u043e\u0434\u0430\u0454 \u0445\u0430\u0440\u0430\u043a\u0442\u0435\u0440 \u043a\u043e\u043c\u043f\u2019\u044e\u0442\u0435\u0440\u0443, \u0441\u0442\u0432\u043e\u0440\u044e\u044e\u0447\u0438 \u0431\u0430\u0433\u0430\u0442\u043e \u043e\u0441\u0432\u0456\u0442\u043b\u0435\u043d\u043e\u0433\u043e \u0456\u043d\u0442\u0435\u0440\u2019\u0454\u0440\u0443.<br \/>\n\u0426\u0435 \u0442\u0430\u043a\u043e\u0436 \u0434\u043e\u0437\u0432\u043e\u043b\u044f\u0454\u00a0<span class=\"highlight\">\u043b\u0435\u0433\u043a\u0438\u0439 \u0434\u043e\u0441\u0442\u0443\u043f \u0434\u043e \u043a\u043e\u043c\u043f\u043e\u043d\u0435\u043d\u0442\u0456\u0432<\/span>, \u0442\u043e\u043c\u0443 \u0432\u0438 \u043c\u043e\u0436\u0435\u0442\u0435 \u0457\u0445\u00a0<span class=\"highlight\">\u0448\u0432\u0438\u0434\u043a\u043e \u0456 \u043b\u0435\u0433\u043a\u043e\u00a0<\/span>\u0437\u0430\u043c\u0456\u043d\u0438\u0442\u0438 \u043f\u0440\u0438 \u043d\u0435\u043e\u0431\u0445\u0456\u0434\u043d\u043e\u0441\u0442\u0456.<\/p>\n<p>\u041d\u0430\u0448\u0456\u00a0<span class=\"highlight\">\u0456\u043d\u0436\u0435\u043d\u0435\u0440\u0438 \u0442\u0435\u0441\u0442\u0443\u044e\u0442\u044c<\/span>\u00a0\u043a\u043e\u0436\u0435\u043d \u043f\u0440\u0438\u043c\u0456\u0440\u043d\u0438\u043a\u00a0<span class=\"highlight\">TK08<\/span>.<br \/>\n\u0417\u0430\u0432\u0434\u044f\u043a\u0438 \u0446\u044c\u043e\u043c\u0443 \u0432\u0438 \u043c\u043e\u0436\u0435\u0442\u0435 \u0431\u0443\u0442\u0438 \u0432\u043f\u0435\u0432\u043d\u0435\u043d\u0456, \u0449\u043e \u043e\u0442\u0440\u0438\u043c\u0443\u0454\u0442\u0435 \u043f\u0435\u0440\u0435\u0432\u0456\u0440\u0435\u043d\u0435 \u0432 \u0431\u043e\u044f\u0445 \u043e\u0431\u043b\u0430\u0434\u043d\u0430\u043d\u043d\u044f, \u044f\u043a\u0435 \u0441\u043a\u043b\u0430\u0434\u0430\u0454\u0442\u044c\u0441\u044f \u0437:\u00a0<span class=\"highlight\">\u043a\u043e\u043c\u043f\u043e\u043d\u0435\u043d\u0442\u0438 \u043d\u0430\u0439\u0432\u0438\u0449\u043e\u0457 \u044f\u043a\u043e\u0441\u0442\u0456\u00a0<\/span>.<br \/>\n\u041a\u043e\u043c\u043f&#039;\u044e\u0442\u0435\u0440 \u043f\u0440\u0438\u0445\u043e\u0434\u0438\u0442\u044c \u0434\u043e \u0432\u0430\u0441 \u0433\u043e\u0442\u043e\u0432\u0438\u043c \u0434\u043e \u0420\u041e\u0411\u041e\u0422\u0418<span class=\"highlight\">\u00a0\u043d\u0430 \u043c\u0430\u043a\u0441\u0438\u043c\u0430\u043b\u044c\u043d\u0456\u0439 \u0448\u0432\u0438\u0434\u043a\u043e\u0441\u0442\u0456<\/span>.<\/p>","protected":false},"excerpt":{"rendered":"<p>Witaj w \u015bwiecie nowych mo\u017cliwo\u015bci Poznaj AD08 \u2013 wszechstronny komputer DO PRACY i tw\u00f3rc\u00f3w. Osi\u0105gaj wi\u0119cej w TWORZENIU, realizuj swoje najbardziej ambitne projekty i po prostu ciesz si\u0119 niczym nieskr\u0119powan\u0105\u00a0rozrywk\u0105. Otwierany panel boczny\u00a0nie tylko dodaje komputerowi charakteru prezentuj\u0105c bogato o\u015bwietlone wn\u0119trze. Umo\u017cliwia on r\u00f3wnie\u017c\u00a0\u0142atwy dost\u0119p do podzespo\u0142\u00f3w, przez co mo\u017cesz je\u00a0szybko i w prosty spos\u00f3b\u00a0wymieni\u0107, [&hellip;]<\/p>\n","protected":false},"featured_media":6898,"comment_status":"closed","ping_status":"closed","template":"","meta":[],"product_brand":[],"product_cat":[24,3220],"product_tag":[],"class_list":{"0":"post-6904","1":"product","2":"type-product","3":"status-publish","4":"has-post-thumbnail","6":"product_cat-mini-pc","7":"product_cat-minipc","9":"first","10":"instock","11":"taxable","12":"shipping-taxable","13":"purchasable","14":"product-type-simple","15":"czr-hentry"},"yoast_head":"<!-- This site is optimized with the Yoast SEO plugin v27.4 - https:\/\/yoast.com\/product\/yoast-seo-wordpress\/ -->\n<title>Mini PC AD08 i9-12900H 16GB 512GB Windows 11 PRO - Mini PC, Komputery, Laptopy, Translatory<\/title>\n<meta name=\"robots\" content=\"index, follow, max-snippet:-1, max-image-preview:large, max-video-preview:-1\" \/>\n<link rel=\"canonical\" href=\"https:\/\/www.oio.pl\/uk\/\u043f\u0440\u043e\u0434\u0443\u043a\u0442\/\u043c\u0456\u043d\u0456-\u043f\u043a-tk08-i9-12900h-16gb-512gb-windows-11\/\" \/>\n<meta property=\"og:locale\" content=\"uk_UA\" \/>\n<meta property=\"og:type\" content=\"article\" \/>\n<meta property=\"og:title\" content=\"Mini PC AD08 i9-12900H 16GB 512GB Windows 11 PRO - Mini PC, Komputery, Laptopy, Translatory\" \/>\n<meta property=\"og:description\" content=\"Witaj w \u015bwiecie nowych mo\u017cliwo\u015bci Poznaj AD08 \u2013 wszechstronny komputer DO PRACY i tw\u00f3rc\u00f3w. Osi\u0105gaj wi\u0119cej w TWORZENIU, realizuj swoje najbardziej ambitne projekty i po prostu ciesz si\u0119 niczym nieskr\u0119powan\u0105\u00a0rozrywk\u0105. Otwierany panel boczny\u00a0nie tylko dodaje komputerowi charakteru prezentuj\u0105c bogato o\u015bwietlone wn\u0119trze. Umo\u017cliwia on r\u00f3wnie\u017c\u00a0\u0142atwy dost\u0119p do podzespo\u0142\u00f3w, przez co mo\u017cesz je\u00a0szybko i w prosty spos\u00f3b\u00a0wymieni\u0107, [&hellip;]\" \/>\n<meta property=\"og:url\" content=\"https:\/\/www.oio.pl\/uk\/\u043f\u0440\u043e\u0434\u0443\u043a\u0442\/\u043c\u0456\u043d\u0456-\u043f\u043a-tk08-i9-12900h-16gb-512gb-windows-11\/\" \/>\n<meta property=\"og:site_name\" content=\"Mini PC, Komputery, Laptopy, Translatory\" \/>\n<meta property=\"article:publisher\" content=\"https:\/\/www.facebook.com\/oiopl\" \/>\n<meta property=\"article:modified_time\" content=\"2025-06-24T13:07:55+00:00\" \/>\n<meta property=\"og:image\" content=\"https:\/\/www.oio.pl\/wp-content\/uploads\/2024\/07\/AM08-PRO-MINI-PC-2.jpg\" \/>\n\t<meta property=\"og:image:width\" content=\"1500\" \/>\n\t<meta property=\"og:image:height\" content=\"1500\" \/>\n\t<meta property=\"og:image:type\" content=\"image\/jpeg\" \/>\n<meta name=\"twitter:card\" content=\"summary_large_image\" \/>\n<meta name=\"twitter:label1\" content=\"\u041f\u0440\u0438\u0431\u043b. \u0447\u0430\u0441 \u0447\u0438\u0442\u0430\u043d\u043d\u044f\" \/>\n\t<meta name=\"twitter:data1\" content=\"1 \u0445\u0432\u0438\u043b\u0438\u043d\u0430\" \/>\n<script type=\"application\/ld+json\" class=\"yoast-schema-graph\">{\"@context\":\"https:\\\/\\\/schema.org\",\"@graph\":[{\"@type\":\"WebPage\",\"@id\":\"https:\\\/\\\/www.oio.pl\\\/product\\\/mini-pc-tk08-i9-12900h-16gb-512gb-windows-11\\\/\",\"url\":\"https:\\\/\\\/www.oio.pl\\\/product\\\/mini-pc-tk08-i9-12900h-16gb-512gb-windows-11\\\/\",\"name\":\"Mini PC AD08 i9-12900H 16GB 512GB Windows 11 PRO - Mini PC, Komputery, Laptopy, Translatory\",\"isPartOf\":{\"@id\":\"https:\\\/\\\/www.oio.pl\\\/#website\"},\"primaryImageOfPage\":{\"@id\":\"https:\\\/\\\/www.oio.pl\\\/product\\\/mini-pc-tk08-i9-12900h-16gb-512gb-windows-11\\\/#primaryimage\"},\"image\":{\"@id\":\"https:\\\/\\\/www.oio.pl\\\/product\\\/mini-pc-tk08-i9-12900h-16gb-512gb-windows-11\\\/#primaryimage\"},\"thumbnailUrl\":\"https:\\\/\\\/www.oio.pl\\\/wp-content\\\/uploads\\\/2024\\\/07\\\/AM08-PRO-MINI-PC-2.jpg\",\"datePublished\":\"2024-07-28T07:28:00+00:00\",\"dateModified\":\"2025-06-24T13:07:55+00:00\",\"breadcrumb\":{\"@id\":\"https:\\\/\\\/www.oio.pl\\\/product\\\/mini-pc-tk08-i9-12900h-16gb-512gb-windows-11\\\/#breadcrumb\"},\"inLanguage\":\"uk\",\"potentialAction\":[{\"@type\":\"ReadAction\",\"target\":[\"https:\\\/\\\/www.oio.pl\\\/product\\\/mini-pc-tk08-i9-12900h-16gb-512gb-windows-11\\\/\"]}]},{\"@type\":\"ImageObject\",\"inLanguage\":\"uk\",\"@id\":\"https:\\\/\\\/www.oio.pl\\\/product\\\/mini-pc-tk08-i9-12900h-16gb-512gb-windows-11\\\/#primaryimage\",\"url\":\"https:\\\/\\\/www.oio.pl\\\/wp-content\\\/uploads\\\/2024\\\/07\\\/AM08-PRO-MINI-PC-2.jpg\",\"contentUrl\":\"https:\\\/\\\/www.oio.pl\\\/wp-content\\\/uploads\\\/2024\\\/07\\\/AM08-PRO-MINI-PC-2.jpg\",\"width\":1500,\"height\":1500},{\"@type\":\"BreadcrumbList\",\"@id\":\"https:\\\/\\\/www.oio.pl\\\/product\\\/mini-pc-tk08-i9-12900h-16gb-512gb-windows-11\\\/#breadcrumb\",\"itemListElement\":[{\"@type\":\"ListItem\",\"position\":1,\"name\":\"Strona g\u0142\u00f3wna\",\"item\":\"https:\\\/\\\/www.oio.pl\\\/\"},{\"@type\":\"ListItem\",\"position\":2,\"name\":\"Produkty\",\"item\":\"https:\\\/\\\/www.oio.pl\\\/\"},{\"@type\":\"ListItem\",\"position\":3,\"name\":\"Mini PC AD08 i9-12900H 16GB 512GB Windows 11 PRO\"}]},{\"@type\":\"WebSite\",\"@id\":\"https:\\\/\\\/www.oio.pl\\\/#website\",\"url\":\"https:\\\/\\\/www.oio.pl\\\/\",\"name\":\"OIO.pl \u2013 Tablety przemys\u0142owe, sprz\u0119t IT dla przemys\u0142u i logistyki\",\"description\":\"tablety przemys\u0142owe, rugged tablet, komputer przemys\u0142owy, tablet wytrzyma\u0142y, sprz\u0119t dla przemys\u0142u, tablet z Windows, tablet IP67, laptop dla magazynu, elektronika przemys\u0142owa, komputery przemys\u0142owe, oio.pl, sprz\u0119t dla logistyki, tablet do pracy w terenie, monitor dotykowy przemys\u0142owy\",\"publisher\":{\"@id\":\"https:\\\/\\\/www.oio.pl\\\/#organization\"},\"alternateName\":\"Sklep internetowy dla przemys\u0142u\",\"potentialAction\":[{\"@type\":\"SearchAction\",\"target\":{\"@type\":\"EntryPoint\",\"urlTemplate\":\"https:\\\/\\\/www.oio.pl\\\/?s={search_term_string}\"},\"query-input\":{\"@type\":\"PropertyValueSpecification\",\"valueRequired\":true,\"valueName\":\"search_term_string\"}}],\"inLanguage\":\"uk\"},{\"@type\":\"Organization\",\"@id\":\"https:\\\/\\\/www.oio.pl\\\/#organization\",\"name\":\"OIO\",\"alternateName\":\"Sprz\u0119t komputerowy\",\"url\":\"https:\\\/\\\/www.oio.pl\\\/\",\"logo\":{\"@type\":\"ImageObject\",\"inLanguage\":\"uk\",\"@id\":\"https:\\\/\\\/www.oio.pl\\\/#\\\/schema\\\/logo\\\/image\\\/\",\"url\":\"https:\\\/\\\/www.oio.pl\\\/wp-content\\\/uploads\\\/2023\\\/11\\\/cropped-cropped-oio_120x120.jpg\",\"contentUrl\":\"https:\\\/\\\/www.oio.pl\\\/wp-content\\\/uploads\\\/2023\\\/11\\\/cropped-cropped-oio_120x120.jpg\",\"width\":120,\"height\":48,\"caption\":\"OIO\"},\"image\":{\"@id\":\"https:\\\/\\\/www.oio.pl\\\/#\\\/schema\\\/logo\\\/image\\\/\"},\"sameAs\":[\"https:\\\/\\\/www.facebook.com\\\/oiopl\"]}]}<\/script>\n<!-- \/ Yoast SEO plugin. -->","yoast_head_json":{"title":"\u041c\u0456\u043d\u0456-\u041f\u041a AD08 i9-12900H 16 \u0413\u0411 512 \u0413\u0411 Windows 11 PRO - \u041c\u0456\u043d\u0456-\u041f\u041a, \u041a\u043e\u043c\u043f&#039;\u044e\u0442\u0435\u0440\u0438, \u041d\u043e\u0443\u0442\u0431\u0443\u043a\u0438, \u041f\u0435\u0440\u0435\u043a\u043b\u0430\u0434\u0430\u0447\u0456","robots":{"index":"index","follow":"follow","max-snippet":"max-snippet:-1","max-image-preview":"max-image-preview:large","max-video-preview":"max-video-preview:-1"},"canonical":"https:\/\/www.oio.pl\/uk\/\u043f\u0440\u043e\u0434\u0443\u043a\u0442\/\u043c\u0456\u043d\u0456-\u043f\u043a-tk08-i9-12900h-16gb-512gb-windows-11\/","og_locale":"uk_UA","og_type":"article","og_title":"Mini PC AD08 i9-12900H 16GB 512GB Windows 11 PRO - Mini PC, Komputery, Laptopy, Translatory","og_description":"Witaj w \u015bwiecie nowych mo\u017cliwo\u015bci Poznaj AD08 \u2013 wszechstronny komputer DO PRACY i tw\u00f3rc\u00f3w. Osi\u0105gaj wi\u0119cej w TWORZENIU, realizuj swoje najbardziej ambitne projekty i po prostu ciesz si\u0119 niczym nieskr\u0119powan\u0105\u00a0rozrywk\u0105. Otwierany panel boczny\u00a0nie tylko dodaje komputerowi charakteru prezentuj\u0105c bogato o\u015bwietlone wn\u0119trze. Umo\u017cliwia on r\u00f3wnie\u017c\u00a0\u0142atwy dost\u0119p do podzespo\u0142\u00f3w, przez co mo\u017cesz je\u00a0szybko i w prosty spos\u00f3b\u00a0wymieni\u0107, [&hellip;]","og_url":"https:\/\/www.oio.pl\/uk\/\u043f\u0440\u043e\u0434\u0443\u043a\u0442\/\u043c\u0456\u043d\u0456-\u043f\u043a-tk08-i9-12900h-16gb-512gb-windows-11\/","og_site_name":"Mini PC, Komputery, Laptopy, Translatory","article_publisher":"https:\/\/www.facebook.com\/oiopl","article_modified_time":"2025-06-24T13:07:55+00:00","og_image":[{"width":1500,"height":1500,"url":"https:\/\/www.oio.pl\/wp-content\/uploads\/2024\/07\/AM08-PRO-MINI-PC-2.jpg","type":"image\/jpeg"}],"twitter_card":"summary_large_image","twitter_misc":{"\u041f\u0440\u0438\u0431\u043b. \u0447\u0430\u0441 \u0447\u0438\u0442\u0430\u043d\u043d\u044f":"1 \u0445\u0432\u0438\u043b\u0438\u043d\u0430"},"schema":{"@context":"https:\/\/schema.org","@graph":[{"@type":"WebPage","@id":"https:\/\/www.oio.pl\/product\/mini-pc-tk08-i9-12900h-16gb-512gb-windows-11\/","url":"https:\/\/www.oio.pl\/product\/mini-pc-tk08-i9-12900h-16gb-512gb-windows-11\/","name":"\u041c\u0456\u043d\u0456-\u041f\u041a AD08 i9-12900H 16 \u0413\u0411 512 \u0413\u0411 Windows 11 PRO - \u041c\u0456\u043d\u0456-\u041f\u041a, \u041a\u043e\u043c\u043f&#039;\u044e\u0442\u0435\u0440\u0438, \u041d\u043e\u0443\u0442\u0431\u0443\u043a\u0438, \u041f\u0435\u0440\u0435\u043a\u043b\u0430\u0434\u0430\u0447\u0456","isPartOf":{"@id":"https:\/\/www.oio.pl\/#website"},"primaryImageOfPage":{"@id":"https:\/\/www.oio.pl\/product\/mini-pc-tk08-i9-12900h-16gb-512gb-windows-11\/#primaryimage"},"image":{"@id":"https:\/\/www.oio.pl\/product\/mini-pc-tk08-i9-12900h-16gb-512gb-windows-11\/#primaryimage"},"thumbnailUrl":"https:\/\/www.oio.pl\/wp-content\/uploads\/2024\/07\/AM08-PRO-MINI-PC-2.jpg","datePublished":"2024-07-28T07:28:00+00:00","dateModified":"2025-06-24T13:07:55+00:00","breadcrumb":{"@id":"https:\/\/www.oio.pl\/product\/mini-pc-tk08-i9-12900h-16gb-512gb-windows-11\/#breadcrumb"},"inLanguage":"uk","potentialAction":[{"@type":"ReadAction","target":["https:\/\/www.oio.pl\/product\/mini-pc-tk08-i9-12900h-16gb-512gb-windows-11\/"]}]},{"@type":"ImageObject","inLanguage":"uk","@id":"https:\/\/www.oio.pl\/product\/mini-pc-tk08-i9-12900h-16gb-512gb-windows-11\/#primaryimage","url":"https:\/\/www.oio.pl\/wp-content\/uploads\/2024\/07\/AM08-PRO-MINI-PC-2.jpg","contentUrl":"https:\/\/www.oio.pl\/wp-content\/uploads\/2024\/07\/AM08-PRO-MINI-PC-2.jpg","width":1500,"height":1500},{"@type":"BreadcrumbList","@id":"https:\/\/www.oio.pl\/product\/mini-pc-tk08-i9-12900h-16gb-512gb-windows-11\/#breadcrumb","itemListElement":[{"@type":"ListItem","position":1,"name":"Strona g\u0142\u00f3wna","item":"https:\/\/www.oio.pl\/"},{"@type":"ListItem","position":2,"name":"Produkty","item":"https:\/\/www.oio.pl\/"},{"@type":"ListItem","position":3,"name":"Mini PC AD08 i9-12900H 16GB 512GB Windows 11 PRO"}]},{"@type":"WebSite","@id":"https:\/\/www.oio.pl\/#website","url":"https:\/\/www.oio.pl\/","name":"OIO.pl \u2013 \u041f\u0440\u043e\u043c\u0438\u0441\u043b\u043e\u0432\u0456 \u043f\u043b\u0430\u043d\u0448\u0435\u0442\u0438, \u0406\u0422-\u043e\u0431\u043b\u0430\u0434\u043d\u0430\u043d\u043d\u044f \u0434\u043b\u044f \u043f\u0440\u043e\u043c\u0438\u0441\u043b\u043e\u0432\u043e\u0441\u0442\u0456 \u0442\u0430 \u043b\u043e\u0433\u0456\u0441\u0442\u0438\u043a\u0438","description":"\u043f\u0440\u043e\u043c\u0438\u0441\u043b\u043e\u0432\u0456 \u043f\u043b\u0430\u043d\u0448\u0435\u0442\u0438, \u043c\u0456\u0446\u043d\u0438\u0439 \u043f\u043b\u0430\u043d\u0448\u0435\u0442, \u043f\u0440\u043e\u043c\u0438\u0441\u043b\u043e\u0432\u0438\u0439 \u043a\u043e\u043c\u043f&#039;\u044e\u0442\u0435\u0440, \u0434\u043e\u0432\u0433\u043e\u0432\u0456\u0447\u043d\u0438\u0439 \u043f\u043b\u0430\u043d\u0448\u0435\u0442, \u043e\u0431\u043b\u0430\u0434\u043d\u0430\u043d\u043d\u044f \u0434\u043b\u044f \u043f\u0440\u043e\u043c\u0438\u0441\u043b\u043e\u0432\u043e\u0441\u0442\u0456, \u043f\u043b\u0430\u043d\u0448\u0435\u0442 Windows, \u043f\u043b\u0430\u043d\u0448\u0435\u0442 IP67, \u0441\u043a\u043b\u0430\u0434\u0441\u044c\u043a\u0438\u0439 \u043d\u043e\u0443\u0442\u0431\u0443\u043a, \u043f\u0440\u043e\u043c\u0438\u0441\u043b\u043e\u0432\u0430 \u0435\u043b\u0435\u043a\u0442\u0440\u043e\u043d\u0456\u043a\u0430, \u043f\u0440\u043e\u043c\u0438\u0441\u043b\u043e\u0432\u0456 \u043a\u043e\u043c\u043f&#039;\u044e\u0442\u0435\u0440\u0438, oio.pl, \u043b\u043e\u0433\u0456\u0441\u0442\u0438\u0447\u043d\u0435 \u043e\u0431\u043b\u0430\u0434\u043d\u0430\u043d\u043d\u044f, \u043f\u043b\u0430\u043d\u0448\u0435\u0442 \u0434\u043b\u044f \u043f\u043e\u043b\u044c\u043e\u0432\u0438\u0445 \u0440\u043e\u0431\u0456\u0442, \u043f\u0440\u043e\u043c\u0438\u0441\u043b\u043e\u0432\u0438\u0439 \u0441\u0435\u043d\u0441\u043e\u0440\u043d\u0438\u0439 \u043c\u043e\u043d\u0456\u0442\u043e\u0440","publisher":{"@id":"https:\/\/www.oio.pl\/#organization"},"alternateName":"Sklep internetowy dla przemys\u0142u","potentialAction":[{"@type":"SearchAction","target":{"@type":"EntryPoint","urlTemplate":"https:\/\/www.oio.pl\/?s={search_term_string}"},"query-input":{"@type":"PropertyValueSpecification","valueRequired":true,"valueName":"search_term_string"}}],"inLanguage":"uk"},{"@type":"Organization","@id":"https:\/\/www.oio.pl\/#organization","name":"OIO","alternateName":"Sprz\u0119t komputerowy","url":"https:\/\/www.oio.pl\/","logo":{"@type":"ImageObject","inLanguage":"uk","@id":"https:\/\/www.oio.pl\/#\/schema\/logo\/image\/","url":"https:\/\/www.oio.pl\/wp-content\/uploads\/2023\/11\/cropped-cropped-oio_120x120.jpg","contentUrl":"https:\/\/www.oio.pl\/wp-content\/uploads\/2023\/11\/cropped-cropped-oio_120x120.jpg","width":120,"height":48,"caption":"OIO"},"image":{"@id":"https:\/\/www.oio.pl\/#\/schema\/logo\/image\/"},"sameAs":["https:\/\/www.facebook.com\/oiopl"]}]}},"_links":{"self":[{"href":"https:\/\/www.oio.pl\/uk\/wp-json\/wp\/v2\/product\/6904","targetHints":{"allow":["GET"]}}],"collection":[{"href":"https:\/\/www.oio.pl\/uk\/wp-json\/wp\/v2\/product"}],"about":[{"href":"https:\/\/www.oio.pl\/uk\/wp-json\/wp\/v2\/types\/product"}],"replies":[{"embeddable":true,"href":"https:\/\/www.oio.pl\/uk\/wp-json\/wp\/v2\/comments?post=6904"}],"wp:featuredmedia":[{"embeddable":true,"href":"https:\/\/www.oio.pl\/uk\/wp-json\/wp\/v2\/media\/6898"}],"wp:attachment":[{"href":"https:\/\/www.oio.pl\/uk\/wp-json\/wp\/v2\/media?parent=6904"}],"wp:term":[{"taxonomy":"product_brand","embeddable":true,"href":"https:\/\/www.oio.pl\/uk\/wp-json\/wp\/v2\/product_brand?post=6904"},{"taxonomy":"product_cat","embeddable":true,"href":"https:\/\/www.oio.pl\/uk\/wp-json\/wp\/v2\/product_cat?post=6904"},{"taxonomy":"product_tag","embeddable":true,"href":"https:\/\/www.oio.pl\/uk\/wp-json\/wp\/v2\/product_tag?post=6904"}],"curies":[{"name":"wp","href":"https:\/\/api.w.org\/{rel}","templated":true}]}}