{"id":7098,"date":"2024-09-14T11:26:29","date_gmt":"2024-09-14T09:26:29","guid":{"rendered":"https:\/\/www.oio.pl\/?post_type=product&#038;p=7098"},"modified":"2024-09-21T17:05:41","modified_gmt":"2024-09-21T15:05:41","slug":"%d0%b2%d1%96%d0%b4%d0%b5%d0%be%d1%80%d0%b5%d1%94%d1%81%d1%82%d1%80%d0%b0%d1%82%d0%be%d1%80-%d0%b4%d0%bb%d1%8f-volvo","status":"publish","type":"product","link":"https:\/\/www.oio.pl\/uk\/product\/rejestrator-dvr-do-volvo\/","title":{"rendered":"\u0412\u0456\u0434\u0435\u043e\u0440\u0435\u0454\u0441\u0442\u0440\u0430\u0442\u043e\u0440 \u0434\u043b\u044f Volvo 2014-2024"},"content":{"rendered":"<h1>\u0412\u0456\u0434\u0435\u043e\u0440\u0435\u0454\u0441\u0442\u0440\u0430\u0442\u043e\u0440 \u0434\u043b\u044f Volvo<\/h1>\n<ul>\n<li>\u043b\u0435\u0433\u043a\u0438\u0439 \u043c\u043e\u043d\u0442\u0430\u0436 \u0431\u0435\u0437 \u0432\u0438\u043a\u0440\u0443\u0442\u043a\u0438,<\/li>\n<li>\u0432\u0438\u0441\u043e\u043a\u043e\u044f\u043a\u0456\u0441\u043d\u0456 \u0432\u0456\u0434\u0435\u043e\/\u0444\u043e\u0442\u043e,<\/li>\n<li>\u0456\u043d\u0442\u0435\u0433\u0440\u0430\u0446\u0456\u044f \u0437 \u0437\u043e\u0432\u043d\u0456\u0448\u043d\u0456\u043c \u0432\u0438\u0433\u043b\u044f\u0434\u043e\u043c \u0456 \u0443\u0441\u0442\u0430\u043d\u043e\u0432\u043a\u043e\u044e \u0430\u0432\u0442\u043e\u043c\u043e\u0431\u0456\u043b\u044f,<\/li>\n<li>\u0431\u0435\u0437\u043a\u043e\u0448\u0442\u043e\u0432\u043d\u0435 \u043f\u0440\u043e\u0433\u0440\u0430\u043c\u043d\u0435 \u0437\u0430\u0431\u0435\u0437\u043f\u0435\u0447\u0435\u043d\u043d\u044f,<\/li>\n<li>\u0432 \u043a\u043e\u043c\u043f\u043b\u0435\u043a\u0442\u0456 \u0454 \u0432\u0441\u0456 \u043d\u0435\u043e\u0431\u0445\u0456\u0434\u043d\u0456 \u0435\u043b\u0435\u043c\u0435\u043d\u0442\u0438 \u0434\u043b\u044f \u043c\u043e\u043d\u0442\u0430\u0436\u0443,<\/li>\n<li>\u0420\u0435\u0437\u0443\u043b\u044c\u0442\u0430\u0442\u0438 \u043c\u043e\u0436\u043d\u0430 \u043f\u0435\u0440\u0435\u0433\u043b\u044f\u0434\u0430\u0442\u0438 \u043d\u0430 \u0442\u0435\u043b\u0435\u0444\u043e\u043d\u0456\/\u043f\u043b\u0430\u043d\u0448\u0435\u0442\u0456 \u043f\u0456\u0434 \u0447\u0430\u0441 \u043f\u0456\u0434\u043a\u043b\u044e\u0447\u0435\u043d\u043d\u044f <strong>WiFi<\/strong> \u0434\u0438\u043a\u0442\u043e\u0444\u043e\u043d<\/li>\n<\/ul>\n<h2>\u041d\u0430\u0439\u043a\u0440\u0430\u0449\u0435 \u0440\u0456\u0448\u0435\u043d\u043d\u044f \u0434\u043b\u044f \u0432\u043e\u0434\u0456\u044f!!!<\/h2>\n<p>\u0422\u0430\u043a\u043e\u0436 \u0432 \u043d\u0430\u044f\u0432\u043d\u043e\u0441\u0442\u0456 \u0454 \u0440\u0435\u0454\u0441\u0442\u0440\u0430\u0442\u043e\u0440\u0438 \u043d\u0430 \u0456\u043d\u0448\u0456 \u043c\u043e\u0434\u0435\u043b\u0456 \u0412\u043e\u043b\u044c\u0432\u043e \u0442\u0430 \u0440\u0456\u043a \u0432\u0438\u043f\u0443\u0441\u043a\u0443 \u0442\u0430\u043a\u043e\u0436 \u0434\u043e 2024 \u0440\u043e\u043a\u0443!!!<\/p>\n<p>\u041c\u043e\u0434\u0435\u043b\u0456:<\/p>\n<ul>\n<li>XC90, XC70, XC60, XC40<\/li>\n<li>S60, V60, S90, V90<\/li>\n<li>C40, V40<\/li>\n<\/ul>\n<p>\u0420\u043e\u043a\u0438: 2014 \u2013 2024<\/p>\n<h2><strong>\u041f\u0435\u0440\u0435\u0434 \u043f\u043e\u043a\u0443\u043f\u043a\u043e\u044e \u043d\u0430\u0434\u0456\u0448\u043b\u0456\u0442\u044c \u0435\u043b\u0435\u043a\u0442\u0440\u043e\u043d\u043d\u0438\u0439 \u043b\u0438\u0441\u0442 \u0456\u0437 \u0437\u0430\u0437\u043d\u0430\u0447\u0435\u043d\u043d\u044f\u043c \u043c\u043e\u0434\u0435\u043b\u0456 \u0442\u0430 \u0440\u043e\u043a\u0443 \u0432\u0438\u043f\u0443\u0441\u043a\u0443 Volvo.<\/strong><\/h2>","protected":false},"excerpt":{"rendered":"<p>Rejestrator DVR do Volvo \u0142atwa instalacja bez \u015brubokr\u0119ta, wysoka jako\u015b\u0107 film\u00f3w\/zdj\u0119\u0107, integracja z wygl\u0105dem i instalacj\u0105 auta, darmowe oprogramowanie, zestaw zawiera wszystkie potrzebne elementy do instalacji, wyniki mo\u017cna ogl\u0105da\u0107 w telefonie\/tablecie po pod\u0142\u0105czeniu do WiFi rejestratora Najlepsze rozwi\u0105zanie dla kierowcy !!! Posiadamy r\u00f3wnie\u017c rejestratory do innych modeli i rocznik\u00f3w Volvo, r\u00f3wnie\u017c do 2024 !!! Modele: [&hellip;]<\/p>\n","protected":false},"featured_media":7120,"comment_status":"closed","ping_status":"closed","template":"","meta":[],"product_brand":[],"product_cat":[3230],"product_tag":[],"class_list":{"0":"post-7098","1":"product","2":"type-product","3":"status-publish","4":"has-post-thumbnail","6":"product_cat-cam-dvr","8":"first","9":"instock","10":"taxable","11":"shipping-taxable","12":"purchasable","13":"product-type-simple","14":"czr-hentry"},"yoast_head":"<!-- This site is optimized with the Yoast SEO plugin v27.4 - https:\/\/yoast.com\/product\/yoast-seo-wordpress\/ -->\n<title>Rejestrator DVR do Volvo 2014-2024 - Mini PC, Komputery, Laptopy, Translatory<\/title>\n<meta name=\"robots\" content=\"index, follow, max-snippet:-1, max-image-preview:large, max-video-preview:-1\" \/>\n<link rel=\"canonical\" href=\"https:\/\/www.oio.pl\/uk\/\u043f\u0440\u043e\u0434\u0443\u043a\u0442\/\u0432\u0456\u0434\u0435\u043e\u0440\u0435\u0454\u0441\u0442\u0440\u0430\u0442\u043e\u0440-\u0434\u043b\u044f-volvo\/\" \/>\n<meta property=\"og:locale\" content=\"uk_UA\" \/>\n<meta property=\"og:type\" content=\"article\" \/>\n<meta property=\"og:title\" content=\"Rejestrator DVR do Volvo 2014-2024 - Mini PC, Komputery, Laptopy, Translatory\" \/>\n<meta property=\"og:description\" content=\"Rejestrator DVR do Volvo \u0142atwa instalacja bez \u015brubokr\u0119ta, wysoka jako\u015b\u0107 film\u00f3w\/zdj\u0119\u0107, integracja z wygl\u0105dem i instalacj\u0105 auta, darmowe oprogramowanie, zestaw zawiera wszystkie potrzebne elementy do instalacji, wyniki mo\u017cna ogl\u0105da\u0107 w telefonie\/tablecie po pod\u0142\u0105czeniu do WiFi rejestratora Najlepsze rozwi\u0105zanie dla kierowcy !!! Posiadamy r\u00f3wnie\u017c rejestratory do innych modeli i rocznik\u00f3w Volvo, r\u00f3wnie\u017c do 2024 !!! Modele: [&hellip;]\" \/>\n<meta property=\"og:url\" content=\"https:\/\/www.oio.pl\/uk\/\u043f\u0440\u043e\u0434\u0443\u043a\u0442\/\u0432\u0456\u0434\u0435\u043e\u0440\u0435\u0454\u0441\u0442\u0440\u0430\u0442\u043e\u0440-\u0434\u043b\u044f-volvo\/\" \/>\n<meta property=\"og:site_name\" content=\"Mini PC, Komputery, Laptopy, Translatory\" \/>\n<meta property=\"article:publisher\" content=\"https:\/\/www.facebook.com\/oiopl\" \/>\n<meta property=\"article:modified_time\" content=\"2024-09-21T15:05:41+00:00\" \/>\n<meta property=\"og:image\" content=\"https:\/\/www.oio.pl\/wp-content\/uploads\/2024\/09\/Kamery.jpg\" \/>\n\t<meta property=\"og:image:width\" content=\"1665\" \/>\n\t<meta property=\"og:image:height\" content=\"1243\" \/>\n\t<meta property=\"og:image:type\" content=\"image\/jpeg\" \/>\n<meta name=\"twitter:card\" content=\"summary_large_image\" \/>\n<meta name=\"twitter:label1\" content=\"\u041f\u0440\u0438\u0431\u043b. \u0447\u0430\u0441 \u0447\u0438\u0442\u0430\u043d\u043d\u044f\" \/>\n\t<meta name=\"twitter:data1\" content=\"1 \u0445\u0432\u0438\u043b\u0438\u043d\u0430\" \/>\n<script type=\"application\/ld+json\" class=\"yoast-schema-graph\">{\"@context\":\"https:\\\/\\\/schema.org\",\"@graph\":[{\"@type\":\"WebPage\",\"@id\":\"https:\\\/\\\/www.oio.pl\\\/product\\\/rejestrator-dvr-do-volvo\\\/\",\"url\":\"https:\\\/\\\/www.oio.pl\\\/product\\\/rejestrator-dvr-do-volvo\\\/\",\"name\":\"Rejestrator DVR do Volvo 2014-2024 - Mini PC, Komputery, Laptopy, Translatory\",\"isPartOf\":{\"@id\":\"https:\\\/\\\/www.oio.pl\\\/#website\"},\"primaryImageOfPage\":{\"@id\":\"https:\\\/\\\/www.oio.pl\\\/product\\\/rejestrator-dvr-do-volvo\\\/#primaryimage\"},\"image\":{\"@id\":\"https:\\\/\\\/www.oio.pl\\\/product\\\/rejestrator-dvr-do-volvo\\\/#primaryimage\"},\"thumbnailUrl\":\"https:\\\/\\\/www.oio.pl\\\/wp-content\\\/uploads\\\/2024\\\/09\\\/Kamery.jpg\",\"datePublished\":\"2024-09-14T09:26:29+00:00\",\"dateModified\":\"2024-09-21T15:05:41+00:00\",\"breadcrumb\":{\"@id\":\"https:\\\/\\\/www.oio.pl\\\/product\\\/rejestrator-dvr-do-volvo\\\/#breadcrumb\"},\"inLanguage\":\"uk\",\"potentialAction\":[{\"@type\":\"ReadAction\",\"target\":[\"https:\\\/\\\/www.oio.pl\\\/product\\\/rejestrator-dvr-do-volvo\\\/\"]}]},{\"@type\":\"ImageObject\",\"inLanguage\":\"uk\",\"@id\":\"https:\\\/\\\/www.oio.pl\\\/product\\\/rejestrator-dvr-do-volvo\\\/#primaryimage\",\"url\":\"https:\\\/\\\/www.oio.pl\\\/wp-content\\\/uploads\\\/2024\\\/09\\\/Kamery.jpg\",\"contentUrl\":\"https:\\\/\\\/www.oio.pl\\\/wp-content\\\/uploads\\\/2024\\\/09\\\/Kamery.jpg\",\"width\":1665,\"height\":1243},{\"@type\":\"BreadcrumbList\",\"@id\":\"https:\\\/\\\/www.oio.pl\\\/product\\\/rejestrator-dvr-do-volvo\\\/#breadcrumb\",\"itemListElement\":[{\"@type\":\"ListItem\",\"position\":1,\"name\":\"Strona g\u0142\u00f3wna\",\"item\":\"https:\\\/\\\/www.oio.pl\\\/\"},{\"@type\":\"ListItem\",\"position\":2,\"name\":\"Produkty\",\"item\":\"https:\\\/\\\/www.oio.pl\\\/\"},{\"@type\":\"ListItem\",\"position\":3,\"name\":\"Rejestrator DVR do Volvo 2014-2024\"}]},{\"@type\":\"WebSite\",\"@id\":\"https:\\\/\\\/www.oio.pl\\\/#website\",\"url\":\"https:\\\/\\\/www.oio.pl\\\/\",\"name\":\"OIO.pl \u2013 Tablety przemys\u0142owe, sprz\u0119t IT dla przemys\u0142u i logistyki\",\"description\":\"tablety przemys\u0142owe, rugged tablet, komputer przemys\u0142owy, tablet wytrzyma\u0142y, sprz\u0119t dla przemys\u0142u, tablet z Windows, tablet IP67, laptop dla magazynu, elektronika przemys\u0142owa, komputery przemys\u0142owe, oio.pl, sprz\u0119t dla logistyki, tablet do pracy w terenie, monitor dotykowy przemys\u0142owy\",\"publisher\":{\"@id\":\"https:\\\/\\\/www.oio.pl\\\/#organization\"},\"alternateName\":\"Sklep internetowy dla przemys\u0142u\",\"potentialAction\":[{\"@type\":\"SearchAction\",\"target\":{\"@type\":\"EntryPoint\",\"urlTemplate\":\"https:\\\/\\\/www.oio.pl\\\/?s={search_term_string}\"},\"query-input\":{\"@type\":\"PropertyValueSpecification\",\"valueRequired\":true,\"valueName\":\"search_term_string\"}}],\"inLanguage\":\"uk\"},{\"@type\":\"Organization\",\"@id\":\"https:\\\/\\\/www.oio.pl\\\/#organization\",\"name\":\"OIO\",\"alternateName\":\"Sprz\u0119t komputerowy\",\"url\":\"https:\\\/\\\/www.oio.pl\\\/\",\"logo\":{\"@type\":\"ImageObject\",\"inLanguage\":\"uk\",\"@id\":\"https:\\\/\\\/www.oio.pl\\\/#\\\/schema\\\/logo\\\/image\\\/\",\"url\":\"https:\\\/\\\/www.oio.pl\\\/wp-content\\\/uploads\\\/2023\\\/11\\\/cropped-cropped-oio_120x120.jpg\",\"contentUrl\":\"https:\\\/\\\/www.oio.pl\\\/wp-content\\\/uploads\\\/2023\\\/11\\\/cropped-cropped-oio_120x120.jpg\",\"width\":120,\"height\":48,\"caption\":\"OIO\"},\"image\":{\"@id\":\"https:\\\/\\\/www.oio.pl\\\/#\\\/schema\\\/logo\\\/image\\\/\"},\"sameAs\":[\"https:\\\/\\\/www.facebook.com\\\/oiopl\"]}]}<\/script>\n<!-- \/ Yoast SEO plugin. -->","yoast_head_json":{"title":"\u0412\u0456\u0434\u0435\u043e\u0440\u0435\u0454\u0441\u0442\u0440\u0430\u0442\u043e\u0440 \u0434\u043b\u044f Volvo 2014-2024 - \u041c\u0456\u043d\u0456-\u041f\u041a, \u041a\u043e\u043c\u043f&#039;\u044e\u0442\u0435\u0440\u0438, \u041d\u043e\u0443\u0442\u0431\u0443\u043a\u0438, \u041f\u0435\u0440\u0435\u043a\u043b\u0430\u0434\u0430\u0447\u0456","robots":{"index":"index","follow":"follow","max-snippet":"max-snippet:-1","max-image-preview":"max-image-preview:large","max-video-preview":"max-video-preview:-1"},"canonical":"https:\/\/www.oio.pl\/uk\/\u043f\u0440\u043e\u0434\u0443\u043a\u0442\/\u0432\u0456\u0434\u0435\u043e\u0440\u0435\u0454\u0441\u0442\u0440\u0430\u0442\u043e\u0440-\u0434\u043b\u044f-volvo\/","og_locale":"uk_UA","og_type":"article","og_title":"Rejestrator DVR do Volvo 2014-2024 - Mini PC, Komputery, Laptopy, Translatory","og_description":"Rejestrator DVR do Volvo \u0142atwa instalacja bez \u015brubokr\u0119ta, wysoka jako\u015b\u0107 film\u00f3w\/zdj\u0119\u0107, integracja z wygl\u0105dem i instalacj\u0105 auta, darmowe oprogramowanie, zestaw zawiera wszystkie potrzebne elementy do instalacji, wyniki mo\u017cna ogl\u0105da\u0107 w telefonie\/tablecie po pod\u0142\u0105czeniu do WiFi rejestratora Najlepsze rozwi\u0105zanie dla kierowcy !!! Posiadamy r\u00f3wnie\u017c rejestratory do innych modeli i rocznik\u00f3w Volvo, r\u00f3wnie\u017c do 2024 !!! Modele: [&hellip;]","og_url":"https:\/\/www.oio.pl\/uk\/\u043f\u0440\u043e\u0434\u0443\u043a\u0442\/\u0432\u0456\u0434\u0435\u043e\u0440\u0435\u0454\u0441\u0442\u0440\u0430\u0442\u043e\u0440-\u0434\u043b\u044f-volvo\/","og_site_name":"Mini PC, Komputery, Laptopy, Translatory","article_publisher":"https:\/\/www.facebook.com\/oiopl","article_modified_time":"2024-09-21T15:05:41+00:00","og_image":[{"width":1665,"height":1243,"url":"https:\/\/www.oio.pl\/wp-content\/uploads\/2024\/09\/Kamery.jpg","type":"image\/jpeg"}],"twitter_card":"summary_large_image","twitter_misc":{"\u041f\u0440\u0438\u0431\u043b. \u0447\u0430\u0441 \u0447\u0438\u0442\u0430\u043d\u043d\u044f":"1 \u0445\u0432\u0438\u043b\u0438\u043d\u0430"},"schema":{"@context":"https:\/\/schema.org","@graph":[{"@type":"WebPage","@id":"https:\/\/www.oio.pl\/product\/rejestrator-dvr-do-volvo\/","url":"https:\/\/www.oio.pl\/product\/rejestrator-dvr-do-volvo\/","name":"\u0412\u0456\u0434\u0435\u043e\u0440\u0435\u0454\u0441\u0442\u0440\u0430\u0442\u043e\u0440 \u0434\u043b\u044f Volvo 2014-2024 - \u041c\u0456\u043d\u0456-\u041f\u041a, \u041a\u043e\u043c\u043f&#039;\u044e\u0442\u0435\u0440\u0438, \u041d\u043e\u0443\u0442\u0431\u0443\u043a\u0438, \u041f\u0435\u0440\u0435\u043a\u043b\u0430\u0434\u0430\u0447\u0456","isPartOf":{"@id":"https:\/\/www.oio.pl\/#website"},"primaryImageOfPage":{"@id":"https:\/\/www.oio.pl\/product\/rejestrator-dvr-do-volvo\/#primaryimage"},"image":{"@id":"https:\/\/www.oio.pl\/product\/rejestrator-dvr-do-volvo\/#primaryimage"},"thumbnailUrl":"https:\/\/www.oio.pl\/wp-content\/uploads\/2024\/09\/Kamery.jpg","datePublished":"2024-09-14T09:26:29+00:00","dateModified":"2024-09-21T15:05:41+00:00","breadcrumb":{"@id":"https:\/\/www.oio.pl\/product\/rejestrator-dvr-do-volvo\/#breadcrumb"},"inLanguage":"uk","potentialAction":[{"@type":"ReadAction","target":["https:\/\/www.oio.pl\/product\/rejestrator-dvr-do-volvo\/"]}]},{"@type":"ImageObject","inLanguage":"uk","@id":"https:\/\/www.oio.pl\/product\/rejestrator-dvr-do-volvo\/#primaryimage","url":"https:\/\/www.oio.pl\/wp-content\/uploads\/2024\/09\/Kamery.jpg","contentUrl":"https:\/\/www.oio.pl\/wp-content\/uploads\/2024\/09\/Kamery.jpg","width":1665,"height":1243},{"@type":"BreadcrumbList","@id":"https:\/\/www.oio.pl\/product\/rejestrator-dvr-do-volvo\/#breadcrumb","itemListElement":[{"@type":"ListItem","position":1,"name":"Strona g\u0142\u00f3wna","item":"https:\/\/www.oio.pl\/"},{"@type":"ListItem","position":2,"name":"Produkty","item":"https:\/\/www.oio.pl\/"},{"@type":"ListItem","position":3,"name":"Rejestrator DVR do Volvo 2014-2024"}]},{"@type":"WebSite","@id":"https:\/\/www.oio.pl\/#website","url":"https:\/\/www.oio.pl\/","name":"OIO.pl \u2013 \u041f\u0440\u043e\u043c\u0438\u0441\u043b\u043e\u0432\u0456 \u043f\u043b\u0430\u043d\u0448\u0435\u0442\u0438, \u0406\u0422-\u043e\u0431\u043b\u0430\u0434\u043d\u0430\u043d\u043d\u044f \u0434\u043b\u044f \u043f\u0440\u043e\u043c\u0438\u0441\u043b\u043e\u0432\u043e\u0441\u0442\u0456 \u0442\u0430 \u043b\u043e\u0433\u0456\u0441\u0442\u0438\u043a\u0438","description":"\u043f\u0440\u043e\u043c\u0438\u0441\u043b\u043e\u0432\u0456 \u043f\u043b\u0430\u043d\u0448\u0435\u0442\u0438, \u043c\u0456\u0446\u043d\u0438\u0439 \u043f\u043b\u0430\u043d\u0448\u0435\u0442, \u043f\u0440\u043e\u043c\u0438\u0441\u043b\u043e\u0432\u0438\u0439 \u043a\u043e\u043c\u043f&#039;\u044e\u0442\u0435\u0440, \u0434\u043e\u0432\u0433\u043e\u0432\u0456\u0447\u043d\u0438\u0439 \u043f\u043b\u0430\u043d\u0448\u0435\u0442, \u043e\u0431\u043b\u0430\u0434\u043d\u0430\u043d\u043d\u044f \u0434\u043b\u044f \u043f\u0440\u043e\u043c\u0438\u0441\u043b\u043e\u0432\u043e\u0441\u0442\u0456, \u043f\u043b\u0430\u043d\u0448\u0435\u0442 Windows, \u043f\u043b\u0430\u043d\u0448\u0435\u0442 IP67, \u0441\u043a\u043b\u0430\u0434\u0441\u044c\u043a\u0438\u0439 \u043d\u043e\u0443\u0442\u0431\u0443\u043a, \u043f\u0440\u043e\u043c\u0438\u0441\u043b\u043e\u0432\u0430 \u0435\u043b\u0435\u043a\u0442\u0440\u043e\u043d\u0456\u043a\u0430, \u043f\u0440\u043e\u043c\u0438\u0441\u043b\u043e\u0432\u0456 \u043a\u043e\u043c\u043f&#039;\u044e\u0442\u0435\u0440\u0438, oio.pl, \u043b\u043e\u0433\u0456\u0441\u0442\u0438\u0447\u043d\u0435 \u043e\u0431\u043b\u0430\u0434\u043d\u0430\u043d\u043d\u044f, \u043f\u043b\u0430\u043d\u0448\u0435\u0442 \u0434\u043b\u044f \u043f\u043e\u043b\u044c\u043e\u0432\u0438\u0445 \u0440\u043e\u0431\u0456\u0442, \u043f\u0440\u043e\u043c\u0438\u0441\u043b\u043e\u0432\u0438\u0439 \u0441\u0435\u043d\u0441\u043e\u0440\u043d\u0438\u0439 \u043c\u043e\u043d\u0456\u0442\u043e\u0440","publisher":{"@id":"https:\/\/www.oio.pl\/#organization"},"alternateName":"Sklep internetowy dla przemys\u0142u","potentialAction":[{"@type":"SearchAction","target":{"@type":"EntryPoint","urlTemplate":"https:\/\/www.oio.pl\/?s={search_term_string}"},"query-input":{"@type":"PropertyValueSpecification","valueRequired":true,"valueName":"search_term_string"}}],"inLanguage":"uk"},{"@type":"Organization","@id":"https:\/\/www.oio.pl\/#organization","name":"OIO","alternateName":"Sprz\u0119t komputerowy","url":"https:\/\/www.oio.pl\/","logo":{"@type":"ImageObject","inLanguage":"uk","@id":"https:\/\/www.oio.pl\/#\/schema\/logo\/image\/","url":"https:\/\/www.oio.pl\/wp-content\/uploads\/2023\/11\/cropped-cropped-oio_120x120.jpg","contentUrl":"https:\/\/www.oio.pl\/wp-content\/uploads\/2023\/11\/cropped-cropped-oio_120x120.jpg","width":120,"height":48,"caption":"OIO"},"image":{"@id":"https:\/\/www.oio.pl\/#\/schema\/logo\/image\/"},"sameAs":["https:\/\/www.facebook.com\/oiopl"]}]}},"_links":{"self":[{"href":"https:\/\/www.oio.pl\/uk\/wp-json\/wp\/v2\/product\/7098","targetHints":{"allow":["GET"]}}],"collection":[{"href":"https:\/\/www.oio.pl\/uk\/wp-json\/wp\/v2\/product"}],"about":[{"href":"https:\/\/www.oio.pl\/uk\/wp-json\/wp\/v2\/types\/product"}],"replies":[{"embeddable":true,"href":"https:\/\/www.oio.pl\/uk\/wp-json\/wp\/v2\/comments?post=7098"}],"wp:featuredmedia":[{"embeddable":true,"href":"https:\/\/www.oio.pl\/uk\/wp-json\/wp\/v2\/media\/7120"}],"wp:attachment":[{"href":"https:\/\/www.oio.pl\/uk\/wp-json\/wp\/v2\/media?parent=7098"}],"wp:term":[{"taxonomy":"product_brand","embeddable":true,"href":"https:\/\/www.oio.pl\/uk\/wp-json\/wp\/v2\/product_brand?post=7098"},{"taxonomy":"product_cat","embeddable":true,"href":"https:\/\/www.oio.pl\/uk\/wp-json\/wp\/v2\/product_cat?post=7098"},{"taxonomy":"product_tag","embeddable":true,"href":"https:\/\/www.oio.pl\/uk\/wp-json\/wp\/v2\/product_tag?post=7098"}],"curies":[{"name":"wp","href":"https:\/\/api.w.org\/{rel}","templated":true}]}}