{"id":7894,"date":"2025-11-13T13:41:47","date_gmt":"2025-11-13T12:41:47","guid":{"rendered":"https:\/\/www.oio.pl\/?post_type=product&#038;p=7894"},"modified":"2025-11-13T15:11:08","modified_gmt":"2025-11-13T14:11:08","slug":"mini-pc-2995u-fanless-2xrs232-2xlan","status":"publish","type":"product","link":"https:\/\/www.oio.pl\/uk\/product\/mini-pc-2995u-fanless-2xrs232-2xlan\/","title":{"rendered":"Mini PC przemys\u0142owy Fanless M3-2 2995U 2xRS232 2xLAN"},"content":{"rendered":"<p><b>\u041a\u043e\u043c\u043f&#039;\u044e\u0442\u0435\u0440, \u043f\u0440\u0438\u0437\u043d\u0430\u0447\u0435\u043d\u0438\u0439 \u0434\u043b\u044f \u0441\u043f\u0435\u0446\u0456\u0430\u043b\u044c\u043d\u0438\u0445 \u0437\u0430\u0432\u0434\u0430\u043d\u044c, \u043c\u0435\u0442\u0430\u043b\u0435\u0432\u0438\u0439 \u043a\u043e\u0440\u043f\u0443\u0441 \u0434\u043e\u0437\u0432\u043e\u043b\u044f\u0454 \u0439\u043e\u043c\u0443 \u043f\u0440\u0430\u0446\u044e\u0432\u0430\u0442\u0438 \u043d\u0430 \u043f\u043e\u0432\u043d\u0443 \u043f\u043e\u0442\u0443\u0436\u043d\u0456\u0441\u0442\u044c \u0437\u0430 \u0434\u043e\u043f\u043e\u043c\u043e\u0433\u043e\u044e \u043f\u0430\u0441\u0438\u0432\u043d\u043e\u0433\u043e \u043e\u0445\u043e\u043b\u043e\u0434\u0436\u0435\u043d\u043d\u044f.<\/b><\/p>\n<p>Przemys\u0142owy komputer Chipol jest idealn\u0105 opcj\u0105 do pracy z pe\u0142n\u0105 pr\u0119dko\u015bci\u0105 w systemie Linux oraz Windows. Konstrukcja urz\u0105dzenia zapewnia sprawne i bezawaryjne u\u017cytkowanie nawet 24 h na dob\u0119. Brak aktywnych element\u00f3w ch\u0142odz\u0105cych pozwala cieszy\u0107 si\u0119 prac\u0105 w ciszy. Mikrokomputer ChiPol umo\u017cliwia prac\u0119 w trudnych warunkach nie generuj\u0105c \u017cadnego dodatkowego szumu lub d\u017awi\u0119ku.<\/p>\n<p>Chipol posiada wszystkie potrzebne wej\u015bcia\/wyj\u015bcia, m.in. USB 3.0 oraz WifFi 2,4 i 5 GHz (opcja) oraz\u00a0<b>\u043f\u043e\u0434\u0432\u0456\u0439\u043d\u0438\u0439 LAN RJ45<\/b>.<\/p>\n<p>\u0422\u0443\u0442 \u0432\u0438\u043a\u043e\u0440\u0438\u0441\u0442\u043e\u0432\u0443\u0454\u0442\u044c\u0441\u044f \u043f\u0435\u0440\u0435\u0432\u0456\u0440\u0435\u043d\u0430 \u0441\u0438\u0441\u0442\u0435\u043c\u0430 \u043e\u0445\u043e\u043b\u043e\u0434\u0436\u0435\u043d\u043d\u044f, \u0437\u0430\u0441\u043d\u043e\u0432\u0430\u043d\u0430 \u0432\u0438\u043a\u043b\u044e\u0447\u043d\u043e \u043d\u0430 \u0442\u0432\u0435\u0440\u0434\u0438\u0445 \u0435\u043b\u0435\u043c\u0435\u043d\u0442\u0430\u0445, \u043f\u0435\u0440\u0435\u0432\u0430\u0436\u043d\u043e \u0440\u0430\u0434\u0456\u0430\u0442\u043e\u0440\u0430\u0445. \u041c\u0435\u0442\u0430\u043b\u0435\u0432\u0438\u0439 \u043a\u043e\u0440\u043f\u0443\u0441 \u0437\u0430\u0431\u0435\u0437\u043f\u0435\u0447\u0443\u0454 \u0442\u0440\u0438\u0432\u0430\u043b\u0438\u0439 \u0437\u0430\u0445\u0438\u0441\u0442 \u0456 \u0432\u0456\u0434\u043c\u0456\u043d\u043d\u043e \u0432\u0456\u0434\u0432\u043e\u0434\u0438\u0442\u044c \u0442\u0435\u043f\u043b\u043e. \u0426\u044f \u0441\u0438\u0441\u0442\u0435\u043c\u0430 \u0432\u0438\u043a\u043e\u0440\u0438\u0441\u0442\u043e\u0432\u0443\u0454 \u044f\u0432\u0438\u0449\u0435 \u043c\u0435\u0442\u0430\u043b\u0456\u0432, \u0449\u043e \u0432\u0456\u0434\u0434\u0430\u044e\u0442\u044c \u0442\u0435\u043f\u043b\u043e\u0432\u0443 \u0435\u043d\u0435\u0440\u0433\u0456\u044e \u043d\u0430\u0432\u043a\u043e\u043b\u0438\u0448\u043d\u044c\u043e\u043c\u0443 \u0441\u0435\u0440\u0435\u0434\u043e\u0432\u0438\u0449\u0443 - \u043d\u0435\u043c\u0430\u0454 \u0434\u043e\u0434\u0430\u0442\u043a\u043e\u0432\u0438\u0445 \u0440\u0443\u0445\u043e\u043c\u0438\u0445 \u0435\u043b\u0435\u043c\u0435\u043d\u0442\u0456\u0432, \u0442\u0430\u043a\u0438\u0445 \u044f\u043a \u0432\u0435\u043d\u0442\u0438\u043b\u044f\u0442\u043e\u0440\u0438. \u0426\u0435 \u0440\u0456\u0448\u0435\u043d\u043d\u044f \u0437\u0430\u0431\u0435\u0437\u043f\u0435\u0447\u0443\u0454 \u0431\u0435\u0437\u0448\u0443\u043c\u043d\u0443 \u0440\u043e\u0431\u043e\u0442\u0443, \u043c\u0435\u043d\u0448\u0443 \u043a\u0456\u043b\u044c\u043a\u0456\u0441\u0442\u044c \u0432\u0456\u0434\u043c\u043e\u0432 \u0447\u0435\u0440\u0435\u0437 \u0432\u0456\u0434\u0441\u0443\u0442\u043d\u0456\u0441\u0442\u044c \u043f\u0440\u0438\u043c\u0443\u0441\u043e\u0432\u043e\u0457 \u0446\u0438\u0440\u043a\u0443\u043b\u044f\u0446\u0456\u0457 \u043f\u043e\u0432\u0456\u0442\u0440\u044f \u043f\u0440\u0438 \u0437\u043d\u0438\u0436\u0435\u043d\u043d\u0456 \u043a\u0456\u043b\u044c\u043a\u043e\u0441\u0442\u0456 \u0441\u043f\u043e\u0436\u0438\u0432\u0430\u043d\u043e\u0457 \u0435\u043d\u0435\u0440\u0433\u0456\u0457.<\/p>\n<p>Model M3-2 komunikuje si\u0119 przy pomocy dw\u00f3ch kart sieciowych\u00a0 LAN 10\/100\/1000 oraz sieci bezprzewodowej WiFi 2,4GHz i\u00a0<b>5 \u0413\u0413\u0446<\/b>\u00a0802.11 ac\/b\/g\/n. Dwie anteny zewn\u0119trzne zwi\u0119kszaj\u0105 zasi\u0119g oraz stabilno\u015b\u0107 po\u0142\u0105czenia.<\/p>\n<p>\u041a\u0456\u043b\u044c\u043a\u0456\u0441\u0442\u044c \u0434\u043e\u0441\u0442\u0443\u043f\u043d\u0438\u0445 \u043e\u043f\u0446\u0456\u0439 \u0449\u0435 \u0431\u0456\u043b\u044c\u0448\u0435 \u0440\u043e\u0437\u0448\u0438\u0440\u044e\u0454 \u043c\u043e\u0436\u043b\u0438\u0432\u043e\u0441\u0442\u0456 \u0440\u043e\u0437\u0448\u0438\u0440\u0435\u043d\u043d\u044f \u0442\u0430 \u0432\u0438\u043a\u043e\u0440\u0438\u0441\u0442\u0430\u043d\u043d\u044f \u043f\u0440\u0438\u0441\u0442\u0440\u043e\u044e.<\/p>\n<p>Urz\u0105dzenie posiada cztery USB 3.0. Podw\u00f3jne wyj\u015bcie LAN RJ45 ora HDMI i VGA udost\u0119pnia wi\u0119ksze mo\u017cliwo\u015bci.<\/p>\n<p>\u0429\u0435 \u043e\u0434\u043d\u0438\u043c \u0432\u0430\u0436\u043b\u0438\u0432\u0438\u043c \u0435\u043b\u0435\u043c\u0435\u043d\u0442\u043e\u043c \u0454 \u0437\u0434\u0430\u0442\u043d\u0456\u0441\u0442\u044c \u043f\u0440\u0430\u0446\u044e\u0432\u0430\u0442\u0438 \u0432 \u0448\u0438\u0440\u043e\u043a\u043e\u043c\u0443 \u0434\u0456\u0430\u043f\u0430\u0437\u043e\u043d\u0456 \u0442\u0435\u043c\u043f\u0435\u0440\u0430\u0442\u0443\u0440, \u0432\u0456\u0434 0\u00b0C \u0434\u043e 70\u00b0C.<\/p>\n<p>\u0411\u043b\u043e\u043a \u0436\u0438\u0432\u043b\u0435\u043d\u043d\u044f 12 \u0412 \u0434\u043e\u0437\u0432\u043e\u043b\u044f\u0454 \u0432\u0438\u043a\u043e\u0440\u0438\u0441\u0442\u043e\u0432\u0443\u0432\u0430\u0442\u0438 \u0434\u0430\u043d\u0443 \u043c\u043e\u0434\u0435\u043b\u044c \u0432 \u0442\u0440\u0430\u043d\u0441\u043f\u043e\u0440\u0442\u0456 - \u043b\u0435\u0433\u043a\u043e\u0432\u0456, \u0430\u0432\u0442\u043e\u0431\u0443\u0441\u0438, \u0432\u0430\u043d\u0442\u0430\u0436\u0456\u0432\u043a\u0438 \u0456 \u0442.\u0434.<\/p>\n<p>Zawarto\u015b\u0107 opakowania:<\/p>\n<ul>\n<li>\u043f\u0440\u043e\u043c\u0438\u0441\u043b\u043e\u0432\u0438\u0439 \u043a\u043e\u043c\u043f&#039;\u044e\u0442\u0435\u0440<\/li>\n<li>\u0431\u043b\u043e\u043a \u0436\u0438\u0432\u043b\u0435\u043d\u043d\u044f + \u043a\u0430\u0431\u0435\u043b\u044c<\/li>\n<li>2 x anteny wifi<\/li>\n<li>kabel HDMI<\/li>\n<li>noga do pionowego ustawienia<\/li>\n<\/ul>","protected":false},"excerpt":{"rendered":"<p>Komputer przeznaczony do zada\u0144 specjalnych, metalowa obudowa pozwala pracowa\u0107 z pe\u0142n\u0105 moc\u0105 z wykorzystaniem pasywnego ch\u0142odzenia. Przemys\u0142owy komputer Chipol jest idealn\u0105 opcj\u0105 do pracy z pe\u0142n\u0105 pr\u0119dko\u015bci\u0105 w systemie Linux oraz Windows. Konstrukcja urz\u0105dzenia zapewnia sprawne i bezawaryjne u\u017cytkowanie nawet 24 h na dob\u0119. Brak aktywnych element\u00f3w ch\u0142odz\u0105cych pozwala cieszy\u0107 si\u0119 prac\u0105 w ciszy. Mikrokomputer [&hellip;]<\/p>\n","protected":false},"featured_media":7915,"comment_status":"closed","ping_status":"closed","template":"","meta":[],"product_brand":[3231],"product_cat":[97,24,3220,117],"product_tag":[],"class_list":{"0":"post-7894","1":"product","2":"type-product","3":"status-publish","4":"has-post-thumbnail","6":"product_brand-chipol","7":"product_cat-pc-przemyslowe","8":"product_cat-mini-pc","9":"product_cat-minipc","10":"product_cat-pc-2xrs232","12":"first","13":"instock","14":"taxable","15":"shipping-taxable","16":"purchasable","17":"product-type-variable","18":"czr-hentry"},"yoast_head":"<!-- This site is optimized with the Yoast SEO plugin v27.4 - https:\/\/yoast.com\/product\/yoast-seo-wordpress\/ -->\n<title>Mini PC przemys\u0142owy Fanless M3-2 2995U 2xRS232 2xLAN - Mini PC, Komputery, Laptopy, Translatory<\/title>\n<meta name=\"robots\" content=\"index, follow, max-snippet:-1, max-image-preview:large, max-video-preview:-1\" \/>\n<link rel=\"canonical\" href=\"https:\/\/www.oio.pl\/uk\/\u043f\u0440\u043e\u0434\u0443\u043a\u0442\/mini-pc-2995u-fanless-2xrs232-2xlan\/\" \/>\n<meta property=\"og:locale\" content=\"uk_UA\" \/>\n<meta property=\"og:type\" content=\"article\" \/>\n<meta property=\"og:title\" content=\"Mini PC przemys\u0142owy Fanless M3-2 2995U 2xRS232 2xLAN - Mini PC, Komputery, Laptopy, Translatory\" \/>\n<meta property=\"og:description\" content=\"Komputer przeznaczony do zada\u0144 specjalnych, metalowa obudowa pozwala pracowa\u0107 z pe\u0142n\u0105 moc\u0105 z wykorzystaniem pasywnego ch\u0142odzenia. Przemys\u0142owy komputer Chipol jest idealn\u0105 opcj\u0105 do pracy z pe\u0142n\u0105 pr\u0119dko\u015bci\u0105 w systemie Linux oraz Windows. Konstrukcja urz\u0105dzenia zapewnia sprawne i bezawaryjne u\u017cytkowanie nawet 24 h na dob\u0119. Brak aktywnych element\u00f3w ch\u0142odz\u0105cych pozwala cieszy\u0107 si\u0119 prac\u0105 w ciszy. Mikrokomputer [&hellip;]\" \/>\n<meta property=\"og:url\" content=\"https:\/\/www.oio.pl\/uk\/\u043f\u0440\u043e\u0434\u0443\u043a\u0442\/mini-pc-2995u-fanless-2xrs232-2xlan\/\" \/>\n<meta property=\"og:site_name\" content=\"Mini PC, Komputery, Laptopy, Translatory\" \/>\n<meta property=\"article:publisher\" content=\"https:\/\/www.facebook.com\/oiopl\" \/>\n<meta property=\"article:modified_time\" content=\"2025-11-13T14:11:08+00:00\" \/>\n<meta property=\"og:image\" content=\"https:\/\/www.oio.pl\/wp-content\/uploads\/2025\/11\/M3C_06.jpg\" \/>\n\t<meta property=\"og:image:width\" content=\"1000\" \/>\n\t<meta property=\"og:image:height\" content=\"1000\" \/>\n\t<meta property=\"og:image:type\" content=\"image\/jpeg\" \/>\n<meta name=\"twitter:card\" content=\"summary_large_image\" \/>\n<meta name=\"twitter:label1\" content=\"\u041f\u0440\u0438\u0431\u043b. \u0447\u0430\u0441 \u0447\u0438\u0442\u0430\u043d\u043d\u044f\" \/>\n\t<meta name=\"twitter:data1\" content=\"1 \u0445\u0432\u0438\u043b\u0438\u043d\u0430\" \/>\n<script type=\"application\/ld+json\" class=\"yoast-schema-graph\">{\"@context\":\"https:\\\/\\\/schema.org\",\"@graph\":[{\"@type\":\"WebPage\",\"@id\":\"https:\\\/\\\/www.oio.pl\\\/product\\\/mini-pc-2995u-fanless-2xrs232-2xlan\\\/\",\"url\":\"https:\\\/\\\/www.oio.pl\\\/product\\\/mini-pc-2995u-fanless-2xrs232-2xlan\\\/\",\"name\":\"Mini PC przemys\u0142owy Fanless M3-2 2995U 2xRS232 2xLAN - Mini PC, Komputery, Laptopy, Translatory\",\"isPartOf\":{\"@id\":\"https:\\\/\\\/www.oio.pl\\\/#website\"},\"primaryImageOfPage\":{\"@id\":\"https:\\\/\\\/www.oio.pl\\\/product\\\/mini-pc-2995u-fanless-2xrs232-2xlan\\\/#primaryimage\"},\"image\":{\"@id\":\"https:\\\/\\\/www.oio.pl\\\/product\\\/mini-pc-2995u-fanless-2xrs232-2xlan\\\/#primaryimage\"},\"thumbnailUrl\":\"https:\\\/\\\/www.oio.pl\\\/wp-content\\\/uploads\\\/2025\\\/11\\\/M3C_06.jpg\",\"datePublished\":\"2025-11-13T12:41:47+00:00\",\"dateModified\":\"2025-11-13T14:11:08+00:00\",\"breadcrumb\":{\"@id\":\"https:\\\/\\\/www.oio.pl\\\/product\\\/mini-pc-2995u-fanless-2xrs232-2xlan\\\/#breadcrumb\"},\"inLanguage\":\"uk\",\"potentialAction\":[{\"@type\":\"ReadAction\",\"target\":[\"https:\\\/\\\/www.oio.pl\\\/product\\\/mini-pc-2995u-fanless-2xrs232-2xlan\\\/\"]}]},{\"@type\":\"ImageObject\",\"inLanguage\":\"uk\",\"@id\":\"https:\\\/\\\/www.oio.pl\\\/product\\\/mini-pc-2995u-fanless-2xrs232-2xlan\\\/#primaryimage\",\"url\":\"https:\\\/\\\/www.oio.pl\\\/wp-content\\\/uploads\\\/2025\\\/11\\\/M3C_06.jpg\",\"contentUrl\":\"https:\\\/\\\/www.oio.pl\\\/wp-content\\\/uploads\\\/2025\\\/11\\\/M3C_06.jpg\",\"width\":1000,\"height\":1000},{\"@type\":\"BreadcrumbList\",\"@id\":\"https:\\\/\\\/www.oio.pl\\\/product\\\/mini-pc-2995u-fanless-2xrs232-2xlan\\\/#breadcrumb\",\"itemListElement\":[{\"@type\":\"ListItem\",\"position\":1,\"name\":\"Strona g\u0142\u00f3wna\",\"item\":\"https:\\\/\\\/www.oio.pl\\\/\"},{\"@type\":\"ListItem\",\"position\":2,\"name\":\"Produkty\",\"item\":\"https:\\\/\\\/www.oio.pl\\\/\"},{\"@type\":\"ListItem\",\"position\":3,\"name\":\"Mini PC przemys\u0142owy Fanless M3-2 2995U 2xRS232 2xLAN\"}]},{\"@type\":\"WebSite\",\"@id\":\"https:\\\/\\\/www.oio.pl\\\/#website\",\"url\":\"https:\\\/\\\/www.oio.pl\\\/\",\"name\":\"OIO.pl \u2013 Tablety przemys\u0142owe, sprz\u0119t IT dla przemys\u0142u i logistyki\",\"description\":\"tablety przemys\u0142owe, rugged tablet, komputer przemys\u0142owy, tablet wytrzyma\u0142y, sprz\u0119t dla przemys\u0142u, tablet z Windows, tablet IP67, laptop dla magazynu, elektronika przemys\u0142owa, komputery przemys\u0142owe, oio.pl, sprz\u0119t dla logistyki, tablet do pracy w terenie, monitor dotykowy przemys\u0142owy\",\"publisher\":{\"@id\":\"https:\\\/\\\/www.oio.pl\\\/#organization\"},\"alternateName\":\"Sklep internetowy dla przemys\u0142u\",\"potentialAction\":[{\"@type\":\"SearchAction\",\"target\":{\"@type\":\"EntryPoint\",\"urlTemplate\":\"https:\\\/\\\/www.oio.pl\\\/?s={search_term_string}\"},\"query-input\":{\"@type\":\"PropertyValueSpecification\",\"valueRequired\":true,\"valueName\":\"search_term_string\"}}],\"inLanguage\":\"uk\"},{\"@type\":\"Organization\",\"@id\":\"https:\\\/\\\/www.oio.pl\\\/#organization\",\"name\":\"OIO\",\"alternateName\":\"Sprz\u0119t komputerowy\",\"url\":\"https:\\\/\\\/www.oio.pl\\\/\",\"logo\":{\"@type\":\"ImageObject\",\"inLanguage\":\"uk\",\"@id\":\"https:\\\/\\\/www.oio.pl\\\/#\\\/schema\\\/logo\\\/image\\\/\",\"url\":\"https:\\\/\\\/www.oio.pl\\\/wp-content\\\/uploads\\\/2023\\\/11\\\/cropped-cropped-oio_120x120.jpg\",\"contentUrl\":\"https:\\\/\\\/www.oio.pl\\\/wp-content\\\/uploads\\\/2023\\\/11\\\/cropped-cropped-oio_120x120.jpg\",\"width\":120,\"height\":48,\"caption\":\"OIO\"},\"image\":{\"@id\":\"https:\\\/\\\/www.oio.pl\\\/#\\\/schema\\\/logo\\\/image\\\/\"},\"sameAs\":[\"https:\\\/\\\/www.facebook.com\\\/oiopl\"]}]}<\/script>\n<!-- \/ Yoast SEO plugin. -->","yoast_head_json":{"title":"Mini PC przemys\u0142owy Fanless M3-2 2995U 2xRS232 2xLAN - Mini PC, Komputery, Laptopy, Translatory","robots":{"index":"index","follow":"follow","max-snippet":"max-snippet:-1","max-image-preview":"max-image-preview:large","max-video-preview":"max-video-preview:-1"},"canonical":"https:\/\/www.oio.pl\/uk\/\u043f\u0440\u043e\u0434\u0443\u043a\u0442\/mini-pc-2995u-fanless-2xrs232-2xlan\/","og_locale":"uk_UA","og_type":"article","og_title":"Mini PC przemys\u0142owy Fanless M3-2 2995U 2xRS232 2xLAN - Mini PC, Komputery, Laptopy, Translatory","og_description":"Komputer przeznaczony do zada\u0144 specjalnych, metalowa obudowa pozwala pracowa\u0107 z pe\u0142n\u0105 moc\u0105 z wykorzystaniem pasywnego ch\u0142odzenia. Przemys\u0142owy komputer Chipol jest idealn\u0105 opcj\u0105 do pracy z pe\u0142n\u0105 pr\u0119dko\u015bci\u0105 w systemie Linux oraz Windows. Konstrukcja urz\u0105dzenia zapewnia sprawne i bezawaryjne u\u017cytkowanie nawet 24 h na dob\u0119. Brak aktywnych element\u00f3w ch\u0142odz\u0105cych pozwala cieszy\u0107 si\u0119 prac\u0105 w ciszy. Mikrokomputer [&hellip;]","og_url":"https:\/\/www.oio.pl\/uk\/\u043f\u0440\u043e\u0434\u0443\u043a\u0442\/mini-pc-2995u-fanless-2xrs232-2xlan\/","og_site_name":"Mini PC, Komputery, Laptopy, Translatory","article_publisher":"https:\/\/www.facebook.com\/oiopl","article_modified_time":"2025-11-13T14:11:08+00:00","og_image":[{"width":1000,"height":1000,"url":"https:\/\/www.oio.pl\/wp-content\/uploads\/2025\/11\/M3C_06.jpg","type":"image\/jpeg"}],"twitter_card":"summary_large_image","twitter_misc":{"\u041f\u0440\u0438\u0431\u043b. \u0447\u0430\u0441 \u0447\u0438\u0442\u0430\u043d\u043d\u044f":"1 \u0445\u0432\u0438\u043b\u0438\u043d\u0430"},"schema":{"@context":"https:\/\/schema.org","@graph":[{"@type":"WebPage","@id":"https:\/\/www.oio.pl\/product\/mini-pc-2995u-fanless-2xrs232-2xlan\/","url":"https:\/\/www.oio.pl\/product\/mini-pc-2995u-fanless-2xrs232-2xlan\/","name":"Mini PC przemys\u0142owy Fanless M3-2 2995U 2xRS232 2xLAN - Mini PC, Komputery, Laptopy, Translatory","isPartOf":{"@id":"https:\/\/www.oio.pl\/#website"},"primaryImageOfPage":{"@id":"https:\/\/www.oio.pl\/product\/mini-pc-2995u-fanless-2xrs232-2xlan\/#primaryimage"},"image":{"@id":"https:\/\/www.oio.pl\/product\/mini-pc-2995u-fanless-2xrs232-2xlan\/#primaryimage"},"thumbnailUrl":"https:\/\/www.oio.pl\/wp-content\/uploads\/2025\/11\/M3C_06.jpg","datePublished":"2025-11-13T12:41:47+00:00","dateModified":"2025-11-13T14:11:08+00:00","breadcrumb":{"@id":"https:\/\/www.oio.pl\/product\/mini-pc-2995u-fanless-2xrs232-2xlan\/#breadcrumb"},"inLanguage":"uk","potentialAction":[{"@type":"ReadAction","target":["https:\/\/www.oio.pl\/product\/mini-pc-2995u-fanless-2xrs232-2xlan\/"]}]},{"@type":"ImageObject","inLanguage":"uk","@id":"https:\/\/www.oio.pl\/product\/mini-pc-2995u-fanless-2xrs232-2xlan\/#primaryimage","url":"https:\/\/www.oio.pl\/wp-content\/uploads\/2025\/11\/M3C_06.jpg","contentUrl":"https:\/\/www.oio.pl\/wp-content\/uploads\/2025\/11\/M3C_06.jpg","width":1000,"height":1000},{"@type":"BreadcrumbList","@id":"https:\/\/www.oio.pl\/product\/mini-pc-2995u-fanless-2xrs232-2xlan\/#breadcrumb","itemListElement":[{"@type":"ListItem","position":1,"name":"Strona g\u0142\u00f3wna","item":"https:\/\/www.oio.pl\/"},{"@type":"ListItem","position":2,"name":"Produkty","item":"https:\/\/www.oio.pl\/"},{"@type":"ListItem","position":3,"name":"Mini PC przemys\u0142owy Fanless M3-2 2995U 2xRS232 2xLAN"}]},{"@type":"WebSite","@id":"https:\/\/www.oio.pl\/#website","url":"https:\/\/www.oio.pl\/","name":"OIO.pl \u2013 \u041f\u0440\u043e\u043c\u0438\u0441\u043b\u043e\u0432\u0456 \u043f\u043b\u0430\u043d\u0448\u0435\u0442\u0438, \u0406\u0422-\u043e\u0431\u043b\u0430\u0434\u043d\u0430\u043d\u043d\u044f \u0434\u043b\u044f \u043f\u0440\u043e\u043c\u0438\u0441\u043b\u043e\u0432\u043e\u0441\u0442\u0456 \u0442\u0430 \u043b\u043e\u0433\u0456\u0441\u0442\u0438\u043a\u0438","description":"\u043f\u0440\u043e\u043c\u0438\u0441\u043b\u043e\u0432\u0456 \u043f\u043b\u0430\u043d\u0448\u0435\u0442\u0438, \u043c\u0456\u0446\u043d\u0438\u0439 \u043f\u043b\u0430\u043d\u0448\u0435\u0442, \u043f\u0440\u043e\u043c\u0438\u0441\u043b\u043e\u0432\u0438\u0439 \u043a\u043e\u043c\u043f&#039;\u044e\u0442\u0435\u0440, \u0434\u043e\u0432\u0433\u043e\u0432\u0456\u0447\u043d\u0438\u0439 \u043f\u043b\u0430\u043d\u0448\u0435\u0442, \u043e\u0431\u043b\u0430\u0434\u043d\u0430\u043d\u043d\u044f \u0434\u043b\u044f \u043f\u0440\u043e\u043c\u0438\u0441\u043b\u043e\u0432\u043e\u0441\u0442\u0456, \u043f\u043b\u0430\u043d\u0448\u0435\u0442 Windows, \u043f\u043b\u0430\u043d\u0448\u0435\u0442 IP67, \u0441\u043a\u043b\u0430\u0434\u0441\u044c\u043a\u0438\u0439 \u043d\u043e\u0443\u0442\u0431\u0443\u043a, \u043f\u0440\u043e\u043c\u0438\u0441\u043b\u043e\u0432\u0430 \u0435\u043b\u0435\u043a\u0442\u0440\u043e\u043d\u0456\u043a\u0430, \u043f\u0440\u043e\u043c\u0438\u0441\u043b\u043e\u0432\u0456 \u043a\u043e\u043c\u043f&#039;\u044e\u0442\u0435\u0440\u0438, oio.pl, \u043b\u043e\u0433\u0456\u0441\u0442\u0438\u0447\u043d\u0435 \u043e\u0431\u043b\u0430\u0434\u043d\u0430\u043d\u043d\u044f, \u043f\u043b\u0430\u043d\u0448\u0435\u0442 \u0434\u043b\u044f \u043f\u043e\u043b\u044c\u043e\u0432\u0438\u0445 \u0440\u043e\u0431\u0456\u0442, \u043f\u0440\u043e\u043c\u0438\u0441\u043b\u043e\u0432\u0438\u0439 \u0441\u0435\u043d\u0441\u043e\u0440\u043d\u0438\u0439 \u043c\u043e\u043d\u0456\u0442\u043e\u0440","publisher":{"@id":"https:\/\/www.oio.pl\/#organization"},"alternateName":"Sklep internetowy dla przemys\u0142u","potentialAction":[{"@type":"SearchAction","target":{"@type":"EntryPoint","urlTemplate":"https:\/\/www.oio.pl\/?s={search_term_string}"},"query-input":{"@type":"PropertyValueSpecification","valueRequired":true,"valueName":"search_term_string"}}],"inLanguage":"uk"},{"@type":"Organization","@id":"https:\/\/www.oio.pl\/#organization","name":"OIO","alternateName":"Sprz\u0119t komputerowy","url":"https:\/\/www.oio.pl\/","logo":{"@type":"ImageObject","inLanguage":"uk","@id":"https:\/\/www.oio.pl\/#\/schema\/logo\/image\/","url":"https:\/\/www.oio.pl\/wp-content\/uploads\/2023\/11\/cropped-cropped-oio_120x120.jpg","contentUrl":"https:\/\/www.oio.pl\/wp-content\/uploads\/2023\/11\/cropped-cropped-oio_120x120.jpg","width":120,"height":48,"caption":"OIO"},"image":{"@id":"https:\/\/www.oio.pl\/#\/schema\/logo\/image\/"},"sameAs":["https:\/\/www.facebook.com\/oiopl"]}]}},"_links":{"self":[{"href":"https:\/\/www.oio.pl\/uk\/wp-json\/wp\/v2\/product\/7894","targetHints":{"allow":["GET"]}}],"collection":[{"href":"https:\/\/www.oio.pl\/uk\/wp-json\/wp\/v2\/product"}],"about":[{"href":"https:\/\/www.oio.pl\/uk\/wp-json\/wp\/v2\/types\/product"}],"replies":[{"embeddable":true,"href":"https:\/\/www.oio.pl\/uk\/wp-json\/wp\/v2\/comments?post=7894"}],"wp:featuredmedia":[{"embeddable":true,"href":"https:\/\/www.oio.pl\/uk\/wp-json\/wp\/v2\/media\/7915"}],"wp:attachment":[{"href":"https:\/\/www.oio.pl\/uk\/wp-json\/wp\/v2\/media?parent=7894"}],"wp:term":[{"taxonomy":"product_brand","embeddable":true,"href":"https:\/\/www.oio.pl\/uk\/wp-json\/wp\/v2\/product_brand?post=7894"},{"taxonomy":"product_cat","embeddable":true,"href":"https:\/\/www.oio.pl\/uk\/wp-json\/wp\/v2\/product_cat?post=7894"},{"taxonomy":"product_tag","embeddable":true,"href":"https:\/\/www.oio.pl\/uk\/wp-json\/wp\/v2\/product_tag?post=7894"}],"curies":[{"name":"wp","href":"https:\/\/api.w.org\/{rel}","templated":true}]}}